{"id":719,"date":"2017-09-09T17:24:04","date_gmt":"2017-09-09T17:24:04","guid":{"rendered":"http:\/\/auro-cuines.com\/?page_id=719"},"modified":"2019-11-20T22:14:33","modified_gmt":"2019-11-20T22:14:33","slug":"siro","status":"publish","type":"page","link":"https:\/\/auro-cuines.com\/pt\/siro\/","title":{"rendered":"Siro"},"content":{"rendered":"<p>Um projeto distinto. A cozinha baseada no espa\u00e7o oferece um modo panor\u00e2mico para acesso visual e ergon\u00f4mico a toda a cozinha. As gavetas de tr\u00eas alt\u00edssimas e os arm\u00e1rios de arm\u00e1rio foram projetados para armazenar tudo o que voc\u00ea precisa. Continuamos a inovar, frentes de madeira de 5 camadas com o exterior em carvalho s\u00f3lido. Combinado com frentes lacadas brancas, em acabamento mate e sedoso.<\/p>\n<p><a href=\"http:\/\/auro-cuines.com\/wp-content\/uploads\/siro02.jpg\"><img decoding=\"async\" class=\"aligncenter\" src=\"http:\/\/auro-cuines.com\/wp-content\/uploads\/siro02.jpg\" alt=\"siro02\" \/><\/a><\/p>\n<p><a href=\"http:\/\/auro-cuines.com\/wp-content\/uploads\/siro01.jpg\"><img decoding=\"async\" class=\"alignleft size-thumbnail wp-image-206\" src=\"http:\/\/auro-cuines.com\/wp-content\/uploads\/siro01-200x200.jpg\" alt=\"siro01\" width=\"210\" height=\"210\" \/><\/a> <a href=\"http:\/\/auro-cuines.com\/wp-content\/uploads\/siro03.jpg\"><img decoding=\"async\" class=\"alignleft size-thumbnail wp-image-205\" src=\"http:\/\/auro-cuines.com\/wp-content\/uploads\/siro03-200x200.jpg\" alt=\"siro03\" width=\"210\" height=\"210\" \/><\/a> <a href=\"http:\/\/auro-cuines.com\/wp-content\/uploads\/siro04.jpg\"><img decoding=\"async\" class=\"alignleft size-thumbnail wp-image-204\" src=\"http:\/\/auro-cuines.com\/wp-content\/uploads\/siro04-200x200.jpg\" alt=\"siro04\" width=\"210\" height=\"210\" \/><\/a> <a href=\"http:\/\/auro-cuines.com\/wp-content\/uploads\/siro05.jpg\"><img loading=\"lazy\" decoding=\"async\" class=\"alignleft size-thumbnail wp-image-203\" src=\"http:\/\/auro-cuines.com\/wp-content\/uploads\/siro05-200x200.jpg\" alt=\"siro05\" width=\"210\" height=\"210\" \/><\/a><a href=\"http:\/\/auro-cuines.com\/wp-content\/uploads\/siro06.jpg\"><img loading=\"lazy\" decoding=\"async\" class=\"alignleft size-thumbnail wp-image-203\" src=\"http:\/\/auro-cuines.com\/wp-content\/uploads\/siro06-200x200.jpg\" alt=\"siro06\" width=\"210\" height=\"210\" \/><\/a><a href=\"http:\/\/auro-cuines.com\/wp-content\/uploads\/siro07.jpg\"><img loading=\"lazy\" decoding=\"async\" class=\"alignleft size-thumbnail wp-image-203\" src=\"http:\/\/auro-cuines.com\/wp-content\/uploads\/siro07-200x200.jpg\" alt=\"siro07\" width=\"210\" height=\"210\" \/><\/a><\/p>\n<div class='clear '><\/div><\/div>","protected":false},"excerpt":{"rendered":"<p>Um projeto distinto. A cozinha baseada no espa&ccedil;o oferece um modo panor&acirc;mico para acesso visual e ergon&ocirc;mico a toda a cozinha. As gavetas de tr&ecirc;s alt&iacute;ssimas e os arm&aacute;rios de arm&aacute;rio foram projetados para armazenar tudo o que voc&ecirc; precisa. Continuamos a inovar, frentes de madeira de 5 camadas com o exterior em carvalho s&oacute;lido. [&hellip;]<\/p>\n","protected":false},"author":1,"featured_media":1608,"parent":0,"menu_order":0,"comment_status":"closed","ping_status":"closed","template":"","meta":{"_genesis_hide_title":false,"_genesis_hide_breadcrumbs":false,"_genesis_hide_singular_image":false,"_genesis_hide_footer_widgets":false,"_genesis_custom_body_class":"","_genesis_custom_post_class":"","_genesis_layout":"","footnotes":""},"class_list":{"0":"post-719","1":"page","2":"type-page","3":"status-publish","4":"has-post-thumbnail","6":"entry"},"aioseo_notices":[],"_links":{"self":[{"href":"https:\/\/auro-cuines.com\/pt\/wp-json\/wp\/v2\/pages\/719","targetHints":{"allow":["GET"]}}],"collection":[{"href":"https:\/\/auro-cuines.com\/pt\/wp-json\/wp\/v2\/pages"}],"about":[{"href":"https:\/\/auro-cuines.com\/pt\/wp-json\/wp\/v2\/types\/page"}],"author":[{"embeddable":true,"href":"https:\/\/auro-cuines.com\/pt\/wp-json\/wp\/v2\/users\/1"}],"replies":[{"embeddable":true,"href":"https:\/\/auro-cuines.com\/pt\/wp-json\/wp\/v2\/comments?post=719"}],"version-history":[{"count":3,"href":"https:\/\/auro-cuines.com\/pt\/wp-json\/wp\/v2\/pages\/719\/revisions"}],"predecessor-version":[{"id":1715,"href":"https:\/\/auro-cuines.com\/pt\/wp-json\/wp\/v2\/pages\/719\/revisions\/1715"}],"wp:featuredmedia":[{"embeddable":true,"href":"https:\/\/auro-cuines.com\/pt\/wp-json\/wp\/v2\/media\/1608"}],"wp:attachment":[{"href":"https:\/\/auro-cuines.com\/pt\/wp-json\/wp\/v2\/media?parent=719"}],"curies":[{"name":"wp","href":"https:\/\/api.w.org\/{rel}","templated":true}]}}