{"id":548,"date":"2016-12-15T23:10:17","date_gmt":"2016-12-15T23:10:17","guid":{"rendered":"http:\/\/auro-cuines.com\/?page_id=548"},"modified":"2019-11-22T10:00:16","modified_gmt":"2019-11-22T10:00:16","slug":"canteado-laser","status":"publish","type":"page","link":"https:\/\/auro-cuines.com\/pt\/noticias\/canteado-laser\/","title":{"rendered":"Canteado l\u00e1ser"},"content":{"rendered":"<p><a href=\"http:\/\/auro-cuines.com\/wp-content\/uploads\/noticias02.jpg\"><img fetchpriority=\"high\" decoding=\"async\" class=\"alignleft wp-image-448 size-medium\" src=\"http:\/\/auro-cuines.com\/wp-content\/uploads\/noticias02-300x300.jpg\" width=\"300\" height=\"300\" srcset=\"https:\/\/auro-cuines.com\/wp-content\/uploads\/noticias02-300x300.jpg 300w, https:\/\/auro-cuines.com\/wp-content\/uploads\/noticias02-200x200.jpg 200w, https:\/\/auro-cuines.com\/wp-content\/uploads\/noticias02-768x768.jpg 768w, https:\/\/auro-cuines.com\/wp-content\/uploads\/noticias02-550x550.jpg 550w, https:\/\/auro-cuines.com\/wp-content\/uploads\/noticias02.jpg 800w\" sizes=\"(max-width: 300px) 100vw, 300px\" \/><\/a>Las puertas en laminado con corte a 45 grados\u00a0se funden con sus cantos dejando una l\u00ednea\u00a0casi imperceptible. Logramos as\u00ed la m\u00e1xima\u00a0sensaci\u00f3n de continuidad en los frontales de\u00a0nuestras cocinas.<\/p>\n<p>La tecnolog\u00eda l\u00e1ser llega al canteado de nuestros modelos laminados. A su vez, le aportamos\u00a0un corte de 45 grados que genera la forma adecuada para tirar de los frentes sin necesidad de tirador.<br \/>\nUna vez m\u00e1s Aur\u00f3 permite al interiorista o arquitecto de espacios lograr la m\u00e1xima sensaci\u00f3n de limpieza\u00a0en sus proyectos, tratando de forma excepcional un producto \u00a0duradero y de gran resistencia.<\/p>\n<div class='clear '><\/div><\/div>","protected":false},"excerpt":{"rendered":"<p>Las puertas en laminado con corte a 45 grados&nbsp;se funden con sus cantos dejando una l&iacute;nea&nbsp;casi imperceptible. Logramos as&iacute; la m&aacute;xima&nbsp;sensaci&oacute;n de continuidad en los frontales de&nbsp;nuestras cocinas. La tecnolog&iacute;a l&aacute;ser llega al canteado de nuestros modelos laminados. A su vez, le aportamos&nbsp;un corte de 45 grados que genera la forma adecuada para tirar de [&hellip;]<\/p>\n","protected":false},"author":1,"featured_media":0,"parent":544,"menu_order":0,"comment_status":"closed","ping_status":"closed","template":"","meta":{"_genesis_hide_title":false,"_genesis_hide_breadcrumbs":false,"_genesis_hide_singular_image":false,"_genesis_hide_footer_widgets":false,"_genesis_custom_body_class":"","_genesis_custom_post_class":"","_genesis_layout":"","footnotes":""},"class_list":{"0":"post-548","1":"page","2":"type-page","3":"status-publish","5":"entry"},"aioseo_notices":[],"_links":{"self":[{"href":"https:\/\/auro-cuines.com\/pt\/wp-json\/wp\/v2\/pages\/548","targetHints":{"allow":["GET"]}}],"collection":[{"href":"https:\/\/auro-cuines.com\/pt\/wp-json\/wp\/v2\/pages"}],"about":[{"href":"https:\/\/auro-cuines.com\/pt\/wp-json\/wp\/v2\/types\/page"}],"author":[{"embeddable":true,"href":"https:\/\/auro-cuines.com\/pt\/wp-json\/wp\/v2\/users\/1"}],"replies":[{"embeddable":true,"href":"https:\/\/auro-cuines.com\/pt\/wp-json\/wp\/v2\/comments?post=548"}],"version-history":[{"count":1,"href":"https:\/\/auro-cuines.com\/pt\/wp-json\/wp\/v2\/pages\/548\/revisions"}],"predecessor-version":[{"id":1744,"href":"https:\/\/auro-cuines.com\/pt\/wp-json\/wp\/v2\/pages\/548\/revisions\/1744"}],"up":[{"embeddable":true,"href":"https:\/\/auro-cuines.com\/pt\/wp-json\/wp\/v2\/pages\/544"}],"wp:attachment":[{"href":"https:\/\/auro-cuines.com\/pt\/wp-json\/wp\/v2\/media?parent=548"}],"curies":[{"name":"wp","href":"https:\/\/api.w.org\/{rel}","templated":true}]}}