{"id":544,"date":"2016-12-15T23:08:06","date_gmt":"2016-12-15T23:08:06","guid":{"rendered":"http:\/\/auro-cuines.com\/?page_id=544"},"modified":"2019-11-17T16:49:52","modified_gmt":"2019-11-17T16:49:52","slug":"noticias","status":"publish","type":"page","link":"https:\/\/auro-cuines.com\/pt\/noticias\/","title":{"rendered":"Noticias"},"content":{"rendered":"<p>Utlizar este c\u00f3digo para incluir en Home Section 6 de los Widgets<\/p>\n<p>Aqu\u00ed est\u00e1n las tres m\u00f3dulos de la secci\u00f3n las im\u00e1genes intenta que sean cuadradas y sube la medida 300&#215;300<\/p>\n<div class=\"one-third first noti\">\n<img decoding=\"async\" class=\"aligncenter wp-image-450 size-thumbnail\" src=\"\/wp-content\/uploads\/noticias01-300x300.jpg\" width=\"100%\" srcset=\"https:\/\/auro-cuines.com\/wp-content\/uploads\/noticias01-300x300.jpg 300w, https:\/\/auro-cuines.com\/wp-content\/uploads\/noticias01-200x200.jpg 200w, https:\/\/auro-cuines.com\/wp-content\/uploads\/noticias01-768x768.jpg 768w, https:\/\/auro-cuines.com\/wp-content\/uploads\/noticias01-550x550.jpg 550w, https:\/\/auro-cuines.com\/wp-content\/uploads\/noticias01.jpg 800w\" sizes=\"(max-width: 300px) 100vw, 300px\" \/><\/p>\n<h3>Nuevo acabado<\/h3>\n<p>Nueva carta de Microcemento aplicado a frontales de cocina de Aur\u00f3. Nunca antes podia fluir el mobiliario en un ambiente de forma tan bella y armonial, fundi\u00e9ndose con el pavimento&#8230;<\/p>\n<div class=\"notibutt\"><a href=\"\/nuevo-acabado\/\" class=\"button\">Ver m\u00e1s<\/a><\/div>\n<\/div>\n<div class=\"one-third noti\">\n<img decoding=\"async\" class=\"aligncenter wp-image-449 size-thumbnail\" src=\"\/wp-content\/uploads\/noticias03-300x300.jpg\" width=\"100%\" srcset=\"https:\/\/auro-cuines.com\/wp-content\/uploads\/noticias03-300x300.jpg 300w, https:\/\/auro-cuines.com\/wp-content\/uploads\/noticias03-200x200.jpg 200w, https:\/\/auro-cuines.com\/wp-content\/uploads\/noticias03-768x768.jpg 768w, https:\/\/auro-cuines.com\/wp-content\/uploads\/noticias03-550x550.jpg 550w, https:\/\/auro-cuines.com\/wp-content\/uploads\/noticias03.jpg 800w\" sizes=\"(max-width: 300px) 100vw, 300px\" \/><\/p>\n<h3>Frente Macizo<\/h3>\n<p>La madera natural maciza con cuerpo de\u00a0tablero marino es nuestro nuevo concepto de \u00a0frentes para cocina. Robustez y elegancia\u00a0natural para perdurar en el tiempo.<\/p>\n<div class=\"notibutt\"><a href=\"\/frente-macizo\/\" class=\"button\">Ver m\u00e1s<\/a><\/div>\n<\/div>\n<div class=\"one-third noti\">\n<img decoding=\"async\" class=\"aligncenter wp-image-448 size-thumbnail\" src=\"\/wp-content\/uploads\/noticias02-300x300.jpg\" width=\"100%\" srcset=\"https:\/\/auro-cuines.com\/wp-content\/uploads\/noticias02-300x300.jpg 300w, https:\/\/auro-cuines.com\/wp-content\/uploads\/noticias02-200x200.jpg 200w, https:\/\/auro-cuines.com\/wp-content\/uploads\/noticias02-768x768.jpg 768w, https:\/\/auro-cuines.com\/wp-content\/uploads\/noticias02-550x550.jpg 550w, https:\/\/auro-cuines.com\/wp-content\/uploads\/noticias02.jpg 800w\" sizes=\"(max-width: 300px) 100vw, 300px\" \/><\/p>\n<h3>Canteado L\u00e1ser<\/h3>\n<p>Las puertas en laminado con corte a 45 grados\u00a0se funden con sus cantos dejando una l\u00ednea\u00a0casi imperceptible. Logramos as\u00ed la m\u00e1xima\u00a0sensaci\u00f3n de continuidad en los frontales de\u00a0nuestras cocinas.<\/p>\n<div class=\"notibutt\"><a href=\"\/canteado-laser\/\" class=\"button\">Ver m\u00e1s<\/a><\/div>\n<\/div>\n<div class=\"clearfix\"><\/div>\n<p>SI EL IDIOMA NO TIENE TRADUCCI\u00d3N INTRODUCE EN EL CONTENIDO DEL WIDGET TEXTO<\/p>\n<div><\/div>\n<p>ya que si no aparecer\u00eda &#8220;ESPA\u00d1OL&#8221; y las tres noticias.<\/p>\n<p><\/p>\n<div class='clear '><\/div><\/div>","protected":false},"excerpt":{"rendered":"<p>Utlizar este c&oacute;digo para incluir en Home Section 6 de los Widgets Aqu&iacute; est&aacute;n las tres m&oacute;dulos de la secci&oacute;n las im&aacute;genes intenta que sean cuadradas y sube la medida 300&times;300 Nuevo acabado Nueva carta de Microcemento aplicado a frontales de cocina de Aur&oacute;. Nunca antes podia fluir el mobiliario en un ambiente de forma [&hellip;]<\/p>\n","protected":false},"author":1,"featured_media":0,"parent":0,"menu_order":0,"comment_status":"closed","ping_status":"closed","template":"","meta":{"_genesis_hide_title":false,"_genesis_hide_breadcrumbs":false,"_genesis_hide_singular_image":false,"_genesis_hide_footer_widgets":false,"_genesis_custom_body_class":"","_genesis_custom_post_class":"","_genesis_layout":"","footnotes":""},"class_list":{"0":"post-544","1":"page","2":"type-page","3":"status-publish","5":"entry"},"aioseo_notices":[],"_links":{"self":[{"href":"https:\/\/auro-cuines.com\/pt\/wp-json\/wp\/v2\/pages\/544","targetHints":{"allow":["GET"]}}],"collection":[{"href":"https:\/\/auro-cuines.com\/pt\/wp-json\/wp\/v2\/pages"}],"about":[{"href":"https:\/\/auro-cuines.com\/pt\/wp-json\/wp\/v2\/types\/page"}],"author":[{"embeddable":true,"href":"https:\/\/auro-cuines.com\/pt\/wp-json\/wp\/v2\/users\/1"}],"replies":[{"embeddable":true,"href":"https:\/\/auro-cuines.com\/pt\/wp-json\/wp\/v2\/comments?post=544"}],"version-history":[{"count":5,"href":"https:\/\/auro-cuines.com\/pt\/wp-json\/wp\/v2\/pages\/544\/revisions"}],"predecessor-version":[{"id":1676,"href":"https:\/\/auro-cuines.com\/pt\/wp-json\/wp\/v2\/pages\/544\/revisions\/1676"}],"wp:attachment":[{"href":"https:\/\/auro-cuines.com\/pt\/wp-json\/wp\/v2\/media?parent=544"}],"curies":[{"name":"wp","href":"https:\/\/api.w.org\/{rel}","templated":true}]}}