{"id":4365,"date":"2021-08-04T08:12:55","date_gmt":"2021-08-04T08:12:55","guid":{"rendered":"https:\/\/auro-cuines.com\/?page_id=4365"},"modified":"2021-11-09T11:54:59","modified_gmt":"2021-11-09T11:54:59","slug":"muebles-de-cocina-en-sant-boi-de-llobregat","status":"publish","type":"page","link":"https:\/\/auro-cuines.com\/pt\/muebles-de-cocina-en-sant-boi-de-llobregat\/","title":{"rendered":"Muebles de cocina Sant Boi de Llobregat"},"content":{"rendered":"<p class=\"qtranxs-available-languages-message qtranxs-available-languages-message-pt\">Desculpe, este conte\u00fado s\u00f3 est\u00e1 dispon\u00edvel em <a href=\"https:\/\/auro-cuines.com\/es\/wp-json\/wp\/v2\/pages\/4365\" class=\"qtranxs-available-language-link qtranxs-available-language-link-es\" title=\"Espa\u00f1ol\">Espa\u00f1ol<\/a>.<\/p>","protected":false},"excerpt":{"rendered":"<p>Desculpe, este conte&uacute;do s&oacute; est&aacute; dispon&iacute;vel em Espa&ntilde;ol.<\/p>\n","protected":false},"author":1,"featured_media":0,"parent":0,"menu_order":0,"comment_status":"closed","ping_status":"closed","template":"","meta":{"_genesis_hide_title":false,"_genesis_hide_breadcrumbs":false,"_genesis_hide_singular_image":false,"_genesis_hide_footer_widgets":false,"_genesis_custom_body_class":"","_genesis_custom_post_class":"","_genesis_layout":"","footnotes":""},"class_list":{"0":"post-4365","1":"page","2":"type-page","3":"status-publish","5":"entry"},"aioseo_notices":[],"_links":{"self":[{"href":"https:\/\/auro-cuines.com\/pt\/wp-json\/wp\/v2\/pages\/4365","targetHints":{"allow":["GET"]}}],"collection":[{"href":"https:\/\/auro-cuines.com\/pt\/wp-json\/wp\/v2\/pages"}],"about":[{"href":"https:\/\/auro-cuines.com\/pt\/wp-json\/wp\/v2\/types\/page"}],"author":[{"embeddable":true,"href":"https:\/\/auro-cuines.com\/pt\/wp-json\/wp\/v2\/users\/1"}],"replies":[{"embeddable":true,"href":"https:\/\/auro-cuines.com\/pt\/wp-json\/wp\/v2\/comments?post=4365"}],"version-history":[{"count":1,"href":"https:\/\/auro-cuines.com\/pt\/wp-json\/wp\/v2\/pages\/4365\/revisions"}],"predecessor-version":[{"id":4384,"href":"https:\/\/auro-cuines.com\/pt\/wp-json\/wp\/v2\/pages\/4365\/revisions\/4384"}],"wp:attachment":[{"href":"https:\/\/auro-cuines.com\/pt\/wp-json\/wp\/v2\/media?parent=4365"}],"curies":[{"name":"wp","href":"https:\/\/api.w.org\/{rel}","templated":true}]}}