{"id":2343,"date":"2020-04-08T07:39:56","date_gmt":"2020-04-08T07:39:56","guid":{"rendered":"https:\/\/auro-cuines.com\/?page_id=2343"},"modified":"2020-10-22T07:27:44","modified_gmt":"2020-10-22T07:27:44","slug":"cocinas-de-lujo-en-barcelona","status":"publish","type":"page","link":"https:\/\/auro-cuines.com\/pt\/cocinas-de-lujo-en-barcelona\/","title":{"rendered":"Cozinhas de luxo em Barcelona"},"content":{"rendered":"<p class=\"qtranxs-available-languages-message qtranxs-available-languages-message-pt\">Desculpe, este conte\u00fado s\u00f3 est\u00e1 dispon\u00edvel em <a href=\"https:\/\/auro-cuines.com\/es\/wp-json\/wp\/v2\/pages\/2343\" class=\"qtranxs-available-language-link qtranxs-available-language-link-es\" title=\"Espa\u00f1ol\">Espa\u00f1ol<\/a> e <a href=\"https:\/\/auro-cuines.com\/en\/wp-json\/wp\/v2\/pages\/2343\" class=\"qtranxs-available-language-link qtranxs-available-language-link-en\" title=\"English\">English<\/a>.<\/p>","protected":false},"excerpt":{"rendered":"<p>Desculpe, este conte&uacute;do s&oacute; est&aacute; dispon&iacute;vel em Espa&ntilde;ol e English.<\/p>\n","protected":false},"author":1,"featured_media":0,"parent":0,"menu_order":0,"comment_status":"closed","ping_status":"closed","template":"","meta":{"_genesis_hide_title":false,"_genesis_hide_breadcrumbs":false,"_genesis_hide_singular_image":false,"_genesis_hide_footer_widgets":false,"_genesis_custom_body_class":"","_genesis_custom_post_class":"","_genesis_layout":"","footnotes":""},"class_list":{"0":"post-2343","1":"page","2":"type-page","3":"status-publish","5":"entry"},"aioseo_notices":[],"_links":{"self":[{"href":"https:\/\/auro-cuines.com\/pt\/wp-json\/wp\/v2\/pages\/2343","targetHints":{"allow":["GET"]}}],"collection":[{"href":"https:\/\/auro-cuines.com\/pt\/wp-json\/wp\/v2\/pages"}],"about":[{"href":"https:\/\/auro-cuines.com\/pt\/wp-json\/wp\/v2\/types\/page"}],"author":[{"embeddable":true,"href":"https:\/\/auro-cuines.com\/pt\/wp-json\/wp\/v2\/users\/1"}],"replies":[{"embeddable":true,"href":"https:\/\/auro-cuines.com\/pt\/wp-json\/wp\/v2\/comments?post=2343"}],"version-history":[{"count":5,"href":"https:\/\/auro-cuines.com\/pt\/wp-json\/wp\/v2\/pages\/2343\/revisions"}],"predecessor-version":[{"id":2356,"href":"https:\/\/auro-cuines.com\/pt\/wp-json\/wp\/v2\/pages\/2343\/revisions\/2356"}],"wp:attachment":[{"href":"https:\/\/auro-cuines.com\/pt\/wp-json\/wp\/v2\/media?parent=2343"}],"curies":[{"name":"wp","href":"https:\/\/api.w.org\/{rel}","templated":true}]}}