{"id":1681,"date":"2019-11-17T17:46:45","date_gmt":"2019-11-17T17:46:45","guid":{"rendered":"https:\/\/auro-cuines.com\/?page_id=1681"},"modified":"2019-11-27T12:20:24","modified_gmt":"2019-11-27T12:20:24","slug":"politica-proteccion-de-datos","status":"publish","type":"page","link":"https:\/\/auro-cuines.com\/pt\/politica-proteccion-de-datos\/","title":{"rendered":"Pol\u00edtica de prote\u00e7\u00e3o de dados"},"content":{"rendered":"<p>Por meio deste aviso, a Zedey Mobiliari SL, domiciliada em Calder\u00f3n da Barca n\u00ba 1, 08940 Cornell\u00e0 de Llobregat, Barcelona, \u200bEspanha, \u200be com um endere\u00e7o de e-mail info@auro-cuines.com, a seguir Auro, informa os usu\u00e1rios dos diferentes sites da Internet. Internet de sua propriedade, doravante, Usu\u00e1rios e Site, sobre sua pol\u00edtica de prote\u00e7\u00e3o de dados pessoais, doravante, Dados Pessoais, para que os Usu\u00e1rios determinem livre e voluntariamente se desejam fornecer \u00e0 Auro os Dados Pessoais que lhes s\u00e3o dados. pode exigir ou que pode ser obtido dos Usu\u00e1rios na ocasi\u00e3o da assinatura ou registro em alguns dos servi\u00e7os oferecidos pela Auro no site ou atrav\u00e9s do site. A Auro reserva-se o direito de modificar esta pol\u00edtica para adapt\u00e1-la aos desenvolvimentos legislativos ou jurisprudenciais, bem como \u00e0s pr\u00e1ticas da ind\u00fastria. Nesses casos, a Auro anunciar\u00e1 nesta p\u00e1gina as altera\u00e7\u00f5es introduzidas com razo\u00e1vel anteced\u00eancia de sua implementa\u00e7\u00e3o.<\/p>\n<h2>Legisla\u00e7\u00e3o<\/h2>\n<p>Em conformidade com o disposto no artigo 12.o do Regulamento Europeu sobre Prote\u00e7\u00e3o de Dados, no que diz respeito \u00e0 transpar\u00eancia das informa\u00e7\u00f5es, comunica\u00e7\u00f5es e m\u00e9todos de exerc\u00edcio dos direitos da parte interessada e no artigo 13.o, no que diz respeito \u00e0s informa\u00e7\u00f5es a fornecer quando os dados pessoais s\u00e3o obtidos da parte interessada.<br \/>\n<strong>Gerente de Tratamento<\/strong><br \/>\nIdentidade: Zedey Mobiliarioi SL., Doravante, Aura com sede em Calder\u00f3n de la barca No. 1, 08940 Cornell\u00e0 de Llobregat, Barcelona, com CIF B66428905 e registrada no Registro Mercantil de Barcelona Volume 44681, Folio 36, Folha No. B463342 1\u00ba, data 19 de fevereiro de 2015. Al\u00e9m disso, no caso de voc\u00ea registrar seus dados pessoais em qualquer um dos formul\u00e1rios deste site, os dados fornecidos ser\u00e3o incorporados aos arquivos automatizados da Auro.<\/p>\n<h2>Objetivo do tratamento<\/h2>\n<p>A coleta e o processamento automatizado de dados pessoais visam gerenciar o relacionamento com clientes em potencial que entram em contato atrav\u00e9s dos diferentes formul\u00e1rios de contato.<\/p>\n<p>&#8211; Finalidade do formul\u00e1rio Quero um projeto Auro: gerencie seu interesse em receber nosso contato para desenvolver um projeto personalizado.<\/p>\n<p>&#8211; Finalidade do formul\u00e1rio para distribuir nossas cozinhas: gerencie seu interesse em se tornar um distribuidor Auro.<\/p>\n<p>Os dados fornecidos ser\u00e3o mantidos desde que voc\u00ea n\u00e3o solicite a retirada do servi\u00e7o. Os dados podem ser transferidos para empresas que fornecem marketing digital para fins de an\u00e1lise, gera\u00e7\u00e3o de perfis de uso, estudos de marketing ou pesquisas de qualidade e melhoria da intera\u00e7\u00e3o com nossos clientes.<\/p>\n<h2>Legitima\u00e7\u00e3o<\/h2>\n<p>Informamos que a base legal para o processamento de seus dados \u00e9 gerenciar as solicita\u00e7\u00f5es que voc\u00ea nos envia atrav\u00e9s dos diferentes formul\u00e1rios dispon\u00edveis. A parte interessada d\u00e1 seu consentimento preenchendo o formul\u00e1rio e enviando seus dados.<\/p>\n<h2>Reten\u00e7\u00e3o de dados<\/h2>\n<div class=\"tlid-results-container results-container\">\n<div class=\"tlid-result result-dict-wrapper\">\n<div class=\"result tlid-copy-target\">\n<div class=\"text-wrap tlid-copy-target\">\n<div class=\"result-shield-container tlid-copy-target\" tabindex=\"0\"><span class=\"tlid-translation translation\" lang=\"pt\"><span class=\"\" title=\"\">Os dados fornecidos ser\u00e3o mantidos pelos prazos legalmente estabelecidos.<\/span><\/span><\/div>\n<\/div>\n<\/div>\n<\/div>\n<\/div>\n<h2>Transfer\u00eancias de dados<\/h2>\n<div class=\"tlid-input input\">\n<div class=\"source-wrap\">\n<div class=\"input-full-height-wrapper tlid-input-full-height-wrapper\">\n<div class=\"source-input\">\n<div class=\"source-footer-wrap source-or-target-footer\">\n<div class=\"character-count tlid-character-count\">\n<div class=\"cc-ctr normal\"><span class=\"\" title=\"\">Os dados n\u00e3o ser\u00e3o transferidos para terceiros, exceto nos casos em que exista uma obriga\u00e7\u00e3o legal ou no caso de envios de publicidade nos quais ser\u00e3o transferidos para empresas que gerenciam marketing digital e distribuidores oficiais.<\/span> <span title=\"\">Ao nos fornecer seus dados pessoais por meio deste portal, voc\u00ea nos autoriza a processar e compartilhar suas informa\u00e7\u00f5es com esses colaboradores.<\/span> <span class=\"\" title=\"\">Sua autoriza\u00e7\u00e3o inclui os casos em que, para a efici\u00eancia do servi\u00e7o, os fornecedores podem estar localizados nos Estados Unidos da Am\u00e9rica ou em outros pa\u00edses ou territ\u00f3rios localizados fora da \u00c1rea Econ\u00f4mica Europeia que n\u00e3o oferecem um n\u00edvel de prote\u00e7\u00e3o de dados compar\u00e1vel ao do seu pa\u00eds<\/span> <span class=\"\" title=\"\">ou, se for o caso, da Uni\u00e3o Europeia.<\/span><\/div>\n<\/div>\n<\/div>\n<\/div>\n<\/div>\n<\/div>\n<\/div>\n<h2>Direitos da parte interessada<\/h2>\n<p>Voc\u00ea ter\u00e1 o direito de acessar seus dados pessoais, bem como solicitar a retifica\u00e7\u00e3o de dados imprecisos ou, quando apropriado, solicitar sua exclus\u00e3o quando, entre outras raz\u00f5es, os dados n\u00e3o forem mais necess\u00e1rios para os fins que foram coletados. Voc\u00ea pode solicitar a limita\u00e7\u00e3o ou oposi\u00e7\u00e3o ao processamento de seus dados; nesse caso, apenas os manteremos para cumprir as obriga\u00e7\u00f5es legalmente estabelecidas.<\/p>\n<h2>Direito de n\u00e3o estar sujeito a decis\u00f5es individuais automatizadas, incluindo cria\u00e7\u00e3o de perfil<\/h2>\n<p>As decis\u00f5es individuais automatizadas n\u00e3o s\u00e3o tomadas sobre o usu\u00e1rio nem s\u00e3o desenvolvidos perfis que produzem efeitos legais ou o afetam significativamente de maneira semelhante.<\/p>\n<h2>Exerc\u00edcio dos direitos de acesso, retifica\u00e7\u00e3o, cancelamento e oposi\u00e7\u00e3o<\/h2>\n<p>Para exercer seus direitos, voc\u00ea deve enviar um e-mail para info@auro-cuines.com indicando sua solicita\u00e7\u00e3o por escrito e anexando uma fotoc\u00f3pia do seu ID.<\/p>\n<h2>Medidas de seguran\u00e7a<\/h2>\n<p>Tendo em conta o estado da arte, os custos de aplica\u00e7\u00e3o e a natureza, escopo, contexto e objetivos do tratamento, bem como os riscos de probabilidade e severidade vari\u00e1veis \u200b\u200bdos direitos e liberdades das pessoas f\u00edsicas, equipamentos Auro de slu interiors aplica medidas t\u00e9cnicas e organizacionais adequadas para garantir um n\u00edvel de seguran\u00e7a adequado ao risco. A Aurar n\u00e3o se responsabiliza por poss\u00edveis danos ou perdas que possam surgir de interfer\u00eancias, omiss\u00f5es, interrup\u00e7\u00f5es, v\u00edrus de computador, quebras de telefone ou desconex\u00f5es na opera\u00e7\u00e3o operacional deste sistema eletr\u00f4nico, motivadas por causas al\u00e9m da Auro; atrasos ou bloqueios no uso deste sistema eletr\u00f4nico causados \u200b\u200bpor defici\u00eancias ou cobran\u00e7as de linhas telef\u00f4nicas ou sobrecargas no Centro de Processamento de Dados, no sistema da Internet ou em outros sistemas eletr\u00f4nicos, bem como danos que possam ser causados \u200b\u200bpor terceiros por interfer\u00eancia ileg\u00edtima fora do controle da Auro.<\/p>\n<h2>Tratamento baseado no consentimento das pessoas afetadas<\/h2>\n<p>Atrav\u00e9s deste site https:\/\/www.auro-cuines.com, nenhum dado pessoal \u00e9 coletado sem o seu consentimento.<\/p>\n<h2>Dever de confidencialidade<\/h2>\n<p>De acordo com o artigo 5.1, al\u00ednea f), do Regulamento (UE) 2016\/679, a Auro compromete-se a tratar seus dados pessoais de maneira absolutamente confidencial e a us\u00e1-los apenas para os fins indicados.<\/p>\n<h2>Imprecis\u00e3o dos dados obtidos diretamente das pessoas afetadas<\/h2>\n<p>Para os fins estabelecidos no artigo 5.1, al\u00ednea d), do Regulamento (UE) 2016\/679, os dados pessoais imprecisos em rela\u00e7\u00e3o aos prop\u00f3sitos para os quais s\u00e3o processados n\u00e3o ser\u00e3o atribu\u00edveis ao respons\u00e1vel pelo tratamento, se voc\u00ea n\u00e3o tiver exercido seu direito. de retifica\u00e7\u00e3o.<\/p>\n<h2>Direito de reivindicar<\/h2>\n<p>Caso voc\u00ea n\u00e3o esteja satisfeito com o processamento de seus dados, poder\u00e1 encaminhar suas reivindica\u00e7\u00f5es \u00e0s autoridades de prote\u00e7\u00e3o de dados.<\/p>\n<h2>Cookies<\/h2>\n<p>Auro pode usar cookies quando um Usu\u00e1rio navega nos sites e sites do Portal. Os cookies que podem ser usados \u200b\u200bnos sites e sites do Portal est\u00e3o associados apenas ao navegador de um computador espec\u00edfico (um usu\u00e1rio an\u00f4nimo) e n\u00e3o fornecem o nome e o sobrenome do usu\u00e1rio. Gra\u00e7as aos cookies, \u00e9 poss\u00edvel que o Auro reconhe\u00e7a os navegadores dos Usu\u00e1rios registrados depois de se registrar pela primeira vez, sem precisar se registrar a cada visita para acessar as \u00e1reas e servi\u00e7os reservados exclusivamente a eles. Os cookies utilizados n\u00e3o podem ler os arquivos de cookies criados por outros fornecedores. O usu\u00e1rio tem a possibilidade de configurar seu navegador para ser notificado na tela da recep\u00e7\u00e3o de cookies e impedir a instala\u00e7\u00e3o de cookies em seu disco r\u00edgido. Consulte as instru\u00e7\u00f5es e manuais do seu navegador para expandir essas informa\u00e7\u00f5es. Para usar o Portal, n\u00e3o \u00e9 necess\u00e1rio que o Usu\u00e1rio permita a instala\u00e7\u00e3o de cookies enviados pela Auro, sem preju\u00edzo do fato de que, neste caso, ser\u00e1 necess\u00e1rio que o Usu\u00e1rio se registre como usu\u00e1rio de cada um dos servi\u00e7os cuja provis\u00e3o requer registro pr\u00e9vio. Os cookies usados \u200b\u200bnos sites e sites do Portal podem ser servidos pela Auro; nesse caso, s\u00e3o servidos a partir de diferentes servidores operados por eles ou a partir de servidores de determinados terceiros que nos prestam servi\u00e7os e servem os cookies em nome de Auro (como por exemplo, os cookies usados \u200b\u200bpara veicular a publicidade ou determinado conte\u00fado e que fazem o Usu\u00e1rio visualizar a publicidade ou determinado conte\u00fado no tempo, n\u00famero de vezes e formul\u00e1rio predeterminados). Desde que voc\u00ea n\u00e3o tenha ativado a op\u00e7\u00e3o que impede a instala\u00e7\u00e3o de cookies no disco r\u00edgido, voc\u00ea pode explorar o disco r\u00edgido seguindo as instru\u00e7\u00f5es de opera\u00e7\u00e3o e o manual de ajuda do seu sistema operacional (normalmente, nos sistemas operacionais Windows, consulte a pasta C (ou a unidade de disco correspondente Windows \/ Cookies) para conhecer mais detalhadamente cada servidor do qual os cookies s\u00e3o enviados.<\/p>\n<div class='clear '><\/div><\/div>","protected":false},"excerpt":{"rendered":"<p>Por meio deste aviso, a Zedey Mobiliari SL, domiciliada em Calder&oacute;n da Barca n&ordm; 1, 08940 Cornell&agrave; de Llobregat, Barcelona, &#8203;Espanha, &#8203;e com um endere&ccedil;o de e-mail info@auro-cuines.com, a seguir Auro, informa os usu&aacute;rios dos diferentes sites da Internet. Internet de sua propriedade, doravante, Usu&aacute;rios e Site, sobre sua pol&iacute;tica de prote&ccedil;&atilde;o de dados pessoais, [&hellip;]<\/p>\n","protected":false},"author":1,"featured_media":0,"parent":0,"menu_order":0,"comment_status":"closed","ping_status":"closed","template":"","meta":{"_genesis_hide_title":false,"_genesis_hide_breadcrumbs":false,"_genesis_hide_singular_image":false,"_genesis_hide_footer_widgets":false,"_genesis_custom_body_class":"","_genesis_custom_post_class":"","_genesis_layout":"","footnotes":""},"class_list":{"0":"post-1681","1":"page","2":"type-page","3":"status-publish","5":"entry"},"aioseo_notices":[],"_links":{"self":[{"href":"https:\/\/auro-cuines.com\/pt\/wp-json\/wp\/v2\/pages\/1681","targetHints":{"allow":["GET"]}}],"collection":[{"href":"https:\/\/auro-cuines.com\/pt\/wp-json\/wp\/v2\/pages"}],"about":[{"href":"https:\/\/auro-cuines.com\/pt\/wp-json\/wp\/v2\/types\/page"}],"author":[{"embeddable":true,"href":"https:\/\/auro-cuines.com\/pt\/wp-json\/wp\/v2\/users\/1"}],"replies":[{"embeddable":true,"href":"https:\/\/auro-cuines.com\/pt\/wp-json\/wp\/v2\/comments?post=1681"}],"version-history":[{"count":5,"href":"https:\/\/auro-cuines.com\/pt\/wp-json\/wp\/v2\/pages\/1681\/revisions"}],"predecessor-version":[{"id":1766,"href":"https:\/\/auro-cuines.com\/pt\/wp-json\/wp\/v2\/pages\/1681\/revisions\/1766"}],"wp:attachment":[{"href":"https:\/\/auro-cuines.com\/pt\/wp-json\/wp\/v2\/media?parent=1681"}],"curies":[{"name":"wp","href":"https:\/\/api.w.org\/{rel}","templated":true}]}}