{"id":163,"date":"2016-09-20T02:58:49","date_gmt":"2016-09-20T02:58:49","guid":{"rendered":"http:\/\/auro-cuines.com\/?page_id=163"},"modified":"2023-07-21T23:12:54","modified_gmt":"2023-07-21T21:12:54","slug":"auro-quality-kitchens","status":"publish","type":"page","link":"https:\/\/auro-cuines.com\/pt\/auro-quality-kitchens\/","title":{"rendered":"Cozinhas Aur\u00f3"},"content":{"rendered":"<p><a href=\"http:\/\/auro-cuines.com\/wp-content\/uploads\/foto_carpinteria_2.jpg\"><img fetchpriority=\"high\" decoding=\"async\" class=\"aligncenter wp-image-104\" style=\"float: left; padding: 0px 15px 5px 0;\" src=\"http:\/\/auro-cuines.com\/wp-content\/uploads\/foto_carpinteria_2-300x197.jpg\" alt=\"Auro\" width=\"533\" height=\"350\" srcset=\"https:\/\/auro-cuines.com\/wp-content\/uploads\/foto_carpinteria_2-300x197.jpg 300w, https:\/\/auro-cuines.com\/wp-content\/uploads\/foto_carpinteria_2-768x504.jpg 768w, https:\/\/auro-cuines.com\/wp-content\/uploads\/foto_carpinteria_2-1200x788.jpg 1200w, https:\/\/auro-cuines.com\/wp-content\/uploads\/foto_carpinteria_2.jpg 1600w\" sizes=\"(max-width: 533px) 100vw, 533px\" \/><\/a>Por mais de um s\u00e9culo atr\u00e1s, v\u00e1rias gera\u00e7\u00f5es de marceneiros de uma mesma fam\u00edlia, esculpido pilares do que \u00e9 agora <strong>Aur\u00f3<\/strong>.<\/p>\n<p>Desde a sua funda\u00e7\u00e3o h\u00e1 35 anos, n\u00f3s combinamos sob o mesmo teto a experi\u00eancia de carpinteiros e marceneiros com os professores precis\u00e3o da mais recente tecnologia para criar um produto \u00fanico, pois cada cozinha \u00e9 feita de forma independente e n\u00e3o em s\u00e9rie.<\/p>\n<p>Este sistema nos ajuda a cuidar ao mais \u00ednfimo pormenor e aumentando mais do que nossos crit\u00e9rios rigorosos de qualidade<\/p>\n<div id=\"company\">\n<h2>Empresa<\/h2>\n<p><img loading=\"lazy\" decoding=\"async\" class=\"aligncenter size-full wp-image-215\" src=\"http:\/\/auro-cuines.com\/wp-content\/uploads\/companyia.jpg\" alt=\"companyia\" width=\"1600\" height=\"1050\" srcset=\"https:\/\/auro-cuines.com\/wp-content\/uploads\/companyia.jpg 1600w, https:\/\/auro-cuines.com\/wp-content\/uploads\/companyia-300x197.jpg 300w, https:\/\/auro-cuines.com\/wp-content\/uploads\/companyia-768x504.jpg 768w\" sizes=\"(max-width: 1600px) 100vw, 1600px\" \/><br \/>\nTrinta anos de pesquisa e design s\u00e3o a garantia da escolha cuidadosa de materiais, t\u00e9cnicas de processamento e sistemas de produ\u00e7\u00e3o para m\u00f3veis de cozinha <strong>Aur\u00f3<\/strong>. A grande marca que est\u00e1 presente em muitos lares, reconhecido por prestigiados projectos de arquitectura para maiores exig\u00eancias est\u00e9ticas e t\u00e9cnicas.<\/p>\n<\/div>\n<p><\/p>\n<div class='clear '><\/div><\/div>","protected":false},"excerpt":{"rendered":"<p>Por mais de um s&eacute;culo atr&aacute;s, v&aacute;rias gera&ccedil;&otilde;es de marceneiros de uma mesma fam&iacute;lia, esculpido pilares do que &eacute; agora Aur&oacute;. Desde a sua funda&ccedil;&atilde;o h&aacute; 35 anos, n&oacute;s combinamos sob o mesmo teto a experi&ecirc;ncia de carpinteiros e marceneiros com os professores precis&atilde;o da mais recente tecnologia para criar um produto &uacute;nico, pois cada [&hellip;]<\/p>\n","protected":false},"author":1,"featured_media":0,"parent":0,"menu_order":0,"comment_status":"closed","ping_status":"closed","template":"","meta":{"_genesis_hide_title":false,"_genesis_hide_breadcrumbs":false,"_genesis_hide_singular_image":false,"_genesis_hide_footer_widgets":false,"_genesis_custom_body_class":"","_genesis_custom_post_class":"","_genesis_layout":"","footnotes":""},"class_list":{"0":"post-163","1":"page","2":"type-page","3":"status-publish","5":"entry","6":"has-post-thumbnail"},"aioseo_notices":[],"_links":{"self":[{"href":"https:\/\/auro-cuines.com\/pt\/wp-json\/wp\/v2\/pages\/163","targetHints":{"allow":["GET"]}}],"collection":[{"href":"https:\/\/auro-cuines.com\/pt\/wp-json\/wp\/v2\/pages"}],"about":[{"href":"https:\/\/auro-cuines.com\/pt\/wp-json\/wp\/v2\/types\/page"}],"author":[{"embeddable":true,"href":"https:\/\/auro-cuines.com\/pt\/wp-json\/wp\/v2\/users\/1"}],"replies":[{"embeddable":true,"href":"https:\/\/auro-cuines.com\/pt\/wp-json\/wp\/v2\/comments?post=163"}],"version-history":[{"count":41,"href":"https:\/\/auro-cuines.com\/pt\/wp-json\/wp\/v2\/pages\/163\/revisions"}],"predecessor-version":[{"id":8606,"href":"https:\/\/auro-cuines.com\/pt\/wp-json\/wp\/v2\/pages\/163\/revisions\/8606"}],"wp:attachment":[{"href":"https:\/\/auro-cuines.com\/pt\/wp-json\/wp\/v2\/media?parent=163"}],"curies":[{"name":"wp","href":"https:\/\/api.w.org\/{rel}","templated":true}]}}