{"id":159,"date":"2016-09-20T02:57:55","date_gmt":"2016-09-20T02:57:55","guid":{"rendered":"http:\/\/auro-cuines.com\/?page_id=159"},"modified":"2019-11-21T20:23:27","modified_gmt":"2019-11-21T20:23:27","slug":"marsella-ebano","status":"publish","type":"page","link":"https:\/\/auro-cuines.com\/pt\/marsella-ebano\/","title":{"rendered":"Marsella \u00c9bano"},"content":{"rendered":"<p>Cada cozinha <strong>Aur\u00f3 <\/strong>\u00e9 um projecto \u00fanico de alta qualidade. O car\u00e1ter especial do nosso sistema Al\u00e9m disso, come\u00e7a com a sua independ\u00eancia de arquitetura e continua com as infinitas possibilidades oferecidas para dar \u00e0 cozinha um estilo pessoal. <strong>Auro Al\u00e9m<\/strong> disso, destina-se a essas pessoas que querem apenas uma coisa: o melhor. O modelo \u00e9 constru\u00eddo em nogles Marselha ou madeiras tropicais, como \u00e9bano, no caso desta proposta, tamb\u00e9m em Oak, Olive, Fresno, etc<\/p>\n<p><a href=\"http:\/\/auro-cuines.com\/wp-content\/uploads\/Marsella01.jpg\"><img decoding=\"async\" class=\"aligncenter\" src=\"http:\/\/auro-cuines.com\/wp-content\/uploads\/Marsella01.jpg\" alt=\"marsella01\" \/><\/a><\/p>\n<p><a href=\"http:\/\/auro-cuines.com\/wp-content\/uploads\/Marsella02.jpg\"><img decoding=\"async\" class=\"alignleft size-thumbnail wp-image-106\" src=\"http:\/\/auro-cuines.com\/wp-content\/uploads\/Marsella02-200x200.jpg\" alt=\"marsella02\" width=\"210\" height=\"210\" \/><\/a><\/p>\n<div class='clear '><\/div><\/div>","protected":false},"excerpt":{"rendered":"<p>Cada cozinha Aur&oacute; &eacute; um projecto &uacute;nico de alta qualidade. O car&aacute;ter especial do nosso sistema Al&eacute;m disso, come&ccedil;a com a sua independ&ecirc;ncia de arquitetura e continua com as infinitas possibilidades oferecidas para dar &agrave; cozinha um estilo pessoal. Auro Al&eacute;m disso, destina-se a essas pessoas que querem apenas uma coisa: o melhor. O modelo [&hellip;]<\/p>\n","protected":false},"author":1,"featured_media":0,"parent":0,"menu_order":0,"comment_status":"closed","ping_status":"closed","template":"","meta":{"_genesis_hide_title":false,"_genesis_hide_breadcrumbs":false,"_genesis_hide_singular_image":false,"_genesis_hide_footer_widgets":false,"_genesis_custom_body_class":"","_genesis_custom_post_class":"","_genesis_layout":"","footnotes":""},"class_list":{"0":"post-159","1":"page","2":"type-page","3":"status-publish","5":"entry","6":"has-post-thumbnail"},"aioseo_notices":[],"_links":{"self":[{"href":"https:\/\/auro-cuines.com\/pt\/wp-json\/wp\/v2\/pages\/159","targetHints":{"allow":["GET"]}}],"collection":[{"href":"https:\/\/auro-cuines.com\/pt\/wp-json\/wp\/v2\/pages"}],"about":[{"href":"https:\/\/auro-cuines.com\/pt\/wp-json\/wp\/v2\/types\/page"}],"author":[{"embeddable":true,"href":"https:\/\/auro-cuines.com\/pt\/wp-json\/wp\/v2\/users\/1"}],"replies":[{"embeddable":true,"href":"https:\/\/auro-cuines.com\/pt\/wp-json\/wp\/v2\/comments?post=159"}],"version-history":[{"count":2,"href":"https:\/\/auro-cuines.com\/pt\/wp-json\/wp\/v2\/pages\/159\/revisions"}],"predecessor-version":[{"id":1725,"href":"https:\/\/auro-cuines.com\/pt\/wp-json\/wp\/v2\/pages\/159\/revisions\/1725"}],"wp:attachment":[{"href":"https:\/\/auro-cuines.com\/pt\/wp-json\/wp\/v2\/media?parent=159"}],"curies":[{"name":"wp","href":"https:\/\/api.w.org\/{rel}","templated":true}]}}