{"id":155,"date":"2016-09-20T02:57:17","date_gmt":"2016-09-20T02:57:17","guid":{"rendered":"http:\/\/auro-cuines.com\/?page_id=155"},"modified":"2019-11-20T22:22:11","modified_gmt":"2019-11-20T22:22:11","slug":"sicilia","status":"publish","type":"page","link":"https:\/\/auro-cuines.com\/pt\/sicilia\/","title":{"rendered":"Sicilia"},"content":{"rendered":"<p>Quando est\u00e9tica funcional se junta a um produto novo e essencial, damos modelo <strong>Sicilia <\/strong>como resultado. Um produto com dezenas de combina\u00e7\u00f5es poss\u00edveis entre bosques e cores diferentes e elegante, criado para atender as necessidades m\u00e1ximas a um pre\u00e7o competitivo.<\/p>\n<p><a href=\"http:\/\/auro-cuines.com\/wp-content\/uploads\/Sicilia03.jpg\"><img decoding=\"async\" class=\"aligncenter\" src=\"http:\/\/auro-cuines.com\/wp-content\/uploads\/Sicilia03.jpg\" alt=\"sicilia03\" \/><\/a><\/p>\n<p><a href=\"http:\/\/auro-cuines.com\/wp-content\/uploads\/Sicilia01.jpg\"><img decoding=\"async\" class=\"alignleft size-thumbnail wp-image-82\" src=\"http:\/\/auro-cuines.com\/wp-content\/uploads\/Sicilia01-200x200.jpg\" alt=\"sicilia01\" width=\"210\" height=\"210\" \/><\/a> <a href=\"http:\/\/auro-cuines.com\/wp-content\/uploads\/Sicilia02.jpg\"><img decoding=\"async\" class=\"alignleft size-thumbnail wp-image-83\" src=\"http:\/\/auro-cuines.com\/wp-content\/uploads\/Sicilia02-200x200.jpg\" alt=\"sicilia02\" width=\"210\" height=\"210\" \/><\/a> <a href=\"http:\/\/auro-cuines.com\/wp-content\/uploads\/Sicilia04.jpg\"><img decoding=\"async\" class=\"alignleft size-thumbnail wp-image-85\" src=\"http:\/\/auro-cuines.com\/wp-content\/uploads\/Sicilia04-200x200.jpg\" alt=\"sicilia04\" width=\"210\" height=\"210\" \/><\/a> <a href=\"http:\/\/auro-cuines.com\/wp-content\/uploads\/Sicilia05.jpg\"><img loading=\"lazy\" decoding=\"async\" class=\"alignleft size-thumbnail wp-image-86\" src=\"http:\/\/auro-cuines.com\/wp-content\/uploads\/Sicilia05-200x200.jpg\" alt=\"sicilia05\" width=\"210\" height=\"210\" \/><\/a> <a href=\"http:\/\/auro-cuines.com\/wp-content\/uploads\/Sicilia06.jpg\"><img loading=\"lazy\" decoding=\"async\" class=\"alignleft size-thumbnail wp-image-87\" src=\"http:\/\/auro-cuines.com\/wp-content\/uploads\/Sicilia06-200x200.jpg\" alt=\"sicilia06\" width=\"210\" height=\"210\" \/><\/a> <a href=\"http:\/\/auro-cuines.com\/wp-content\/uploads\/Sicilia07.jpg\"><img loading=\"lazy\" decoding=\"async\" class=\"alignleft size-thumbnail wp-image-88\" src=\"http:\/\/auro-cuines.com\/wp-content\/uploads\/Sicilia07-200x200.jpg\" alt=\"sicilia07\" width=\"210\" height=\"210\" \/><\/a><\/p>\n<div class='clear '><\/div><\/div>","protected":false},"excerpt":{"rendered":"<p>Quando est&eacute;tica funcional se junta a um produto novo e essencial, damos modelo Sicilia como resultado. Um produto com dezenas de combina&ccedil;&otilde;es poss&iacute;veis entre bosques e cores diferentes e elegante, criado para atender as necessidades m&aacute;ximas a um pre&ccedil;o competitivo.<\/p>\n","protected":false},"author":1,"featured_media":0,"parent":0,"menu_order":0,"comment_status":"closed","ping_status":"closed","template":"","meta":{"_genesis_hide_title":false,"_genesis_hide_breadcrumbs":false,"_genesis_hide_singular_image":false,"_genesis_hide_footer_widgets":false,"_genesis_custom_body_class":"","_genesis_custom_post_class":"","_genesis_layout":"","footnotes":""},"class_list":{"0":"post-155","1":"page","2":"type-page","3":"status-publish","5":"entry","6":"has-post-thumbnail"},"aioseo_notices":[],"_links":{"self":[{"href":"https:\/\/auro-cuines.com\/pt\/wp-json\/wp\/v2\/pages\/155","targetHints":{"allow":["GET"]}}],"collection":[{"href":"https:\/\/auro-cuines.com\/pt\/wp-json\/wp\/v2\/pages"}],"about":[{"href":"https:\/\/auro-cuines.com\/pt\/wp-json\/wp\/v2\/types\/page"}],"author":[{"embeddable":true,"href":"https:\/\/auro-cuines.com\/pt\/wp-json\/wp\/v2\/users\/1"}],"replies":[{"embeddable":true,"href":"https:\/\/auro-cuines.com\/pt\/wp-json\/wp\/v2\/comments?post=155"}],"version-history":[{"count":2,"href":"https:\/\/auro-cuines.com\/pt\/wp-json\/wp\/v2\/pages\/155\/revisions"}],"predecessor-version":[{"id":1722,"href":"https:\/\/auro-cuines.com\/pt\/wp-json\/wp\/v2\/pages\/155\/revisions\/1722"}],"wp:attachment":[{"href":"https:\/\/auro-cuines.com\/pt\/wp-json\/wp\/v2\/media?parent=155"}],"curies":[{"name":"wp","href":"https:\/\/api.w.org\/{rel}","templated":true}]}}