{"id":145,"date":"2016-09-20T02:55:21","date_gmt":"2016-09-20T02:55:21","guid":{"rendered":"http:\/\/auro-cuines.com\/?page_id=145"},"modified":"2019-11-20T21:52:28","modified_gmt":"2019-11-20T21:52:28","slug":"materiales","status":"publish","type":"page","link":"https:\/\/auro-cuines.com\/pt\/noticias\/materiales\/","title":{"rendered":"Materiais exclusivos"},"content":{"rendered":"<p><img fetchpriority=\"high\" decoding=\"async\" class=\"aligncenter size-full wp-image-70\" src=\"http:\/\/auro-cuines.com\/wp-content\/uploads\/Praga01.jpg\" alt=\"praga01\" width=\"1600\" height=\"1050\" \/><\/p>\n<p><strong>Microcemento:<\/strong> Aplicado na frente da cozinha proporcionar uma est\u00e9tica incompar\u00e1vel, que podem ser combinados com revestimentos selecionados em pisos e paredes.<\/p>\n<p><strong>Porcel\u00e1nico:<\/strong> Podemos gerar uma fus\u00e3o \u00fanica entre a parte superior e as portas que nos trar\u00e3o est\u00e9tica \u00fanica elegantes, mas tamb\u00e9m for\u00e7a e qualidade extrema.<\/p>\n<p><strong>Marine Board:<\/strong> Quando o material preferido para constru\u00e7\u00e3o de barcos \u00e9 usado em m\u00f3veis de cozinha, continuamente suscet\u00edveis de contacto com a \u00e1gua, transferir valor sem precedentes para nossos m\u00f3veis. Frentes com contraplacado mar\u00edtimo e madeira s\u00f3lida ou laminado, ou mesmo o corpo feito neste material nobre, fornecer for\u00e7a incompar\u00e1vel.<br \/>\n<\/p>\n<div class='clear '><\/div><\/div>","protected":false},"excerpt":{"rendered":"<p>Microcemento: Aplicado na frente da cozinha proporcionar uma est&eacute;tica incompar&aacute;vel, que podem ser combinados com revestimentos selecionados em pisos e paredes. Porcel&aacute;nico: Podemos gerar uma fus&atilde;o &uacute;nica entre a parte superior e as portas que nos trar&atilde;o est&eacute;tica &uacute;nica elegantes, mas tamb&eacute;m for&ccedil;a e qualidade extrema. Marine Board: Quando o material preferido para constru&ccedil;&atilde;o de [&hellip;]<\/p>\n","protected":false},"author":1,"featured_media":0,"parent":544,"menu_order":0,"comment_status":"closed","ping_status":"closed","template":"","meta":{"_genesis_hide_title":false,"_genesis_hide_breadcrumbs":false,"_genesis_hide_singular_image":false,"_genesis_hide_footer_widgets":false,"_genesis_custom_body_class":"","_genesis_custom_post_class":"","_genesis_layout":"","footnotes":""},"class_list":{"0":"post-145","1":"page","2":"type-page","3":"status-publish","5":"entry"},"aioseo_notices":[],"_links":{"self":[{"href":"https:\/\/auro-cuines.com\/pt\/wp-json\/wp\/v2\/pages\/145","targetHints":{"allow":["GET"]}}],"collection":[{"href":"https:\/\/auro-cuines.com\/pt\/wp-json\/wp\/v2\/pages"}],"about":[{"href":"https:\/\/auro-cuines.com\/pt\/wp-json\/wp\/v2\/types\/page"}],"author":[{"embeddable":true,"href":"https:\/\/auro-cuines.com\/pt\/wp-json\/wp\/v2\/users\/1"}],"replies":[{"embeddable":true,"href":"https:\/\/auro-cuines.com\/pt\/wp-json\/wp\/v2\/comments?post=145"}],"version-history":[{"count":3,"href":"https:\/\/auro-cuines.com\/pt\/wp-json\/wp\/v2\/pages\/145\/revisions"}],"predecessor-version":[{"id":1703,"href":"https:\/\/auro-cuines.com\/pt\/wp-json\/wp\/v2\/pages\/145\/revisions\/1703"}],"up":[{"embeddable":true,"href":"https:\/\/auro-cuines.com\/pt\/wp-json\/wp\/v2\/pages\/544"}],"wp:attachment":[{"href":"https:\/\/auro-cuines.com\/pt\/wp-json\/wp\/v2\/media?parent=145"}],"curies":[{"name":"wp","href":"https:\/\/api.w.org\/{rel}","templated":true}]}}