{"id":1403,"date":"2019-07-28T09:26:41","date_gmt":"2019-07-28T09:26:41","guid":{"rendered":"http:\/\/auro-cuines.com\/?page_id=1403"},"modified":"2019-11-20T22:13:02","modified_gmt":"2019-11-20T22:13:02","slug":"complex","status":"publish","type":"page","link":"https:\/\/auro-cuines.com\/pt\/complex\/","title":{"rendered":"Complex"},"content":{"rendered":"<p>O modelo <strong>Complex<\/strong> caracteriza-se pelas suas portas tecnol\u00f3gicas alma em alum\u00ednio, combinadas com o forro em porcelana de 6mm.<br \/>\nNeste caso, foram utilizados alum\u00ednio lacado a preto e porcelana Calatorao na marca Neolith.<br \/>\nOs interiores, sempre em a\u00e7o inoxid\u00e1vel, transmitem luxo e luxo para nossa marca de cozinhas Premium.<\/p>\n<p><a href=\"http:\/\/auro-cuines.com\/wp-content\/uploads\/comp0.jpg\"><img fetchpriority=\"high\" decoding=\"async\" class=\"aligncenter size-full wp-image-1387\" src=\"http:\/\/auro-cuines.com\/wp-content\/uploads\/comp0.jpg\" alt=\"\" width=\"1600\" height=\"890\" srcset=\"https:\/\/auro-cuines.com\/wp-content\/uploads\/comp0.jpg 1600w, https:\/\/auro-cuines.com\/wp-content\/uploads\/comp0-300x167.jpg 300w, https:\/\/auro-cuines.com\/wp-content\/uploads\/comp0-768x427.jpg 768w, https:\/\/auro-cuines.com\/wp-content\/uploads\/comp0-980x545.jpg 980w\" sizes=\"(max-width: 1600px) 100vw, 1600px\" \/><\/a><\/p>\n<p>Para este projeto foi combinado com o nosso modelo lacado: PragaLM, que \u00e9 uma combina\u00e7\u00e3o de base de MDF com verniz de cetim branco.<br \/>\nO projeto tamb\u00e9m contou com os eletrodom\u00e9sticos da s\u00e9rie 400 da Gaggenau, um exaustor Gutmann de 5 metros de comprimento, torneiras e pias Vola em a\u00e7o inox Blanco e tamb\u00e9m no mesmo Neolith Calatarao, al\u00e9m de balc\u00f5es e parede frontal.<br \/>\nA mesa de carvalho maci\u00e7o tamb\u00e9m fabricada pela Auro voa de tal forma que parece imposs\u00edvel de segurar. O complexo t\u00e9cnico de fabrica\u00e7\u00e3o sob encomenda \u00e9 a nossa paix\u00e3o.<\/p>\n<p><a href=\"http:\/\/auro-cuines.com\/wp-content\/uploads\/comp8.jpg\"><img decoding=\"async\" class=\"alignleft size-thumbnail wp-image-1393\" src=\"http:\/\/auro-cuines.com\/wp-content\/uploads\/comp8-200x200.jpg\" alt=\"\" width=\"200\" height=\"200\" \/><\/a> <a href=\"http:\/\/auro-cuines.com\/wp-content\/uploads\/comp9.jpg\"><img decoding=\"async\" class=\"alignleft size-thumbnail wp-image-1394\" src=\"http:\/\/auro-cuines.com\/wp-content\/uploads\/comp9-200x200.jpg\" alt=\"\" width=\"200\" height=\"200\" \/><\/a> <a href=\"http:\/\/auro-cuines.com\/wp-content\/uploads\/comp10.jpg\"><img loading=\"lazy\" decoding=\"async\" class=\"alignleft size-thumbnail wp-image-1395\" src=\"http:\/\/auro-cuines.com\/wp-content\/uploads\/comp10-200x200.jpg\" alt=\"\" width=\"200\" height=\"200\" \/><\/a> <a href=\"http:\/\/auro-cuines.com\/wp-content\/uploads\/comp11.jpg\"><img loading=\"lazy\" decoding=\"async\" class=\"alignleft size-thumbnail wp-image-1396\" src=\"http:\/\/auro-cuines.com\/wp-content\/uploads\/comp11-200x200.jpg\" alt=\"\" width=\"200\" height=\"200\" \/><\/a> <a href=\"http:\/\/auro-cuines.com\/wp-content\/uploads\/comp12.jpg\"><img loading=\"lazy\" decoding=\"async\" class=\"alignleft size-thumbnail wp-image-1397\" src=\"http:\/\/auro-cuines.com\/wp-content\/uploads\/comp12-200x200.jpg\" alt=\"\" width=\"200\" height=\"200\" \/><\/a> <a href=\"http:\/\/auro-cuines.com\/wp-content\/uploads\/comp13.jpg\"><img loading=\"lazy\" decoding=\"async\" class=\"alignleft size-thumbnail wp-image-1398\" src=\"http:\/\/auro-cuines.com\/wp-content\/uploads\/comp13-200x200.jpg\" alt=\"\" width=\"200\" height=\"200\" \/><\/a> <a href=\"http:\/\/auro-cuines.com\/wp-content\/uploads\/comp14.jpg\"><img loading=\"lazy\" decoding=\"async\" class=\"alignleft size-thumbnail wp-image-1399\" src=\"http:\/\/auro-cuines.com\/wp-content\/uploads\/comp14-200x200.jpg\" alt=\"\" width=\"200\" height=\"200\" \/><\/a> <a href=\"http:\/\/auro-cuines.com\/wp-content\/uploads\/comp5.jpg\"><img loading=\"lazy\" decoding=\"async\" class=\"alignleft size-thumbnail wp-image-1400\" src=\"http:\/\/auro-cuines.com\/wp-content\/uploads\/comp5-200x200.jpg\" alt=\"\" width=\"200\" height=\"200\" \/><\/a> <a href=\"http:\/\/auro-cuines.com\/wp-content\/uploads\/comp7.jpg\"><img loading=\"lazy\" decoding=\"async\" class=\"alignleft size-thumbnail wp-image-1392\" src=\"http:\/\/auro-cuines.com\/wp-content\/uploads\/comp7-200x200.jpg\" alt=\"\" width=\"200\" height=\"200\" \/><\/a> <a href=\"http:\/\/auro-cuines.com\/wp-content\/uploads\/comp6.jpg\"><img loading=\"lazy\" decoding=\"async\" class=\"alignleft size-thumbnail wp-image-1391\" src=\"http:\/\/auro-cuines.com\/wp-content\/uploads\/comp6-200x200.jpg\" alt=\"\" width=\"200\" height=\"200\" \/><\/a> <a href=\"http:\/\/auro-cuines.com\/wp-content\/uploads\/comp4.jpg\"><img loading=\"lazy\" decoding=\"async\" class=\"alignleft size-thumbnail wp-image-1390\" src=\"http:\/\/auro-cuines.com\/wp-content\/uploads\/comp4-200x200.jpg\" alt=\"\" width=\"200\" height=\"200\" \/><\/a> <a href=\"http:\/\/auro-cuines.com\/wp-content\/uploads\/comp3.jpg\"><img loading=\"lazy\" decoding=\"async\" class=\"alignleft size-thumbnail wp-image-1389\" src=\"http:\/\/auro-cuines.com\/wp-content\/uploads\/comp3-200x200.jpg\" alt=\"\" width=\"200\" height=\"200\" \/><\/a> <a href=\"http:\/\/auro-cuines.com\/wp-content\/uploads\/comp2.jpg\"><img loading=\"lazy\" decoding=\"async\" class=\"alignleft size-thumbnail wp-image-1388\" src=\"http:\/\/auro-cuines.com\/wp-content\/uploads\/comp2-200x200.jpg\" alt=\"\" width=\"200\" height=\"200\" \/><\/a><\/p>\n<div class='clear '><\/div><\/div>","protected":false},"excerpt":{"rendered":"<p>O modelo Complex caracteriza-se pelas suas portas tecnol&oacute;gicas alma em alum&iacute;nio, combinadas com o forro em porcelana de 6mm. Neste caso, foram utilizados alum&iacute;nio lacado a preto e porcelana Calatorao na marca Neolith. Os interiores, sempre em a&ccedil;o inoxid&aacute;vel, transmitem luxo e luxo para nossa marca de cozinhas Premium. Para este projeto foi combinado com [&hellip;]<\/p>\n","protected":false},"author":1,"featured_media":1613,"parent":0,"menu_order":0,"comment_status":"closed","ping_status":"closed","template":"","meta":{"_genesis_hide_title":false,"_genesis_hide_breadcrumbs":false,"_genesis_hide_singular_image":false,"_genesis_hide_footer_widgets":false,"_genesis_custom_body_class":"","_genesis_custom_post_class":"","_genesis_layout":"","footnotes":""},"class_list":{"0":"post-1403","1":"page","2":"type-page","3":"status-publish","4":"has-post-thumbnail","6":"entry"},"aioseo_notices":[],"_links":{"self":[{"href":"https:\/\/auro-cuines.com\/pt\/wp-json\/wp\/v2\/pages\/1403","targetHints":{"allow":["GET"]}}],"collection":[{"href":"https:\/\/auro-cuines.com\/pt\/wp-json\/wp\/v2\/pages"}],"about":[{"href":"https:\/\/auro-cuines.com\/pt\/wp-json\/wp\/v2\/types\/page"}],"author":[{"embeddable":true,"href":"https:\/\/auro-cuines.com\/pt\/wp-json\/wp\/v2\/users\/1"}],"replies":[{"embeddable":true,"href":"https:\/\/auro-cuines.com\/pt\/wp-json\/wp\/v2\/comments?post=1403"}],"version-history":[{"count":8,"href":"https:\/\/auro-cuines.com\/pt\/wp-json\/wp\/v2\/pages\/1403\/revisions"}],"predecessor-version":[{"id":1714,"href":"https:\/\/auro-cuines.com\/pt\/wp-json\/wp\/v2\/pages\/1403\/revisions\/1714"}],"wp:featuredmedia":[{"embeddable":true,"href":"https:\/\/auro-cuines.com\/pt\/wp-json\/wp\/v2\/media\/1613"}],"wp:attachment":[{"href":"https:\/\/auro-cuines.com\/pt\/wp-json\/wp\/v2\/media?parent=1403"}],"curies":[{"name":"wp","href":"https:\/\/api.w.org\/{rel}","templated":true}]}}