{"id":200,"date":"2016-09-21T02:11:16","date_gmt":"2016-09-21T02:11:16","guid":{"rendered":"http:\/\/auro-cuines.com\/?page_id=200"},"modified":"2019-11-21T20:24:04","modified_gmt":"2019-11-21T20:24:04","slug":"masa","status":"publish","type":"page","link":"https:\/\/auro-cuines.com\/fr\/masa\/","title":{"rendered":"Masa"},"content":{"rendered":"<p>Il <strong>Aur\u00f3<\/strong> il retourne l&rsquo;essence de la cuisine traditionnelle avec ce mod\u00e8le classique, mais le temps hors du temps, qui se distingue par des lignes \u00e9pur\u00e9es et des finitions sophistiqu\u00e9es pour obtenir des espaces uniques.<\/p>\n<p><a href=\"http:\/\/auro-cuines.com\/wp-content\/uploads\/masa02.jpg\"><img decoding=\"async\" class=\"aligncenter\" src=\"http:\/\/auro-cuines.com\/wp-content\/uploads\/masa02.jpg\" alt=\"masa02\" \/><\/a><\/p>\n<p><a href=\"http:\/\/auro-cuines.com\/wp-content\/uploads\/Masa03.jpg\"><img decoding=\"async\" class=\"alignleft size-thumbnail wp-image-58\" src=\"http:\/\/auro-cuines.com\/wp-content\/uploads\/Masa03-200x200.jpg\" alt=\"masa03\" width=\"210\" height=\"210\" \/><\/a> <a href=\"http:\/\/auro-cuines.com\/wp-content\/uploads\/Masa04.jpg\"><img decoding=\"async\" class=\"alignleft size-thumbnail wp-image-59\" src=\"http:\/\/auro-cuines.com\/wp-content\/uploads\/Masa04-200x200.jpg\" alt=\"masa04\" width=\"210\" height=\"210\" \/><\/a> <a href=\"http:\/\/auro-cuines.com\/wp-content\/uploads\/Masa05.jpg\"><img decoding=\"async\" class=\"alignleft size-thumbnail wp-image-60\" src=\"http:\/\/auro-cuines.com\/wp-content\/uploads\/Masa05-200x200.jpg\" alt=\"masa05\" width=\"210\" height=\"210\" \/><\/a> <a href=\"http:\/\/auro-cuines.com\/wp-content\/uploads\/Masa01.jpg\"><img loading=\"lazy\" decoding=\"async\" class=\"alignleft size-thumbnail wp-image-108\" src=\"http:\/\/auro-cuines.com\/wp-content\/uploads\/Masa01-200x200.jpg\" alt=\"masa01\" width=\"210\" height=\"210\" \/><\/a><\/p>\n<div class='clear '><\/div><\/div>","protected":false},"excerpt":{"rendered":"<p>Il Aur&oacute; il retourne l&rsquo;essence de la cuisine traditionnelle avec ce mod&egrave;le classique, mais le temps hors du temps, qui se distingue par des lignes &eacute;pur&eacute;es et des finitions sophistiqu&eacute;es pour obtenir des espaces uniques.<\/p>\n","protected":false},"author":1,"featured_media":0,"parent":0,"menu_order":0,"comment_status":"closed","ping_status":"closed","template":"","meta":{"_genesis_hide_title":false,"_genesis_hide_breadcrumbs":false,"_genesis_hide_singular_image":false,"_genesis_hide_footer_widgets":false,"_genesis_custom_body_class":"","_genesis_custom_post_class":"","_genesis_layout":"","footnotes":""},"class_list":{"0":"post-200","1":"page","2":"type-page","3":"status-publish","5":"entry","6":"has-post-thumbnail"},"aioseo_notices":[],"_links":{"self":[{"href":"https:\/\/auro-cuines.com\/fr\/wp-json\/wp\/v2\/pages\/200","targetHints":{"allow":["GET"]}}],"collection":[{"href":"https:\/\/auro-cuines.com\/fr\/wp-json\/wp\/v2\/pages"}],"about":[{"href":"https:\/\/auro-cuines.com\/fr\/wp-json\/wp\/v2\/types\/page"}],"author":[{"embeddable":true,"href":"https:\/\/auro-cuines.com\/fr\/wp-json\/wp\/v2\/users\/1"}],"replies":[{"embeddable":true,"href":"https:\/\/auro-cuines.com\/fr\/wp-json\/wp\/v2\/comments?post=200"}],"version-history":[{"count":3,"href":"https:\/\/auro-cuines.com\/fr\/wp-json\/wp\/v2\/pages\/200\/revisions"}],"predecessor-version":[{"id":1726,"href":"https:\/\/auro-cuines.com\/fr\/wp-json\/wp\/v2\/pages\/200\/revisions\/1726"}],"wp:attachment":[{"href":"https:\/\/auro-cuines.com\/fr\/wp-json\/wp\/v2\/media?parent=200"}],"curies":[{"name":"wp","href":"https:\/\/api.w.org\/{rel}","templated":true}]}}