{"id":1684,"date":"2019-11-17T17:55:09","date_gmt":"2019-11-17T17:55:09","guid":{"rendered":"https:\/\/auro-cuines.com\/?page_id=1684"},"modified":"2020-03-24T09:06:15","modified_gmt":"2020-03-24T09:06:15","slug":"aviso-legal","status":"publish","type":"page","link":"https:\/\/auro-cuines.com\/fr\/aviso-legal\/","title":{"rendered":"Avis juridique"},"content":{"rendered":"<p>Cet avis juridique, ci-apr\u00e8s appel\u00e9 l&rsquo;avis juridique, r\u00e9git l&rsquo;utilisation du service de site Web Internet https:\/\/www.auro-cuines.com, ci-apr\u00e8s le site Web d&rsquo;<strong>Auro Cuisines &#8211; Zedey Moblei S.L.<\/strong> ci-apr\u00e8s, Auro, dont le si\u00e8ge social est situ\u00e9 \u00e0 Calder\u00f3n de la Barca n \u00b0 1, 08940 Cornell\u00e0 de Llobregat, Barcelone, avec CIF B66428905 et enregistr\u00e9e au registre du commerce de Barcelone, volume 44681, Folio 36, feuille n\u00ba B463342 du 1er f\u00e9vrier 19 f\u00e9vrier, 2015. Tous les produits et services contenus dans ce site Web sont fournis par Aura conform\u00e9ment \u00e0 la r\u00e9glementation en vigueur sur les services de t\u00e9l\u00e9matique.<\/p>\n<h2>La l\u00e9gislation<\/h2>\n<p>En r\u00e8gle g\u00e9n\u00e9rale, les relations entre Auro et les utilisateurs de ses services de t\u00e9l\u00e9matique, pr\u00e9sents sur Internet, sont soumises \u00e0 la l\u00e9gislation et \u00e0 la juridiction espagnoles.<\/p>\n<h2>Utilisation et acc\u00e8s des utilisateurs<\/h2>\n<p>L&rsquo;utilisateur est inform\u00e9 et accepte que l&rsquo;acc\u00e8s \u00e0 ce site Web n&rsquo;implique en aucun cas le d\u00e9but d&rsquo;une relation commerciale avec Auro. L&rsquo;acc\u00e8s \u00e0 l&rsquo;un des produits ou services inclus dans ce site Web par l&rsquo;utilisateur se fera sous sa seule et exclusive responsabilit\u00e9, exon\u00e9rant Aur de toute responsabilit\u00e9 \u00e0 cet \u00e9gard. Auro peut refuser l&rsquo;acc\u00e8s \u00e0 tout utilisateur \u00e0 partir du moment o\u00f9 il se rend compte que l&rsquo;utilisateur ne satisfait pas aux exigences susmentionn\u00e9es. L&rsquo;utilisation du site attribue la condition d&rsquo;utilisateur du site, ci-apr\u00e8s d\u00e9sign\u00e9, et implique l&rsquo;acceptation pleine et sans r\u00e9serve de chacune des dispositions incluses dans le pr\u00e9sent avis l\u00e9gal dans la version publi\u00e9e par Auro en m\u00eame temps que l&rsquo;utilisateur acc\u00e8de au site. Par cons\u00e9quent, l&rsquo;utilisateur doit lire attentivement le pr\u00e9sent avis juridique \u00e0 chacune des occasions dans lesquelles il a l&rsquo;intention d&rsquo;utiliser le site Web, car il peut subir des modifications.<\/p>\n<h2>Propri\u00e9t\u00e9 intellectuelle et industrielle<\/h2>\n<p>Les droits de propri\u00e9t\u00e9 intellectuelle sur le contenu des pages Web, sa conception graphique et ses codes appartiennent \u00e0 Auro et, par cons\u00e9quent, \u00e0 sa reproduction, sa distribution, sa communication publique, sa transformation ou toute autre activit\u00e9 pouvant \u00eatre r\u00e9alis\u00e9e avec le contenu de ses pages Web ou m\u00eame citant des sources, sauf avec le consentement \u00e9crit d&rsquo;Auro. De m\u00eame, tous les noms commerciaux, marques ou signes diff\u00e9rents de quelque nature que ce soit contenus dans les pages Web Auro sont la propri\u00e9t\u00e9 de leurs propri\u00e9taires et sont prot\u00e9g\u00e9s par la loi.<\/p>\n<h2>Contenu Web et liens<\/h2>\n<p>Auro n&rsquo;est pas responsable de l&rsquo;utilisation abusive du contenu de ses pages Web, \u00e9tant la seule responsabilit\u00e9 de la personne qui y acc\u00e8de ou qui l&rsquo;utilise. Auro n&rsquo;assume aucune responsabilit\u00e9 pour les informations contenues dans des pages Web tierces accessibles via des liens ou des moteurs de recherche sur ses pages Web.<\/p>\n<h2>\u00c9change ou diffusion d&rsquo;informations<\/h2>\n<p>Auro d\u00e9cline toute responsabilit\u00e9 d\u00e9coulant de l&rsquo;\u00e9change d&rsquo;informations entre utilisateurs via ses pages Web. La responsabilit\u00e9 des d\u00e9clarations diffus\u00e9es sur leurs pages Web correspond \u00e0 celles de leurs auteurs.<\/p>\n<div class='clear '><\/div><\/div>","protected":false},"excerpt":{"rendered":"<p>Cet avis juridique, ci-apr&egrave;s appel&eacute; l&rsquo;avis juridique, r&eacute;git l&rsquo;utilisation du service de site Web Internet https:\/\/www.auro-cuines.com, ci-apr&egrave;s le site Web d&rsquo;Auro Cuisines &ndash; Zedey Moblei S.L. ci-apr&egrave;s, Auro, dont le si&egrave;ge social est situ&eacute; &agrave; Calder&oacute;n de la Barca n &deg; 1, 08940 Cornell&agrave; de Llobregat, Barcelone, avec CIF B66428905 et enregistr&eacute;e au registre du [&hellip;]<\/p>\n","protected":false},"author":1,"featured_media":0,"parent":0,"menu_order":0,"comment_status":"closed","ping_status":"closed","template":"","meta":{"_genesis_hide_title":false,"_genesis_hide_breadcrumbs":false,"_genesis_hide_singular_image":false,"_genesis_hide_footer_widgets":false,"_genesis_custom_body_class":"","_genesis_custom_post_class":"","_genesis_layout":"","footnotes":""},"class_list":{"0":"post-1684","1":"page","2":"type-page","3":"status-publish","5":"entry"},"aioseo_notices":[],"_links":{"self":[{"href":"https:\/\/auro-cuines.com\/fr\/wp-json\/wp\/v2\/pages\/1684","targetHints":{"allow":["GET"]}}],"collection":[{"href":"https:\/\/auro-cuines.com\/fr\/wp-json\/wp\/v2\/pages"}],"about":[{"href":"https:\/\/auro-cuines.com\/fr\/wp-json\/wp\/v2\/types\/page"}],"author":[{"embeddable":true,"href":"https:\/\/auro-cuines.com\/fr\/wp-json\/wp\/v2\/users\/1"}],"replies":[{"embeddable":true,"href":"https:\/\/auro-cuines.com\/fr\/wp-json\/wp\/v2\/comments?post=1684"}],"version-history":[{"count":6,"href":"https:\/\/auro-cuines.com\/fr\/wp-json\/wp\/v2\/pages\/1684\/revisions"}],"predecessor-version":[{"id":1767,"href":"https:\/\/auro-cuines.com\/fr\/wp-json\/wp\/v2\/pages\/1684\/revisions\/1767"}],"wp:attachment":[{"href":"https:\/\/auro-cuines.com\/fr\/wp-json\/wp\/v2\/media?parent=1684"}],"curies":[{"name":"wp","href":"https:\/\/api.w.org\/{rel}","templated":true}]}}