{"id":1681,"date":"2019-11-17T17:46:45","date_gmt":"2019-11-17T17:46:45","guid":{"rendered":"https:\/\/auro-cuines.com\/?page_id=1681"},"modified":"2019-11-27T12:20:24","modified_gmt":"2019-11-27T12:20:24","slug":"politica-proteccion-de-datos","status":"publish","type":"page","link":"https:\/\/auro-cuines.com\/fr\/politica-proteccion-de-datos\/","title":{"rendered":"Politique de protection des donn\u00e9es"},"content":{"rendered":"<p>\u00c0 travers cet avis, <strong>Zedey Mobiliari SL<\/strong>, dont le si\u00e8ge est \u00e0 Calder\u00f3n de la barca n \u00b0 1, 08940 Cornell\u00e0 de Llobregat, Barcelone, a pour adresse \u00e9lectronique info@auro-cuines.com, ci-apr\u00e8s d\u00e9nomm\u00e9e <strong>Auro<\/strong>, informant les utilisateurs des diff\u00e9rents sites Internet de Internet de votre propri\u00e9t\u00e9, ci-apr\u00e8s Utilisateurs et site Web, \u00e0 propos de votre politique de protection des donn\u00e9es personnelles, ci-apr\u00e8s Donn\u00e9es personnelles, afin que les Utilisateurs d\u00e9terminent librement et volontairement s\u2019ils souhaitent fournir \u00e0 Auro les donn\u00e9es personnelles qui leur sont fournies peut exiger ou peut \u00eatre obtenu des Utilisateurs \u00e0 l\u2019occasion de l\u2019abonnement ou de l\u2019enregistrement dans certains des services offerts par Auro sur le site ou par l\u2019interm\u00e9diaire du site. Auro se r\u00e9serve le droit de modifier cette politique pour l&rsquo;adapter aux \u00e9volutions l\u00e9gislatives ou jurisprudentielles ainsi qu&rsquo;aux pratiques de l&rsquo;industrie. Dans ces cas, Auro annoncera sur cette page les modifications introduites avec une anticipation raisonnable de sa mise en \u0153uvre.<\/p>\n<h2>La l\u00e9gislation<\/h2>\n<p>Conform\u00e9ment aux dispositions de l&rsquo;article 12 du r\u00e8glement europ\u00e9en sur la protection des donn\u00e9es concernant la transparence des informations, des communications et des m\u00e9thodes permettant d&rsquo;exercer les droits de la partie int\u00e9ress\u00e9e, et de l&rsquo;article 13 des informations \u00e0 fournir lorsque les donn\u00e9es personnels sont obtenus de la partie int\u00e9ress\u00e9e.<br \/>\n<strong>Gestionnaire de traitement<\/strong><br \/>\nIdentit\u00e9: Zedey Mobiliarioi SL., Ci-apr\u00e8s, Aura, dont le si\u00e8ge social est \u00e0 Calder\u00f3n de la Barca n \u00b0 1, 08940 Cornell\u00e0 de Llobregat, Barcelone, avec CIF B66428905 et inscrite au registre du commerce de Barcelone Volume 44681, Folio 36, feuille n \u00b0 B463342 Ins. 1er, date du 19 f\u00e9vrier 2015. De m\u00eame, si vous enregistrez vos donn\u00e9es personnelles sous l&rsquo;un des formulaires figurant sur ce site, les donn\u00e9es fournies seront int\u00e9gr\u00e9es aux fichiers automatis\u00e9s d&rsquo;Auro.<\/p>\n<h2>But du traitement<\/h2>\n<p>La collecte et le traitement automatis\u00e9 de donn\u00e9es \u00e0 caract\u00e8re personnel visent \u00e0 g\u00e9rer les relations avec les clients potentiels qui entrent en contact par le biais des diff\u00e9rents formulaires de contact.<\/p>\n<p>&#8211; Objet du formulaire Je souhaite un projet Auro: g\u00e9rez votre int\u00e9r\u00eat \u00e0 recevoir notre contact pour d\u00e9velopper un projet personnalis\u00e9.<\/p>\n<p>&#8211; Objet du formulaire de distribution de nos cuisines: g\u00e9rez votre int\u00e9r\u00eat \u00e0 devenir un distributeur Auro.<\/p>\n<p>Les donn\u00e9es fournies seront conserv\u00e9es tant que vous ne demandez pas le retrait du service. Les donn\u00e9es peuvent \u00eatre transf\u00e9r\u00e9es \u00e0 des soci\u00e9t\u00e9s qui fournissent du marketing num\u00e9rique \u00e0 des fins d&rsquo;analyse, de g\u00e9n\u00e9ration de profils d&rsquo;utilisation, d&rsquo;\u00e9tudes de marketing ou d&rsquo;enqu\u00eates sur la qualit\u00e9 et d&rsquo;am\u00e9lioration de l&rsquo;interaction avec nos clients.<\/p>\n<h2>La l\u00e9gitimation<\/h2>\n<p>Nous vous informons que la base l\u00e9gale pour le traitement de vos donn\u00e9es est de g\u00e9rer les demandes que vous nous envoyez via les diff\u00e9rents formulaires disponibles. L&rsquo;int\u00e9ress\u00e9 donne son consentement en remplissant le formulaire et en transmettant ses donn\u00e9es.<\/p>\n<h2>Conservation des donn\u00e9es<\/h2>\n<p>Les donn\u00e9es fournies seront conserv\u00e9es dans les d\u00e9lais l\u00e9gaux.<\/p>\n<h2>Transferts de donn\u00e9es<\/h2>\n<p>Les donn\u00e9es ne seront pas transf\u00e9r\u00e9es \u00e0 des tiers, sauf dans les cas d&rsquo;obligation l\u00e9gale ou dans le cas d&rsquo;envois de publicit\u00e9 dans lesquels elles seront transf\u00e9r\u00e9es \u00e0 des soci\u00e9t\u00e9s qui g\u00e8rent le marketing num\u00e9rique et \u00e0 des distributeurs officiels. En nous fournissant vos donn\u00e9es personnelles via ce portail, vous nous autorisez \u00e0 traiter et \u00e0 partager vos informations avec de tels collaborateurs. Votre autorisation inclut les cas dans lesquels, pour des raisons d&rsquo;efficacit\u00e9 du service, des fournisseurs peuvent \u00eatre situ\u00e9s aux \u00c9tats-Unis d&rsquo;Am\u00e9rique ou dans d&rsquo;autres pays ou territoires n&rsquo;appartenant pas \u00e0 l&rsquo;Espace \u00e9conomique europ\u00e9en et n&rsquo;offrant pas un niveau de protection des donn\u00e9es comparable \u00e0 celui de votre pays. ou, le cas \u00e9ch\u00e9ant, de l&rsquo;Union europ\u00e9enne.<\/p>\n<h2>Droits de l&rsquo;int\u00e9ress\u00e9<\/h2>\n<p>Vous aurez le droit d&rsquo;acc\u00e9der \u00e0 vos donn\u00e9es personnelles, de demander la rectification de donn\u00e9es inexactes ou, le cas \u00e9ch\u00e9ant, de supprimer des donn\u00e9es lorsque, entre autres raisons, les donn\u00e9es ne sont plus n\u00e9cessaires aux fins qui ont \u00e9t\u00e9 collect\u00e9es. Vous pouvez demander la limitation ou l&rsquo;opposition du traitement de vos donn\u00e9es, auquel cas nous les conserverons uniquement pour se conformer aux obligations l\u00e9galement \u00e9tablies.<\/p>\n<h2>Droit de ne pas \u00eatre soumis \u00e0 des d\u00e9cisions individuelles automatis\u00e9es, y compris \u00e0 l&rsquo;\u00e9tablissement de profils<\/h2>\n<p>Les d\u00e9cisions individuelles automatis\u00e9es ne sont pas prises sur l&rsquo;utilisateur, pas plus que les profils \u00e9labor\u00e9s qui produisent des effets juridiques ou l&rsquo;affectent de mani\u00e8re significative de la m\u00eame mani\u00e8re.<\/p>\n<h2>Exercice des droits d&rsquo;acc\u00e8s, de rectification, annulation et opposition<\/h2>\n<p>Pour exercer vos droits, vous devez envoyer un courrier \u00e9lectronique \u00e0 info@auro-cuines.com en indiquant votre demande par \u00e9crit et en joignant une photocopie de votre pi\u00e8ce d&rsquo;identit\u00e9.<\/p>\n<h2>Mesure de s\u00e9curit\u00e9<\/h2>\n<p>Compte tenu de l&rsquo;\u00e9tat de la technique, des co\u00fbts d&rsquo;application, de la nature, de la port\u00e9e, du contexte et des finalit\u00e9s du traitement, ainsi que des risques de probabilit\u00e9 et de gravit\u00e9 variables pour les droits et libert\u00e9s des personnes physiques, l&rsquo;\u00e9quipement Auro de int\u00e9rieurs slu applique des mesures techniques et organisationnelles appropri\u00e9es pour assurer un niveau de s\u00e9curit\u00e9 appropri\u00e9 au risque. Aurar ne pourra \u00eatre tenu responsable des dommages ou pertes pouvant r\u00e9sulter d&rsquo;interf\u00e9rences, d&rsquo;omissions, d&rsquo;interruptions, de virus informatiques, de pannes de t\u00e9l\u00e9phone ou de d\u00e9connexions dans le fonctionnement de ce syst\u00e8me \u00e9lectronique, motiv\u00e9s par des causes autres que Auro; des retards ou des blocages dans l&rsquo;utilisation de ce syst\u00e8me \u00e9lectronique caus\u00e9s par des d\u00e9faillances ou des surtaxes de lignes t\u00e9l\u00e9phoniques ou des surcharges dans le centre de traitement des donn\u00e9es, dans le syst\u00e8me Internet ou dans d&rsquo;autres syst\u00e8mes \u00e9lectroniques, ainsi que des dommages pouvant \u00eatre caus\u00e9s par: des tiers par ing\u00e9rence ill\u00e9gitime \u00e9chappant au contr\u00f4le d&rsquo;Auro.<\/p>\n<h2>Traitement bas\u00e9 sur le consentement de la victime<\/h2>\n<p>Sur ce site Web, https:\/\/www.auro-cuines.com, aucune donn\u00e9e personnelle n&rsquo;est collect\u00e9e sans votre consentement.<\/p>\n<h2>Devoir de confidentialit\u00e9<\/h2>\n<p>Conform\u00e9ment \u00e0 l&rsquo;article 5.1 f) du r\u00e8glement (UE) 2016\/679, Auro s&rsquo;engage \u00e0 traiter vos donn\u00e9es \u00e0 caract\u00e8re personnel avec la plus grande confidentialit\u00e9 et \u00e0 ne les utiliser qu&rsquo;aux fins indiqu\u00e9es.<\/p>\n<h2>Impr\u00e9cision des donn\u00e9es obtenues directement aupr\u00e8s des personnes affect\u00e9es<\/h2>\n<p>Aux fins \u00e9nonc\u00e9es \u00e0 l&rsquo;article 5.1 d) du r\u00e8glement (UE) 2016\/679, les donn\u00e9es \u00e0 caract\u00e8re personnel inexactes au regard des finalit\u00e9s pour lesquelles elles sont trait\u00e9es ne seront pas attribuables au responsable du traitement des donn\u00e9es, si vous n&rsquo;avez pas exerc\u00e9 votre droit. de rectification.<\/p>\n<h2>Droit de r\u00e9clamer<\/h2>\n<p>Si vous n&rsquo;\u00eates pas satisfait du traitement de vos donn\u00e9es, vous pouvez adresser vos r\u00e9clamations aux autorit\u00e9s de protection des donn\u00e9es.<\/p>\n<h2>Cookies<\/h2>\n<p>Auro peut utiliser des cookies lorsqu&rsquo;un utilisateur navigue sur les sites Web et les sites Web du portail. Les cookies qui peuvent \u00eatre utilis\u00e9s sur les sites Web et les sites Web du portail sont uniquement associ\u00e9s au navigateur d&rsquo;un ordinateur sp\u00e9cifique (un utilisateur anonyme) et ne fournissent pas le nom et le nom de famille de l&rsquo;utilisateur. Gr\u00e2ce aux cookies, il est possible qu&rsquo;Auro reconnaisse les navigateurs des Utilisateurs enregistr\u00e9s apr\u00e8s leur premi\u00e8re inscription, sans avoir \u00e0 s&rsquo;inscrire \u00e0 chaque visite pour acc\u00e9der aux zones et services r\u00e9serv\u00e9s exclusivement \u00e0 eux. Les cookies utilis\u00e9s ne peuvent pas lire les fichiers de cookies cr\u00e9\u00e9s par d&rsquo;autres fournisseurs. L&rsquo;utilisateur a la possibilit\u00e9 de configurer son navigateur pour \u00eatre averti sur l&rsquo;\u00e9cran de r\u00e9ception des cookies et pour emp\u00eacher l&rsquo;installation de cookies sur son disque dur. Veuillez vous reporter aux instructions et aux manuels de votre navigateur pour d\u00e9velopper ces informations. Pour utiliser le portail, il n&rsquo;est pas n\u00e9cessaire que l&rsquo;utilisateur autorise l&rsquo;installation de cookies envoy\u00e9s par Auro, sans pr\u00e9judice du fait que, dans ce cas, l&rsquo;utilisateur devra s&rsquo;inscrire en tant qu&rsquo;utilisateur de chacun des services dont la fourniture n\u00e9cessite un enregistrement pr\u00e9alable. Les cookies utilis\u00e9s sur les sites Web et les sites Web du portail peuvent \u00eatre servis par Auro. Dans ce cas, ils sont servis \u00e0 partir de leurs diff\u00e9rents serveurs, ou \u00e0 partir des serveurs de certains tiers qui nous fournissent des services et servent les cookies pour le compte de Auro (comme par exemple, les cookies utilis\u00e9s pour servir la publicit\u00e9 ou certains contenus et qui permettent \u00e0 l&rsquo;utilisateur de voir les publicit\u00e9s ou certains contenus dans le temps, le nombre de fois et la forme pr\u00e9d\u00e9termin\u00e9s). Tant que vous n&rsquo;avez pas activ\u00e9 l&rsquo;option emp\u00eachant l&rsquo;installation de cookies sur votre disque dur, vous pouvez explorer votre disque dur en suivant les instructions d&rsquo;utilisation et le manuel d&rsquo;aide de votre syst\u00e8me d&rsquo;exploitation (normalement, dans les syst\u00e8mes d&rsquo;exploitation Windows, consultez le dossier C (ou le lecteur de disque correspondant Windows \/ Cookies) pour conna\u00eetre plus en d\u00e9tail chaque serveur \u00e0 partir duquel les cookies sont envoy\u00e9s.<\/p>\n<div class='clear '><\/div><\/div>","protected":false},"excerpt":{"rendered":"<p>&Agrave; travers cet avis, Zedey Mobiliari SL, dont le si&egrave;ge est &agrave; Calder&oacute;n de la barca n &deg; 1, 08940 Cornell&agrave; de Llobregat, Barcelone, a pour adresse &eacute;lectronique info@auro-cuines.com, ci-apr&egrave;s d&eacute;nomm&eacute;e Auro, informant les utilisateurs des diff&eacute;rents sites Internet de Internet de votre propri&eacute;t&eacute;, ci-apr&egrave;s Utilisateurs et site Web, &agrave; propos de votre politique de [&hellip;]<\/p>\n","protected":false},"author":1,"featured_media":0,"parent":0,"menu_order":0,"comment_status":"closed","ping_status":"closed","template":"","meta":{"_genesis_hide_title":false,"_genesis_hide_breadcrumbs":false,"_genesis_hide_singular_image":false,"_genesis_hide_footer_widgets":false,"_genesis_custom_body_class":"","_genesis_custom_post_class":"","_genesis_layout":"","footnotes":""},"class_list":{"0":"post-1681","1":"page","2":"type-page","3":"status-publish","5":"entry"},"aioseo_notices":[],"_links":{"self":[{"href":"https:\/\/auro-cuines.com\/fr\/wp-json\/wp\/v2\/pages\/1681","targetHints":{"allow":["GET"]}}],"collection":[{"href":"https:\/\/auro-cuines.com\/fr\/wp-json\/wp\/v2\/pages"}],"about":[{"href":"https:\/\/auro-cuines.com\/fr\/wp-json\/wp\/v2\/types\/page"}],"author":[{"embeddable":true,"href":"https:\/\/auro-cuines.com\/fr\/wp-json\/wp\/v2\/users\/1"}],"replies":[{"embeddable":true,"href":"https:\/\/auro-cuines.com\/fr\/wp-json\/wp\/v2\/comments?post=1681"}],"version-history":[{"count":4,"href":"https:\/\/auro-cuines.com\/fr\/wp-json\/wp\/v2\/pages\/1681\/revisions"}],"predecessor-version":[{"id":1766,"href":"https:\/\/auro-cuines.com\/fr\/wp-json\/wp\/v2\/pages\/1681\/revisions\/1766"}],"wp:attachment":[{"href":"https:\/\/auro-cuines.com\/fr\/wp-json\/wp\/v2\/media?parent=1681"}],"curies":[{"name":"wp","href":"https:\/\/api.w.org\/{rel}","templated":true}]}}