{"id":163,"date":"2016-09-20T02:58:49","date_gmt":"2016-09-20T02:58:49","guid":{"rendered":"http:\/\/auro-cuines.com\/?page_id=163"},"modified":"2023-07-21T23:12:54","modified_gmt":"2023-07-21T21:12:54","slug":"auro-quality-kitchens","status":"publish","type":"page","link":"https:\/\/auro-cuines.com\/fr\/auro-quality-kitchens\/","title":{"rendered":"Cuisines Aur\u00f3"},"content":{"rendered":"<p><a href=\"http:\/\/auro-cuines.com\/wp-content\/uploads\/foto_carpinteria_2.jpg\"><img fetchpriority=\"high\" decoding=\"async\" class=\"aligncenter wp-image-104\" style=\"float: left; padding: 0px 15px 5px 0;\" src=\"http:\/\/auro-cuines.com\/wp-content\/uploads\/foto_carpinteria_2-300x197.jpg\" alt=\"Auro\" width=\"533\" height=\"350\" srcset=\"https:\/\/auro-cuines.com\/wp-content\/uploads\/foto_carpinteria_2-300x197.jpg 300w, https:\/\/auro-cuines.com\/wp-content\/uploads\/foto_carpinteria_2-768x504.jpg 768w, https:\/\/auro-cuines.com\/wp-content\/uploads\/foto_carpinteria_2-1200x788.jpg 1200w, https:\/\/auro-cuines.com\/wp-content\/uploads\/foto_carpinteria_2.jpg 1600w\" sizes=\"(max-width: 533px) 100vw, 533px\" \/><\/a>Pour plus d&rsquo;un si\u00e8cle, plusieurs g\u00e9n\u00e9rations d&rsquo;\u00e9b\u00e9nistes de la m\u00eame famille, sculpt\u00e9 les piliers de ce qui est maintenant <strong>Aur\u00f3<\/strong>.<\/p>\n<p>Depuis sa fondation il y a 35 ans, nous combinons sous un m\u00eame toit l&rsquo;exp\u00e9rience des charpentiers et \u00e9b\u00e9nistes avec les enseignants pr\u00e9cision de la derni\u00e8re technologie pour cr\u00e9er un produit unique parce que chaque cuisine est faite de fa\u00e7on ind\u00e9pendante et non en s\u00e9rie.<\/p>\n<p>Ce syst\u00e8me nous aide soin dans les moindres d\u00e9tails et de renforcer plus que nos crit\u00e8res de qualit\u00e9 stricts<\/p>\n<div id=\"company\">\n<h2>Soci\u00e9t\u00e9<\/h2>\n<p><img loading=\"lazy\" decoding=\"async\" class=\"aligncenter size-full wp-image-215\" src=\"http:\/\/auro-cuines.com\/wp-content\/uploads\/companyia.jpg\" alt=\"companyia\" width=\"1600\" height=\"1050\" srcset=\"https:\/\/auro-cuines.com\/wp-content\/uploads\/companyia.jpg 1600w, https:\/\/auro-cuines.com\/wp-content\/uploads\/companyia-300x197.jpg 300w, https:\/\/auro-cuines.com\/wp-content\/uploads\/companyia-768x504.jpg 768w\" sizes=\"(max-width: 1600px) 100vw, 1600px\" \/><br \/>\nTrente ans de recherche et de conception sont la garantie du choix des mat\u00e9riaux, des techniques de traitement et des syst\u00e8mes de production pour les meubles de cuisine <strong>Aur\u00f3<\/strong>. Une grande marque qui est pr\u00e9sente dans de nombreux foyers, reconnu par des projets architecturaux prestigieux pour de plus grandes exigences esth\u00e9tiques et techniques.<\/p>\n<\/div>\n<p><\/p>\n<div class='clear '><\/div><\/div>","protected":false},"excerpt":{"rendered":"<p>Pour plus d&rsquo;un si&egrave;cle, plusieurs g&eacute;n&eacute;rations d&rsquo;&eacute;b&eacute;nistes de la m&ecirc;me famille, sculpt&eacute; les piliers de ce qui est maintenant Aur&oacute;. Depuis sa fondation il y a 35 ans, nous combinons sous un m&ecirc;me toit l&rsquo;exp&eacute;rience des charpentiers et &eacute;b&eacute;nistes avec les enseignants pr&eacute;cision de la derni&egrave;re technologie pour cr&eacute;er un produit unique parce que chaque [&hellip;]<\/p>\n","protected":false},"author":1,"featured_media":0,"parent":0,"menu_order":0,"comment_status":"closed","ping_status":"closed","template":"","meta":{"_genesis_hide_title":false,"_genesis_hide_breadcrumbs":false,"_genesis_hide_singular_image":false,"_genesis_hide_footer_widgets":false,"_genesis_custom_body_class":"","_genesis_custom_post_class":"","_genesis_layout":"","footnotes":""},"class_list":{"0":"post-163","1":"page","2":"type-page","3":"status-publish","5":"entry","6":"has-post-thumbnail"},"aioseo_notices":[],"_links":{"self":[{"href":"https:\/\/auro-cuines.com\/fr\/wp-json\/wp\/v2\/pages\/163","targetHints":{"allow":["GET"]}}],"collection":[{"href":"https:\/\/auro-cuines.com\/fr\/wp-json\/wp\/v2\/pages"}],"about":[{"href":"https:\/\/auro-cuines.com\/fr\/wp-json\/wp\/v2\/types\/page"}],"author":[{"embeddable":true,"href":"https:\/\/auro-cuines.com\/fr\/wp-json\/wp\/v2\/users\/1"}],"replies":[{"embeddable":true,"href":"https:\/\/auro-cuines.com\/fr\/wp-json\/wp\/v2\/comments?post=163"}],"version-history":[{"count":41,"href":"https:\/\/auro-cuines.com\/fr\/wp-json\/wp\/v2\/pages\/163\/revisions"}],"predecessor-version":[{"id":8606,"href":"https:\/\/auro-cuines.com\/fr\/wp-json\/wp\/v2\/pages\/163\/revisions\/8606"}],"wp:attachment":[{"href":"https:\/\/auro-cuines.com\/fr\/wp-json\/wp\/v2\/media?parent=163"}],"curies":[{"name":"wp","href":"https:\/\/api.w.org\/{rel}","templated":true}]}}