{"id":159,"date":"2016-09-20T02:57:55","date_gmt":"2016-09-20T02:57:55","guid":{"rendered":"http:\/\/auro-cuines.com\/?page_id=159"},"modified":"2019-11-21T20:23:27","modified_gmt":"2019-11-21T20:23:27","slug":"marsella-ebano","status":"publish","type":"page","link":"https:\/\/auro-cuines.com\/fr\/marsella-ebano\/","title":{"rendered":"Marsella \u00c9bano"},"content":{"rendered":"<p>Le syst\u00e8me gola <strong>Aur\u00f3 <\/strong>apporte simplicit\u00e9 et discr\u00e9tion utilis\u00e9 poign\u00e9es ou non esth\u00e9tique inserts qui brisent l&rsquo;harmonie du mod\u00e8le de couleur choisie. Le mod\u00e8le est construit en nogles <strong>Marsella <\/strong>ou des bois tropicaux comme l&rsquo;\u00e9b\u00e8ne, dans le cas de cette proposition, \u00e9galement en ch\u00eane, Olive, Fresno, etc.<\/p>\n<p>Chaque cuisine <strong>Aur\u00f3 <\/strong>est un projet unique de haute qualit\u00e9. Le caract\u00e8re particulier de notre syst\u00e8me plus commence par son ind\u00e9pendance architecturale et continue avec les possibilit\u00e9s infinies offertes pour donner la cuisine d&rsquo;un style personnel. <strong>Aur\u00f3 Plus<\/strong> est destin\u00e9 \u00e0 ceux qui veulent une seule chose: le meilleur.<\/p>\n<p><a href=\"http:\/\/auro-cuines.com\/wp-content\/uploads\/Marsella01.jpg\"><img decoding=\"async\" class=\"aligncenter\" src=\"http:\/\/auro-cuines.com\/wp-content\/uploads\/Marsella01.jpg\" alt=\"marsella01\" \/><\/a><\/p>\n<p><a href=\"http:\/\/auro-cuines.com\/wp-content\/uploads\/Marsella02.jpg\"><img decoding=\"async\" class=\"alignleft size-thumbnail wp-image-106\" src=\"http:\/\/auro-cuines.com\/wp-content\/uploads\/Marsella02-200x200.jpg\" alt=\"marsella02\" width=\"210\" height=\"210\" \/><\/a><\/p>\n<div class='clear '><\/div><\/div>","protected":false},"excerpt":{"rendered":"<p>Le syst&egrave;me gola Aur&oacute; apporte simplicit&eacute; et discr&eacute;tion utilis&eacute; poign&eacute;es ou non esth&eacute;tique inserts qui brisent l&rsquo;harmonie du mod&egrave;le de couleur choisie. Le mod&egrave;le est construit en nogles Marsella ou des bois tropicaux comme l&rsquo;&eacute;b&egrave;ne, dans le cas de cette proposition, &eacute;galement en ch&ecirc;ne, Olive, Fresno, etc. Chaque cuisine Aur&oacute; est un projet unique de [&hellip;]<\/p>\n","protected":false},"author":1,"featured_media":0,"parent":0,"menu_order":0,"comment_status":"closed","ping_status":"closed","template":"","meta":{"_genesis_hide_title":false,"_genesis_hide_breadcrumbs":false,"_genesis_hide_singular_image":false,"_genesis_hide_footer_widgets":false,"_genesis_custom_body_class":"","_genesis_custom_post_class":"","_genesis_layout":"","footnotes":""},"class_list":{"0":"post-159","1":"page","2":"type-page","3":"status-publish","5":"entry","6":"has-post-thumbnail"},"aioseo_notices":[],"_links":{"self":[{"href":"https:\/\/auro-cuines.com\/fr\/wp-json\/wp\/v2\/pages\/159","targetHints":{"allow":["GET"]}}],"collection":[{"href":"https:\/\/auro-cuines.com\/fr\/wp-json\/wp\/v2\/pages"}],"about":[{"href":"https:\/\/auro-cuines.com\/fr\/wp-json\/wp\/v2\/types\/page"}],"author":[{"embeddable":true,"href":"https:\/\/auro-cuines.com\/fr\/wp-json\/wp\/v2\/users\/1"}],"replies":[{"embeddable":true,"href":"https:\/\/auro-cuines.com\/fr\/wp-json\/wp\/v2\/comments?post=159"}],"version-history":[{"count":2,"href":"https:\/\/auro-cuines.com\/fr\/wp-json\/wp\/v2\/pages\/159\/revisions"}],"predecessor-version":[{"id":1725,"href":"https:\/\/auro-cuines.com\/fr\/wp-json\/wp\/v2\/pages\/159\/revisions\/1725"}],"wp:attachment":[{"href":"https:\/\/auro-cuines.com\/fr\/wp-json\/wp\/v2\/media?parent=159"}],"curies":[{"name":"wp","href":"https:\/\/api.w.org\/{rel}","templated":true}]}}