{"id":145,"date":"2016-09-20T02:55:21","date_gmt":"2016-09-20T02:55:21","guid":{"rendered":"http:\/\/auro-cuines.com\/?page_id=145"},"modified":"2019-11-20T21:52:28","modified_gmt":"2019-11-20T21:52:28","slug":"materiales","status":"publish","type":"page","link":"https:\/\/auro-cuines.com\/fr\/noticias\/materiales\/","title":{"rendered":"Mat\u00e9riaux uniques"},"content":{"rendered":"<p><img fetchpriority=\"high\" decoding=\"async\" class=\"aligncenter size-full wp-image-70\" src=\"http:\/\/auro-cuines.com\/wp-content\/uploads\/Praga01.jpg\" alt=\"praga01\" width=\"1600\" height=\"1050\" \/><\/p>\n<p><strong>Ciment:<\/strong> Appliqu\u00e9 en face de la cuisine offrent une esth\u00e9tique incomparable, qui peuvent \u00eatre combin\u00e9s avec des rev\u00eatements s\u00e9lectionn\u00e9s sur les planchers et les murs.<\/p>\n<p><strong>Porcel\u00e1nico:<\/strong> Nous pouvons g\u00e9n\u00e9rer une fusion unique entre le haut et les portes qui nous apportent l&rsquo;esth\u00e9tique seulement \u00e9l\u00e9gant, mais aussi la force et la qualit\u00e9 extr\u00eame.<\/p>\n<p><strong>Carte Marine:<\/strong> Lorsque le mat\u00e9riau pr\u00e9f\u00e9r\u00e9 pour la construction de bateaux est utilis\u00e9 dans les meubles de cuisine, toujours susceptible de contact avec l&rsquo;eau, transf\u00e9rer la valeur in\u00e9gal\u00e9e \u00e0 nos meubles. Fronts avec contreplaqu\u00e9 marine et bois massif ou stratifi\u00e9, ou m\u00eame le corps r\u00e9alis\u00e9 dans ce mat\u00e9riau noble, offrent une r\u00e9sistance in\u00e9gal\u00e9e.<br \/>\n<\/p>\n<div class='clear '><\/div><\/div>","protected":false},"excerpt":{"rendered":"<p>Ciment: Appliqu&eacute; en face de la cuisine offrent une esth&eacute;tique incomparable, qui peuvent &ecirc;tre combin&eacute;s avec des rev&ecirc;tements s&eacute;lectionn&eacute;s sur les planchers et les murs. Porcel&aacute;nico: Nous pouvons g&eacute;n&eacute;rer une fusion unique entre le haut et les portes qui nous apportent l&rsquo;esth&eacute;tique seulement &eacute;l&eacute;gant, mais aussi la force et la qualit&eacute; extr&ecirc;me. Carte Marine: Lorsque [&hellip;]<\/p>\n","protected":false},"author":1,"featured_media":0,"parent":544,"menu_order":0,"comment_status":"closed","ping_status":"closed","template":"","meta":{"_genesis_hide_title":false,"_genesis_hide_breadcrumbs":false,"_genesis_hide_singular_image":false,"_genesis_hide_footer_widgets":false,"_genesis_custom_body_class":"","_genesis_custom_post_class":"","_genesis_layout":"","footnotes":""},"class_list":{"0":"post-145","1":"page","2":"type-page","3":"status-publish","5":"entry"},"aioseo_notices":[],"_links":{"self":[{"href":"https:\/\/auro-cuines.com\/fr\/wp-json\/wp\/v2\/pages\/145","targetHints":{"allow":["GET"]}}],"collection":[{"href":"https:\/\/auro-cuines.com\/fr\/wp-json\/wp\/v2\/pages"}],"about":[{"href":"https:\/\/auro-cuines.com\/fr\/wp-json\/wp\/v2\/types\/page"}],"author":[{"embeddable":true,"href":"https:\/\/auro-cuines.com\/fr\/wp-json\/wp\/v2\/users\/1"}],"replies":[{"embeddable":true,"href":"https:\/\/auro-cuines.com\/fr\/wp-json\/wp\/v2\/comments?post=145"}],"version-history":[{"count":3,"href":"https:\/\/auro-cuines.com\/fr\/wp-json\/wp\/v2\/pages\/145\/revisions"}],"predecessor-version":[{"id":1703,"href":"https:\/\/auro-cuines.com\/fr\/wp-json\/wp\/v2\/pages\/145\/revisions\/1703"}],"up":[{"embeddable":true,"href":"https:\/\/auro-cuines.com\/fr\/wp-json\/wp\/v2\/pages\/544"}],"wp:attachment":[{"href":"https:\/\/auro-cuines.com\/fr\/wp-json\/wp\/v2\/media?parent=145"}],"curies":[{"name":"wp","href":"https:\/\/api.w.org\/{rel}","templated":true}]}}