{"id":122,"date":"2016-09-19T20:54:37","date_gmt":"2016-09-19T20:54:37","guid":{"rendered":"http:\/\/auro-cuines.com\/?page_id=122"},"modified":"2021-06-17T09:39:08","modified_gmt":"2021-06-17T09:39:08","slug":"antonio-miro","status":"publish","type":"page","link":"https:\/\/auro-cuines.com\/fr\/antonio-miro\/","title":{"rendered":"Antonio Mir\u00f3"},"content":{"rendered":"<p>Essentiellement, il est \u00e0 la base de la cr\u00e9ation.<\/p>\n<p>Forme courbe pure, simple et \u00e9l\u00e9gant et blanc m\u00e9diterran\u00e9enne suggestive. Ancestral, d\u00e9finitif et transformatrice. L&rsquo;authenticit\u00e9 d&rsquo;un ingr\u00e9dient qui peut am\u00e9liorer compl\u00e8tement le go\u00fbt d&rsquo;un plat, est l&rsquo;inspiration pour la collection de cuisines <strong>Aur\u00f3 Antonio Miro<\/strong>.<\/p>\n<p><a href=\"http:\/\/auro-cuines.com\/wp-content\/uploads\/Miro01.jpg\"><img decoding=\"async\" class=\"aligncenter\" src=\"http:\/\/auro-cuines.com\/wp-content\/uploads\/Miro01.jpg\" alt=\"miro01\" \/><\/a><\/p>\n<p>Il <strong>Aur\u00f3 <\/strong>et <strong>Antonio Mir<\/strong>\u00f3, se r\u00e9unissent pour former un nouveau concept de fonctionnellement belle cuisine. Un design minimaliste et diff\u00e9rent dans lequel l&rsquo;ordre et le travail \u00ab\u00a04 mains\u00a0\u00bb sont des \u00e9l\u00e9ments centraux. Tout \u00e0 coup, une cuisine rationnellement con\u00e7ue permet \u00e0 deux personnes de travailler sur elle en m\u00eame temps. une cuisine bas\u00e9e sur une structure unique r\u00e9alis\u00e9e en bois et Silestone, o\u00f9 l&rsquo;utilisation de la courbe est essentielle.<br \/>\nUn aspect non conventionnel et suggestif d&rsquo;une grande beaut\u00e9 qui vient de l&rsquo;union de l&rsquo;esth\u00e9tique et de l&rsquo;espace de pratique.<\/p>\n<p><a href=\"http:\/\/auro-cuines.com\/wp-content\/uploads\/Miro02.jpg\"><img decoding=\"async\" class=\"alignleft wp-image-62 size-thumbnail\" src=\"http:\/\/auro-cuines.com\/wp-content\/uploads\/Miro02-200x200.jpg\" alt=\"miro02\" width=\"210\" height=\"210\" \/><\/a> <a href=\"http:\/\/auro-cuines.com\/wp-content\/uploads\/Miro03.jpg\"><img decoding=\"async\" class=\"alignleft wp-image-63 size-thumbnail\" src=\"http:\/\/auro-cuines.com\/wp-content\/uploads\/Miro03-200x200.jpg\" alt=\"miro03\" width=\"210\" height=\"210\" \/><\/a> <a href=\"http:\/\/auro-cuines.com\/wp-content\/uploads\/Miro04.jpg\"><img decoding=\"async\" class=\"alignleft wp-image-64 size-thumbnail\" src=\"http:\/\/auro-cuines.com\/wp-content\/uploads\/Miro04-200x200.jpg\" alt=\"miro04\" width=\"210\" height=\"210\" \/><\/a> <a href=\"http:\/\/auro-cuines.com\/wp-content\/uploads\/Miro05.jpg\"><img loading=\"lazy\" decoding=\"async\" class=\"alignleft wp-image-65 size-thumbnail\" src=\"http:\/\/auro-cuines.com\/wp-content\/uploads\/Miro05-200x200.jpg\" alt=\"miro05\" width=\"210\" height=\"210\" \/><\/a> <a href=\"http:\/\/auro-cuines.com\/wp-content\/uploads\/Miro06.jpg\"><img loading=\"lazy\" decoding=\"async\" class=\"alignleft wp-image-66 size-thumbnail\" src=\"http:\/\/auro-cuines.com\/wp-content\/uploads\/Miro06-200x200.jpg\" alt=\"miro06\" width=\"210\" height=\"210\" \/><\/a> <a href=\"http:\/\/auro-cuines.com\/wp-content\/uploads\/Miro07.jpg\"><img loading=\"lazy\" decoding=\"async\" class=\"alignleft size-thumbnail wp-image-67\" src=\"http:\/\/auro-cuines.com\/wp-content\/uploads\/Miro07-200x200.jpg\" alt=\"miro07\" width=\"210\" height=\"210\" \/><\/a> <a href=\"http:\/\/auro-cuines.com\/wp-content\/uploads\/Miro08.jpg\"><img loading=\"lazy\" decoding=\"async\" class=\"alignleft size-thumbnail wp-image-68\" src=\"http:\/\/auro-cuines.com\/wp-content\/uploads\/Miro08-200x200.jpg\" alt=\"miro08\" width=\"210\" height=\"210\" \/><\/a> <a href=\"http:\/\/auro-cuines.com\/wp-content\/uploads\/Miro09.jpg\"><img loading=\"lazy\" decoding=\"async\" class=\"alignleft size-thumbnail wp-image-69\" src=\"http:\/\/auro-cuines.com\/wp-content\/uploads\/Miro09-200x200.jpg\" alt=\"miro09\" width=\"210\" height=\"210\" \/><\/a><\/p>\n<p><\/p>\n<div class='clear '><\/div><\/div>","protected":false},"excerpt":{"rendered":"<p>Essentiellement, il est &agrave; la base de la cr&eacute;ation. Forme courbe pure, simple et &eacute;l&eacute;gant et blanc m&eacute;diterran&eacute;enne suggestive. Ancestral, d&eacute;finitif et transformatrice. L&rsquo;authenticit&eacute; d&rsquo;un ingr&eacute;dient qui peut am&eacute;liorer compl&egrave;tement le go&ucirc;t d&rsquo;un plat, est l&rsquo;inspiration pour la collection de cuisines Aur&oacute; Antonio Miro. Il Aur&oacute; et Antonio Mir&oacute;, se r&eacute;unissent pour former un nouveau [&hellip;]<\/p>\n","protected":false},"author":1,"featured_media":0,"parent":0,"menu_order":0,"comment_status":"closed","ping_status":"closed","template":"","meta":{"_genesis_hide_title":false,"_genesis_hide_breadcrumbs":false,"_genesis_hide_singular_image":false,"_genesis_hide_footer_widgets":false,"_genesis_custom_body_class":"","_genesis_custom_post_class":"","_genesis_layout":"","footnotes":""},"class_list":{"0":"post-122","1":"page","2":"type-page","3":"status-publish","5":"entry","6":"has-post-thumbnail"},"aioseo_notices":[],"_links":{"self":[{"href":"https:\/\/auro-cuines.com\/fr\/wp-json\/wp\/v2\/pages\/122","targetHints":{"allow":["GET"]}}],"collection":[{"href":"https:\/\/auro-cuines.com\/fr\/wp-json\/wp\/v2\/pages"}],"about":[{"href":"https:\/\/auro-cuines.com\/fr\/wp-json\/wp\/v2\/types\/page"}],"author":[{"embeddable":true,"href":"https:\/\/auro-cuines.com\/fr\/wp-json\/wp\/v2\/users\/1"}],"replies":[{"embeddable":true,"href":"https:\/\/auro-cuines.com\/fr\/wp-json\/wp\/v2\/comments?post=122"}],"version-history":[{"count":4,"href":"https:\/\/auro-cuines.com\/fr\/wp-json\/wp\/v2\/pages\/122\/revisions"}],"predecessor-version":[{"id":4270,"href":"https:\/\/auro-cuines.com\/fr\/wp-json\/wp\/v2\/pages\/122\/revisions\/4270"}],"wp:attachment":[{"href":"https:\/\/auro-cuines.com\/fr\/wp-json\/wp\/v2\/media?parent=122"}],"curies":[{"name":"wp","href":"https:\/\/api.w.org\/{rel}","templated":true}]}}