{"id":109,"date":"2016-09-19T13:45:12","date_gmt":"2016-09-19T13:45:12","guid":{"rendered":"http:\/\/auro-cuines.com\/?page_id=109"},"modified":"2019-11-20T22:16:27","modified_gmt":"2019-11-20T22:16:27","slug":"sp-praga-cemento","status":"publish","type":"page","link":"https:\/\/auro-cuines.com\/fr\/sp-praga-cemento\/","title":{"rendered":"Praga Cemento"},"content":{"rendered":"<p>Lorsque nous utilisons CIMENT pour nos portes et nous fronts le mod\u00e8le <strong>Praga <\/strong>repose parfaitement avec les murs et les planchers tuiles utilis\u00e9es dans les espaces int\u00e9rieurs. La colonne de verre \u00e9clair\u00e9e sert de stockage de nos espaces les plus pr\u00e9cieux et vital s\u00e9parant les morceaux.<\/p>\n<p><a href=\"http:\/\/auro-cuines.com\/wp-content\/uploads\/Praga04.jpg\"><img decoding=\"async\" class=\"aligncenter\" src=\"http:\/\/auro-cuines.com\/wp-content\/uploads\/Praga04.jpg\" alt=\"praga04\" \/><\/a><\/p>\n<p><a href=\"http:\/\/auro-cuines.com\/wp-content\/uploads\/Praga03.jpg\"><img decoding=\"async\" class=\"alignleft size-thumbnail wp-image-72\" src=\"http:\/\/auro-cuines.com\/wp-content\/uploads\/Praga03-200x200.jpg\" alt=\"praga03\" width=\"210\" height=\"210\" \/><\/a> <a href=\"http:\/\/auro-cuines.com\/wp-content\/uploads\/Praga02.jpg\"><img decoding=\"async\" class=\"alignleft size-thumbnail wp-image-71\" src=\"http:\/\/auro-cuines.com\/wp-content\/uploads\/Praga02-200x200.jpg\" alt=\"praga02\" width=\"210\" height=\"210\" \/><\/a> <a href=\"http:\/\/auro-cuines.com\/wp-content\/uploads\/Praga01.jpg\"><img decoding=\"async\" class=\"alignleft size-thumbnail wp-image-70\" src=\"http:\/\/auro-cuines.com\/wp-content\/uploads\/Praga01-200x200.jpg\" alt=\"praga01\" width=\"210\" height=\"210\" \/><\/a><\/p>\n<div class='clear '><\/div><\/div>","protected":false},"excerpt":{"rendered":"<p>Lorsque nous utilisons CIMENT pour nos portes et nous fronts le mod&egrave;le Praga repose parfaitement avec les murs et les planchers tuiles utilis&eacute;es dans les espaces int&eacute;rieurs. La colonne de verre &eacute;clair&eacute;e sert de stockage de nos espaces les plus pr&eacute;cieux et vital s&eacute;parant les morceaux.<\/p>\n","protected":false},"author":1,"featured_media":0,"parent":0,"menu_order":0,"comment_status":"closed","ping_status":"closed","template":"","meta":{"_genesis_hide_title":false,"_genesis_hide_breadcrumbs":false,"_genesis_hide_singular_image":false,"_genesis_hide_footer_widgets":false,"_genesis_custom_body_class":"","_genesis_custom_post_class":"","_genesis_layout":"","footnotes":""},"class_list":{"0":"post-109","1":"page","2":"type-page","3":"status-publish","5":"entry","6":"has-post-thumbnail"},"aioseo_notices":[],"_links":{"self":[{"href":"https:\/\/auro-cuines.com\/fr\/wp-json\/wp\/v2\/pages\/109","targetHints":{"allow":["GET"]}}],"collection":[{"href":"https:\/\/auro-cuines.com\/fr\/wp-json\/wp\/v2\/pages"}],"about":[{"href":"https:\/\/auro-cuines.com\/fr\/wp-json\/wp\/v2\/types\/page"}],"author":[{"embeddable":true,"href":"https:\/\/auro-cuines.com\/fr\/wp-json\/wp\/v2\/users\/1"}],"replies":[{"embeddable":true,"href":"https:\/\/auro-cuines.com\/fr\/wp-json\/wp\/v2\/comments?post=109"}],"version-history":[{"count":4,"href":"https:\/\/auro-cuines.com\/fr\/wp-json\/wp\/v2\/pages\/109\/revisions"}],"predecessor-version":[{"id":1717,"href":"https:\/\/auro-cuines.com\/fr\/wp-json\/wp\/v2\/pages\/109\/revisions\/1717"}],"wp:attachment":[{"href":"https:\/\/auro-cuines.com\/fr\/wp-json\/wp\/v2\/media?parent=109"}],"curies":[{"name":"wp","href":"https:\/\/api.w.org\/{rel}","templated":true}]}}