{"id":6495,"date":"2022-10-14T10:17:48","date_gmt":"2022-10-14T10:17:48","guid":{"rendered":"https:\/\/auro-cuines.com\/?page_id=6495"},"modified":"2022-10-14T10:20:51","modified_gmt":"2022-10-14T10:20:51","slug":"cornella","status":"publish","type":"page","link":"https:\/\/auro-cuines.com\/es\/cornella\/","title":{"rendered":"Cornella"},"content":{"rendered":"<p>Espacio di\u00e1fano de ensue\u00f1o<\/p>\n<p><img fetchpriority=\"high\" decoding=\"async\" class=\"aligncenter size-large wp-image-6507\" src=\"https:\/\/auro-cuines.com\/wp-content\/uploads\/Auro-Kitchens-034-824x550.jpg\" alt=\"\" width=\"824\" height=\"550\" srcset=\"https:\/\/auro-cuines.com\/wp-content\/uploads\/Auro-Kitchens-034-824x550.jpg 824w, https:\/\/auro-cuines.com\/wp-content\/uploads\/Auro-Kitchens-034-300x200.jpg 300w, https:\/\/auro-cuines.com\/wp-content\/uploads\/Auro-Kitchens-034-768x512.jpg 768w, https:\/\/auro-cuines.com\/wp-content\/uploads\/Auro-Kitchens-034-1536x1025.jpg 1536w, https:\/\/auro-cuines.com\/wp-content\/uploads\/Auro-Kitchens-034.jpg 1619w\" sizes=\"(max-width: 824px) 100vw, 824px\" \/><\/p>\n<p>&nbsp;<\/p>\n<p>Cuando los propietarios de la vivienda nos trajeron su proyecto no pod\u00edan imaginar que transformar\u00edamos varios espacios divididos en este gran sal\u00f3n cocina.<\/p>\n<p><img decoding=\"async\" class=\"aligncenter size-large wp-image-6496\" src=\"https:\/\/auro-cuines.com\/wp-content\/uploads\/Auro-Kitchens-004-1-824x550.jpg\" alt=\"\" width=\"824\" height=\"550\" srcset=\"https:\/\/auro-cuines.com\/wp-content\/uploads\/Auro-Kitchens-004-1-824x550.jpg 824w, https:\/\/auro-cuines.com\/wp-content\/uploads\/Auro-Kitchens-004-1-300x200.jpg 300w, https:\/\/auro-cuines.com\/wp-content\/uploads\/Auro-Kitchens-004-1-768x512.jpg 768w, https:\/\/auro-cuines.com\/wp-content\/uploads\/Auro-Kitchens-004-1-1536x1025.jpg 1536w, https:\/\/auro-cuines.com\/wp-content\/uploads\/Auro-Kitchens-004-1.jpg 1619w\" sizes=\"(max-width: 824px) 100vw, 824px\" \/><\/p>\n<p>Ahora disfrutan de un estilo de vida m\u00e1s c\u00f3modo en un gran espacio donde conviven un dise\u00f1o espectacular, \u00a0y una comodidad y ergonom\u00eda incre\u00edble.<\/p>\n<p>&nbsp;<\/p>\n<p>&nbsp;<\/p>\n<p><img decoding=\"async\" class=\"aligncenter size-large wp-image-6499\" src=\"https:\/\/auro-cuines.com\/wp-content\/uploads\/Auro-Kitchens-010-824x550.jpg\" alt=\"\" width=\"824\" height=\"550\" srcset=\"https:\/\/auro-cuines.com\/wp-content\/uploads\/Auro-Kitchens-010-824x550.jpg 824w, https:\/\/auro-cuines.com\/wp-content\/uploads\/Auro-Kitchens-010-300x200.jpg 300w, https:\/\/auro-cuines.com\/wp-content\/uploads\/Auro-Kitchens-010-768x512.jpg 768w, https:\/\/auro-cuines.com\/wp-content\/uploads\/Auro-Kitchens-010-1536x1025.jpg 1536w, https:\/\/auro-cuines.com\/wp-content\/uploads\/Auro-Kitchens-010.jpg 1619w\" sizes=\"(max-width: 824px) 100vw, 824px\" \/><\/p>\n<p>&nbsp;<\/p>\n<p><img loading=\"lazy\" decoding=\"async\" class=\"aligncenter size-large wp-image-6506\" src=\"https:\/\/auro-cuines.com\/wp-content\/uploads\/Auro-Kitchens-031-824x550.jpg\" alt=\"\" width=\"824\" height=\"550\" srcset=\"https:\/\/auro-cuines.com\/wp-content\/uploads\/Auro-Kitchens-031-824x550.jpg 824w, https:\/\/auro-cuines.com\/wp-content\/uploads\/Auro-Kitchens-031-300x200.jpg 300w, https:\/\/auro-cuines.com\/wp-content\/uploads\/Auro-Kitchens-031-768x512.jpg 768w, https:\/\/auro-cuines.com\/wp-content\/uploads\/Auro-Kitchens-031-1536x1025.jpg 1536w, https:\/\/auro-cuines.com\/wp-content\/uploads\/Auro-Kitchens-031.jpg 1619w\" sizes=\"(max-width: 824px) 100vw, 824px\" \/><\/p>\n<p>&nbsp;<\/p>\n<p><img loading=\"lazy\" decoding=\"async\" class=\"aligncenter size-large wp-image-6504\" src=\"https:\/\/auro-cuines.com\/wp-content\/uploads\/Auro-Kitchens-025-824x550.jpg\" alt=\"\" width=\"824\" height=\"550\" srcset=\"https:\/\/auro-cuines.com\/wp-content\/uploads\/Auro-Kitchens-025-824x550.jpg 824w, https:\/\/auro-cuines.com\/wp-content\/uploads\/Auro-Kitchens-025-300x200.jpg 300w, https:\/\/auro-cuines.com\/wp-content\/uploads\/Auro-Kitchens-025-768x512.jpg 768w, https:\/\/auro-cuines.com\/wp-content\/uploads\/Auro-Kitchens-025-1536x1025.jpg 1536w, https:\/\/auro-cuines.com\/wp-content\/uploads\/Auro-Kitchens-025.jpg 1619w\" sizes=\"(max-width: 824px) 100vw, 824px\" \/><\/p>\n<p>&nbsp;<\/p>\n<p><img loading=\"lazy\" decoding=\"async\" class=\"aligncenter size-large wp-image-6503\" src=\"https:\/\/auro-cuines.com\/wp-content\/uploads\/Auro-Kitchens-022-824x550.jpg\" alt=\"\" width=\"824\" height=\"550\" srcset=\"https:\/\/auro-cuines.com\/wp-content\/uploads\/Auro-Kitchens-022-824x550.jpg 824w, https:\/\/auro-cuines.com\/wp-content\/uploads\/Auro-Kitchens-022-300x200.jpg 300w, https:\/\/auro-cuines.com\/wp-content\/uploads\/Auro-Kitchens-022-768x512.jpg 768w, https:\/\/auro-cuines.com\/wp-content\/uploads\/Auro-Kitchens-022-1536x1025.jpg 1536w, https:\/\/auro-cuines.com\/wp-content\/uploads\/Auro-Kitchens-022.jpg 1619w\" sizes=\"(max-width: 824px) 100vw, 824px\" \/><\/p>\n<p>&nbsp;<\/p>\n<p><img loading=\"lazy\" decoding=\"async\" class=\"aligncenter size-large wp-image-6502\" src=\"https:\/\/auro-cuines.com\/wp-content\/uploads\/Auro-Kitchens-019-824x550.jpg\" alt=\"\" width=\"824\" height=\"550\" srcset=\"https:\/\/auro-cuines.com\/wp-content\/uploads\/Auro-Kitchens-019-824x550.jpg 824w, https:\/\/auro-cuines.com\/wp-content\/uploads\/Auro-Kitchens-019-300x200.jpg 300w, https:\/\/auro-cuines.com\/wp-content\/uploads\/Auro-Kitchens-019-768x512.jpg 768w, https:\/\/auro-cuines.com\/wp-content\/uploads\/Auro-Kitchens-019-1536x1025.jpg 1536w, https:\/\/auro-cuines.com\/wp-content\/uploads\/Auro-Kitchens-019.jpg 1619w\" sizes=\"(max-width: 824px) 100vw, 824px\" \/><\/p>\n<p>&nbsp;<\/p>\n<p><img loading=\"lazy\" decoding=\"async\" class=\"aligncenter size-large wp-image-6501\" src=\"https:\/\/auro-cuines.com\/wp-content\/uploads\/Auro-Kitchens-016-824x550.jpg\" alt=\"\" width=\"824\" height=\"550\" srcset=\"https:\/\/auro-cuines.com\/wp-content\/uploads\/Auro-Kitchens-016-824x550.jpg 824w, https:\/\/auro-cuines.com\/wp-content\/uploads\/Auro-Kitchens-016-300x200.jpg 300w, https:\/\/auro-cuines.com\/wp-content\/uploads\/Auro-Kitchens-016-768x512.jpg 768w, https:\/\/auro-cuines.com\/wp-content\/uploads\/Auro-Kitchens-016-1536x1025.jpg 1536w, https:\/\/auro-cuines.com\/wp-content\/uploads\/Auro-Kitchens-016.jpg 1619w\" sizes=\"(max-width: 824px) 100vw, 824px\" \/><\/p>\n<p>&nbsp;<\/p>\n<p><img loading=\"lazy\" decoding=\"async\" class=\"aligncenter size-large wp-image-6500\" src=\"https:\/\/auro-cuines.com\/wp-content\/uploads\/Auro-Kitchens-013-824x550.jpg\" alt=\"\" width=\"824\" height=\"550\" srcset=\"https:\/\/auro-cuines.com\/wp-content\/uploads\/Auro-Kitchens-013-824x550.jpg 824w, https:\/\/auro-cuines.com\/wp-content\/uploads\/Auro-Kitchens-013-300x200.jpg 300w, https:\/\/auro-cuines.com\/wp-content\/uploads\/Auro-Kitchens-013-768x512.jpg 768w, https:\/\/auro-cuines.com\/wp-content\/uploads\/Auro-Kitchens-013-1536x1025.jpg 1536w, https:\/\/auro-cuines.com\/wp-content\/uploads\/Auro-Kitchens-013.jpg 1619w\" sizes=\"(max-width: 824px) 100vw, 824px\" \/><\/p>\n<p>&nbsp;<\/p>\n<p>Ven ahora a visitar nuestro equipo de interioristas. Estamos especializa<\/p>\n<div class='clear '><\/div><\/div>","protected":false},"excerpt":{"rendered":"<p>Espacio di&aacute;fano de ensue&ntilde;o &nbsp; Cuando los propietarios de la vivienda nos trajeron su proyecto no pod&iacute;an imaginar que transformar&iacute;amos varios espacios divididos en este gran sal&oacute;n cocina. Ahora disfrutan de un estilo de vida m&aacute;s c&oacute;modo en un gran espacio donde conviven un dise&ntilde;o espectacular, &nbsp;y una comodidad y ergonom&iacute;a incre&iacute;ble. &nbsp; &nbsp; &nbsp; [&hellip;]<\/p>\n","protected":false},"author":1,"featured_media":0,"parent":0,"menu_order":0,"comment_status":"closed","ping_status":"closed","template":"","meta":{"_genesis_hide_title":false,"_genesis_hide_breadcrumbs":false,"_genesis_hide_singular_image":false,"_genesis_hide_footer_widgets":false,"_genesis_custom_body_class":"","_genesis_custom_post_class":"","_genesis_layout":"","footnotes":""},"class_list":{"0":"post-6495","1":"page","2":"type-page","3":"status-publish","5":"entry","6":"has-post-thumbnail"},"aioseo_notices":[],"_links":{"self":[{"href":"https:\/\/auro-cuines.com\/es\/wp-json\/wp\/v2\/pages\/6495","targetHints":{"allow":["GET"]}}],"collection":[{"href":"https:\/\/auro-cuines.com\/es\/wp-json\/wp\/v2\/pages"}],"about":[{"href":"https:\/\/auro-cuines.com\/es\/wp-json\/wp\/v2\/types\/page"}],"author":[{"embeddable":true,"href":"https:\/\/auro-cuines.com\/es\/wp-json\/wp\/v2\/users\/1"}],"replies":[{"embeddable":true,"href":"https:\/\/auro-cuines.com\/es\/wp-json\/wp\/v2\/comments?post=6495"}],"version-history":[{"count":1,"href":"https:\/\/auro-cuines.com\/es\/wp-json\/wp\/v2\/pages\/6495\/revisions"}],"predecessor-version":[{"id":6508,"href":"https:\/\/auro-cuines.com\/es\/wp-json\/wp\/v2\/pages\/6495\/revisions\/6508"}],"wp:attachment":[{"href":"https:\/\/auro-cuines.com\/es\/wp-json\/wp\/v2\/media?parent=6495"}],"curies":[{"name":"wp","href":"https:\/\/api.w.org\/{rel}","templated":true}]}}