{"id":6482,"date":"2022-10-14T09:20:45","date_gmt":"2022-10-14T09:20:45","guid":{"rendered":"https:\/\/auro-cuines.com\/?page_id=6482"},"modified":"2022-10-14T09:21:11","modified_gmt":"2022-10-14T09:21:11","slug":"gava-mar","status":"publish","type":"page","link":"https:\/\/auro-cuines.com\/es\/gava-mar\/","title":{"rendered":"Gava Mar"},"content":{"rendered":"<p><\/p>\n<h2>Una cocina abierta al sal\u00f3n<\/h2>\n<p><img fetchpriority=\"high\" decoding=\"async\" class=\"aligncenter size-large wp-image-6483\" src=\"https:\/\/auro-cuines.com\/wp-content\/uploads\/Auro-Kitchens-043-1-824x550.jpg\" alt=\"\" width=\"824\" height=\"550\" srcset=\"https:\/\/auro-cuines.com\/wp-content\/uploads\/Auro-Kitchens-043-1-824x550.jpg 824w, https:\/\/auro-cuines.com\/wp-content\/uploads\/Auro-Kitchens-043-1-300x200.jpg 300w, https:\/\/auro-cuines.com\/wp-content\/uploads\/Auro-Kitchens-043-1-768x512.jpg 768w, https:\/\/auro-cuines.com\/wp-content\/uploads\/Auro-Kitchens-043-1-1536x1025.jpg 1536w, https:\/\/auro-cuines.com\/wp-content\/uploads\/Auro-Kitchens-043-1.jpg 1619w\" sizes=\"(max-width: 824px) 100vw, 824px\" \/><\/p>\n<p>En este proyecto integral se ha optado por eliminar las paredes, consiguiendo as\u00ed un espacio espectacular. El mobiliario lacado en un tono bis\u00f3n metalizado y la cuarcita Taj Mahal realzan la elegancia de una cocina muy estudiada en su ergonom\u00eda.<\/p>\n<p><img decoding=\"async\" class=\"aligncenter size-large wp-image-6484\" src=\"https:\/\/auro-cuines.com\/wp-content\/uploads\/Aur\u00a2-Kitchens-034-824x550.jpg\" alt=\"\" width=\"824\" height=\"550\" srcset=\"https:\/\/auro-cuines.com\/wp-content\/uploads\/Aur\u00a2-Kitchens-034-824x550.jpg 824w, https:\/\/auro-cuines.com\/wp-content\/uploads\/Aur\u00a2-Kitchens-034-300x200.jpg 300w, https:\/\/auro-cuines.com\/wp-content\/uploads\/Aur\u00a2-Kitchens-034-768x512.jpg 768w, https:\/\/auro-cuines.com\/wp-content\/uploads\/Aur\u00a2-Kitchens-034-1536x1025.jpg 1536w, https:\/\/auro-cuines.com\/wp-content\/uploads\/Aur\u00a2-Kitchens-034.jpg 1619w\" sizes=\"(max-width: 824px) 100vw, 824px\" \/><\/p>\n<p>&nbsp;<\/p>\n<p><img decoding=\"async\" class=\"aligncenter size-large wp-image-6486\" src=\"https:\/\/auro-cuines.com\/wp-content\/uploads\/Aur\u00a2-Kitchens-070-824x550.jpg\" alt=\"\" width=\"824\" height=\"550\" srcset=\"https:\/\/auro-cuines.com\/wp-content\/uploads\/Aur\u00a2-Kitchens-070-824x550.jpg 824w, https:\/\/auro-cuines.com\/wp-content\/uploads\/Aur\u00a2-Kitchens-070-300x200.jpg 300w, https:\/\/auro-cuines.com\/wp-content\/uploads\/Aur\u00a2-Kitchens-070-768x512.jpg 768w, https:\/\/auro-cuines.com\/wp-content\/uploads\/Aur\u00a2-Kitchens-070-1536x1025.jpg 1536w, https:\/\/auro-cuines.com\/wp-content\/uploads\/Aur\u00a2-Kitchens-070.jpg 1619w\" sizes=\"(max-width: 824px) 100vw, 824px\" \/><\/p>\n<p>&nbsp;<\/p>\n<p><img loading=\"lazy\" decoding=\"async\" class=\"aligncenter size-large wp-image-6487\" src=\"https:\/\/auro-cuines.com\/wp-content\/uploads\/Aur\u00a2-Kitchens-067-824x550.jpg\" alt=\"\" width=\"824\" height=\"550\" srcset=\"https:\/\/auro-cuines.com\/wp-content\/uploads\/Aur\u00a2-Kitchens-067-824x550.jpg 824w, https:\/\/auro-cuines.com\/wp-content\/uploads\/Aur\u00a2-Kitchens-067-300x200.jpg 300w, https:\/\/auro-cuines.com\/wp-content\/uploads\/Aur\u00a2-Kitchens-067-768x512.jpg 768w, https:\/\/auro-cuines.com\/wp-content\/uploads\/Aur\u00a2-Kitchens-067-1536x1025.jpg 1536w, https:\/\/auro-cuines.com\/wp-content\/uploads\/Aur\u00a2-Kitchens-067.jpg 1619w\" sizes=\"(max-width: 824px) 100vw, 824px\" \/><\/p>\n<p>&nbsp;<\/p>\n<p><img loading=\"lazy\" decoding=\"async\" class=\"aligncenter size-large wp-image-6488\" src=\"https:\/\/auro-cuines.com\/wp-content\/uploads\/Aur\u00a2-Kitchens-055-824x550.jpg\" alt=\"\" width=\"824\" height=\"550\" srcset=\"https:\/\/auro-cuines.com\/wp-content\/uploads\/Aur\u00a2-Kitchens-055-824x550.jpg 824w, https:\/\/auro-cuines.com\/wp-content\/uploads\/Aur\u00a2-Kitchens-055-300x200.jpg 300w, https:\/\/auro-cuines.com\/wp-content\/uploads\/Aur\u00a2-Kitchens-055-768x512.jpg 768w, https:\/\/auro-cuines.com\/wp-content\/uploads\/Aur\u00a2-Kitchens-055-1536x1025.jpg 1536w, https:\/\/auro-cuines.com\/wp-content\/uploads\/Aur\u00a2-Kitchens-055.jpg 1619w\" sizes=\"(max-width: 824px) 100vw, 824px\" \/><\/p>\n<p>&nbsp;<\/p>\n<p><img loading=\"lazy\" decoding=\"async\" class=\"aligncenter size-large wp-image-6489\" src=\"https:\/\/auro-cuines.com\/wp-content\/uploads\/Aur\u00a2-Kitchens-073-824x550.jpg\" alt=\"\" width=\"824\" height=\"550\" srcset=\"https:\/\/auro-cuines.com\/wp-content\/uploads\/Aur\u00a2-Kitchens-073-824x550.jpg 824w, https:\/\/auro-cuines.com\/wp-content\/uploads\/Aur\u00a2-Kitchens-073-300x200.jpg 300w, https:\/\/auro-cuines.com\/wp-content\/uploads\/Aur\u00a2-Kitchens-073-768x512.jpg 768w, https:\/\/auro-cuines.com\/wp-content\/uploads\/Aur\u00a2-Kitchens-073-1536x1025.jpg 1536w, https:\/\/auro-cuines.com\/wp-content\/uploads\/Aur\u00a2-Kitchens-073.jpg 1619w\" sizes=\"(max-width: 824px) 100vw, 824px\" \/><\/p>\n<p>&nbsp;<\/p>\n<p><img loading=\"lazy\" decoding=\"async\" class=\"aligncenter size-large wp-image-6490\" src=\"https:\/\/auro-cuines.com\/wp-content\/uploads\/Aur\u00a2-Kitchens-076-824x550.jpg\" alt=\"\" width=\"824\" height=\"550\" srcset=\"https:\/\/auro-cuines.com\/wp-content\/uploads\/Aur\u00a2-Kitchens-076-824x550.jpg 824w, https:\/\/auro-cuines.com\/wp-content\/uploads\/Aur\u00a2-Kitchens-076-300x200.jpg 300w, https:\/\/auro-cuines.com\/wp-content\/uploads\/Aur\u00a2-Kitchens-076-768x512.jpg 768w, https:\/\/auro-cuines.com\/wp-content\/uploads\/Aur\u00a2-Kitchens-076-1536x1025.jpg 1536w, https:\/\/auro-cuines.com\/wp-content\/uploads\/Aur\u00a2-Kitchens-076.jpg 1619w\" sizes=\"(max-width: 824px) 100vw, 824px\" \/><\/p>\n<p>&nbsp;<\/p>\n<p><img loading=\"lazy\" decoding=\"async\" class=\"aligncenter size-large wp-image-6491\" src=\"https:\/\/auro-cuines.com\/wp-content\/uploads\/Aur\u00a2-Kitchens-079-824x550.jpg\" alt=\"\" width=\"824\" height=\"550\" srcset=\"https:\/\/auro-cuines.com\/wp-content\/uploads\/Aur\u00a2-Kitchens-079-824x550.jpg 824w, https:\/\/auro-cuines.com\/wp-content\/uploads\/Aur\u00a2-Kitchens-079-300x200.jpg 300w, https:\/\/auro-cuines.com\/wp-content\/uploads\/Aur\u00a2-Kitchens-079-768x512.jpg 768w, https:\/\/auro-cuines.com\/wp-content\/uploads\/Aur\u00a2-Kitchens-079-1536x1025.jpg 1536w, https:\/\/auro-cuines.com\/wp-content\/uploads\/Aur\u00a2-Kitchens-079.jpg 1619w\" sizes=\"(max-width: 824px) 100vw, 824px\" \/><\/p>\n<p>&nbsp;<\/p>\n<p><img loading=\"lazy\" decoding=\"async\" class=\"aligncenter size-large wp-image-6492\" src=\"https:\/\/auro-cuines.com\/wp-content\/uploads\/Aur\u00a2-Kitchens-082-824x550.jpg\" alt=\"\" width=\"824\" height=\"550\" srcset=\"https:\/\/auro-cuines.com\/wp-content\/uploads\/Aur\u00a2-Kitchens-082-824x550.jpg 824w, https:\/\/auro-cuines.com\/wp-content\/uploads\/Aur\u00a2-Kitchens-082-300x200.jpg 300w, https:\/\/auro-cuines.com\/wp-content\/uploads\/Aur\u00a2-Kitchens-082-768x512.jpg 768w, https:\/\/auro-cuines.com\/wp-content\/uploads\/Aur\u00a2-Kitchens-082-1536x1025.jpg 1536w, https:\/\/auro-cuines.com\/wp-content\/uploads\/Aur\u00a2-Kitchens-082.jpg 1619w\" sizes=\"(max-width: 824px) 100vw, 824px\" \/><\/p>\n<p>Nuestro equipo de interioristas convertir\u00e1n tu casa en un hogar especial.<\/p>\n<p>&nbsp;<\/p>\n<div class='clear '><\/div><\/div>","protected":false},"excerpt":{"rendered":"<p>Una cocina abierta al sal&oacute;n En este proyecto integral se ha optado por eliminar las paredes, consiguiendo as&iacute; un espacio espectacular. El mobiliario lacado en un tono bis&oacute;n metalizado y la cuarcita Taj Mahal realzan la elegancia de una cocina muy estudiada en su ergonom&iacute;a. &nbsp; &nbsp; &nbsp; &nbsp; &nbsp; &nbsp; &nbsp; Nuestro equipo de [&hellip;]<\/p>\n","protected":false},"author":1,"featured_media":0,"parent":0,"menu_order":0,"comment_status":"closed","ping_status":"closed","template":"","meta":{"_genesis_hide_title":false,"_genesis_hide_breadcrumbs":false,"_genesis_hide_singular_image":false,"_genesis_hide_footer_widgets":false,"_genesis_custom_body_class":"","_genesis_custom_post_class":"","_genesis_layout":"","footnotes":""},"class_list":{"0":"post-6482","1":"page","2":"type-page","3":"status-publish","5":"entry","6":"has-post-thumbnail"},"aioseo_notices":[],"_links":{"self":[{"href":"https:\/\/auro-cuines.com\/es\/wp-json\/wp\/v2\/pages\/6482","targetHints":{"allow":["GET"]}}],"collection":[{"href":"https:\/\/auro-cuines.com\/es\/wp-json\/wp\/v2\/pages"}],"about":[{"href":"https:\/\/auro-cuines.com\/es\/wp-json\/wp\/v2\/types\/page"}],"author":[{"embeddable":true,"href":"https:\/\/auro-cuines.com\/es\/wp-json\/wp\/v2\/users\/1"}],"replies":[{"embeddable":true,"href":"https:\/\/auro-cuines.com\/es\/wp-json\/wp\/v2\/comments?post=6482"}],"version-history":[{"count":1,"href":"https:\/\/auro-cuines.com\/es\/wp-json\/wp\/v2\/pages\/6482\/revisions"}],"predecessor-version":[{"id":6493,"href":"https:\/\/auro-cuines.com\/es\/wp-json\/wp\/v2\/pages\/6482\/revisions\/6493"}],"wp:attachment":[{"href":"https:\/\/auro-cuines.com\/es\/wp-json\/wp\/v2\/media?parent=6482"}],"curies":[{"name":"wp","href":"https:\/\/api.w.org\/{rel}","templated":true}]}}