{"id":6453,"date":"2022-10-14T06:42:39","date_gmt":"2022-10-14T06:42:39","guid":{"rendered":"https:\/\/auro-cuines.com\/?page_id=6453"},"modified":"2022-10-26T12:04:48","modified_gmt":"2022-10-26T12:04:48","slug":"matimex-barcelona-showroom","status":"publish","type":"page","link":"https:\/\/auro-cuines.com\/es\/matimex-barcelona-showroom\/","title":{"rendered":"Matimex Barcelona Showroom"},"content":{"rendered":"<p>Matimex Barcelona es una realidad.<\/p>\n<p><img fetchpriority=\"high\" decoding=\"async\" class=\"aligncenter size-large wp-image-6454\" src=\"https:\/\/auro-cuines.com\/wp-content\/uploads\/RENO4440-825x550.jpg\" alt=\"\" width=\"825\" height=\"550\" srcset=\"https:\/\/auro-cuines.com\/wp-content\/uploads\/RENO4440-825x550.jpg 825w, https:\/\/auro-cuines.com\/wp-content\/uploads\/RENO4440-300x200.jpg 300w, https:\/\/auro-cuines.com\/wp-content\/uploads\/RENO4440-768x512.jpg 768w, https:\/\/auro-cuines.com\/wp-content\/uploads\/RENO4440.jpg 1500w\" sizes=\"(max-width: 825px) 100vw, 825px\" \/><\/p>\n<p>Aur\u00f3 Kitchens ha protagonizado la sala principal de este exclusivo espacio, con una propuesta elegante y funcional. Mineral, Madera y Metal: Los elementos b\u00e1sicos se dan la mano en este exclusivo proyecto donde el alto dise\u00f1o busca un acertado y disruptivo encuentro con los amantes de los espacios sofisticados.<\/p>\n<p><img decoding=\"async\" class=\"aligncenter size-large wp-image-6456\" src=\"https:\/\/auro-cuines.com\/wp-content\/uploads\/RENO4433-825x550.jpg\" alt=\"\" width=\"825\" height=\"550\" srcset=\"https:\/\/auro-cuines.com\/wp-content\/uploads\/RENO4433-825x550.jpg 825w, https:\/\/auro-cuines.com\/wp-content\/uploads\/RENO4433-300x200.jpg 300w, https:\/\/auro-cuines.com\/wp-content\/uploads\/RENO4433-768x512.jpg 768w, https:\/\/auro-cuines.com\/wp-content\/uploads\/RENO4433.jpg 1500w\" sizes=\"(max-width: 825px) 100vw, 825px\" \/><\/p>\n<p><img decoding=\"async\" class=\"aligncenter size-large wp-image-6457\" src=\"https:\/\/auro-cuines.com\/wp-content\/uploads\/RENO4437-825x550.jpg\" alt=\"\" width=\"825\" height=\"550\" srcset=\"https:\/\/auro-cuines.com\/wp-content\/uploads\/RENO4437-825x550.jpg 825w, https:\/\/auro-cuines.com\/wp-content\/uploads\/RENO4437-300x200.jpg 300w, https:\/\/auro-cuines.com\/wp-content\/uploads\/RENO4437-768x512.jpg 768w, https:\/\/auro-cuines.com\/wp-content\/uploads\/RENO4437.jpg 1500w\" sizes=\"(max-width: 825px) 100vw, 825px\" \/><\/p>\n<p><img loading=\"lazy\" decoding=\"async\" class=\"aligncenter size-large wp-image-6458\" src=\"https:\/\/auro-cuines.com\/wp-content\/uploads\/RENO4452-825x550.jpg\" alt=\"\" width=\"825\" height=\"550\" srcset=\"https:\/\/auro-cuines.com\/wp-content\/uploads\/RENO4452-825x550.jpg 825w, https:\/\/auro-cuines.com\/wp-content\/uploads\/RENO4452-300x200.jpg 300w, https:\/\/auro-cuines.com\/wp-content\/uploads\/RENO4452-768x512.jpg 768w, https:\/\/auro-cuines.com\/wp-content\/uploads\/RENO4452.jpg 1500w\" sizes=\"(max-width: 825px) 100vw, 825px\" \/><\/p>\n<p><img loading=\"lazy\" decoding=\"async\" class=\"aligncenter size-large wp-image-6459\" src=\"https:\/\/auro-cuines.com\/wp-content\/uploads\/RENO4455-825x550.jpg\" alt=\"\" width=\"825\" height=\"550\" srcset=\"https:\/\/auro-cuines.com\/wp-content\/uploads\/RENO4455-825x550.jpg 825w, https:\/\/auro-cuines.com\/wp-content\/uploads\/RENO4455-300x200.jpg 300w, https:\/\/auro-cuines.com\/wp-content\/uploads\/RENO4455-768x512.jpg 768w, https:\/\/auro-cuines.com\/wp-content\/uploads\/RENO4455.jpg 1500w\" sizes=\"(max-width: 825px) 100vw, 825px\" \/><\/p>\n<p><img loading=\"lazy\" decoding=\"async\" class=\"aligncenter size-large wp-image-6460\" src=\"https:\/\/auro-cuines.com\/wp-content\/uploads\/RENO4458-825x550.jpg\" alt=\"\" width=\"825\" height=\"550\" srcset=\"https:\/\/auro-cuines.com\/wp-content\/uploads\/RENO4458-825x550.jpg 825w, https:\/\/auro-cuines.com\/wp-content\/uploads\/RENO4458-300x200.jpg 300w, https:\/\/auro-cuines.com\/wp-content\/uploads\/RENO4458-768x512.jpg 768w, https:\/\/auro-cuines.com\/wp-content\/uploads\/RENO4458.jpg 1500w\" sizes=\"(max-width: 825px) 100vw, 825px\" \/><\/p>\n<p><img loading=\"lazy\" decoding=\"async\" class=\"aligncenter size-large wp-image-6461\" src=\"https:\/\/auro-cuines.com\/wp-content\/uploads\/RENO4461-825x550.jpg\" alt=\"\" width=\"825\" height=\"550\" srcset=\"https:\/\/auro-cuines.com\/wp-content\/uploads\/RENO4461-825x550.jpg 825w, https:\/\/auro-cuines.com\/wp-content\/uploads\/RENO4461-300x200.jpg 300w, https:\/\/auro-cuines.com\/wp-content\/uploads\/RENO4461-768x512.jpg 768w, https:\/\/auro-cuines.com\/wp-content\/uploads\/RENO4461.jpg 1500w\" sizes=\"(max-width: 825px) 100vw, 825px\" \/><\/p>\n<p>Se trata de un espacio dirigido a profesionales para escoger materiales del grupo Iris Ceramica Group, distribuido en Espa\u00f1a por Matimex, todo un referente en cer\u00e1mica. El Flagship Showroom Barcelona de esta firma, enfoca este espacio a arquitectos e interioristas para proyectos residenciales, hosteler\u00eda o contract.<\/p>\n<p><img loading=\"lazy\" decoding=\"async\" class=\"aligncenter size-large wp-image-6462\" src=\"https:\/\/auro-cuines.com\/wp-content\/uploads\/RENO4583-825x550.jpg\" alt=\"\" width=\"825\" height=\"550\" srcset=\"https:\/\/auro-cuines.com\/wp-content\/uploads\/RENO4583-825x550.jpg 825w, https:\/\/auro-cuines.com\/wp-content\/uploads\/RENO4583-300x200.jpg 300w, https:\/\/auro-cuines.com\/wp-content\/uploads\/RENO4583-768x512.jpg 768w, https:\/\/auro-cuines.com\/wp-content\/uploads\/RENO4583.jpg 1500w\" sizes=\"(max-width: 825px) 100vw, 825px\" \/><br \/>\nEs por ello que la alianza Aur\u00f3 Projects &amp; Matimex ha sido una apuesta que nuestra compa\u00f1\u00eda se enorgullece de abordar.<\/p>\n<p>Aur\u00f3 Projects es la linea de negocio de Aur\u00f3 Kitchens, donde dirigimos todos nuestros esfuerzos en proyectos integrales de cocinas, ba\u00f1os, armarios y otras estancias para completar proyectos completos, incluyendo la cer\u00e1mica del grupo Matimex, y compartiendo target en el sector de la arquitectura y el dise\u00f1o de interiores.<\/p>\n<p><img loading=\"lazy\" decoding=\"async\" class=\"aligncenter size-full wp-image-6455\" src=\"https:\/\/auro-cuines.com\/wp-content\/uploads\/UQCMLJKD3VBM7PFVPP3YZKBLNA.jpg.webp\" alt=\"\" width=\"600\" height=\"400\" srcset=\"https:\/\/auro-cuines.com\/wp-content\/uploads\/UQCMLJKD3VBM7PFVPP3YZKBLNA.jpg.webp 600w, https:\/\/auro-cuines.com\/wp-content\/uploads\/UQCMLJKD3VBM7PFVPP3YZKBLNA.jpg-300x200.webp 300w\" sizes=\"(max-width: 600px) 100vw, 600px\" \/><\/p>\n<p>El nuevo showroom se encuentra en el m\u00edtico edificio Garden, de Avenida Diagonal 662 de Barcelona. Estaremos encantados de atenderle con citas privadas y concertadas en el coraz\u00f3n de la ciudad<\/p>\n<div class='clear '><\/div><\/div>","protected":false},"excerpt":{"rendered":"<p>Matimex Barcelona es una realidad. Aur&oacute; Kitchens ha protagonizado la sala principal de este exclusivo espacio, con una propuesta elegante y funcional. Mineral, Madera y Metal: Los elementos b&aacute;sicos se dan la mano en este exclusivo proyecto donde el alto dise&ntilde;o busca un acertado y disruptivo encuentro con los amantes de los espacios sofisticados. Se [&hellip;]<\/p>\n","protected":false},"author":1,"featured_media":0,"parent":0,"menu_order":0,"comment_status":"closed","ping_status":"closed","template":"","meta":{"_genesis_hide_title":false,"_genesis_hide_breadcrumbs":false,"_genesis_hide_singular_image":false,"_genesis_hide_footer_widgets":false,"_genesis_custom_body_class":"","_genesis_custom_post_class":"","_genesis_layout":"","footnotes":""},"class_list":{"0":"post-6453","1":"page","2":"type-page","3":"status-publish","5":"entry","6":"has-post-thumbnail"},"aioseo_notices":[],"_links":{"self":[{"href":"https:\/\/auro-cuines.com\/es\/wp-json\/wp\/v2\/pages\/6453","targetHints":{"allow":["GET"]}}],"collection":[{"href":"https:\/\/auro-cuines.com\/es\/wp-json\/wp\/v2\/pages"}],"about":[{"href":"https:\/\/auro-cuines.com\/es\/wp-json\/wp\/v2\/types\/page"}],"author":[{"embeddable":true,"href":"https:\/\/auro-cuines.com\/es\/wp-json\/wp\/v2\/users\/1"}],"replies":[{"embeddable":true,"href":"https:\/\/auro-cuines.com\/es\/wp-json\/wp\/v2\/comments?post=6453"}],"version-history":[{"count":3,"href":"https:\/\/auro-cuines.com\/es\/wp-json\/wp\/v2\/pages\/6453\/revisions"}],"predecessor-version":[{"id":6635,"href":"https:\/\/auro-cuines.com\/es\/wp-json\/wp\/v2\/pages\/6453\/revisions\/6635"}],"wp:attachment":[{"href":"https:\/\/auro-cuines.com\/es\/wp-json\/wp\/v2\/media?parent=6453"}],"curies":[{"name":"wp","href":"https:\/\/api.w.org\/{rel}","templated":true}]}}