{"id":4520,"date":"2021-10-07T07:36:38","date_gmt":"2021-10-07T07:36:38","guid":{"rendered":"https:\/\/auro-cuines.com\/?page_id=4520"},"modified":"2021-10-07T07:58:04","modified_gmt":"2021-10-07T07:58:04","slug":"cocinas-a-medida-barcelona","status":"publish","type":"page","link":"https:\/\/auro-cuines.com\/es\/cocinas-a-medida-barcelona\/","title":{"rendered":"Cocinas a medida Barcelona"},"content":{"rendered":"<p><img fetchpriority=\"high\" decoding=\"async\" class=\"aligncenter wp-image-4182 size-large\" title=\"Cocinas a medida en Barcelona\" src=\"https:\/\/auro-cuines.com\/wp-content\/uploads\/Fabricantes-de-cocinas-Auro-Cocinas-Cocinas-clasicas-980x545.jpg\" alt=\"Cocinas a medida en Barcelona\" width=\"980\" height=\"545\" srcset=\"https:\/\/auro-cuines.com\/wp-content\/uploads\/Fabricantes-de-cocinas-Auro-Cocinas-Cocinas-clasicas-980x545.jpg 980w, https:\/\/auro-cuines.com\/wp-content\/uploads\/Fabricantes-de-cocinas-Auro-Cocinas-Cocinas-clasicas-300x167.jpg 300w, https:\/\/auro-cuines.com\/wp-content\/uploads\/Fabricantes-de-cocinas-Auro-Cocinas-Cocinas-clasicas-768x427.jpg 768w, https:\/\/auro-cuines.com\/wp-content\/uploads\/Fabricantes-de-cocinas-Auro-Cocinas-Cocinas-clasicas-1536x854.jpg 1536w, https:\/\/auro-cuines.com\/wp-content\/uploads\/Fabricantes-de-cocinas-Auro-Cocinas-Cocinas-clasicas.jpg 1600w\" sizes=\"(max-width: 980px) 100vw, 980px\" \/><\/p>\n<p>&nbsp;<\/p>\n<p>En Aur\u00f3 pensamos que tu cocina tiene que ser como t\u00fa, especial. Queremos que sea un lugar m\u00e1gico, en el que no solo pases tiempo cocinando. Nuestra intenci\u00f3n es que disfrutes de cada rinc\u00f3n de la misma, sin que nada quede al azar. Si buscas <strong>cocinas a medida en Barcelona<\/strong>, somos lo que necesitas. No dudes en contar con nosotros si quieres que tu cocina sea vanguardista, bella, pr\u00e1ctica en su funcionamiento y con el m\u00e1ximo grado de rendimiento.<\/p>\n<p><img decoding=\"async\" class=\"aligncenter wp-image-4329 size-full\" title=\"Cocinas a medida Barcelona\" src=\"https:\/\/auro-cuines.com\/wp-content\/uploads\/Diseno-de-cocinas-en-Barcelona-Auro-Kitchens-1.jpg\" alt=\"Cocinas a medida Barcelona\" width=\"900\" height=\"600\" srcset=\"https:\/\/auro-cuines.com\/wp-content\/uploads\/Diseno-de-cocinas-en-Barcelona-Auro-Kitchens-1.jpg 900w, https:\/\/auro-cuines.com\/wp-content\/uploads\/Diseno-de-cocinas-en-Barcelona-Auro-Kitchens-1-300x200.jpg 300w, https:\/\/auro-cuines.com\/wp-content\/uploads\/Diseno-de-cocinas-en-Barcelona-Auro-Kitchens-1-825x550.jpg 825w, https:\/\/auro-cuines.com\/wp-content\/uploads\/Diseno-de-cocinas-en-Barcelona-Auro-Kitchens-1-768x512.jpg 768w\" sizes=\"(max-width: 900px) 100vw, 900px\" \/><\/p>\n<p>&nbsp;<\/p>\n<h2>Aur\u00f3 es tu referente en cocinas a medida en Barcelona<\/h2>\n<p>Deseamos que tu personalidad se vea reflejada en cada pieza, en cada uno de nuestros materiales. Modernidad, lujo, sofisticaci\u00f3n y calidad son nuestros valores principales, y con ellos sabemos que estamos en disposici\u00f3n de encontrar tu felicidad. En la cocina pasamos mucho tiempo, ya no solo a lo largo del d\u00eda, sino a lo largo de nuestra vida, por eso es vital para nosotros que, cada vez, que te encuentres en ella sea una explosi\u00f3n de comodidad.\u00a0 Por eso pensamos que es fundamental que podamos dar vida a la imagen ideal de tu cocina, aquella con la que sue\u00f1as y que, sin duda, nosotros estamos en disposici\u00f3n de hacer realidad. No solo somos <strong>cocinas a medida en Barcelona,<\/strong> somos las cocinas de tu vida. No queremos ser como el resto de <a href=\"https:\/\/auro-cuines.com\/tiendas-de-cocina-barcelona\/\" title=\"Tiendas de cocina Barcelona\"><em><u>tiendas de cocina de Barcelona<\/u><\/em><\/a>, queremos que nos veas como una parte de ti y marcar la diferencia en tu hogar.<\/p>\n<p>Nos hemos convertido en l\u00edderes del sector y lo hemos hecho gracias a ti, a tu confianza y poni\u00e9ndonos en tu lugar, en tu b\u00fasqueda de que la cocina sea especial, un lugar de culto donde, adem\u00e1s de fantasear con lo culinario, est\u00e9s a gusto. Un interior adaptado y una decoraci\u00f3n acorde a tus ideas son fundamentales para que la cocina sea diferente, con estilo, gusto, calidad y los mejores materiales. Lo hacemos a tu medida y a la de los tuyos. Deseamos que cada receta, cada desayuno o cada momento de evasi\u00f3n sea recordado. Haz tu cocina a tu medida y hazla con nosotros. En Aur\u00f3 pensamos en ti. Ponte en contacto con nosotros y nuestro equipo te har\u00e1 disfrutar de la cocina de tus sue\u00f1os.<\/p>\n<div class='clear '><\/div><\/div>","protected":false},"excerpt":{"rendered":"<p>&nbsp; En Aur&oacute; pensamos que tu cocina tiene que ser como t&uacute;, especial. Queremos que sea un lugar m&aacute;gico, en el que no solo pases tiempo cocinando. Nuestra intenci&oacute;n es que disfrutes de cada rinc&oacute;n de la misma, sin que nada quede al azar. Si buscas cocinas a medida en Barcelona, somos lo que necesitas. [&hellip;]<\/p>\n","protected":false},"author":1,"featured_media":0,"parent":0,"menu_order":0,"comment_status":"closed","ping_status":"closed","template":"","meta":{"_genesis_hide_title":false,"_genesis_hide_breadcrumbs":false,"_genesis_hide_singular_image":false,"_genesis_hide_footer_widgets":false,"_genesis_custom_body_class":"","_genesis_custom_post_class":"","_genesis_layout":"","footnotes":""},"class_list":{"0":"post-4520","1":"page","2":"type-page","3":"status-publish","5":"entry"},"aioseo_notices":[],"_links":{"self":[{"href":"https:\/\/auro-cuines.com\/es\/wp-json\/wp\/v2\/pages\/4520","targetHints":{"allow":["GET"]}}],"collection":[{"href":"https:\/\/auro-cuines.com\/es\/wp-json\/wp\/v2\/pages"}],"about":[{"href":"https:\/\/auro-cuines.com\/es\/wp-json\/wp\/v2\/types\/page"}],"author":[{"embeddable":true,"href":"https:\/\/auro-cuines.com\/es\/wp-json\/wp\/v2\/users\/1"}],"replies":[{"embeddable":true,"href":"https:\/\/auro-cuines.com\/es\/wp-json\/wp\/v2\/comments?post=4520"}],"version-history":[{"count":5,"href":"https:\/\/auro-cuines.com\/es\/wp-json\/wp\/v2\/pages\/4520\/revisions"}],"predecessor-version":[{"id":4527,"href":"https:\/\/auro-cuines.com\/es\/wp-json\/wp\/v2\/pages\/4520\/revisions\/4527"}],"wp:attachment":[{"href":"https:\/\/auro-cuines.com\/es\/wp-json\/wp\/v2\/media?parent=4520"}],"curies":[{"name":"wp","href":"https:\/\/api.w.org\/{rel}","templated":true}]}}