{"id":4519,"date":"2021-10-07T07:36:27","date_gmt":"2021-10-07T07:36:27","guid":{"rendered":"https:\/\/auro-cuines.com\/?page_id=4519"},"modified":"2021-10-07T07:57:33","modified_gmt":"2021-10-07T07:57:33","slug":"tiendas-de-cocina-barcelona","status":"publish","type":"page","link":"https:\/\/auro-cuines.com\/es\/tiendas-de-cocina-barcelona\/","title":{"rendered":"Tiendas de cocina Barcelona"},"content":{"rendered":"<p><img fetchpriority=\"high\" decoding=\"async\" class=\"aligncenter wp-image-4209 size-large\" title=\"Tiendas de cocina Barcelona\" src=\"https:\/\/auro-cuines.com\/wp-content\/uploads\/Cocinas-de-diseno-en-Barcelona-Auro-Cocinas-Cocinas-lacadas-980x545.jpg\" alt=\"Tiendas de cocina Barcelona\" width=\"980\" height=\"545\" srcset=\"https:\/\/auro-cuines.com\/wp-content\/uploads\/Cocinas-de-diseno-en-Barcelona-Auro-Cocinas-Cocinas-lacadas-980x545.jpg 980w, https:\/\/auro-cuines.com\/wp-content\/uploads\/Cocinas-de-diseno-en-Barcelona-Auro-Cocinas-Cocinas-lacadas-300x167.jpg 300w, https:\/\/auro-cuines.com\/wp-content\/uploads\/Cocinas-de-diseno-en-Barcelona-Auro-Cocinas-Cocinas-lacadas-768x427.jpg 768w, https:\/\/auro-cuines.com\/wp-content\/uploads\/Cocinas-de-diseno-en-Barcelona-Auro-Cocinas-Cocinas-lacadas-1536x854.jpg 1536w, https:\/\/auro-cuines.com\/wp-content\/uploads\/Cocinas-de-diseno-en-Barcelona-Auro-Cocinas-Cocinas-lacadas.jpg 1600w\" sizes=\"(max-width: 980px) 100vw, 980px\" \/><\/p>\n<p>&nbsp;<\/p>\n<p>Si est\u00e1s buscando <strong>tiendas de cocina en Barcelona, <\/strong>no te conformes y mira m\u00e1s all\u00e1. F\u00edjate en nosotros. Somos Aur\u00f3, somos la diferencia y calidad de tu cocina. Ahora mismo es un lujo contar con la cocina de tus sue\u00f1os y nosotros estamos en disposici\u00f3n de hacer que la tengas, de hacer que sea un lugar donde desees pasar tiempo cuando te encuentres en tu hogar, en definitiva, un rinc\u00f3n de referencia para ti y para todos.<\/p>\n<p>&nbsp;<\/p>\n<p><img decoding=\"async\" class=\"aligncenter wp-image-4087 size-large\" title=\"Tiendas de cocina en Barcelona\" src=\"https:\/\/auro-cuines.com\/wp-content\/uploads\/COCINA-BORA-CLASSIC-980x530.png\" alt=\"Tiendas de cocina en Barcelona\" width=\"980\" height=\"530\" srcset=\"https:\/\/auro-cuines.com\/wp-content\/uploads\/COCINA-BORA-CLASSIC-980x530.png 980w, https:\/\/auro-cuines.com\/wp-content\/uploads\/COCINA-BORA-CLASSIC-300x162.png 300w, https:\/\/auro-cuines.com\/wp-content\/uploads\/COCINA-BORA-CLASSIC-768x415.png 768w, https:\/\/auro-cuines.com\/wp-content\/uploads\/COCINA-BORA-CLASSIC-1536x830.png 1536w, https:\/\/auro-cuines.com\/wp-content\/uploads\/COCINA-BORA-CLASSIC-2048x1107.png 2048w\" sizes=\"(max-width: 980px) 100vw, 980px\" \/><\/p>\n<h2>No somos como las tiendas de cocina en Barcelona, Aur\u00f3 es la excelencia en cocinas<\/h2>\n<p>Son muchas las <strong>tiendas de cocina en Barcelona<\/strong> que pueden ofrecerte una cocina, pero solo Aur\u00f3 puede ofrecerte algo m\u00e1s. Nuestra experiencia en el sector es nuestro mejor aval, as\u00ed como la satisfacci\u00f3n de cada persona que ha decidido confiar en nosotros, en nuestra capacidad de escucharte para hacer realidad la imagen formada en tu cabeza. Nosotros somos el mejor equipo para hacerla realidad. Creemos que cada peque\u00f1o espacio de tu cocina tiene que ser especial. Nuestra misi\u00f3n es que cada rinc\u00f3n de la misma te llene de orgullo y felicidad. Por eso queremos contar contigo, escucharte, entenderte y llegar a un solo final posible, ofrecerte las mejores <a href=\"https:\/\/auro-cuines.com\/cocinas-a-medida-barcelona\/\" title=\"Cocinas a medida Barcelona\"><em><u>cocinas a medida en Barcelona<\/u><\/em><\/a>.<\/p>\n<p>Aur\u00f3 es dise\u00f1o, estilo, lujo, modernidad, sofisticaci\u00f3n y calidad. Esa es nuestra columna vertebral de valores y son indispensables en cualquiera de los proyectos que llevamos a cabo. Somos especiales y diferentes y ahora t\u00fa puedes marcar la diferencia con nosotros. Conf\u00eda en nuestros materiales \u00fanicos y en unos profesionales que te aconsejar\u00e1n para que puedas disfrutar de la cocina que siempre has so\u00f1ado, esa en la que es un lujo cocinar, pero que se convertir\u00e1, adem\u00e1s en el lugar de referencia de tu hogar, ese en el que todo el mundo querr\u00e1 estar.<\/p>\n<p>Una decoraci\u00f3n acogedora es fundamental para tu comodidad, as\u00ed como el aprovechamiento de cada espacio. Si a eso le unes nuestro gusto est\u00e9tico, es imposible que tu cocina sea solo eso, una cocina. Aur\u00f3 es diferenciaci\u00f3n. Si quieres una cocina que marque la diferencia, somos lo que est\u00e1s buscando.<\/p>\n<div class='clear '><\/div><\/div>","protected":false},"excerpt":{"rendered":"<p>&nbsp; Si est&aacute;s buscando tiendas de cocina en Barcelona, no te conformes y mira m&aacute;s all&aacute;. F&iacute;jate en nosotros. Somos Aur&oacute;, somos la diferencia y calidad de tu cocina. Ahora mismo es un lujo contar con la cocina de tus sue&ntilde;os y nosotros estamos en disposici&oacute;n de hacer que la tengas, de hacer que sea [&hellip;]<\/p>\n","protected":false},"author":1,"featured_media":0,"parent":0,"menu_order":0,"comment_status":"closed","ping_status":"closed","template":"","meta":{"_genesis_hide_title":false,"_genesis_hide_breadcrumbs":false,"_genesis_hide_singular_image":false,"_genesis_hide_footer_widgets":false,"_genesis_custom_body_class":"","_genesis_custom_post_class":"","_genesis_layout":"","footnotes":""},"class_list":{"0":"post-4519","1":"page","2":"type-page","3":"status-publish","5":"entry","6":"has-post-thumbnail"},"aioseo_notices":[],"_links":{"self":[{"href":"https:\/\/auro-cuines.com\/es\/wp-json\/wp\/v2\/pages\/4519","targetHints":{"allow":["GET"]}}],"collection":[{"href":"https:\/\/auro-cuines.com\/es\/wp-json\/wp\/v2\/pages"}],"about":[{"href":"https:\/\/auro-cuines.com\/es\/wp-json\/wp\/v2\/types\/page"}],"author":[{"embeddable":true,"href":"https:\/\/auro-cuines.com\/es\/wp-json\/wp\/v2\/users\/1"}],"replies":[{"embeddable":true,"href":"https:\/\/auro-cuines.com\/es\/wp-json\/wp\/v2\/comments?post=4519"}],"version-history":[{"count":2,"href":"https:\/\/auro-cuines.com\/es\/wp-json\/wp\/v2\/pages\/4519\/revisions"}],"predecessor-version":[{"id":4526,"href":"https:\/\/auro-cuines.com\/es\/wp-json\/wp\/v2\/pages\/4519\/revisions\/4526"}],"wp:attachment":[{"href":"https:\/\/auro-cuines.com\/es\/wp-json\/wp\/v2\/media?parent=4519"}],"curies":[{"name":"wp","href":"https:\/\/api.w.org\/{rel}","templated":true}]}}