{"id":4365,"date":"2021-08-04T08:12:55","date_gmt":"2021-08-04T08:12:55","guid":{"rendered":"https:\/\/auro-cuines.com\/?page_id=4365"},"modified":"2021-11-09T11:54:59","modified_gmt":"2021-11-09T11:54:59","slug":"muebles-de-cocina-en-sant-boi-de-llobregat","status":"publish","type":"page","link":"https:\/\/auro-cuines.com\/es\/muebles-de-cocina-en-sant-boi-de-llobregat\/","title":{"rendered":"Muebles de cocina en Sant Boi de Llobregat"},"content":{"rendered":"<p>\u00bfTe gustar\u00eda renovar tu cocina para dar un nuevo aire a tu hogar? En Aur\u00f3 Kitchens somos especialistas en <strong>muebles de cocina en Sant Boi de Llobregat<\/strong> y toda la geograf\u00eda catalana. Desde nuestra sede en Cornell\u00e0 de Llobregat, donde se encuentra nuestro showroom, damos servicio a toda Catalunya. Creemos que la cocina es la piedra angular sobre la que se construye nuestra vida dom\u00e9stica, y por tanto debemos intentar conseguir un espacio atractivo, usable, c\u00f3modo y vistoso que nos haga estar a gusto en nuestra propia casa.<\/p>\n<p>Con esta premisa en mente, en Aur\u00f3 apostamos decididamente por dise\u00f1os elegantes y modernos que se adapten a las necesidades de nuestros clientes. Para ello evitamos la producci\u00f3n en serie y estudiamos al detalle cada caso para ofrecerte las mejores soluciones no solo desde el punto de vista est\u00e9tico y funcional, sino tambi\u00e9n de aprovechamiento del espacio disponible. Nuestra forma de trabajar nos ha permitido labrarnos una gran reputaci\u00f3n entre las f\u00e1bricas de <a href=\"https:\/\/auro-cuines.com\/muebles-de-cocina-en-vilanova-i-la-geltru\/\" title=\"Muebles de cocina en Vilanova i la Geltr\u00fa\">Muebles de cocina de Vilanova i la Geltr\u00fa<\/a> y de toda la geograf\u00eda catalana.<\/p>\n<p><img fetchpriority=\"high\" decoding=\"async\" class=\"aligncenter size-large wp-image-3274\" title=\"Muebles de cocina en Sant Boi de Llobregat\" src=\"https:\/\/auro-cuines.com\/wp-content\/uploads\/muebles-cocina-en-negro-980x545.jpg\" alt=\"Muebles de cocina en Sant Boi de Llobregat\" width=\"980\" height=\"545\" srcset=\"https:\/\/auro-cuines.com\/wp-content\/uploads\/muebles-cocina-en-negro-980x545.jpg 980w, https:\/\/auro-cuines.com\/wp-content\/uploads\/muebles-cocina-en-negro-300x167.jpg 300w, https:\/\/auro-cuines.com\/wp-content\/uploads\/muebles-cocina-en-negro-768x427.jpg 768w, https:\/\/auro-cuines.com\/wp-content\/uploads\/muebles-cocina-en-negro-1536x854.jpg 1536w, https:\/\/auro-cuines.com\/wp-content\/uploads\/muebles-cocina-en-negro.jpg 1600w\" sizes=\"(max-width: 980px) 100vw, 980px\" \/><\/p>\n<h2><strong>Los m\u00e1s exclusivos muebles de cocina en Sant Boi de Llobregat<\/strong><\/h2>\n<p>Si est\u00e1s buscando <strong>muebles de cocina en Sant Boi de Llobregat<\/strong> elegantes y duraderos, en el nuestro cat\u00e1logo encontrar\u00e1s una amplia gama de dise\u00f1os a la altura de los clientes m\u00e1s exigentes. Adem\u00e1s, fabricamos todos nuestros muebles de cocina con materiales de primera calidad, empleando maderas como el fresno, el roble o el olivo, pero tambi\u00e9n maderas nobles y tropicales. De este modo obtenemos unos resultados est\u00e9ticos inmejorables y una resistencia y durabilidad a toda prueba. Detalles como el uso de microcemento, encimeras porcel\u00e1nicas y tableros marinos con tratamiento hidr\u00f3fugo contribuyen a crear cocinas que se integran perfectamente al entorno existente y ofrecen unas caracter\u00edsticas insuperables.<\/p>\n<p>Por todas estas razones, si est\u00e1s buscando una nueva <a href=\"https:\/\/auro-cuines.com\/cocina-en-castelldefels\/\" title=\"Cocina en Castelldefels\">cocina en Castelldefels<\/a>, Sant Boi o cualquier otra poblaci\u00f3n del Baix Llobregat, te recomendamos que contactes con nuestro equipo de expertos, que te asesorar\u00e1n en todo lo necesario. O vis\u00edtanos en nuestro showroom de Cornell\u00e0 para ver algunos de nuestros dise\u00f1os.<\/p>\n<div class='clear '><\/div><\/div>","protected":false},"excerpt":{"rendered":"<p>&iquest;Te gustar&iacute;a renovar tu cocina para dar un nuevo aire a tu hogar? En Aur&oacute; Kitchens somos especialistas en muebles de cocina en Sant Boi de Llobregat y toda la geograf&iacute;a catalana. Desde nuestra sede en Cornell&agrave; de Llobregat, donde se encuentra nuestro showroom, damos servicio a toda Catalunya. Creemos que la cocina es la [&hellip;]<\/p>\n","protected":false},"author":1,"featured_media":0,"parent":0,"menu_order":0,"comment_status":"closed","ping_status":"closed","template":"","meta":{"_genesis_hide_title":false,"_genesis_hide_breadcrumbs":false,"_genesis_hide_singular_image":false,"_genesis_hide_footer_widgets":false,"_genesis_custom_body_class":"","_genesis_custom_post_class":"","_genesis_layout":"","footnotes":""},"class_list":{"0":"post-4365","1":"page","2":"type-page","3":"status-publish","5":"entry"},"aioseo_notices":[],"_links":{"self":[{"href":"https:\/\/auro-cuines.com\/es\/wp-json\/wp\/v2\/pages\/4365","targetHints":{"allow":["GET"]}}],"collection":[{"href":"https:\/\/auro-cuines.com\/es\/wp-json\/wp\/v2\/pages"}],"about":[{"href":"https:\/\/auro-cuines.com\/es\/wp-json\/wp\/v2\/types\/page"}],"author":[{"embeddable":true,"href":"https:\/\/auro-cuines.com\/es\/wp-json\/wp\/v2\/users\/1"}],"replies":[{"embeddable":true,"href":"https:\/\/auro-cuines.com\/es\/wp-json\/wp\/v2\/comments?post=4365"}],"version-history":[{"count":4,"href":"https:\/\/auro-cuines.com\/es\/wp-json\/wp\/v2\/pages\/4365\/revisions"}],"predecessor-version":[{"id":4609,"href":"https:\/\/auro-cuines.com\/es\/wp-json\/wp\/v2\/pages\/4365\/revisions\/4609"}],"wp:attachment":[{"href":"https:\/\/auro-cuines.com\/es\/wp-json\/wp\/v2\/media?parent=4365"}],"curies":[{"name":"wp","href":"https:\/\/api.w.org\/{rel}","templated":true}]}}