{"id":4363,"date":"2021-08-04T08:12:04","date_gmt":"2021-08-04T08:12:04","guid":{"rendered":"https:\/\/auro-cuines.com\/?page_id=4363"},"modified":"2021-11-09T11:40:56","modified_gmt":"2021-11-09T11:40:56","slug":"cocinas-en-vilanova-i-la-geltru","status":"publish","type":"page","link":"https:\/\/auro-cuines.com\/es\/cocinas-en-vilanova-i-la-geltru\/","title":{"rendered":"Cocinas en Vilanova i la Geltr\u00fa"},"content":{"rendered":"<p>Aur\u00f3 Kitchens es una de las m\u00e1s prestigiosas empresas de <strong>cocinas en Vilanova i la Geltr\u00fa<\/strong>, Sitges, Sant Pere de Ribes y la comarca del Baix Llobregat. Nuestra empresa se fund\u00f3 siguiendo la tradici\u00f3n de una saga familiar de carpinteros y ebanistas de m\u00e1s de un siglo de historia. Establecimos la marca Aur\u00f3 hace 35 a\u00f1os, y desde entonces nos hemos especializado en la fabricaci\u00f3n de cocinas de dise\u00f1o individualizadas. Tratamos cada proyecto de forma individual y personalizada para sacar el m\u00e1ximo partido al espacio disponible y a las preferencias de cada uno de nuestros clientes.<\/p>\n<p>Sin duda, este es uno de los secretos de nuestro \u00e9xito que nos ha consolidado como una de las empresas de referencia de <a href=\"https:\/\/auro-cuines.com\/muebles-de-cocina-en-sant-boi-de-llobregat\/\" title=\"Muebles de cocina en Sant Boi de Llobregat\">muebles de cocina en Sant Boi de Llobregat<\/a> y toda la provincia de Barcelona. A lo largo de nuestra dilatada trayectoria profesional hemos dedicado una gran parte de nuestro tiempo a la investigaci\u00f3n y al dise\u00f1o, hasta alcanzar unos muebles de cocina de l\u00edneas elegantes y depuradas fabricados en los mejores materiales tanto desde el punto de vista est\u00e9tico como funcional y de durabilidad.<\/p>\n<p><img fetchpriority=\"high\" decoding=\"async\" class=\"aligncenter size-full wp-image-3875\" title=\"Cocinas en Vilanova i la Geltr\u00fa\" src=\"https:\/\/auro-cuines.com\/wp-content\/uploads\/cocinas-de-lujo-ideas.jpg\" alt=\"Cocinas en Vilanova i la Geltru\" width=\"602\" height=\"454\" srcset=\"https:\/\/auro-cuines.com\/wp-content\/uploads\/cocinas-de-lujo-ideas.jpg 602w, https:\/\/auro-cuines.com\/wp-content\/uploads\/cocinas-de-lujo-ideas-300x226.jpg 300w\" sizes=\"(max-width: 602px) 100vw, 602px\" \/><\/p>\n<h2><strong>Si buscas cocinas en Vilanova i la Geltr\u00fa, sigue leyendo&#8230;<\/strong><\/h2>\n<p>Si est\u00e1s buscando <strong>cocinas en Vilanova i la Geltr\u00fa<\/strong>, tenemos buenas noticias para ti. Encontrar\u00e1s nuestro showroom a poca distancia, en Cornell\u00e0 de Llobregat. All\u00ed podr\u00e1s admirar algunas de nuestras creaciones, y por supuesto consultar cualquier informaci\u00f3n adicional que necesites. Nuestros especialistas estar\u00e1n encantados de ayudarte a configurar la cocina de tus sue\u00f1os. Disponemos de una amplia gama de maderas de la mejor calidad: fresno, roble, olivo, \u00e9bano\u2026 para que podamos crear exactamente la cocina que te imaginas.<\/p>\n<p>Adem\u00e1s, no ser\u00edamos unos aut\u00e9nticos especialistas en <a href=\"https:\/\/auro-cuines.com\/muebles-de-cocina-en-vilanova-i-la-geltru\/\" title=\"Muebles de cocina en Vilanova i la Geltr\u00fa\">muebles de cocina en Vilanova i la Geltr\u00fa<\/a> si no ofreci\u00e9ramos complementos de las marcas m\u00e1s punteras a nivel mundial. Nuestras cocinas van equipadas con fregaderos, grifos, hornos\u2026 de marcas de reconocido prestigio internacional como Liebherr, Bora, Miele, Gaggenau, Neolith y muchas m\u00e1s. Los productos m\u00e1s exclusivos para que consigas una cocina de la que no querr\u00e1s salir. \u00a1Ponte en contacto con nuestro equipo comercial y comienza ya a configurar la cocina de tus sue\u00f1os!<\/p>\n<div class='clear '><\/div><\/div>","protected":false},"excerpt":{"rendered":"<p>Aur&oacute; Kitchens es una de las m&aacute;s prestigiosas empresas de cocinas en Vilanova i la Geltr&uacute;, Sitges, Sant Pere de Ribes y la comarca del Baix Llobregat. Nuestra empresa se fund&oacute; siguiendo la tradici&oacute;n de una saga familiar de carpinteros y ebanistas de m&aacute;s de un siglo de historia. Establecimos la marca Aur&oacute; hace 35 [&hellip;]<\/p>\n","protected":false},"author":1,"featured_media":0,"parent":0,"menu_order":0,"comment_status":"closed","ping_status":"closed","template":"","meta":{"_genesis_hide_title":false,"_genesis_hide_breadcrumbs":false,"_genesis_hide_singular_image":false,"_genesis_hide_footer_widgets":false,"_genesis_custom_body_class":"","_genesis_custom_post_class":"","_genesis_layout":"","footnotes":""},"class_list":{"0":"post-4363","1":"page","2":"type-page","3":"status-publish","5":"entry"},"aioseo_notices":[],"_links":{"self":[{"href":"https:\/\/auro-cuines.com\/es\/wp-json\/wp\/v2\/pages\/4363","targetHints":{"allow":["GET"]}}],"collection":[{"href":"https:\/\/auro-cuines.com\/es\/wp-json\/wp\/v2\/pages"}],"about":[{"href":"https:\/\/auro-cuines.com\/es\/wp-json\/wp\/v2\/types\/page"}],"author":[{"embeddable":true,"href":"https:\/\/auro-cuines.com\/es\/wp-json\/wp\/v2\/users\/1"}],"replies":[{"embeddable":true,"href":"https:\/\/auro-cuines.com\/es\/wp-json\/wp\/v2\/comments?post=4363"}],"version-history":[{"count":4,"href":"https:\/\/auro-cuines.com\/es\/wp-json\/wp\/v2\/pages\/4363\/revisions"}],"predecessor-version":[{"id":4607,"href":"https:\/\/auro-cuines.com\/es\/wp-json\/wp\/v2\/pages\/4363\/revisions\/4607"}],"wp:attachment":[{"href":"https:\/\/auro-cuines.com\/es\/wp-json\/wp\/v2\/media?parent=4363"}],"curies":[{"name":"wp","href":"https:\/\/api.w.org\/{rel}","templated":true}]}}