{"id":4361,"date":"2021-08-04T08:11:08","date_gmt":"2021-08-04T08:11:08","guid":{"rendered":"https:\/\/auro-cuines.com\/?page_id=4361"},"modified":"2021-11-09T11:58:20","modified_gmt":"2021-11-09T11:58:20","slug":"cocinas-en-hospitalet-de-llobregat","status":"publish","type":"page","link":"https:\/\/auro-cuines.com\/es\/cocinas-en-hospitalet-de-llobregat\/","title":{"rendered":"Cocinas en Hospitalet de Llobregat"},"content":{"rendered":"<p>\u00bfEst\u00e1s buscando empresas especializadas en <strong>cocinas en Hospitalet de Llobregat<\/strong>? En Aur\u00f3 Kitchens llevamos 35 a\u00f1os dedic\u00e1ndonos al dise\u00f1o y la fabricaci\u00f3n de muebles de cocina de la mejor calidad. Somos herederos de una tradici\u00f3n familiar de carpinteros y ebanistas que se remonta a m\u00e1s de un siglo de antig\u00fcedad. Y continuamos con el esp\u00edritu de los grandes artesanos que trabajaban en aquella \u00e9poca: huimos de la producci\u00f3n en serie y proponemos cocinas individualizadas para cada cliente para que as\u00ed podamos dar respuesta a todas sus necesidades.<\/p>\n<p>Creemos que la cocina es la estancia m\u00e1s importante del hogar, y por lo tanto una pieza b\u00e1sica para poder sentirnos a gusto en nuestra propia casa. Por eso ponemos todo nuestro trabajo en dise\u00f1ar y fabricar cocinas del m\u00e1s alto nivel. Estudiamos cada caso con esmero y lo tratamos de forma personal y \u00fanica para adaptarnos a los requerimientos de cada cliente. Si est\u00e1s buscando <a href=\"https:\/\/auro-cuines.com\/cocinas-en-vilanova-i-la-geltru\/\" title=\"Cocinas en Vilanova i la Geltr\u00fa\">cocinas en Vilanova i la Geltr\u00fa<\/a>, Sitges, o cualquier otra poblaci\u00f3n de Barcelona, en Aur\u00f3 Kitchens estaremos encantados de asesorarte.<\/p>\n<p><img fetchpriority=\"high\" decoding=\"async\" class=\"aligncenter size-large wp-image-4329\" title=\"Cocinas en Hospitalet de Llobregat\" src=\"https:\/\/auro-cuines.com\/wp-content\/uploads\/Diseno-de-cocinas-en-Barcelona-Auro-Kitchens-1-825x550.jpg\" alt=\"Cocinas en Hospitalet de Llobregat\" width=\"825\" height=\"550\" srcset=\"https:\/\/auro-cuines.com\/wp-content\/uploads\/Diseno-de-cocinas-en-Barcelona-Auro-Kitchens-1-825x550.jpg 825w, https:\/\/auro-cuines.com\/wp-content\/uploads\/Diseno-de-cocinas-en-Barcelona-Auro-Kitchens-1-300x200.jpg 300w, https:\/\/auro-cuines.com\/wp-content\/uploads\/Diseno-de-cocinas-en-Barcelona-Auro-Kitchens-1-768x512.jpg 768w, https:\/\/auro-cuines.com\/wp-content\/uploads\/Diseno-de-cocinas-en-Barcelona-Auro-Kitchens-1.jpg 900w\" sizes=\"(max-width: 825px) 100vw, 825px\" \/><\/p>\n<h2><strong>Las mejores cocinas Hospitalet de Llobregat ahora a tu alcance<\/strong><\/h2>\n<p>A lo largo de nuestra trayectoria profesional, hemos conseguido consolidarnos como una de las empresas m\u00e1s prestigiosas entre las especializadas en <strong>cocinas en Hospitalet de Llobregat<\/strong>. Cada vez son m\u00e1s los estudios de arquitectura y clientes particulares que acuden a nosotros desde toda la geograf\u00eda catalana para buscar el asesoramiento de nuestros expertos y confiarnos sus proyectos. Se trata sin duda de un reconocimiento a nuestro buen hacer, y no podemos estar m\u00e1s agradecidos a todos aquellos que han depositado su confianza en nosotros durante todos estos a\u00f1os.<\/p>\n<p>Disponemos de una ampl\u00edsima gama de maderas para realizar nuestros muebles de cocina. En nuestro cat\u00e1logo encontrar\u00e1s muebles de cocina de \u00e9bano, de roble, de fresno\u2026 pero tambi\u00e9n de otras maderas que nos permiten realizar dise\u00f1os m\u00e1s minimalistas y funcionales con un estilo m\u00e1s joven. \u00a1Ac\u00e9rcate a conocer nuestro showroom y descubre por qu\u00e9 somos la empresa de referencia a la hora de buscar <a href=\"https:\/\/auro-cuines.com\/muebles-de-cocina-en-sant-boi-de-llobregat\/\" title=\"Muebles de cocina en Sant Boi de Llobregat\">muebles de cocina en Sant Boi de Llobregat<\/a>, Barcelona, Hospitalet, y toda Catalunya!<\/p>\n<div class='clear '><\/div><\/div>","protected":false},"excerpt":{"rendered":"<p>&iquest;Est&aacute;s buscando empresas especializadas en cocinas en Hospitalet de Llobregat? En Aur&oacute; Kitchens llevamos 35 a&ntilde;os dedic&aacute;ndonos al dise&ntilde;o y la fabricaci&oacute;n de muebles de cocina de la mejor calidad. Somos herederos de una tradici&oacute;n familiar de carpinteros y ebanistas que se remonta a m&aacute;s de un siglo de antig&uuml;edad. Y continuamos con el esp&iacute;ritu [&hellip;]<\/p>\n","protected":false},"author":1,"featured_media":0,"parent":0,"menu_order":0,"comment_status":"closed","ping_status":"closed","template":"","meta":{"_genesis_hide_title":false,"_genesis_hide_breadcrumbs":false,"_genesis_hide_singular_image":false,"_genesis_hide_footer_widgets":false,"_genesis_custom_body_class":"","_genesis_custom_post_class":"","_genesis_layout":"","footnotes":""},"class_list":{"0":"post-4361","1":"page","2":"type-page","3":"status-publish","5":"entry"},"aioseo_notices":[],"_links":{"self":[{"href":"https:\/\/auro-cuines.com\/es\/wp-json\/wp\/v2\/pages\/4361","targetHints":{"allow":["GET"]}}],"collection":[{"href":"https:\/\/auro-cuines.com\/es\/wp-json\/wp\/v2\/pages"}],"about":[{"href":"https:\/\/auro-cuines.com\/es\/wp-json\/wp\/v2\/types\/page"}],"author":[{"embeddable":true,"href":"https:\/\/auro-cuines.com\/es\/wp-json\/wp\/v2\/users\/1"}],"replies":[{"embeddable":true,"href":"https:\/\/auro-cuines.com\/es\/wp-json\/wp\/v2\/comments?post=4361"}],"version-history":[{"count":4,"href":"https:\/\/auro-cuines.com\/es\/wp-json\/wp\/v2\/pages\/4361\/revisions"}],"predecessor-version":[{"id":4611,"href":"https:\/\/auro-cuines.com\/es\/wp-json\/wp\/v2\/pages\/4361\/revisions\/4611"}],"wp:attachment":[{"href":"https:\/\/auro-cuines.com\/es\/wp-json\/wp\/v2\/media?parent=4361"}],"curies":[{"name":"wp","href":"https:\/\/api.w.org\/{rel}","templated":true}]}}