{"id":4359,"date":"2021-08-04T08:08:41","date_gmt":"2021-08-04T08:08:41","guid":{"rendered":"https:\/\/auro-cuines.com\/?page_id=4359"},"modified":"2021-11-09T11:57:36","modified_gmt":"2021-11-09T11:57:36","slug":"cocinas-en-sant-boi-de-llobregat","status":"publish","type":"page","link":"https:\/\/auro-cuines.com\/es\/cocinas-en-sant-boi-de-llobregat\/","title":{"rendered":"Cocinas en Sant Boi de Llobregat"},"content":{"rendered":"<p>Si has llegado a esta p\u00e1gina buscando <strong>cocinas en Sant Boi de Llobregat<\/strong>, est\u00e1s de enhorabuena. Aur\u00f3 Kitchens es una empresa con 35 a\u00f1os de experiencia en la creaci\u00f3n de muebles de cocina de dise\u00f1o, siguiendo con la tradici\u00f3n familiar de maestros ebanistas que se remonta a m\u00e1s de 100 a\u00f1os de antig\u00fcedad. Durante todos estos a\u00f1os de andadura profesional, hemos basado nuestro trabajo en un firme compromiso por ofrecer a nuestros clientes productos de est\u00e9tica insuperable y una calidad de construcci\u00f3n y durabilidad a toda prueba.<\/p>\n<p>Desde nuestra sede de Cornell\u00e0 de Llobregat damos servicio no solo a toda la provincia de Barcelona, sino que hemos realizado proyectos para diferentes puntos de la geograf\u00eda espa\u00f1ola e incluso internacional. Son muchos los estudios de arquitectura que conf\u00edan en nosotros para dotar a sus proyectos del toque de distinci\u00f3n que solo una empresa como Aur\u00f3 puede aportar. Las mejores <a href=\"https:\/\/auro-cuines.com\/cocinas-en-hospitalet-de-llobregat\/\" title=\"Cocinas en Hospitalet de Llobregat\">Cocinas en Hospitalet de Llobregat<\/a> y en toda la provincia de Barcelona, est\u00e1n ahora a tu alcance a solo unos clicks de distancia. \u00a1Encarga ya tu proyecto a trav\u00e9s de nuestra web!<\/p>\n<p><img fetchpriority=\"high\" decoding=\"async\" class=\"aligncenter size-full wp-image-4330\" src=\"https:\/\/auro-cuines.com\/wp-content\/uploads\/Diseno-de-cocinas-en-Barcelona-Auro-Kitchens.jpg\" alt=\"Cocinas en Sant Boi de Llobregat\" title=\"Cocinas en Sant Boi de Llobregat\" width=\"800\" height=\"529\" srcset=\"https:\/\/auro-cuines.com\/wp-content\/uploads\/Diseno-de-cocinas-en-Barcelona-Auro-Kitchens.jpg 800w, https:\/\/auro-cuines.com\/wp-content\/uploads\/Diseno-de-cocinas-en-Barcelona-Auro-Kitchens-300x198.jpg 300w, https:\/\/auro-cuines.com\/wp-content\/uploads\/Diseno-de-cocinas-en-Barcelona-Auro-Kitchens-768x508.jpg 768w\" sizes=\"(max-width: 800px) 100vw, 800px\" \/><\/p>\n<h2><strong>Cocinas en Sant Boi de Llobregat fabricadas con las mejores maderas<\/strong><\/h2>\n<p>Sabemos que nuestros clientes solo se conforman con lo mejor. Por eso, si buscas <strong>cocinas en Sant Boi de Llobregat<\/strong> queremos recordarte que en Aur\u00f3 Kitchens trabajamos \u00fanicamente con maderas nobles y de la mejor calidad: \u00e9bano, roble, olivo, fresno\u2026 un amplio abanico de soluciones para satisfacer las demandas est\u00e9ticas de nuestros clientes y garantizarles los m\u00e1s altos est\u00e1ndares de fabricaci\u00f3n.<\/p>\n<p>El trabajar con una gama de maderas tan extensa nos permite crear diferentes estilos est\u00e9ticos: desde el m\u00e1s minimalista, funcional y juvenil hasta el m\u00e1s elegante y refinado. Adem\u00e1s, detalles como la utilizaci\u00f3n de microcemento y materiales porcel\u00e1nicos, puertas con o sin tiradores y mil detalles m\u00e1s nos permiten crear cocinas \u00fanicas e irrepetibles para el disfrute de nuestros clientes. Todas nuestras cocinas se fabrican de forma individualizada y no en serie. \u00a1Si est\u00e1s buscando <a href=\"https:\/\/auro-cuines.com\/cocinas-en-vilanova-i-la-geltru\/\" title=\"Cocinas en Vilanova i la Geltr\u00fa\">cocinas en Vilanova i la Geltr\u00fa<\/a>, Sant Boi, Castelldefels, Hospitalet o cualquier otra poblaci\u00f3n de Barcelona, no lo dudes y ponte en contacto con nuestro equipo de expertos cuanto antes!<\/p>\n<div class='clear '><\/div><\/div>","protected":false},"excerpt":{"rendered":"<p>Si has llegado a esta p&aacute;gina buscando cocinas en Sant Boi de Llobregat, est&aacute;s de enhorabuena. Aur&oacute; Kitchens es una empresa con 35 a&ntilde;os de experiencia en la creaci&oacute;n de muebles de cocina de dise&ntilde;o, siguiendo con la tradici&oacute;n familiar de maestros ebanistas que se remonta a m&aacute;s de 100 a&ntilde;os de antig&uuml;edad. Durante todos [&hellip;]<\/p>\n","protected":false},"author":1,"featured_media":0,"parent":0,"menu_order":0,"comment_status":"closed","ping_status":"closed","template":"","meta":{"_genesis_hide_title":false,"_genesis_hide_breadcrumbs":false,"_genesis_hide_singular_image":false,"_genesis_hide_footer_widgets":false,"_genesis_custom_body_class":"","_genesis_custom_post_class":"","_genesis_layout":"","footnotes":""},"class_list":{"0":"post-4359","1":"page","2":"type-page","3":"status-publish","5":"entry"},"aioseo_notices":[],"_links":{"self":[{"href":"https:\/\/auro-cuines.com\/es\/wp-json\/wp\/v2\/pages\/4359","targetHints":{"allow":["GET"]}}],"collection":[{"href":"https:\/\/auro-cuines.com\/es\/wp-json\/wp\/v2\/pages"}],"about":[{"href":"https:\/\/auro-cuines.com\/es\/wp-json\/wp\/v2\/types\/page"}],"author":[{"embeddable":true,"href":"https:\/\/auro-cuines.com\/es\/wp-json\/wp\/v2\/users\/1"}],"replies":[{"embeddable":true,"href":"https:\/\/auro-cuines.com\/es\/wp-json\/wp\/v2\/comments?post=4359"}],"version-history":[{"count":4,"href":"https:\/\/auro-cuines.com\/es\/wp-json\/wp\/v2\/pages\/4359\/revisions"}],"predecessor-version":[{"id":4610,"href":"https:\/\/auro-cuines.com\/es\/wp-json\/wp\/v2\/pages\/4359\/revisions\/4610"}],"wp:attachment":[{"href":"https:\/\/auro-cuines.com\/es\/wp-json\/wp\/v2\/media?parent=4359"}],"curies":[{"name":"wp","href":"https:\/\/api.w.org\/{rel}","templated":true}]}}