{"id":4357,"date":"2021-08-04T08:07:46","date_gmt":"2021-08-04T08:07:46","guid":{"rendered":"https:\/\/auro-cuines.com\/?page_id=4357"},"modified":"2021-11-09T11:40:04","modified_gmt":"2021-11-09T11:40:04","slug":"cocina-en-viladecans","status":"publish","type":"page","link":"https:\/\/auro-cuines.com\/es\/cocina-en-viladecans\/","title":{"rendered":"Cocina en Viladecans"},"content":{"rendered":"<p>Si est\u00e1s interesado en adquirir una nueva <strong>cocina en Viladecans<\/strong> o en cualquier otro lugar de la provincia de Barcelona, perm\u00edtenos que te hablemos sobre las opciones que encontrar\u00e1s en Aur\u00f3 Kitchens. En Aur\u00f3 hacemos una apuesta decidida por ofrecer a nuestros clientes los mejores materiales del mercado: algunos ejemplos son los frontales de microcemento, que permiten texturas, acabados y colores que conseguir\u00e1n combinar a la perfecci\u00f3n con las paredes y el suelo de tu cocina.<\/p>\n<p>Tambi\u00e9n empleamos en nuestros muebles encimeras porcel\u00e1nicas de gran durabilidad y con una est\u00e9tica insuperable. Y si lo que necesitas es un toque de dise\u00f1o inimitable sin renunciar por ello a la resistencia de los materiales, podemos ofrecerte muebles fabricados en tablero marino. Se trata del material empleado en la construcci\u00f3n de embarcaciones, con unos tratamientos hidr\u00f3fugos perfectos para asegurar que en la cocina, donde es com\u00fan el contacto con el agua, su rendimiento ser\u00e1 impecable. Sin duda, se trata de una estupenda opci\u00f3n a tener en cuenta si est\u00e1s buscando <a href=\"https:\/\/auro-cuines.com\/cocinas-en-sant-boi-de-llobregat\/\" title=\"Cocinas en Sant Boi de Llobregat\">cocinas en Sant Boi de Llobregat<\/a> o en cualquier otra poblaci\u00f3n barcelonesa.<\/p>\n<p><img fetchpriority=\"high\" decoding=\"async\" class=\"aligncenter size-large wp-image-4209\" title=\"Cocina en Viladecans\" src=\"https:\/\/auro-cuines.com\/wp-content\/uploads\/Cocinas-de-diseno-en-Barcelona-Auro-Cocinas-Cocinas-lacadas-980x545.jpg\" alt=\"Cocina en Viladecans\" width=\"980\" height=\"545\" srcset=\"https:\/\/auro-cuines.com\/wp-content\/uploads\/Cocinas-de-diseno-en-Barcelona-Auro-Cocinas-Cocinas-lacadas-980x545.jpg 980w, https:\/\/auro-cuines.com\/wp-content\/uploads\/Cocinas-de-diseno-en-Barcelona-Auro-Cocinas-Cocinas-lacadas-300x167.jpg 300w, https:\/\/auro-cuines.com\/wp-content\/uploads\/Cocinas-de-diseno-en-Barcelona-Auro-Cocinas-Cocinas-lacadas-768x427.jpg 768w, https:\/\/auro-cuines.com\/wp-content\/uploads\/Cocinas-de-diseno-en-Barcelona-Auro-Cocinas-Cocinas-lacadas-1536x854.jpg 1536w, https:\/\/auro-cuines.com\/wp-content\/uploads\/Cocinas-de-diseno-en-Barcelona-Auro-Cocinas-Cocinas-lacadas.jpg 1600w\" sizes=\"(max-width: 980px) 100vw, 980px\" \/><\/p>\n<h2><strong>Si buscas una cocina en Viladecans con el mejor dise\u00f1o y calidad de fabricaci\u00f3n, sigue leyendo&#8230;<\/strong><\/h2>\n<p>\u2026 porque nunca fue tan f\u00e1cil conseguir una nueva <strong>cocina en Viladecans<\/strong> con todas las garant\u00edas que s\u00f3lo una empresa de prestigio como Aur\u00f3 puede proporcionarte. Y es que en Aur\u00f3 Cuines, adem\u00e1s del impresionante dise\u00f1o de nuestros muebles fabricados de forma individual por expertos carpinteros y ebanistas, te ofrecemos materiales de la m\u00e1s alta calidad: desde los herrajes de los cajones, de acero inoxidable y con sistema autom\u00e1tico, hasta la grifer\u00eda, el fregadero, el horno, la placa\u2026 en Aur\u00f3 solo encontrar\u00e1s productos de las marcas l\u00edderes del sector.<\/p>\n<p>Estamos seguros de que en nuestro cat\u00e1logo, que puedes consultar en nuestra web, encontrar\u00e1s el tipo de mueble ideal para tu cocina. Pero en cualquier caso, nuestros expertos te esperan en nuestro showroom de Calder\u00f3n de la Barca 1, en Cornell\u00e0 de Llobregat, para resolver todas tus dudas. Si buscas <a href=\"https:\/\/auro-cuines.com\/cocinas-en-hospitalet-de-llobregat\/\" title=\"Cocinas en Hospitalet de Llobregat\">cocinas en Hospitalet de Llobregat<\/a>, estamos muy cerca de ti.<\/p>\n<div class='clear '><\/div><\/div>","protected":false},"excerpt":{"rendered":"<p>Si est&aacute;s interesado en adquirir una nueva cocina en Viladecans o en cualquier otro lugar de la provincia de Barcelona, perm&iacute;tenos que te hablemos sobre las opciones que encontrar&aacute;s en Aur&oacute; Kitchens. En Aur&oacute; hacemos una apuesta decidida por ofrecer a nuestros clientes los mejores materiales del mercado: algunos ejemplos son los frontales de microcemento, [&hellip;]<\/p>\n","protected":false},"author":1,"featured_media":0,"parent":0,"menu_order":0,"comment_status":"closed","ping_status":"closed","template":"","meta":{"_genesis_hide_title":false,"_genesis_hide_breadcrumbs":false,"_genesis_hide_singular_image":false,"_genesis_hide_footer_widgets":false,"_genesis_custom_body_class":"","_genesis_custom_post_class":"","_genesis_layout":"","footnotes":""},"class_list":{"0":"post-4357","1":"page","2":"type-page","3":"status-publish","5":"entry"},"aioseo_notices":[],"_links":{"self":[{"href":"https:\/\/auro-cuines.com\/es\/wp-json\/wp\/v2\/pages\/4357","targetHints":{"allow":["GET"]}}],"collection":[{"href":"https:\/\/auro-cuines.com\/es\/wp-json\/wp\/v2\/pages"}],"about":[{"href":"https:\/\/auro-cuines.com\/es\/wp-json\/wp\/v2\/types\/page"}],"author":[{"embeddable":true,"href":"https:\/\/auro-cuines.com\/es\/wp-json\/wp\/v2\/users\/1"}],"replies":[{"embeddable":true,"href":"https:\/\/auro-cuines.com\/es\/wp-json\/wp\/v2\/comments?post=4357"}],"version-history":[{"count":4,"href":"https:\/\/auro-cuines.com\/es\/wp-json\/wp\/v2\/pages\/4357\/revisions"}],"predecessor-version":[{"id":4606,"href":"https:\/\/auro-cuines.com\/es\/wp-json\/wp\/v2\/pages\/4357\/revisions\/4606"}],"wp:attachment":[{"href":"https:\/\/auro-cuines.com\/es\/wp-json\/wp\/v2\/media?parent=4357"}],"curies":[{"name":"wp","href":"https:\/\/api.w.org\/{rel}","templated":true}]}}