{"id":4354,"date":"2021-08-04T08:06:46","date_gmt":"2021-08-04T08:06:46","guid":{"rendered":"https:\/\/auro-cuines.com\/?page_id=4354"},"modified":"2021-11-09T11:59:35","modified_gmt":"2021-11-09T11:59:35","slug":"cocina-en-sitges","status":"publish","type":"page","link":"https:\/\/auro-cuines.com\/es\/cocina-en-sitges\/","title":{"rendered":"Cocina en Sitges"},"content":{"rendered":"<p>Posiblemente hayas llegado a esta p\u00e1gina introduciendo <strong>Cocina Sitges<\/strong> en tu buscador. Cada vez son m\u00e1s los clientes de la comarca del Garraf que acuden a nosotros para confiarnos la renovaci\u00f3n de sus cocinas, o bien para encargarnos dise\u00f1os que est\u00e9n a la altura de su flamante vivienda de nueva construcci\u00f3n. En Aur\u00f3 somos especialistas en ayudarte a sacar el m\u00e1ximo partido a tu cocina, con dise\u00f1os modernos, vanguardistas y elegantes y empleando siempre calidades premium en nuestros muebles, y primeras marcas en la grifer\u00eda y el resto de complementos.<\/p>\n<p>Son ya m\u00e1s de 35 a\u00f1os aportando soluciones innovadoras y eficientes a todos y cada uno de los clientes que se han puesto en nuestras manos. Una de nuestras se\u00f1as de identidad es el hecho de que cada cocina se dise\u00f1a y se fabrica individualmente y no en serie. De este modo conseguimos maximizar los resultados, adaptando los muebles perfectamente al espacio disponible. Por eso, si est\u00e1s interesado en encargar una nueva <a href=\"https:\/\/auro-cuines.com\/cocina-en-viladecans\/\" title=\"Cocina en Viladecans\">cocina en Viladecans<\/a>, Sitges, Sant Pere de Ribes, Sant Boi de Llobregat\u2026 queremos ponernos a tu disposici\u00f3n para ayudarte en todo lo que est\u00e9 a nuestro alcance. Tu satisfacci\u00f3n es nuestra principal prioridad.<\/p>\n<p>&nbsp;<\/p>\n<p><img fetchpriority=\"high\" decoding=\"async\" class=\"aligncenter size-large wp-image-4095\" title=\"Cocina en Sitges\" src=\"https:\/\/auro-cuines.com\/wp-content\/uploads\/COCINA-BORA-PROFESSIONAL-3-980x447.png\" alt=\"Cocina en Sitges\" width=\"980\" height=\"447\" srcset=\"https:\/\/auro-cuines.com\/wp-content\/uploads\/COCINA-BORA-PROFESSIONAL-3-980x447.png 980w, https:\/\/auro-cuines.com\/wp-content\/uploads\/COCINA-BORA-PROFESSIONAL-3-300x137.png 300w, https:\/\/auro-cuines.com\/wp-content\/uploads\/COCINA-BORA-PROFESSIONAL-3-768x350.png 768w, https:\/\/auro-cuines.com\/wp-content\/uploads\/COCINA-BORA-PROFESSIONAL-3-1536x700.png 1536w, https:\/\/auro-cuines.com\/wp-content\/uploads\/COCINA-BORA-PROFESSIONAL-3-2048x933.png 2048w\" sizes=\"(max-width: 980px) 100vw, 980px\" \/><\/p>\n<h2><strong>\u00bfC\u00f3mo renovar tu cocina en Sitges con las mejores garant\u00edas?<\/strong><\/h2>\n<p>Sabemos que renovar tu <strong>cocina en Sitges<\/strong> puede ser una fuente de quebraderos de cabeza. Encontrar el mejor dise\u00f1o que te permita optimizar la usabilidad y aprovechar al m\u00e1ximo el espacio disponible, elegir los acabados, los materiales y las marcas\u2026no parece tarea sencilla. En Aur\u00f3 Kitchens encontrar\u00e1s al mejor equipo de expertos en el dise\u00f1o y la fabricaci\u00f3n de cocinas, que sabr\u00e1 dar respuesta a todas tus dudas. Concebimos la cocina como el alma de la casa, el espacio principal en torno al que gravita toda la vida del hogar.<\/p>\n<p>Para poder responder a las demandas de los clientes m\u00e1s refinados y exigentes, contamos en nuestro cat\u00e1logo con una exclusiva selecci\u00f3n de materiales de la m\u00e1s alta calidad. Sin duda, en Aur\u00f3 encontrar\u00e1s las mejores opciones a la hora de buscar <a href=\"https:\/\/auro-cuines.com\/cocinas-en-sant-boi-de-llobregat\/\" title=\"Cocinas en Sant Boi de Llobregat\">cocinas en Sant Boi de Llobregat<\/a>, Viladecans, Sitges o cualquier otra poblaci\u00f3n de Barcelona.<\/p>\n<div class='clear '><\/div><\/div>","protected":false},"excerpt":{"rendered":"<p>Posiblemente hayas llegado a esta p&aacute;gina introduciendo Cocina Sitges en tu buscador. Cada vez son m&aacute;s los clientes de la comarca del Garraf que acuden a nosotros para confiarnos la renovaci&oacute;n de sus cocinas, o bien para encargarnos dise&ntilde;os que est&eacute;n a la altura de su flamante vivienda de nueva construcci&oacute;n. En Aur&oacute; somos especialistas [&hellip;]<\/p>\n","protected":false},"author":1,"featured_media":0,"parent":0,"menu_order":0,"comment_status":"closed","ping_status":"closed","template":"","meta":{"_genesis_hide_title":false,"_genesis_hide_breadcrumbs":false,"_genesis_hide_singular_image":false,"_genesis_hide_footer_widgets":false,"_genesis_custom_body_class":"","_genesis_custom_post_class":"","_genesis_layout":"","footnotes":""},"class_list":{"0":"post-4354","1":"page","2":"type-page","3":"status-publish","5":"entry","6":"has-post-thumbnail"},"aioseo_notices":[],"_links":{"self":[{"href":"https:\/\/auro-cuines.com\/es\/wp-json\/wp\/v2\/pages\/4354","targetHints":{"allow":["GET"]}}],"collection":[{"href":"https:\/\/auro-cuines.com\/es\/wp-json\/wp\/v2\/pages"}],"about":[{"href":"https:\/\/auro-cuines.com\/es\/wp-json\/wp\/v2\/types\/page"}],"author":[{"embeddable":true,"href":"https:\/\/auro-cuines.com\/es\/wp-json\/wp\/v2\/users\/1"}],"replies":[{"embeddable":true,"href":"https:\/\/auro-cuines.com\/es\/wp-json\/wp\/v2\/comments?post=4354"}],"version-history":[{"count":4,"href":"https:\/\/auro-cuines.com\/es\/wp-json\/wp\/v2\/pages\/4354\/revisions"}],"predecessor-version":[{"id":4612,"href":"https:\/\/auro-cuines.com\/es\/wp-json\/wp\/v2\/pages\/4354\/revisions\/4612"}],"wp:attachment":[{"href":"https:\/\/auro-cuines.com\/es\/wp-json\/wp\/v2\/media?parent=4354"}],"curies":[{"name":"wp","href":"https:\/\/api.w.org\/{rel}","templated":true}]}}