{"id":4352,"date":"2021-08-04T07:58:19","date_gmt":"2021-08-04T07:58:19","guid":{"rendered":"https:\/\/auro-cuines.com\/?page_id=4352"},"modified":"2021-11-09T12:00:10","modified_gmt":"2021-11-09T12:00:10","slug":"cocina-en-castelldefels","status":"publish","type":"page","link":"https:\/\/auro-cuines.com\/es\/cocina-en-castelldefels\/","title":{"rendered":"Cocina en Castelldefels"},"content":{"rendered":"<p>\u00bfEst\u00e1s pensando en renovar tu <strong>cocina en Castelldefels<\/strong>? \u00bfBuscas una cocina de la m\u00e1s alta calidad, un dise\u00f1o \u00fanico y los mejores y m\u00e1s duraderos materiales? En Aur\u00f3 somos aut\u00e9nticos especialistas en el dise\u00f1o y la fabricaci\u00f3n de muebles de cocina. Desde la fundaci\u00f3n de nuestra empresa hace ya 35 a\u00f1os, nos hemos caracterizado por aunar la tradici\u00f3n de los grandes maestros ebanistas con las ventajas que nos aportan las nuevas tecnolog\u00edas de vanguardia. De este modo conseguimos piezas \u00fanicas e inimitables que dar\u00e1n a tu hogar un toque elegante y de dise\u00f1o actual, sin perder por ello un \u00e1pice de funcionalidad.<\/p>\n<p>Desde nuestra sede de Cornell\u00e0 realizamos proyectos para todo el territorio catal\u00e1n, e incluso para clientes de otros territorios de Espa\u00f1a y del extranjero. Por eso, si est\u00e1s buscando una nueva <a href=\"https:\/\/auro-cuines.com\/cocina-en-sitges\/\" title=\"Cocina en Sitges\">cocina en Sitges<\/a>, Sant Pere de Ribes, Vilanova i la Geltr\u00fa, Vilafranca del Pened\u00e9s o cualquier otra poblaci\u00f3n de Barcelona, en Aur\u00f3 Cuines estamos seguros de que sabremos ofrecerte las mejores opciones para que empieces a disfrutar cuanto antes de una cocina de ensue\u00f1o.<\/p>\n<p>&nbsp;<\/p>\n<p><img fetchpriority=\"high\" decoding=\"async\" class=\"aligncenter size-large wp-image-4328\" title=\"Cocina en Castelldefels\" src=\"https:\/\/auro-cuines.com\/wp-content\/uploads\/Diseno-de-cocinas-en-Barcelona-Auro-Kitchens-2-980x545.jpg\" alt=\"Cocina en Castelldefels\" width=\"980\" height=\"545\" srcset=\"https:\/\/auro-cuines.com\/wp-content\/uploads\/Diseno-de-cocinas-en-Barcelona-Auro-Kitchens-2-980x545.jpg 980w, https:\/\/auro-cuines.com\/wp-content\/uploads\/Diseno-de-cocinas-en-Barcelona-Auro-Kitchens-2-300x167.jpg 300w, https:\/\/auro-cuines.com\/wp-content\/uploads\/Diseno-de-cocinas-en-Barcelona-Auro-Kitchens-2-768x427.jpg 768w, https:\/\/auro-cuines.com\/wp-content\/uploads\/Diseno-de-cocinas-en-Barcelona-Auro-Kitchens-2-1536x854.jpg 1536w, https:\/\/auro-cuines.com\/wp-content\/uploads\/Diseno-de-cocinas-en-Barcelona-Auro-Kitchens-2.jpg 1600w\" sizes=\"(max-width: 980px) 100vw, 980px\" \/><\/p>\n<h2><strong>\u00bfQuieres renovar tu cocina en Castelldefels para dar un nuevo aire a tu hogar?<\/strong><\/h2>\n<p>Son muchos los clientes que se ponen en contacto con nosotros buscando renovar su <strong>cocina en Castelldefels<\/strong>. En Aur\u00f3 te ofrecemos una selecci\u00f3n de los materiales m\u00e1s nobles, resistentes y duraderos para que tu nueva cocina te enamore. Trabajamos habitualmente con materiales como el microcemento, el porcel\u00e1nico y el tablero marino, que proporcionan una est\u00e9tica inmejorable y una fiabilidad a toda prueba. Esto hace que cuenten con una alta demanda entre los clientes m\u00e1s exigentes. Visita nuestro showroom para ver algunos ejemplos de nuestros productos.<\/p>\n<p>Solo en Aur\u00f3 encontrar\u00e1s los dise\u00f1os m\u00e1s armoniosos y los mejores materiales. Adem\u00e1s, trabajamos con las marcas m\u00e1s punteras del sector: Bora, Neff, Miele, Liebherr, Barazza.. y muchas m\u00e1s. Aur\u00f3 es tu especialista en muebles de <a href=\"https:\/\/auro-cuines.com\/cocina-en-viladecans\/\" title=\"Cocina en Viladecans\">cocina en Viladecans<\/a>, Baix Llobregat, Alt Pened\u00e8s, Garraf y toda la provincia de Barcelona. \u00a1Ven a conocer nuestro extenso cat\u00e1logo y encarga ya tu proyecto a Aur\u00f3 para comenzar a disfrutar cuanto antes de tu nueva cocina de dise\u00f1o!<\/p>\n<div class='clear '><\/div><\/div>","protected":false},"excerpt":{"rendered":"<p>&iquest;Est&aacute;s pensando en renovar tu cocina en Castelldefels? &iquest;Buscas una cocina de la m&aacute;s alta calidad, un dise&ntilde;o &uacute;nico y los mejores y m&aacute;s duraderos materiales? En Aur&oacute; somos aut&eacute;nticos especialistas en el dise&ntilde;o y la fabricaci&oacute;n de muebles de cocina. Desde la fundaci&oacute;n de nuestra empresa hace ya 35 a&ntilde;os, nos hemos caracterizado por [&hellip;]<\/p>\n","protected":false},"author":1,"featured_media":0,"parent":0,"menu_order":0,"comment_status":"closed","ping_status":"closed","template":"","meta":{"_genesis_hide_title":false,"_genesis_hide_breadcrumbs":false,"_genesis_hide_singular_image":false,"_genesis_hide_footer_widgets":false,"_genesis_custom_body_class":"","_genesis_custom_post_class":"","_genesis_layout":"","footnotes":""},"class_list":{"0":"post-4352","1":"page","2":"type-page","3":"status-publish","5":"entry"},"aioseo_notices":[],"_links":{"self":[{"href":"https:\/\/auro-cuines.com\/es\/wp-json\/wp\/v2\/pages\/4352","targetHints":{"allow":["GET"]}}],"collection":[{"href":"https:\/\/auro-cuines.com\/es\/wp-json\/wp\/v2\/pages"}],"about":[{"href":"https:\/\/auro-cuines.com\/es\/wp-json\/wp\/v2\/types\/page"}],"author":[{"embeddable":true,"href":"https:\/\/auro-cuines.com\/es\/wp-json\/wp\/v2\/users\/1"}],"replies":[{"embeddable":true,"href":"https:\/\/auro-cuines.com\/es\/wp-json\/wp\/v2\/comments?post=4352"}],"version-history":[{"count":5,"href":"https:\/\/auro-cuines.com\/es\/wp-json\/wp\/v2\/pages\/4352\/revisions"}],"predecessor-version":[{"id":4613,"href":"https:\/\/auro-cuines.com\/es\/wp-json\/wp\/v2\/pages\/4352\/revisions\/4613"}],"wp:attachment":[{"href":"https:\/\/auro-cuines.com\/es\/wp-json\/wp\/v2\/media?parent=4352"}],"curies":[{"name":"wp","href":"https:\/\/api.w.org\/{rel}","templated":true}]}}