{"id":4052,"date":"2021-03-21T07:28:42","date_gmt":"2021-03-21T07:28:42","guid":{"rendered":"https:\/\/auro-cuines.com\/?page_id=4052"},"modified":"2021-03-22T11:12:24","modified_gmt":"2021-03-22T11:12:24","slug":"neff","status":"publish","type":"page","link":"https:\/\/auro-cuines.com\/es\/neff\/","title":{"rendered":"Electrodom\u00e9sticos Neff"},"content":{"rendered":"<p><\/p>\n<h1 class=\"a-heading\">NEFF &#8211; 140 a\u00f1os de historia<\/h1>\n<p>Muchas cosas han cambiado desde que Carl Neff construyera su primer horno en 1877. Personas de todo el mundo se han puesto manos a la obra y compartido las alegr\u00edas y los sinsabores de la cocina. Los ingredientes globales se han convertido en ingredientes locales. Desde sus inicios humildes, la cocina ha crecido en tama\u00f1o y relevancia hasta convertirse en la estancia principal del hogar, a menudo con un <strong>horno NEFF<\/strong> como epicentro.<\/p>\n<div>\n<div><img decoding=\"async\" class=\"wp-image-4059 size-thumbnail aligncenter\" src=\"https:\/\/auro-cuines.com\/wp-content\/uploads\/Carl-Neff-140m-anos-de-historia.jpg\" alt=\"Neff\" width=\"734\" srcset=\"https:\/\/auro-cuines.com\/wp-content\/uploads\/Carl-Neff-140m-anos-de-historia.jpg 1800w, https:\/\/auro-cuines.com\/wp-content\/uploads\/Carl-Neff-140m-anos-de-historia-300x225.jpg 300w, https:\/\/auro-cuines.com\/wp-content\/uploads\/Carl-Neff-140m-anos-de-historia-734x550.jpg 734w, https:\/\/auro-cuines.com\/wp-content\/uploads\/Carl-Neff-140m-anos-de-historia-768x575.jpg 768w, https:\/\/auro-cuines.com\/wp-content\/uploads\/Carl-Neff-140m-anos-de-historia-1536x1150.jpg 1536w\" sizes=\"(max-width: 1800px) 100vw, 1800px\" \/><br \/>\n<img decoding=\"async\" class=\"size-thumbnail wp-image-4060 aligncenter\" src=\"https:\/\/auro-cuines.com\/wp-content\/uploads\/hornos-neff-140-anos-historia.jpg\" alt=\"Hornos Neff\" width=\"734\" srcset=\"https:\/\/auro-cuines.com\/wp-content\/uploads\/hornos-neff-140-anos-historia.jpg 1800w, https:\/\/auro-cuines.com\/wp-content\/uploads\/hornos-neff-140-anos-historia-300x225.jpg 300w, https:\/\/auro-cuines.com\/wp-content\/uploads\/hornos-neff-140-anos-historia-734x550.jpg 734w, https:\/\/auro-cuines.com\/wp-content\/uploads\/hornos-neff-140-anos-historia-768x575.jpg 768w, https:\/\/auro-cuines.com\/wp-content\/uploads\/hornos-neff-140-anos-historia-1536x1150.jpg 1536w\" sizes=\"(max-width: 1800px) 100vw, 1800px\" \/><\/div>\n<p><img fetchpriority=\"high\" decoding=\"async\" class=\"size-large wp-image-4061 aligncenter\" src=\"https:\/\/auro-cuines.com\/wp-content\/uploads\/flexinduccion-neff-734x550.jpg\" alt=\"Flexinduccion Neff\" width=\"734\" height=\"550\" srcset=\"https:\/\/auro-cuines.com\/wp-content\/uploads\/flexinduccion-neff-734x550.jpg 734w, https:\/\/auro-cuines.com\/wp-content\/uploads\/flexinduccion-neff-300x225.jpg 300w, https:\/\/auro-cuines.com\/wp-content\/uploads\/flexinduccion-neff-768x575.jpg 768w, https:\/\/auro-cuines.com\/wp-content\/uploads\/flexinduccion-neff-1536x1150.jpg 1536w, https:\/\/auro-cuines.com\/wp-content\/uploads\/flexinduccion-neff.jpg 1800w\" sizes=\"(max-width: 734px) 100vw, 734px\" \/><\/p>\n<\/div>\n<h3>Nueva imagen Graphite Grey de Neff<\/h3>\n<p>&nbsp;<\/p>\n<p>Descubre <strong>los nuevos hornos Graphite Grey<\/strong> que incorporan acero oscurecido en mandos y perfiles. Este acero es perfecto para facilitar la integraci\u00f3n y tambi\u00e9n para crear contrastes con materiales actuales y sostenibles, como la madera.<\/p>\n<p><img decoding=\"async\" class=\"aligncenter wp-image-4055 size-large\" src=\"https:\/\/auro-cuines.com\/wp-content\/uploads\/Horno-columna-neff-graphite-grey-980x550.jpg\" alt=\"Horno Neff Graphite Grey\" width=\"980\" height=\"550\" srcset=\"https:\/\/auro-cuines.com\/wp-content\/uploads\/Horno-columna-neff-graphite-grey-980x550.jpg 980w, https:\/\/auro-cuines.com\/wp-content\/uploads\/Horno-columna-neff-graphite-grey-300x169.jpg 300w, https:\/\/auro-cuines.com\/wp-content\/uploads\/Horno-columna-neff-graphite-grey-768x431.jpg 768w, https:\/\/auro-cuines.com\/wp-content\/uploads\/Horno-columna-neff-graphite-grey.jpg 1200w\" sizes=\"(max-width: 980px) 100vw, 980px\" \/><\/p>\n<p>Gracias al nuevo dise\u00f1o graphite grey cualquier combinaci\u00f3n en columna vertical o en horizontal es est\u00e9ticamente impecable. Los accesorios Seamless, embellecedores laterales en acero oscurecido, permiten la uni\u00f3n de varios electrodom\u00e9sticos, de forma que parezca una \u00fanica pieza.<\/p>\n<p>&nbsp;<\/p>\n<p><img decoding=\"async\" class=\"aligncenter size-large wp-image-4056\" src=\"https:\/\/auro-cuines.com\/wp-content\/uploads\/Columna-horno-graphite-grey-Neff-734x550.jpg\" alt=\"Columna horno Neff\" width=\"734\" height=\"550\" srcset=\"https:\/\/auro-cuines.com\/wp-content\/uploads\/Columna-horno-graphite-grey-Neff-734x550.jpg 734w, https:\/\/auro-cuines.com\/wp-content\/uploads\/Columna-horno-graphite-grey-Neff-300x225.jpg 300w, https:\/\/auro-cuines.com\/wp-content\/uploads\/Columna-horno-graphite-grey-Neff-768x575.jpg 768w, https:\/\/auro-cuines.com\/wp-content\/uploads\/Columna-horno-graphite-grey-Neff-1536x1150.jpg 1536w, https:\/\/auro-cuines.com\/wp-content\/uploads\/Columna-horno-graphite-grey-Neff.jpg 1800w\" sizes=\"(max-width: 734px) 100vw, 734px\" \/><\/p>\n<h3>Hornos Slide&amp;Hide , el mejor sistema de apertura de horno<\/h3>\n<p>&nbsp;<\/p>\n<p>Gracias a la puerta abatible escamoteable que se oculta completamente bajo el horno, los <strong>hornos Slide&amp;Hide\u00ae<\/strong> permiten una accesibilidad total al interior del horno sin que la puerta moleste y sin restar capacidad.<\/p>\n<p><img loading=\"lazy\" decoding=\"async\" class=\"aligncenter size-large wp-image-4057\" src=\"https:\/\/auro-cuines.com\/wp-content\/uploads\/Horno-slidehide-nef-graphite-grey-734x550.jpg\" alt=\"Horno Neff\" width=\"734\" height=\"550\" srcset=\"https:\/\/auro-cuines.com\/wp-content\/uploads\/Horno-slidehide-nef-graphite-grey-734x550.jpg 734w, https:\/\/auro-cuines.com\/wp-content\/uploads\/Horno-slidehide-nef-graphite-grey-300x225.jpg 300w, https:\/\/auro-cuines.com\/wp-content\/uploads\/Horno-slidehide-nef-graphite-grey-768x575.jpg 768w, https:\/\/auro-cuines.com\/wp-content\/uploads\/Horno-slidehide-nef-graphite-grey-1536x1150.jpg 1536w, https:\/\/auro-cuines.com\/wp-content\/uploads\/Horno-slidehide-nef-graphite-grey.jpg 1800w\" sizes=\"(max-width: 734px) 100vw, 734px\" \/><\/p>\n<p>Ventajas hornos Slide&amp;Hide\u00ae<\/p>\n<ul>\n<li>La puerta del horno, completamente abierta y oculta, no molesta, permite el acceso completo a interior y dota de una mayor capacidad de maniobra.<\/li>\n<li>Alta capacidad interior.<\/li>\n<li>Prestaci\u00f3n exclusiva de los <strong>hornos NEFF<\/strong><\/li>\n<\/ul>\n<p>&nbsp;<\/p>\n<p>Adem\u00e1s de la puerta abatible escamoteable que se oculta completamente, los hornos Slide&amp;Hide\u00ae se limpian solos gracias a la <strong>autolimpieza pirol\u00edtica<\/strong>.<\/p>\n<p>Los hornos con pir\u00f3lisis aplican altas temperaturas para convertir la grasa y los restos de comida en ceniza. A continuaci\u00f3n se retira la ceniza con un pa\u00f1o sin necesidad de productos quimicos.<\/p>\n<p>As\u00ed podr\u00e1s dedicar tu tiempo en la cocina a crear platos para disfrutar con tu familia y amigos.<\/p>\n<p>&nbsp;<\/p>\n<p>&nbsp;<\/p>\n<p>&nbsp;<\/p>\n<h3>Extractor de encimera de cristal<\/h3>\n<p>&nbsp;<\/p>\n<p>Eficiente, elegante, discreto y al mismo tiempo, capaz de atraer todas las miradas. As\u00ed de espectacular es el nuevo <strong>extractor telesc\u00f3pico de encimera<\/strong> de NEFF de cristal. Una perfecta combinaci\u00f3n entre un dise\u00f1o limpio y transparente en cristal y un gran poder de extracci\u00f3n, que se integra perfectamente en cualquier cocina, ofreciendo un espacio di\u00e1fano en la que la luz es la protagonista.<\/p>\n<p><img loading=\"lazy\" decoding=\"async\" class=\"aligncenter size-large wp-image-4058\" src=\"https:\/\/auro-cuines.com\/wp-content\/uploads\/Campana-cristal-neff-978x550.jpg\" alt=\"Campana extractora cristal Neff\" width=\"978\" height=\"550\" srcset=\"https:\/\/auro-cuines.com\/wp-content\/uploads\/Campana-cristal-neff-978x550.jpg 978w, https:\/\/auro-cuines.com\/wp-content\/uploads\/Campana-cristal-neff-300x169.jpg 300w, https:\/\/auro-cuines.com\/wp-content\/uploads\/Campana-cristal-neff-768x432.jpg 768w, https:\/\/auro-cuines.com\/wp-content\/uploads\/Campana-cristal-neff-1536x864.jpg 1536w, https:\/\/auro-cuines.com\/wp-content\/uploads\/Campana-cristal-neff.jpg 1799w\" sizes=\"(max-width: 978px) 100vw, 978px\" \/><\/p>\n<p>&nbsp;<\/p>\n<h3>Promoci\u00f3n microondas Neff<\/h3>\n<p>&nbsp;<\/p>\n<p>Para este a\u00f1o 2021 Neff nos ha proporcionado una promoci\u00f3n muy interesante, en la que los <strong>microondas N70<\/strong> de alta gama tendr\u00e1n un 15% adicional de descuento en la compra conjunta con un horno de la misma est\u00e9tica.<\/p>\n<p>&nbsp;<\/p>\n<p>No dejes escapar esta oportunidad de hacer con la est\u00e9tica m\u00e1s Premium de Neff a un precio especial.<\/p>\n<p>&nbsp;<\/p>\n<div class='clear '><\/div><\/div>","protected":false},"excerpt":{"rendered":"<p>NEFF &ndash; 140 a&ntilde;os de historia Muchas cosas han cambiado desde que Carl Neff construyera su primer horno en 1877. Personas de todo el mundo se han puesto manos a la obra y compartido las alegr&iacute;as y los sinsabores de la cocina. Los ingredientes globales se han convertido en ingredientes locales. Desde sus inicios humildes, [&hellip;]<\/p>\n","protected":false},"author":1,"featured_media":0,"parent":0,"menu_order":0,"comment_status":"closed","ping_status":"closed","template":"","meta":{"_genesis_hide_title":false,"_genesis_hide_breadcrumbs":false,"_genesis_hide_singular_image":false,"_genesis_hide_footer_widgets":false,"_genesis_custom_body_class":"","_genesis_custom_post_class":"","_genesis_layout":"","footnotes":""},"class_list":{"0":"post-4052","1":"page","2":"type-page","3":"status-publish","5":"entry","6":"has-post-thumbnail"},"aioseo_notices":[],"_links":{"self":[{"href":"https:\/\/auro-cuines.com\/es\/wp-json\/wp\/v2\/pages\/4052","targetHints":{"allow":["GET"]}}],"collection":[{"href":"https:\/\/auro-cuines.com\/es\/wp-json\/wp\/v2\/pages"}],"about":[{"href":"https:\/\/auro-cuines.com\/es\/wp-json\/wp\/v2\/types\/page"}],"author":[{"embeddable":true,"href":"https:\/\/auro-cuines.com\/es\/wp-json\/wp\/v2\/users\/1"}],"replies":[{"embeddable":true,"href":"https:\/\/auro-cuines.com\/es\/wp-json\/wp\/v2\/comments?post=4052"}],"version-history":[{"count":8,"href":"https:\/\/auro-cuines.com\/es\/wp-json\/wp\/v2\/pages\/4052\/revisions"}],"predecessor-version":[{"id":4069,"href":"https:\/\/auro-cuines.com\/es\/wp-json\/wp\/v2\/pages\/4052\/revisions\/4069"}],"wp:attachment":[{"href":"https:\/\/auro-cuines.com\/es\/wp-json\/wp\/v2\/media?parent=4052"}],"curies":[{"name":"wp","href":"https:\/\/api.w.org\/{rel}","templated":true}]}}