{"id":2347,"date":"2020-04-08T08:05:27","date_gmt":"2020-04-08T08:05:27","guid":{"rendered":"https:\/\/auro-cuines.com\/?page_id=2347"},"modified":"2020-07-22T08:59:57","modified_gmt":"2020-07-22T08:59:57","slug":"empresas-de-cocina-en-barcelona","status":"publish","type":"page","link":"https:\/\/auro-cuines.com\/es\/empresas-de-cocina-en-barcelona\/","title":{"rendered":"Empresas de cocina en Barcelona"},"content":{"rendered":"<p><img decoding=\"async\" class=\"aligncenter size-full wp-image-1826\" src=\"https:\/\/auro-cuines.com\/wp-content\/uploads\/comp13.jpg\" alt=\"Empresas de cocina en Barcelona\" width=\"1140\" \/><\/p>\n<p>De entre todas las <strong>empresas de cocina en Barcelona<\/strong>, solo en Aur\u00f3 encontrar\u00e1s a un equipo de profesionales altamente cualificado y capaz de ayudarte en todo lo que necesites. Si buscas una cocina \u00fanica, personalizada y que sea sin\u00f3nimo de m\u00e1xima calidad, no dudes un instante en ponerte en nuestras manos.<\/p>\n<p>Los pilares de la compa\u00f1\u00eda actual se remontan a hace m\u00e1s de un siglo. Contamos, por tanto, con varias generaciones de ebanistas, una experiencia que ponemos a disposici\u00f3n de todas las personas que depositan su confianza en nosotros. Solo as\u00ed nos hemos podido convertir en un verdadero referente en este campo.<\/p>\n<p>Son muchas d\u00e9cadas ofreciendo las mejores <a href=\"https:\/\/auro-cuines.com\/es\/cocinas-de-lujo-en-barcelona\/\" title=\"Cocinas de lujo en Barcelona\">cocinas de lujo en Barcelona<\/a>, cuidando hasta el m\u00e1s m\u00ednimo detalle para poder cumplir con los proyectos m\u00e1s exigentes. Perseguimos la excelencia en todos y cada uno de nuestros trabajos. Si buscas la m\u00e1xima calidad, no tardes un solo segundo en confiar en nosotros. \u00a1Lo agradecer\u00e1s!<\/p>\n<p>&nbsp;<\/p>\n<p><img decoding=\"async\" class=\"aligncenter size-full wp-image-1827\" src=\"https:\/\/auro-cuines.com\/wp-content\/uploads\/Altea01.jpg\" alt=\"Expertos en cocinas en Barcelona\" width=\"1140\" \/><\/p>\n<h2>Aur\u00f3, referente entre las empresas de cocina en Barcelona<\/h2>\n<p>Si por algo destacamos en nuestra empresa es por llevar a cabo los dise\u00f1os m\u00e1s cuidados y lujosos. Contamos con toda clase de interiores pensados para tu cocina, analizando tus necesidades y todas las posibilidades de tu hogar. Posteriormente, sacamos el m\u00e1ximo partido para tu total satisfacci\u00f3n.<\/p>\n<p>De entre todas las <strong>empresas de cocina en Barcelona<\/strong>, en Aur\u00f3 nos esmeramos en conseguir que los resultados cumplan con todos tus sue\u00f1os. Es por ello que contamos con dise\u00f1os de todo tipo, acabados \u00fanicos y materiales de primer\u00edsima calidad. \u00bfQu\u00e9 m\u00e1s se puede pedir?<\/p>\n<p>No esperes ni un minuto m\u00e1s y ac\u00e9rcate hasta nuestro showroom. Te dar\u00e1s cuenta por qu\u00e9 somos una empresa l\u00edder en este sector, ofreciendo nuestros servicios a todos aquellos clientes que busquen por la m\u00e1xima calidad para su hogar.<\/p>\n<p><\/p>\n<div class='clear '><\/div><\/div>","protected":false},"excerpt":{"rendered":"<p>De entre todas las empresas de cocina en Barcelona, solo en Aur&oacute; encontrar&aacute;s a un equipo de profesionales altamente cualificado y capaz de ayudarte en todo lo que necesites. Si buscas una cocina &uacute;nica, personalizada y que sea sin&oacute;nimo de m&aacute;xima calidad, no dudes un instante en ponerte en nuestras manos. Los pilares de la [&hellip;]<\/p>\n","protected":false},"author":1,"featured_media":0,"parent":0,"menu_order":0,"comment_status":"closed","ping_status":"closed","template":"","meta":{"_genesis_hide_title":false,"_genesis_hide_breadcrumbs":false,"_genesis_hide_singular_image":false,"_genesis_hide_footer_widgets":false,"_genesis_custom_body_class":"","_genesis_custom_post_class":"","_genesis_layout":"","footnotes":""},"class_list":{"0":"post-2347","1":"page","2":"type-page","3":"status-publish","5":"entry"},"aioseo_notices":[],"_links":{"self":[{"href":"https:\/\/auro-cuines.com\/es\/wp-json\/wp\/v2\/pages\/2347","targetHints":{"allow":["GET"]}}],"collection":[{"href":"https:\/\/auro-cuines.com\/es\/wp-json\/wp\/v2\/pages"}],"about":[{"href":"https:\/\/auro-cuines.com\/es\/wp-json\/wp\/v2\/types\/page"}],"author":[{"embeddable":true,"href":"https:\/\/auro-cuines.com\/es\/wp-json\/wp\/v2\/users\/1"}],"replies":[{"embeddable":true,"href":"https:\/\/auro-cuines.com\/es\/wp-json\/wp\/v2\/comments?post=2347"}],"version-history":[{"count":10,"href":"https:\/\/auro-cuines.com\/es\/wp-json\/wp\/v2\/pages\/2347\/revisions"}],"predecessor-version":[{"id":2654,"href":"https:\/\/auro-cuines.com\/es\/wp-json\/wp\/v2\/pages\/2347\/revisions\/2654"}],"wp:attachment":[{"href":"https:\/\/auro-cuines.com\/es\/wp-json\/wp\/v2\/media?parent=2347"}],"curies":[{"name":"wp","href":"https:\/\/api.w.org\/{rel}","templated":true}]}}