{"id":2343,"date":"2020-04-08T07:39:56","date_gmt":"2020-04-08T07:39:56","guid":{"rendered":"https:\/\/auro-cuines.com\/?page_id=2343"},"modified":"2020-10-22T07:27:44","modified_gmt":"2020-10-22T07:27:44","slug":"cocinas-de-lujo-en-barcelona","status":"publish","type":"page","link":"https:\/\/auro-cuines.com\/es\/cocinas-de-lujo-en-barcelona\/","title":{"rendered":"Cocinas de lujo en Barcelona"},"content":{"rendered":"<p><img decoding=\"async\" class=\"aligncenter size-full wp-image-1826\" src=\"https:\/\/auro-cuines.com\/wp-content\/uploads\/cocinas-de-diseno-en-barcelona.jpg\" alt=\"Cocinas de lujo en Barcelona\" width=\"1140\" \/><\/p>\n<p>Cada casa es un mundo propio. Pero todas las que cuentan con Aur\u00f3 tienen algo en com\u00fan: la sofisticaci\u00f3n. Si buscas expertos en <strong>cocinas de lujo en Barcelona<\/strong>, no te lo pienses un segundo y ponte en las manos de los mayores especialistas del sector. \u00bfA qu\u00e9 est\u00e1s esperando para descubrir todas las maravillas que tenemos esper\u00e1ndote?<\/p>\n<p>Gracias a nuestra experiencia, hemos podido darnos cuenta que cada cocina es un mundo. Esta estancia ha pasado de ser una gran olvidada en el hogar a convertirse en punto central de cualquier vivienda, aportando personalidad y una gran cantidad de comodidad para el d\u00eda a d\u00eda. Por ello, pensar y repensar su colocaci\u00f3n, su decoraci\u00f3n o sus equipamientos es una tarea realmente importante.<\/p>\n<p>En Aur\u00f3 somos una de las <a href=\"https:\/\/auro-cuines.com\/es\/empresas-de-cocina-en-barcelona\/\" title=\"Empresas de cocina en Barcelona\">empresas de cocina en Barcelona<\/a> de mayor reputaci\u00f3n. Ofrecemos a todos nuestros clientes unos dise\u00f1os pensados y planteados para obtener el mejor rendimiento posible. Para conseguirlo, no escatimamos en esfuerzos ni en posibilidades a la hora de obtener unos interiores de cat\u00e1logo.<\/p>\n<p>&nbsp;<\/p>\n<p><img decoding=\"async\" class=\"aligncenter size-full wp-image-1827\" src=\"https:\/\/auro-cuines.com\/wp-content\/uploads\/slidersiro-1.jpg\" alt=\"Cocinas lujosas en Barcelona\" width=\"1140\" \/><\/p>\n<h2>Aur\u00f3, las mejores cocinas de lujo en Barcelona<\/h2>\n<p>\u00bfD\u00f3nde reside nuestro secreto? Principalmente en la personalizaci\u00f3n de todos y cada uno de nuestros proyectos. No escatimamos en esfuerzos a la hora de ofrecer a todos nuestros clientes un servicio personalizado y siempre ajustado a sus gustos y necesidades. Solamente as\u00ed es posible obtener la total satisfacci\u00f3n de las personas que depositan su confianza en nosotros.<\/p>\n<p>Llevamos a cabo proyectos de toda clase. Por eso, en el campo de las <strong>cocinas de lujo en Barcelona<\/strong> no tenemos rival. Si quieres que la m\u00e1xima calidad forme parte de tu vida, no te lo pienses dos veces y conf\u00eda en Aur\u00f3. Ac\u00e9rcate cuanto antes a nuestro centro y perm\u00edtenos ayudarte a conseguir la cocina de tus sue\u00f1os. \u00bfA qu\u00e9 est\u00e1s esperando?<\/p>\n<div class='clear '><\/div><\/div>","protected":false},"excerpt":{"rendered":"<p>Cada casa es un mundo propio. Pero todas las que cuentan con Aur&oacute; tienen algo en com&uacute;n: la sofisticaci&oacute;n. Si buscas expertos en cocinas de lujo en Barcelona, no te lo pienses un segundo y ponte en las manos de los mayores especialistas del sector. &iquest;A qu&eacute; est&aacute;s esperando para descubrir todas las maravillas que [&hellip;]<\/p>\n","protected":false},"author":1,"featured_media":0,"parent":0,"menu_order":0,"comment_status":"closed","ping_status":"closed","template":"","meta":{"_genesis_hide_title":false,"_genesis_hide_breadcrumbs":false,"_genesis_hide_singular_image":false,"_genesis_hide_footer_widgets":false,"_genesis_custom_body_class":"","_genesis_custom_post_class":"","_genesis_layout":"","footnotes":""},"class_list":{"0":"post-2343","1":"page","2":"type-page","3":"status-publish","5":"entry"},"aioseo_notices":[],"_links":{"self":[{"href":"https:\/\/auro-cuines.com\/es\/wp-json\/wp\/v2\/pages\/2343","targetHints":{"allow":["GET"]}}],"collection":[{"href":"https:\/\/auro-cuines.com\/es\/wp-json\/wp\/v2\/pages"}],"about":[{"href":"https:\/\/auro-cuines.com\/es\/wp-json\/wp\/v2\/types\/page"}],"author":[{"embeddable":true,"href":"https:\/\/auro-cuines.com\/es\/wp-json\/wp\/v2\/users\/1"}],"replies":[{"embeddable":true,"href":"https:\/\/auro-cuines.com\/es\/wp-json\/wp\/v2\/comments?post=2343"}],"version-history":[{"count":11,"href":"https:\/\/auro-cuines.com\/es\/wp-json\/wp\/v2\/pages\/2343\/revisions"}],"predecessor-version":[{"id":2653,"href":"https:\/\/auro-cuines.com\/es\/wp-json\/wp\/v2\/pages\/2343\/revisions\/2653"}],"wp:attachment":[{"href":"https:\/\/auro-cuines.com\/es\/wp-json\/wp\/v2\/media?parent=2343"}],"curies":[{"name":"wp","href":"https:\/\/api.w.org\/{rel}","templated":true}]}}