{"id":1838,"date":"2019-12-05T09:00:01","date_gmt":"2019-12-05T09:00:01","guid":{"rendered":"https:\/\/auro-cuines.com\/?page_id=1838"},"modified":"2021-01-20T14:03:32","modified_gmt":"2021-01-20T14:03:32","slug":"fabrica-de-muebles-de-cocina-barcelona","status":"publish","type":"page","link":"https:\/\/auro-cuines.com\/es\/fabrica-de-muebles-de-cocina-barcelona\/","title":{"rendered":"F\u00e1brica de muebles de cocina en Barcelona"},"content":{"rendered":"<p><img fetchpriority=\"high\" decoding=\"async\" class=\"aligncenter size-full wp-image-1840\" src=\"https:\/\/auro-cuines.com\/wp-content\/uploads\/F\u00e1brica-de-muebles-de-cocina-Barcelona.jpg\" alt=\"Fabrica de muebles de cocina en Barcelona\" width=\"1600\" height=\"890\" srcset=\"https:\/\/auro-cuines.com\/wp-content\/uploads\/F\u00e1brica-de-muebles-de-cocina-Barcelona.jpg 1600w, https:\/\/auro-cuines.com\/wp-content\/uploads\/F\u00e1brica-de-muebles-de-cocina-Barcelona-300x167.jpg 300w, https:\/\/auro-cuines.com\/wp-content\/uploads\/F\u00e1brica-de-muebles-de-cocina-Barcelona-980x545.jpg 980w, https:\/\/auro-cuines.com\/wp-content\/uploads\/F\u00e1brica-de-muebles-de-cocina-Barcelona-768x427.jpg 768w, https:\/\/auro-cuines.com\/wp-content\/uploads\/F\u00e1brica-de-muebles-de-cocina-Barcelona-1536x854.jpg 1536w\" sizes=\"(max-width: 1600px) 100vw, 1600px\" \/><\/p>\n<p>En Aur\u00f3 somos una <strong>f\u00e1brica de muebles de cocina en Barcelona<\/strong> de gran experiencia y trayectoria. Si solo admites la m\u00e1xima calidad en cada detalle y acabado, no te queda m\u00e1s remedio que ponerte en nuestras manos. Perm\u00edtenos ayudarte y asistirte de una manera global y personalizada, iniciando el proyecto de tus sue\u00f1os.<\/p>\n<p>\u00bfTe encantar\u00eda disfrutar de una <a href=\"https:\/\/auro-cuines.com\/es\/cocina-moderna-en-barcelona\/\"><em><u>cocina moderna en Barcelona<\/u><\/em><\/a>? \u00bfQuieres que tu hogar tenga un aspecto \u00fanico? Son deseos mucho m\u00e1s habituales de lo que podr\u00edas pensar. Desde nuestra empresa no hacemos otra cosa que tratar de hacerlos realidad. Ponemos toda nuestra pasi\u00f3n y dedicaci\u00f3n en cada proyecto que iniciamos. Solo as\u00ed nos hemos podido convertir en una empresa l\u00edder del sector.<\/p>\n<p>Tras m\u00e1s de 30 a\u00f1os de experiencia en este campo, desde Aur\u00f3 pensamos y dise\u00f1amos cada interior de manera espec\u00edfica para obtener un rendimiento total y fuera de toda duda. Aportamos soluciones de gran valor que convierten a cada cocina en un espacio \u00fanico y privilegiado.<\/p>\n<p>&nbsp;<\/p>\n<p><img decoding=\"async\" class=\"aligncenter size-full wp-image-1839\" src=\"https:\/\/auro-cuines.com\/wp-content\/uploads\/F\u00e1brica-de-muebles-de-cocina-Barcelona-2.jpg\" alt=\"Fabricantes de muebles de cocina en Barcelona\" width=\"1600\" height=\"890\" srcset=\"https:\/\/auro-cuines.com\/wp-content\/uploads\/F\u00e1brica-de-muebles-de-cocina-Barcelona-2.jpg 1600w, https:\/\/auro-cuines.com\/wp-content\/uploads\/F\u00e1brica-de-muebles-de-cocina-Barcelona-2-300x167.jpg 300w, https:\/\/auro-cuines.com\/wp-content\/uploads\/F\u00e1brica-de-muebles-de-cocina-Barcelona-2-980x545.jpg 980w, https:\/\/auro-cuines.com\/wp-content\/uploads\/F\u00e1brica-de-muebles-de-cocina-Barcelona-2-768x427.jpg 768w, https:\/\/auro-cuines.com\/wp-content\/uploads\/F\u00e1brica-de-muebles-de-cocina-Barcelona-2-1536x854.jpg 1536w\" sizes=\"(max-width: 1600px) 100vw, 1600px\" \/><\/p>\n<h2><strong>La mejor f\u00e1brica de muebles de cocina en Barcelona<\/strong><\/h2>\n<p>Para poder convertirnos en un referente como <strong>f\u00e1brica de muebles de cocina en Barcelona<\/strong>, hemos tenido que apostar por la calidad sin ning\u00fan g\u00e9nero de duda. Por ello solo utilizamos materiales destacados y que aporten funcionalidad, acabos y dise\u00f1o. De esta manera, es much\u00edsimo m\u00e1s sencillo obtener tu total satisfacci\u00f3n.<\/p>\n<p>Algunos de los componentes m\u00e1s habituales en nuestros proyectos de <a href=\"https:\/\/auro-cuines.com\/es\/\"><em><u>cocinas de dise\u00f1o en Barcelona<\/u><\/em><\/a> son el microcemento, aplicado para frontales y de est\u00e9tica incomparable, el porcel\u00e1nico, que aporta elegancia y calidad extrema, o el tablero marino, que ofrece una resistencia sin igual.<\/p>\n<p>Te esperamos en Aur\u00f3 para ayudarte en todo lo que necesites. Si quieres cumplir el sue\u00f1o de tener una cocina moderna y elegante, no dejes pasar la oportunidad de ponerte en las manos de un equipo l\u00edder.<\/p>\n<p>&nbsp;<\/p>\n<hr \/>\n<h2>Somos fabricantes de cocinas en Barcelona<\/h2>\n<p>\u00bfQuieres obtener un proyecto Aur\u00f3? Somos <strong>fabricantes de cocinas en Barcelona<\/strong> con gran experiencia. En total, m\u00e1s de 30 a\u00f1os de trayectoria en un sector duro y competido en el que nos hemos convertido en un verdadero referente, tanto para clientes particulares como para profesionales.<\/p>\n<p>De entre todas las <a href=\"https:\/\/auro-cuines.com\/es\/tiendas-de-muebles-de-cocina-en-barcelona\/\"><em><u>tiendas de muebles de cocina en Barcelona<\/u><\/em><\/a>, en Aur\u00f3 nos ponemos a tu entera disposici\u00f3n para llevar a cabo la cocina de tus sue\u00f1os. Moderna, amplia, luminosa, confortable y agradable, con capacidad para cocinar tranquilamente y disfrutar de tu pasi\u00f3n. Esa es la meta que buscamos con cada uno de nuestros trabajos.<\/p>\n<p>En Aur\u00f3 somos fabricantes de toda clase de cocinas. En nuestro showroom encontrar\u00e1s algunas de las ideas m\u00e1s brillantes que tenemos para ti. Cuidamos hasta el \u00faltimo detalle y nos preocupa obtener los mejores acabados. Estos dos objetivos solo pueden obtenerse cuando llevas m\u00e1s de 30 a\u00f1os de exitosa trayectoria a tus espaldas.<\/p>\n<p>&nbsp;<\/p>\n<p><img decoding=\"async\" class=\"aligncenter size-full wp-image-1844\" src=\"https:\/\/auro-cuines.com\/wp-content\/uploads\/Fabricantes-de-cocinas-Barcelona.jpg\" alt=\"Fabricantes de cocinas Barcelona\" width=\"1600\" height=\"890\" srcset=\"https:\/\/auro-cuines.com\/wp-content\/uploads\/Fabricantes-de-cocinas-Barcelona.jpg 1600w, https:\/\/auro-cuines.com\/wp-content\/uploads\/Fabricantes-de-cocinas-Barcelona-300x167.jpg 300w, https:\/\/auro-cuines.com\/wp-content\/uploads\/Fabricantes-de-cocinas-Barcelona-980x545.jpg 980w, https:\/\/auro-cuines.com\/wp-content\/uploads\/Fabricantes-de-cocinas-Barcelona-768x427.jpg 768w, https:\/\/auro-cuines.com\/wp-content\/uploads\/Fabricantes-de-cocinas-Barcelona-1536x854.jpg 1536w\" sizes=\"(max-width: 1600px) 100vw, 1600px\" \/><\/p>\n<h2>Expertos fabricantes de cocinas en Barcelona<\/h2>\n<p>No importa si eres una persona particular, un arquitecto o un interiorista, ya que estamos en total disposici\u00f3n de ofrecerte las mejores soluciones hasta moldear tu proyecto ideal. Uno de los secretos de nuestro \u00e9xito es saber adaptarnos a sus gustos y deseos, personalizar nuestro trabajo hasta obtener un resultado perfecto.<\/p>\n<p>Como <a href=\"https:\/\/auro-cuines.com\/es\/fabrica-de-muebles-de-cocina-barcelona\/\"><em><u>f\u00e1brica de muebles de cocina en Barcelona<\/u><\/em><\/a>, en Aur\u00f3 aunamos bajo un mismo techo la experiencia de los mejores carpinteros y ebanistas con la apuesta por la \u00faltima tecnolog\u00eda. El resultado es un producto \u00fanico, exclusivo, que disfrutar\u00e1s en tu hogar. \u00bfPor qu\u00e9 no apostar por la m\u00e1xima calidad?<\/p>\n<p>Te esperamos en Aur\u00f3. Si quieres depositar tu confianza en los mejores <strong>fabricantes de cocinas en Barcelona<\/strong>, no dudes un instante en apostar por nosotros. Estaremos encantados de ayudarte en todo cuanto est\u00e9 en nuestras manos, asesor\u00e1ndote y resolviendo hasta la m\u00e1s m\u00ednima duda que pudieras tener.<\/p>\n<div class='clear '><\/div><\/div>","protected":false},"excerpt":{"rendered":"<p>En Aur&oacute; somos una f&aacute;brica de muebles de cocina en Barcelona de gran experiencia y trayectoria. Si solo admites la m&aacute;xima calidad en cada detalle y acabado, no te queda m&aacute;s remedio que ponerte en nuestras manos. Perm&iacute;tenos ayudarte y asistirte de una manera global y personalizada, iniciando el proyecto de tus sue&ntilde;os. &iquest;Te encantar&iacute;a [&hellip;]<\/p>\n","protected":false},"author":1,"featured_media":0,"parent":0,"menu_order":0,"comment_status":"closed","ping_status":"closed","template":"","meta":{"_genesis_hide_title":false,"_genesis_hide_breadcrumbs":false,"_genesis_hide_singular_image":false,"_genesis_hide_footer_widgets":false,"_genesis_custom_body_class":"","_genesis_custom_post_class":"","_genesis_layout":"","footnotes":""},"class_list":{"0":"post-1838","1":"page","2":"type-page","3":"status-publish","5":"entry","6":"has-post-thumbnail"},"aioseo_notices":[],"_links":{"self":[{"href":"https:\/\/auro-cuines.com\/es\/wp-json\/wp\/v2\/pages\/1838","targetHints":{"allow":["GET"]}}],"collection":[{"href":"https:\/\/auro-cuines.com\/es\/wp-json\/wp\/v2\/pages"}],"about":[{"href":"https:\/\/auro-cuines.com\/es\/wp-json\/wp\/v2\/types\/page"}],"author":[{"embeddable":true,"href":"https:\/\/auro-cuines.com\/es\/wp-json\/wp\/v2\/users\/1"}],"replies":[{"embeddable":true,"href":"https:\/\/auro-cuines.com\/es\/wp-json\/wp\/v2\/comments?post=1838"}],"version-history":[{"count":6,"href":"https:\/\/auro-cuines.com\/es\/wp-json\/wp\/v2\/pages\/1838\/revisions"}],"predecessor-version":[{"id":3034,"href":"https:\/\/auro-cuines.com\/es\/wp-json\/wp\/v2\/pages\/1838\/revisions\/3034"}],"wp:attachment":[{"href":"https:\/\/auro-cuines.com\/es\/wp-json\/wp\/v2\/media?parent=1838"}],"curies":[{"name":"wp","href":"https:\/\/api.w.org\/{rel}","templated":true}]}}