{"id":1834,"date":"2019-12-05T08:56:27","date_gmt":"2019-12-05T08:56:27","guid":{"rendered":"https:\/\/auro-cuines.com\/?page_id=1834"},"modified":"2021-05-10T09:04:48","modified_gmt":"2021-05-10T09:04:48","slug":"tiendas-de-muebles-de-cocina-en-barcelona","status":"publish","type":"page","link":"https:\/\/auro-cuines.com\/es\/tiendas-de-muebles-de-cocina-en-barcelona\/","title":{"rendered":"Tiendas de muebles de cocina en Barcelona"},"content":{"rendered":"<p><img fetchpriority=\"high\" decoding=\"async\" class=\"aligncenter size-full wp-image-1836\" src=\"https:\/\/auro-cuines.com\/wp-content\/uploads\/Tiendas-de-muebles-de-cocina-en-Barcelona.jpg\" alt=\"Tiendas de muebles de cocina en Barcelona\" width=\"1140\" height=\"560\" srcset=\"https:\/\/auro-cuines.com\/wp-content\/uploads\/Tiendas-de-muebles-de-cocina-en-Barcelona.jpg 1140w, https:\/\/auro-cuines.com\/wp-content\/uploads\/Tiendas-de-muebles-de-cocina-en-Barcelona-300x147.jpg 300w, https:\/\/auro-cuines.com\/wp-content\/uploads\/Tiendas-de-muebles-de-cocina-en-Barcelona-980x481.jpg 980w, https:\/\/auro-cuines.com\/wp-content\/uploads\/Tiendas-de-muebles-de-cocina-en-Barcelona-768x377.jpg 768w\" sizes=\"(max-width: 1140px) 100vw, 1140px\" \/>\u00a0En Aur\u00f3 encontrar\u00e1s a los mejores profesionales de entre todas las <strong>tiendas de muebles de cocina en Barcelona<\/strong>. Son m\u00e1s de 35 a\u00f1os los que llevamos en este sector, ofreciendo un servicio de calidad a todas y cada una de las personas que depositan su confianza en nosotros. Adem\u00e1s, tambi\u00e9n ponemos a tu entera disposici\u00f3n la posibilidad de disfrutar del mejor y m\u00e1s completo showroom de la actualidad.<\/p>\n<p>Somos algo m\u00e1s que una simple <a href=\"https:\/\/auro-cuines.com\/es\/fabrica-de-muebles-de-cocina-barcelona\"><em><u>f\u00e1brica de muebles de cocina en Barcelona<\/u><\/em><\/a>. Si lo que buscas es la m\u00e1xima calidad, no te queda m\u00e1s remedio que acudir a nosotros. Nos esmeramos en todos y cada uno de nuestros proyectos, ofreciendo soluciones dise\u00f1adas de manera individualizada.<\/p>\n<p>En Aur\u00f3 creemos que cada cocina es \u00fanica y que, por lo tanto, debe contar con unos interiores espec\u00edficos, especialmente pensados para la ocasi\u00f3n. Nuestro equipo de profesionales se pondr\u00e1 a tu entera disposici\u00f3n para ayudarte, asesorarte y resolver hasta la m\u00e1s m\u00ednima duda que pudieras tener. \u00bfQu\u00e9 es lo que necesitas?<\/p>\n<p>&nbsp;<\/p>\n<p><img decoding=\"async\" class=\"aligncenter size-full wp-image-1835\" src=\"https:\/\/auro-cuines.com\/wp-content\/uploads\/Tiendas-de-muebles-de-cocina-en-Barcelona-2.jpg\" alt=\"Tiendas de muebles de cocina en Barcelona\" width=\"1600\" height=\"890\" srcset=\"https:\/\/auro-cuines.com\/wp-content\/uploads\/Tiendas-de-muebles-de-cocina-en-Barcelona-2.jpg 1600w, https:\/\/auro-cuines.com\/wp-content\/uploads\/Tiendas-de-muebles-de-cocina-en-Barcelona-2-300x167.jpg 300w, https:\/\/auro-cuines.com\/wp-content\/uploads\/Tiendas-de-muebles-de-cocina-en-Barcelona-2-980x545.jpg 980w, https:\/\/auro-cuines.com\/wp-content\/uploads\/Tiendas-de-muebles-de-cocina-en-Barcelona-2-768x427.jpg 768w, https:\/\/auro-cuines.com\/wp-content\/uploads\/Tiendas-de-muebles-de-cocina-en-Barcelona-2-1536x854.jpg 1536w\" sizes=\"(max-width: 1600px) 100vw, 1600px\" \/><\/p>\n<h2>Referente entre las tiendas de muebles de cocina en Barcelona<\/h2>\n<p>Tras m\u00e1s de tres d\u00e9cadas de exitosa trayectoria, estamos en disposici\u00f3n de ofrecerte toda clase de materiales e interiores para tu <a href=\"https:\/\/auro-cuines.com\/es\/cocina-moderna-en-barcelona\/\"><em><u>cocina moderna en Barcelona<\/u><\/em><\/a>. Aportamos soluciones para cada espacio que consigan el mejor rendimiento y cumplir con los gustos y deseos de cada cliente. De esta manera, tendr\u00e1s la seguridad de que tu cocina es \u00fanica.<\/p>\n<p>Con Aur\u00f3 te acercamos series con interiores en <a href=\"https:\/\/auro-cuines.com\/es\/tablero-marino-para-el-diseno-de-cocinas-modernas\/\">tablero marino<\/a> o laminado hidr\u00f3fugo. El resultado, como no pod\u00eda ser de otra manera, es un producto resistente y de calidad insuperable que se adapta perfectamente a cualquier entorno. Adem\u00e1s, todos nuestros cajones y bisagras se fabrican en acero inoxidable, un material tremendamente \u00fatil, resistente y que permite una perfecta extracci\u00f3n y sistema de frenado autom\u00e1tico.<\/p>\n<p>Te esperamos en Aur\u00f3, referente entre las <strong>tiendas de muebles de cocina en Barcelona<\/strong>. \u00bfA qu\u00e9 est\u00e1s esperando para ponerte en las manos de una empresa l\u00edder? \u00a1No tardes un minuto m\u00e1s!<\/p>\n<div class='clear '><\/div><\/div>","protected":false},"excerpt":{"rendered":"<p>&nbsp;En Aur&oacute; encontrar&aacute;s a los mejores profesionales de entre todas las tiendas de muebles de cocina en Barcelona. Son m&aacute;s de 35 a&ntilde;os los que llevamos en este sector, ofreciendo un servicio de calidad a todas y cada una de las personas que depositan su confianza en nosotros. Adem&aacute;s, tambi&eacute;n ponemos a tu entera disposici&oacute;n [&hellip;]<\/p>\n","protected":false},"author":1,"featured_media":0,"parent":0,"menu_order":0,"comment_status":"closed","ping_status":"closed","template":"","meta":{"_genesis_hide_title":false,"_genesis_hide_breadcrumbs":false,"_genesis_hide_singular_image":false,"_genesis_hide_footer_widgets":false,"_genesis_custom_body_class":"","_genesis_custom_post_class":"","_genesis_layout":"","footnotes":""},"class_list":{"0":"post-1834","1":"page","2":"type-page","3":"status-publish","5":"entry","6":"has-post-thumbnail"},"aioseo_notices":[],"_links":{"self":[{"href":"https:\/\/auro-cuines.com\/es\/wp-json\/wp\/v2\/pages\/1834","targetHints":{"allow":["GET"]}}],"collection":[{"href":"https:\/\/auro-cuines.com\/es\/wp-json\/wp\/v2\/pages"}],"about":[{"href":"https:\/\/auro-cuines.com\/es\/wp-json\/wp\/v2\/types\/page"}],"author":[{"embeddable":true,"href":"https:\/\/auro-cuines.com\/es\/wp-json\/wp\/v2\/users\/1"}],"replies":[{"embeddable":true,"href":"https:\/\/auro-cuines.com\/es\/wp-json\/wp\/v2\/comments?post=1834"}],"version-history":[{"count":5,"href":"https:\/\/auro-cuines.com\/es\/wp-json\/wp\/v2\/pages\/1834\/revisions"}],"predecessor-version":[{"id":4176,"href":"https:\/\/auro-cuines.com\/es\/wp-json\/wp\/v2\/pages\/1834\/revisions\/4176"}],"wp:attachment":[{"href":"https:\/\/auro-cuines.com\/es\/wp-json\/wp\/v2\/media?parent=1834"}],"curies":[{"name":"wp","href":"https:\/\/api.w.org\/{rel}","templated":true}]}}