{"id":1823,"date":"2019-12-05T08:32:15","date_gmt":"2019-12-05T08:32:15","guid":{"rendered":"https:\/\/auro-cuines.com\/?page_id=1823"},"modified":"2020-07-22T08:56:43","modified_gmt":"2020-07-22T08:56:43","slug":"cocina-moderna-en-barcelona","status":"publish","type":"page","link":"https:\/\/auro-cuines.com\/es\/cocina-moderna-en-barcelona\/","title":{"rendered":"Cocina moderna en Barcelona"},"content":{"rendered":"<p><img fetchpriority=\"high\" decoding=\"async\" class=\"aligncenter size-full wp-image-1826\" src=\"https:\/\/auro-cuines.com\/wp-content\/uploads\/Cocina-moderna-en-Barcelona-2.jpg\" alt=\"Cocina moderna en Barcelona\" width=\"1140\" height=\"560\" srcset=\"https:\/\/auro-cuines.com\/wp-content\/uploads\/Cocina-moderna-en-Barcelona-2.jpg 1140w, https:\/\/auro-cuines.com\/wp-content\/uploads\/Cocina-moderna-en-Barcelona-2-300x147.jpg 300w, https:\/\/auro-cuines.com\/wp-content\/uploads\/Cocina-moderna-en-Barcelona-2-980x481.jpg 980w, https:\/\/auro-cuines.com\/wp-content\/uploads\/Cocina-moderna-en-Barcelona-2-768x377.jpg 768w\" sizes=\"(max-width: 1140px) 100vw, 1140px\" \/><\/p>\n<p>\u00bfTe encantar\u00eda disfrutar en tu hogar de la m\u00e1xima calidad? En Aur\u00f3 te ayudamos a que cuentes en tu hogar con la mejor <strong>cocina moderna en Barcelona<\/strong> que te puedas imaginar. Somos una empresa con alt\u00edsimo nivel de especializaci\u00f3n, capaz de ofrecerte soluciones de gran dise\u00f1o y una cuidadosa selecci\u00f3n de materiales.<\/p>\n<p>Son m\u00e1s de tres d\u00e9cadas las que llevamos dedicadas a las <a href=\"https:\/\/auro-cuines.com\/es\/\"><em><u>cocinas de dise\u00f1o en Barcelona<\/u><\/em><\/a>. En todo este tiempo, nos hemos destacado por apostar siempre por los mejores materiales, las t\u00e9cnicas de producci\u00f3n m\u00e1s avanzadas y los dise\u00f1os m\u00e1s elegantes y cuidados. Solo as\u00ed ha sido posible convertirnos en un referente para particulares y profesionales.<\/p>\n<p>En Aur\u00f3 apostamos sin miramientos por el uso de materiales \u00fanicos, de gran calidad y que ofrezcan resultados fuera de toda duda. Algunos de los principales y que m\u00e1s \u00e9xito ofrecen son el microcemento para frontales, porcel\u00e1nicos para encimeras y puertas, o tablero marino para el mobiliario. \u00bfQu\u00e9 es lo que est\u00e1s buscando?<\/p>\n<p>&nbsp;<\/p>\n<p><img decoding=\"async\" class=\"aligncenter size-full wp-image-1827\" src=\"https:\/\/auro-cuines.com\/wp-content\/uploads\/Cocina-moderna-en-Barcelona.jpg\" alt=\"\" width=\"1140\" height=\"560\" srcset=\"https:\/\/auro-cuines.com\/wp-content\/uploads\/Cocina-moderna-en-Barcelona.jpg 1140w, https:\/\/auro-cuines.com\/wp-content\/uploads\/Cocina-moderna-en-Barcelona-300x147.jpg 300w, https:\/\/auro-cuines.com\/wp-content\/uploads\/Cocina-moderna-en-Barcelona-980x481.jpg 980w, https:\/\/auro-cuines.com\/wp-content\/uploads\/Cocina-moderna-en-Barcelona-768x377.jpg 768w\" sizes=\"(max-width: 1140px) 100vw, 1140px\" \/><\/p>\n<h2>Tu cocina moderna en Barcelona con Aur\u00f3<\/h2>\n<p>En el <a href=\"https:\/\/auro-cuines.com\/es\/diseno-cocinas-barcelona\/\"><em><u>dise\u00f1o de cocinas en Barcelona<\/u><\/em><\/a> no tenemos competencia. Si buscas calidad y exclusividad, estaremos encantados de ayudarte en todo lo que necesites. Conf\u00edanos tu proyecto y descubrir\u00e1s por qu\u00e9 somos una empresa referente en este sector, obteniendo el reconocimiento de todos nuestros clientes y tambi\u00e9n de los profesionales.<\/p>\n<p>Crear una <strong>cocina moderna en Barcelona<\/strong> es un proceso cuidado y delicado. Hay que valorar todas las variables que intervienen, sabiendo mezclarlas hasta encontrar la simetr\u00eda y el equilibrio. Se trata de un trabajo nada sencillo y que requiere de la intervenci\u00f3n de un equipo de especialistas altamente cualificado y con experiencia.<\/p>\n<p>Te esperamos en Aur\u00f3. Estaremos encantados de ayudarte en todo lo que necesites, asesor\u00e1ndote, gui\u00e1ndote sobre las mejores alternativas que tienes ante ti y resolviendo cualquier duda que pudieras tener.<\/p>\n<div class='clear '><\/div><\/div>","protected":false},"excerpt":{"rendered":"<p>&iquest;Te encantar&iacute;a disfrutar en tu hogar de la m&aacute;xima calidad? En Aur&oacute; te ayudamos a que cuentes en tu hogar con la mejor cocina moderna en Barcelona que te puedas imaginar. Somos una empresa con alt&iacute;simo nivel de especializaci&oacute;n, capaz de ofrecerte soluciones de gran dise&ntilde;o y una cuidadosa selecci&oacute;n de materiales. Son m&aacute;s de [&hellip;]<\/p>\n","protected":false},"author":1,"featured_media":0,"parent":0,"menu_order":0,"comment_status":"closed","ping_status":"closed","template":"","meta":{"_genesis_hide_title":false,"_genesis_hide_breadcrumbs":false,"_genesis_hide_singular_image":false,"_genesis_hide_footer_widgets":false,"_genesis_custom_body_class":"","_genesis_custom_post_class":"","_genesis_layout":"","footnotes":""},"class_list":{"0":"post-1823","1":"page","2":"type-page","3":"status-publish","5":"entry","6":"has-post-thumbnail"},"aioseo_notices":[],"_links":{"self":[{"href":"https:\/\/auro-cuines.com\/es\/wp-json\/wp\/v2\/pages\/1823","targetHints":{"allow":["GET"]}}],"collection":[{"href":"https:\/\/auro-cuines.com\/es\/wp-json\/wp\/v2\/pages"}],"about":[{"href":"https:\/\/auro-cuines.com\/es\/wp-json\/wp\/v2\/types\/page"}],"author":[{"embeddable":true,"href":"https:\/\/auro-cuines.com\/es\/wp-json\/wp\/v2\/users\/1"}],"replies":[{"embeddable":true,"href":"https:\/\/auro-cuines.com\/es\/wp-json\/wp\/v2\/comments?post=1823"}],"version-history":[{"count":6,"href":"https:\/\/auro-cuines.com\/es\/wp-json\/wp\/v2\/pages\/1823\/revisions"}],"predecessor-version":[{"id":2648,"href":"https:\/\/auro-cuines.com\/es\/wp-json\/wp\/v2\/pages\/1823\/revisions\/2648"}],"wp:attachment":[{"href":"https:\/\/auro-cuines.com\/es\/wp-json\/wp\/v2\/media?parent=1823"}],"curies":[{"name":"wp","href":"https:\/\/api.w.org\/{rel}","templated":true}]}}