{"id":1684,"date":"2019-11-17T17:55:09","date_gmt":"2019-11-17T17:55:09","guid":{"rendered":"https:\/\/auro-cuines.com\/?page_id=1684"},"modified":"2020-03-24T09:06:15","modified_gmt":"2020-03-24T09:06:15","slug":"aviso-legal","status":"publish","type":"page","link":"https:\/\/auro-cuines.com\/es\/aviso-legal\/","title":{"rendered":"Aviso Legal"},"content":{"rendered":"<p>El presente aviso legal, en adelante, el Aviso Legal, regula el uso del servicio del website de Internet <a href=\"https:\/\/www.auro-cuines.com\">https:\/\/www.auro-cuines.com<\/a> , en adelante Website de <strong>Aur\u00f3 Kitchens &#8211; Zedey Mobiliari S.L.<\/strong> en adelante, <strong>Aur\u00f3<\/strong> con domicilio social en Calder\u00f3n de la barca n\u00ba 1, 08940 Cornell\u00e0 de Llobregat, Barcelona, con CIF B66428905 e inscrita en el Registro Mercantil de Barcelona Tomo 44681, Folio 36, Hoja n\u00ba B463342 Ins 1\u00aa, Fecha 19 de Febrero de 2015. Todos los productos y servicios contenidos en la presente web son prestados por Aur\u00f3 de conformidad con la normativa vigente en materia servicios telem\u00e1ticos.<\/p>\n<h2>Legislaci\u00f3n<\/h2>\n<p>Con car\u00e1cter general las relaciones entre <strong>Aur\u00f3<\/strong> con los Usuarios de sus servicios telem\u00e1ticos, presentes en la web, se encuentran sometidas a la legislaci\u00f3n y jurisdicci\u00f3n espa\u00f1olas.<\/p>\n<h2>Uso y acceso de Usuarios<\/h2>\n<p>El Usuario queda informado, y acepta, que el acceso a la presente web no supone, en modo alguno, el inicio de una relaci\u00f3n comercial con <strong>Aur\u00f3<\/strong>. El acceso a cualquiera de los productos o servicios incluidos en la presente web por parte del Usuario se realizar\u00e1 bajo su \u00fanica y exclusiva responsabilidad, exonerando a <strong>Aur\u00f3<\/strong> de cualquier responsabilidad al respecto. <strong>Aur\u00f3<\/strong> podr\u00e1 rechazar el acceso a cualquier Usuario desde el momento en el que tenga conocimiento de que el Usuario no cumple con los requisitos antes citados. La utilizaci\u00f3n del website atribuye la condici\u00f3n de usuario del website, en adelante, el usuario e implica la aceptaci\u00f3n plena y sin reservas de todas y cada una de las disposiciones incluidas en este Aviso Legal en la versi\u00f3n publicada por Aur\u00f3 en el momento mismo en que el Usuario acceda al website. En consecuencia, el Usuario debe leer atentamente el presente Aviso Legal en cada una de las ocasiones en que se proponga utilizar el website, ya que aqu\u00e9l puede sufrir modificaciones.<\/p>\n<h2>Propiedad intelectual e industrial<\/h2>\n<p>Los derechos de propiedad intelectual del contenido de las p\u00e1gi nas web, su dise\u00f1o gr\u00e1fico y c\u00f3digos son titularidad de <strong>Aur\u00f3<\/strong> y, por tanto, queda prohibida su reproducci\u00f3n, distribuci\u00f3n, comunicaci\u00f3n p\u00fablica, transformaci\u00f3n o cualquier otra actividad que se pueda realizar con los contenidos de sus p\u00e1ginas web ni a\u00fan citando las fuentes, salvo consentimiento por escrito de <strong>Aur\u00f3<\/strong>. Igualmente, todos los nombres comerciales, marcas o signos distintos de cualquier clase contenidos en las p\u00e1ginas web de Aur\u00f3 son propiedad de sus due\u00f1os y est\u00e1n protegidos por ley.<\/p>\n<h2>Contenido de la web y enlaces (links)<\/h2>\n<p><strong>Aur\u00f3<\/strong> no se responsabiliza del mal uso que se realice de los contenidos de sus p\u00e1ginas web, siendo exclusiva responsabilidad de la persona que accede a ellos o los utilice. <strong>Aur\u00f3<\/strong> no asume responsabilidad alguna por la informaci\u00f3n contenida en p\u00e1ginas web de terceros a las que se pueda acceder por enlaces (links) o buscadores de las p\u00e1ginas web de <strong>Aur\u00f3<\/strong>.<\/p>\n<h2>Intercambio o difusi\u00f3n de informaci\u00f3n<\/h2>\n<p><strong>Aur\u00f3<\/strong> declina toda responsabilidad que se derive del intercambio de informaci\u00f3n entre usuarios a trav\u00e9s de sus p\u00e1ginas web. La responsabilidad de las manifestaciones difundidas en sus p\u00e1ginas web corresponde a quienes las realizan.<\/p>\n<div id=\"gtx-trans\" style=\"position: absolute; left: 18px; top: 799.063px;\"><\/div>\n<p><\/p>\n<div class='clear '><\/div><\/div>","protected":false},"excerpt":{"rendered":"<p>El presente aviso legal, en adelante, el Aviso Legal, regula el uso del servicio del website de Internet https:\/\/www.auro-cuines.com , en adelante Website de Aur&oacute; Kitchens &ndash; Zedey Mobiliari S.L. en adelante, Aur&oacute; con domicilio social en Calder&oacute;n de la barca n&ordm; 1, 08940 Cornell&agrave; de Llobregat, Barcelona, con CIF B66428905 e inscrita en el [&hellip;]<\/p>\n","protected":false},"author":1,"featured_media":0,"parent":0,"menu_order":0,"comment_status":"closed","ping_status":"closed","template":"","meta":{"_genesis_hide_title":false,"_genesis_hide_breadcrumbs":false,"_genesis_hide_singular_image":false,"_genesis_hide_footer_widgets":false,"_genesis_custom_body_class":"","_genesis_custom_post_class":"","_genesis_layout":"","footnotes":""},"class_list":{"0":"post-1684","1":"page","2":"type-page","3":"status-publish","5":"entry"},"aioseo_notices":[],"_links":{"self":[{"href":"https:\/\/auro-cuines.com\/es\/wp-json\/wp\/v2\/pages\/1684","targetHints":{"allow":["GET"]}}],"collection":[{"href":"https:\/\/auro-cuines.com\/es\/wp-json\/wp\/v2\/pages"}],"about":[{"href":"https:\/\/auro-cuines.com\/es\/wp-json\/wp\/v2\/types\/page"}],"author":[{"embeddable":true,"href":"https:\/\/auro-cuines.com\/es\/wp-json\/wp\/v2\/users\/1"}],"replies":[{"embeddable":true,"href":"https:\/\/auro-cuines.com\/es\/wp-json\/wp\/v2\/comments?post=1684"}],"version-history":[{"count":10,"href":"https:\/\/auro-cuines.com\/es\/wp-json\/wp\/v2\/pages\/1684\/revisions"}],"predecessor-version":[{"id":1767,"href":"https:\/\/auro-cuines.com\/es\/wp-json\/wp\/v2\/pages\/1684\/revisions\/1767"}],"wp:attachment":[{"href":"https:\/\/auro-cuines.com\/es\/wp-json\/wp\/v2\/media?parent=1684"}],"curies":[{"name":"wp","href":"https:\/\/api.w.org\/{rel}","templated":true}]}}