{"id":1681,"date":"2019-11-17T17:46:45","date_gmt":"2019-11-17T17:46:45","guid":{"rendered":"https:\/\/auro-cuines.com\/?page_id=1681"},"modified":"2019-11-27T12:20:24","modified_gmt":"2019-11-27T12:20:24","slug":"politica-proteccion-de-datos","status":"publish","type":"page","link":"https:\/\/auro-cuines.com\/es\/politica-proteccion-de-datos\/","title":{"rendered":"Pol\u00edtica protecci\u00f3n de datos"},"content":{"rendered":"<p>Mediante este aviso, <strong>Zedey Mobiliari SL<\/strong> domiciliada en Calder\u00f3n de la barca n\u00ba 1, 08940 Cornell\u00e0 de Llobregat, Barcelona y con direcci\u00f3n de correo electr\u00f3nico <a href=\"mailto:info@auro-cuines.com\">info@auro-cuines.com<\/a>, en adelante, <strong>Aur\u00f3<\/strong>, informa a los usuarios de los distintos website de Internet de su propiedad, en adelante, Usuarios y Website, acerca de su pol\u00edtica de protecci\u00f3n de datos de car\u00e1cter personal, en adelante, los Datos Personales, para que los Usuarios determinen libre y voluntariamente si desean facilitar a <strong>Aur\u00f3<\/strong> los Datos Personales que se les puedan requerir o que se puedan obtener de los Usuarios con ocasi\u00f3n de la suscripci\u00f3n o alta en algunos de los servicios ofrecidos por <strong>Aur\u00f3<\/strong> en el website o a trav\u00e9s del website. <strong>Aur\u00f3<\/strong> se reserva el derecho a modificar la presente pol\u00edtica para adaptarla a novedades legislativas o jurisprudenciales as\u00ed como a pr\u00e1cticas de la industria. En dichos supuestos, <strong>Aur\u00f3<\/strong> anunciar\u00e1 en esta p\u00e1gina los cambios introducidos con razonable antelaci\u00f3n a su puesta en pr\u00e1ctica.<\/p>\n<h2>Legislaci\u00f3n<\/h2>\n<p>De acuerdo con lo establecido en el Art\u00edculo 12 del Reglamento Europeo de Protecci\u00f3n de Datos, relativo a la transparencia de la informaci\u00f3n, comunicaci\u00f3n y modalidades de ejercicio de los derechos del interesado y del Art\u00edculo 13, relativo a la informaci\u00f3n que deber\u00e1 facilitarse cuando los datos personales se obtengan del interesado.<br \/>\n<strong>Responsable del tratamiento<\/strong><br \/>\nIdentidad: Zedey Mobiliari SL., en adelante, <strong>Aur\u00f3<\/strong> con domicilio social en Calder\u00f3n de la barca n\u00ba 1, 08940 Cornell\u00e0 de Llobregat, Barcelona, con CIF B66428905 e inscrita en el Registro Mercantil de Barcelona Tomo 44681, Folio 36, Hoja n\u00ba B463342 Ins 1\u00aa, Fecha 19 de Febrero de 2015. Asimismo, en el caso de que registre sus datos personales en alguno de los formularios de este website, los datos facilitados ser\u00e1n incorporados a los ficheros automatizados de <strong>Aur\u00f3<\/strong>.<\/p>\n<h2>Finalidad del tratamiento<\/h2>\n<p>La recogida y tratamiento automatizado de los Datos Personales tiene como finalidad la gesti\u00f3n de la relaci\u00f3n con los potenciales clientes que contactan por medio de los diferentes formularios de contacto.<\/p>\n<p>\u2014 Finalidad del formulario de quiero un proyecto <strong>Aur\u00f3<\/strong>: gestionar su inter\u00e9s en recibir nuestro contacto para elaborar un proyecto personalizado.<\/p>\n<p>\u2014 Finalidad del formulario para distribuir nuestras cocinas: gestionar su inter\u00e9s en convertirse en un distribuidor <strong>Aur\u00f3<\/strong>.<\/p>\n<p>Los datos proporcionados se conservar\u00e1n mientras no solicite la baja del servicio. Los datos podr\u00e1n cederse a empresas prestadoras de marketing digital con fines de an\u00e1lisis, generaci\u00f3n de perfiles de uso, estudios de marketing o encuestas de calidad y mejora de la interacci\u00f3n con nuestros clientes.<\/p>\n<h2>Legitimaci\u00f3n<\/h2>\n<p>Le informamos de que la base legal para el tratamiento de sus datos es la de gestionar las solicitudes que nos remita a trav\u00e9s de los diferentes formularios disponibles. El interesado da su consentimiento al rellenar el formulario y enviar sus datos.<\/p>\n<h2><strong>Conservaci\u00f3n de los datos<\/strong><\/h2>\n<p>Los datos proporcionados se conservar\u00e1n durante los plazos legalmente establecidos.<\/p>\n<h2><strong>Cesiones de datos<\/strong><\/h2>\n<p>Los datos no se ceder\u00e1n a terceros salvo en los casos en que exista una obligaci\u00f3n legal o en el caso de env\u00edos de publicidad en el que ser\u00e1n cedidos a empresas que gestionen el marketing digital y a distribuidores oficiales. Al aportarnos sus Datos Personales a trav\u00e9s de este portal, usted nos autoriza a tratar y compartir su informaci\u00f3n con dichos colaboradores. Su autorizaci\u00f3n, incluye aquellos casos en los que, por eficiencia del servicio, los prestadores puedan estar ubicados en Estados Unidos de Am\u00e9rica u otros pa\u00edses o territorios situados fuera del Espacio Econ\u00f3mico Europeo que no proporcionen un nivel de protecci\u00f3n de datos equiparable al de su pa\u00eds o, en su caso, al de la Uni\u00f3n Europea.<\/p>\n<h2>Derechos del interesado<\/h2>\n<p>Tendr\u00e1 derecho a acceder a sus datos personales, as\u00ed como a solicitar la rectificaci\u00f3n de los datos inexactos o, en su caso, solicitar su supresi\u00f3n cuando, entre otros motivos, los datos ya no sean necesarios para los fines que fueron recogidos. Podr\u00e1 solicitar la limitaci\u00f3n u oposici\u00f3n del tratamiento de sus datos, en cuyo caso \u00fanicamente los conservaremos para cumplir con las obligaciones legalmente establecidas.<\/p>\n<h2>Derecho a no ser objeto de decisiones individuales automatizadas, incluida la elaboraci\u00f3n de perfiles<\/h2>\n<p>No se realizan sobre el usuario decisiones individuales automatizadas ni se elaboran perfiles que produzcan efectos jur\u00eddicos o le afecten significativamente de modo similar.<\/p>\n<h2>Ejercicio de derechos de acceso, rectificaci\u00f3n, cancelaci\u00f3n y oposici\u00f3n<\/h2>\n<p>Para el ejercicio de sus derechos debe enviar un correo electr\u00f3nico a <a href=\"mailto:info@auro-cuines.com\">info@auro-cuines.com<\/a> indicando por escrito su petici\u00f3n y adjuntando fotocopia de su DNI.<\/p>\n<h2>Medidas de seguridad<\/h2>\n<p>Teniendo en cuenta el estado de la t\u00e9cnica, los costes de aplicaci\u00f3n, y la naturaleza, el alcance, el contexto y los fines del tratamiento, as\u00ed como riesgos de probabilidad y gravedad variables para los derechos y libertades de las personas f\u00edsicas, <strong>Aur\u00f3<\/strong> equipamiento de interiores s.l.u. aplica las medidas t\u00e9cnicas y organizativas apropiadas para garantizar un nivel de seguridad adecuado al riesgo. <strong>Aur\u00f3<\/strong> no ser\u00e1 responsable de posibles da\u00f1os o perjuicios que se pudieran derivar de interferencias, omisiones, interrupciones, virus inform\u00e1ticos, aver\u00edas telef\u00f3nicas o desconexiones en el funcionamiento operativo de este sistema electr\u00f3nico, motivadas por causas ajenas a <strong>Aur\u00f3<\/strong>; de retrasos o bloqueos en el uso del presente sistema electr\u00f3nico causados por deficiencias o sobre cargas de l\u00edneas telef\u00f3nicas o sobrecargas en el Centro de Procesos de Datos, en el sistema de Internet o en otros sistemas electr\u00f3nicos, as\u00ed como de da\u00f1os que puedan ser causados por terceras personas mediante intromisiones ileg\u00edtimas fuera del control de <strong>Aur\u00f3<\/strong>.<\/p>\n<h2>Tratamiento basado en el consentimiento del afectado<\/h2>\n<p>A trav\u00e9s de esta p\u00e1gina web <a href=\"https:\/\/www.auro-cuines.com\">https:\/\/www.auro-cuines.com<\/a> no se recoge ning\u00fan dato personal sin su consentimiento.<\/p>\n<h2>Deber de confidencialidad<\/h2>\n<p>De conformidad con el art\u00edculo 5.1 f) del Reglamento (UE) 2016\/679 <strong>Aur\u00f3<\/strong> se compromete a tratar de forma absolutamente confidencial sus datos de car\u00e1cter personal y a utilizarlos s\u00f3lo para las finalidades indicadas.<\/p>\n<h2>Inexactitud de los datos obtenidos directamente del afectado<\/h2>\n<p>A los efectos previstos en el art\u00edculo 5.1 d) del Reglamento (UE) 2016\/679, no ser\u00e1n imputables al responsable del tratamiento los datos personales que sean inexactos con respecto a los fines para los que se tratan, si usted no ha ejercitado su derecho de rectificaci\u00f3n.<\/p>\n<h2>Derecho a reclamar<\/h2>\n<p>En el caso de que no est\u00e9 conforme con el tratamiento de sus datos podr\u00e1 dirigir sus reclamaciones ante las Autoridades de protecci\u00f3n de datos.<\/p>\n<h2>Cookies<\/h2>\n<p><strong>Aur\u00f3<\/strong> puede utilizar cookies cuando un Usuario navega por los sitios y p\u00e1ginas web del Portal. Las cookies que se puedan utilizar en los sitios y p\u00e1ginas web del Portal se asocian \u00fanicamente con el navegador de un ordenador determinado (un Usuario an\u00f3nimo), y no proporcionan por s\u00ed el nombre y apellidos del Usuario. Gracias a las cookies, resulta posible que <strong>Aur\u00f3<\/strong> reconozca los navegadores de los Usuarios registrados despu\u00e9s de que \u00e9stos se hayan registrado por primera vez, sin que se tengan que registrarse en cada visita para acceder a las \u00e1reas y servicios reservados exclusivamente a ellos. Las cookies utilizadas no pueden leer los archivos cookie creados por otros proveedores. El Usuario tiene la posibilidad de configurar su navegador para ser avisado en pantalla de la recepci\u00f3n de cookies y para impedir la instalaci\u00f3n de cookies en su disco duro. Por favor, consulte las instrucciones y manuales de su navegador para ampliar esta informaci\u00f3n. Para utilizar el Portal, no resulta necesario que el Usuario permita la instalaci\u00f3n de las cookies enviadas por <strong>Aur\u00f3<\/strong>, sin perjuicio de que en tal caso ser\u00e1 necesario que el Usuario se registre como usuario de cada uno de los servicios cuya prestaci\u00f3n requiera el previo registro. Las cookies que se utilizan en los sitios y p\u00e1ginas web del Portal pueden ser servidas por <strong>Aur\u00f3<\/strong>, en cuyo caso se sirven desde los distintos servidores operados por \u00e9stas, o desde los servidores de determinados terceros que nos prestan servicios y sirven las cookies por cuenta de <strong>Aur\u00f3<\/strong> (como por ejemplo, las cookies que se emplean para servir la publicidad o determinados contenidos y que hacen que el Usuario visualice la publicidad o ciertos contenidos en el tiempo, n\u00famero de veces y forma predeterminados). Siempre que no haya activado la opci\u00f3n que impide la instalaci\u00f3n de cookies en su disco duro, Ud. puede explorar su disco duro siguiendo el manual de instrucciones y ayuda de su sistema operativo (normalmente, en sistemas operativos Windows deber\u00e1 consultar la carpeta C (o la unidad de disco correspondiente Windows\/Cookies) para conocer con mayor detalle cada servidor desde donde se env\u00edan las cookies.<\/p>\n<div id=\"gtx-trans\" style=\"position: absolute; left: 744px; top: 2425.38px;\"><\/div>\n<p><\/p>\n<div class='clear '><\/div><\/div>","protected":false},"excerpt":{"rendered":"<p>Mediante este aviso, Zedey Mobiliari SL domiciliada en Calder&oacute;n de la barca n&ordm; 1, 08940 Cornell&agrave; de Llobregat, Barcelona y con direcci&oacute;n de correo electr&oacute;nico info@auro-cuines.com, en adelante, Aur&oacute;, informa a los usuarios de los distintos website de Internet de su propiedad, en adelante, Usuarios y Website, acerca de su pol&iacute;tica de protecci&oacute;n de datos [&hellip;]<\/p>\n","protected":false},"author":1,"featured_media":0,"parent":0,"menu_order":0,"comment_status":"closed","ping_status":"closed","template":"","meta":{"_genesis_hide_title":false,"_genesis_hide_breadcrumbs":false,"_genesis_hide_singular_image":false,"_genesis_hide_footer_widgets":false,"_genesis_custom_body_class":"","_genesis_custom_post_class":"","_genesis_layout":"","footnotes":""},"class_list":{"0":"post-1681","1":"page","2":"type-page","3":"status-publish","5":"entry"},"aioseo_notices":[],"_links":{"self":[{"href":"https:\/\/auro-cuines.com\/es\/wp-json\/wp\/v2\/pages\/1681","targetHints":{"allow":["GET"]}}],"collection":[{"href":"https:\/\/auro-cuines.com\/es\/wp-json\/wp\/v2\/pages"}],"about":[{"href":"https:\/\/auro-cuines.com\/es\/wp-json\/wp\/v2\/types\/page"}],"author":[{"embeddable":true,"href":"https:\/\/auro-cuines.com\/es\/wp-json\/wp\/v2\/users\/1"}],"replies":[{"embeddable":true,"href":"https:\/\/auro-cuines.com\/es\/wp-json\/wp\/v2\/comments?post=1681"}],"version-history":[{"count":12,"href":"https:\/\/auro-cuines.com\/es\/wp-json\/wp\/v2\/pages\/1681\/revisions"}],"predecessor-version":[{"id":1766,"href":"https:\/\/auro-cuines.com\/es\/wp-json\/wp\/v2\/pages\/1681\/revisions\/1766"}],"wp:attachment":[{"href":"https:\/\/auro-cuines.com\/es\/wp-json\/wp\/v2\/media?parent=1681"}],"curies":[{"name":"wp","href":"https:\/\/api.w.org\/{rel}","templated":true}]}}