{"id":1650,"date":"2019-11-15T10:17:49","date_gmt":"2019-11-15T10:17:49","guid":{"rendered":"https:\/\/auro-cuines.com\/?page_id=1650"},"modified":"2021-01-27T11:20:35","modified_gmt":"2021-01-27T11:20:35","slug":"blog","status":"publish","type":"page","link":"https:\/\/auro-cuines.com\/es\/blog\/","title":{"rendered":"Blog"},"content":{"rendered":"<p><style>.wp-show-posts-columns#wpsp-2895 {margin-left: -2em; }.wp-show-posts-columns#wpsp-2895 .wp-show-posts-inner {margin: 0 0 2em 2em; }<\/style><section id=\"wpsp-2895\" class=\" wp-show-posts\" style=\"\"><article class=\" wp-show-posts-single wpsp-clearfix post-6915 post type-post status-publish format-standard has-post-thumbnail category-noticias tag-diseno-de-cocinas entry\" itemtype=\"http:\/\/schema.org\/CreativeWork\" itemscope><div class=\"wp-show-posts-inner\" style=\"\">\t\t\t\t\t\t<header class=\"wp-show-posts-entry-header\">\n\t\t\t\t\t\t\t<h2 class=\"wp-show-posts-entry-title\" itemprop=\"headline\"><a href=\"https:\/\/auro-cuines.com\/es\/lo-mas-leido-sobre-diseno-y-fabricacion-de-cocinas\/\" rel=\"bookmark\">Lo m\u00e1s le\u00eddo sobre dise\u00f1o y fabricaci\u00f3n de cocinas.<\/a><\/h2><div class=\"wp-show-posts-entry-meta wp-show-posts-entry-meta-below-title post-meta-inline\"><span class=\"wp-show-posts-posted-on wp-show-posts-meta\">\n\t\t\t\t\t<a href=\"https:\/\/auro-cuines.com\/es\/lo-mas-leido-sobre-diseno-y-fabricacion-de-cocinas\/\" title=\"09:39 09Fri, 23 Dec 2022 09:39:50 +000050.\" rel=\"bookmark\"><time class=\"wp-show-posts-entry-date published\" datetime=\"2022-12-23T09:39:50+00:00\" itemprop=\"datePublished\">23 de December de 2022<\/time><time class=\"wp-show-posts-updated\" datetime=\"2022-12-23T09:52:10+00:00\" itemprop=\"dateModified\">23 de December de 2022<\/time><\/a>\n\t\t\t\t<\/span><\/div>\t\t\t\t\t\t<\/header><!-- .entry-header -->\n\t\t\t\t\t\t\t<div class=\"wp-show-posts-image  wpsp-image-center \">\n\t\t\t<a href=\"https:\/\/auro-cuines.com\/es\/lo-mas-leido-sobre-diseno-y-fabricacion-de-cocinas\/\"  title=\"Lo m\u00e1s le\u00eddo sobre dise\u00f1o y fabricaci\u00f3n de cocinas.\"><img fetchpriority=\"high\" decoding=\"async\" width=\"1600\" height=\"890\" src=\"https:\/\/auro-cuines.com\/wp-content\/uploads\/Miro01.jpg\" class=\"attachment-full size-full wp-post-image\" alt=\"Dise\u00f1o y fabricaci\u00f3n de cocinas\" itemprop=\"image\" srcset=\"https:\/\/auro-cuines.com\/wp-content\/uploads\/Miro01.jpg 1600w, https:\/\/auro-cuines.com\/wp-content\/uploads\/Miro01-300x167.jpg 300w, https:\/\/auro-cuines.com\/wp-content\/uploads\/Miro01-768x427.jpg 768w, https:\/\/auro-cuines.com\/wp-content\/uploads\/Miro01-980x545.jpg 980w\" sizes=\"(max-width: 1600px) 100vw, 1600px\" \/><\/a>\t\t<\/div>\n\t\t\t\t\t\t\t\t<div class=\"wp-show-posts-entry-summary\" itemprop=\"text\">\n\t\t\t\t\t\t\t<p>Diciembre es el mes de los cl&aacute;sicos:&nbsp; la cena de empresa, los villancicos, los jers&eacute;is de renos, las luces navide&ntilde;as y, c&oacute;mo no, las inevitables listas que recopilan lo mejor&#8230;<\/p>\n\t\t\t\t\t\t<\/div><!-- .entry-summary -->\n\t\t\t\t\t<\/div><!-- wp-show-posts-inner --><div class=\"wpsp-clear\"><\/div><\/article><article class=\" wp-show-posts-single wpsp-clearfix post-6844 post type-post status-publish format-standard has-post-thumbnail category-noticias tag-vitrinas-en-cocinas entry\" itemtype=\"http:\/\/schema.org\/CreativeWork\" itemscope><div class=\"wp-show-posts-inner\" style=\"\">\t\t\t\t\t\t<header class=\"wp-show-posts-entry-header\">\n\t\t\t\t\t\t\t<h2 class=\"wp-show-posts-entry-title\" itemprop=\"headline\"><a href=\"https:\/\/auro-cuines.com\/es\/vitrinas-en-las-cocinas-una-tendencia-en-auge\/\" rel=\"bookmark\">Vitrinas en las cocinas, una tendencia en auge.<\/a><\/h2><div class=\"wp-show-posts-entry-meta wp-show-posts-entry-meta-below-title post-meta-inline\"><span class=\"wp-show-posts-posted-on wp-show-posts-meta\">\n\t\t\t\t\t<a href=\"https:\/\/auro-cuines.com\/es\/vitrinas-en-las-cocinas-una-tendencia-en-auge\/\" title=\"10:56 10Fri, 09 Dec 2022 10:56:12 +000012.\" rel=\"bookmark\"><time class=\"wp-show-posts-entry-date published\" datetime=\"2022-12-09T10:56:12+00:00\" itemprop=\"datePublished\">09 de December de 2022<\/time><time class=\"wp-show-posts-updated\" datetime=\"2022-12-09T11:01:21+00:00\" itemprop=\"dateModified\">09 de December de 2022<\/time><\/a>\n\t\t\t\t<\/span><\/div>\t\t\t\t\t\t<\/header><!-- .entry-header -->\n\t\t\t\t\t\t\t<div class=\"wp-show-posts-image  wpsp-image-center \">\n\t\t\t<a href=\"https:\/\/auro-cuines.com\/es\/vitrinas-en-las-cocinas-una-tendencia-en-auge\/\"  title=\"Vitrinas en las cocinas, una tendencia en auge.\"><img decoding=\"async\" width=\"2118\" height=\"1296\" src=\"https:\/\/auro-cuines.com\/wp-content\/uploads\/Lujo-en-las-cocinas-Cocinas-de-lujo-en-Barcelona-Auro-Kitchens.png\" class=\"attachment-full size-full wp-post-image\" alt=\"Vitrinas en cocinas\" itemprop=\"image\" srcset=\"https:\/\/auro-cuines.com\/wp-content\/uploads\/Lujo-en-las-cocinas-Cocinas-de-lujo-en-Barcelona-Auro-Kitchens.png 2118w, https:\/\/auro-cuines.com\/wp-content\/uploads\/Lujo-en-las-cocinas-Cocinas-de-lujo-en-Barcelona-Auro-Kitchens-300x184.png 300w, https:\/\/auro-cuines.com\/wp-content\/uploads\/Lujo-en-las-cocinas-Cocinas-de-lujo-en-Barcelona-Auro-Kitchens-899x550.png 899w, https:\/\/auro-cuines.com\/wp-content\/uploads\/Lujo-en-las-cocinas-Cocinas-de-lujo-en-Barcelona-Auro-Kitchens-768x470.png 768w, https:\/\/auro-cuines.com\/wp-content\/uploads\/Lujo-en-las-cocinas-Cocinas-de-lujo-en-Barcelona-Auro-Kitchens-1536x940.png 1536w, https:\/\/auro-cuines.com\/wp-content\/uploads\/Lujo-en-las-cocinas-Cocinas-de-lujo-en-Barcelona-Auro-Kitchens-2048x1253.png 2048w\" sizes=\"(max-width: 2118px) 100vw, 2118px\" \/><\/a>\t\t<\/div>\n\t\t\t\t\t\t\t\t<div class=\"wp-show-posts-entry-summary\" itemprop=\"text\">\n\t\t\t\t\t\t\t<p>El dise&ntilde;o de cocinas debe ir un paso m&aacute;s all&aacute;. Ya no se trata solo de crear espacios bonitos y funcionales para cocinar, sino tambi&eacute;n de crear espacios inspiradores para&#8230;<\/p>\n\t\t\t\t\t\t<\/div><!-- .entry-summary -->\n\t\t\t\t\t<\/div><!-- wp-show-posts-inner --><div class=\"wpsp-clear\"><\/div><\/article><article class=\" wp-show-posts-single wpsp-clearfix post-6736 post type-post status-publish format-standard has-post-thumbnail category-noticias tag-cocinas-de-gas entry\" itemtype=\"http:\/\/schema.org\/CreativeWork\" itemscope><div class=\"wp-show-posts-inner\" style=\"\">\t\t\t\t\t\t<header class=\"wp-show-posts-entry-header\">\n\t\t\t\t\t\t\t<h2 class=\"wp-show-posts-entry-title\" itemprop=\"headline\"><a href=\"https:\/\/auro-cuines.com\/es\/presencia-de-placas-de-gas-en-las-cocinas-actuales\/\" rel=\"bookmark\">La presencia de placas de gas en las cocinas actuales.<\/a><\/h2><div class=\"wp-show-posts-entry-meta wp-show-posts-entry-meta-below-title post-meta-inline\"><span class=\"wp-show-posts-posted-on wp-show-posts-meta\">\n\t\t\t\t\t<a href=\"https:\/\/auro-cuines.com\/es\/presencia-de-placas-de-gas-en-las-cocinas-actuales\/\" title=\"10:05 10Wed, 16 Nov 2022 10:05:46 +000046.\" rel=\"bookmark\"><time class=\"wp-show-posts-entry-date published\" datetime=\"2022-11-16T10:05:46+00:00\" itemprop=\"datePublished\">16 de November de 2022<\/time><time class=\"wp-show-posts-updated\" datetime=\"2022-11-16T10:06:32+00:00\" itemprop=\"dateModified\">16 de November de 2022<\/time><\/a>\n\t\t\t\t<\/span><\/div>\t\t\t\t\t\t<\/header><!-- .entry-header -->\n\t\t\t\t\t\t\t<div class=\"wp-show-posts-image  wpsp-image-center \">\n\t\t\t<a href=\"https:\/\/auro-cuines.com\/es\/presencia-de-placas-de-gas-en-las-cocinas-actuales\/\"  title=\"La presencia de placas de gas en las cocinas actuales.\"><img decoding=\"async\" width=\"1552\" height=\"959\" src=\"https:\/\/auro-cuines.com\/wp-content\/uploads\/Placas-de-gas-en-cocinas-Cocinas-de-diseno-en-Barcelona.-Auro.jpg\" class=\"attachment-full size-full wp-post-image\" alt=\"Placas de gas en cocinas - Cocinas de dise\u00f1o en Barcelona. Auro\" itemprop=\"image\" srcset=\"https:\/\/auro-cuines.com\/wp-content\/uploads\/Placas-de-gas-en-cocinas-Cocinas-de-diseno-en-Barcelona.-Auro.jpg 1552w, https:\/\/auro-cuines.com\/wp-content\/uploads\/Placas-de-gas-en-cocinas-Cocinas-de-diseno-en-Barcelona.-Auro-300x185.jpg 300w, https:\/\/auro-cuines.com\/wp-content\/uploads\/Placas-de-gas-en-cocinas-Cocinas-de-diseno-en-Barcelona.-Auro-890x550.jpg 890w, https:\/\/auro-cuines.com\/wp-content\/uploads\/Placas-de-gas-en-cocinas-Cocinas-de-diseno-en-Barcelona.-Auro-768x475.jpg 768w, https:\/\/auro-cuines.com\/wp-content\/uploads\/Placas-de-gas-en-cocinas-Cocinas-de-diseno-en-Barcelona.-Auro-1536x949.jpg 1536w\" sizes=\"(max-width: 1552px) 100vw, 1552px\" \/><\/a>\t\t<\/div>\n\t\t\t\t\t\t\t\t<div class=\"wp-show-posts-entry-summary\" itemprop=\"text\">\n\t\t\t\t\t\t\t<p>Pensar en cocinas de dise&ntilde;o en Barcelona parece incompatible con pensar en placas de gas. Es decir, la mayor&iacute;a de personas, cuando visualizan una cocina moderna, dan por hecho que&#8230;<\/p>\n\t\t\t\t\t\t<\/div><!-- .entry-summary -->\n\t\t\t\t\t<\/div><!-- wp-show-posts-inner --><div class=\"wpsp-clear\"><\/div><\/article><\/section><!-- .wp-show-posts --><div class=\"wpsp-load-more\"><span aria-current=\"page\" class=\"page-numbers current\">1<\/span>\n<a class=\"page-numbers\" href=\"https:\/\/auro-cuines.com\/es\/wp-json\/wp\/v2\/pages\/1650\/page\/2\/\">2<\/a>\n<span class=\"page-numbers dots\">&hellip;<\/span>\n<a class=\"page-numbers\" href=\"https:\/\/auro-cuines.com\/es\/wp-json\/wp\/v2\/pages\/1650\/page\/26\/\">26<\/a>\n<a class=\"next page-numbers\" href=\"https:\/\/auro-cuines.com\/es\/wp-json\/wp\/v2\/pages\/1650\/page\/2\/\">Siguiente &rarr;<\/a><\/div><\/p>\n<div class='clear '><\/div><\/div>","protected":false},"excerpt":{"rendered":"","protected":false},"author":1,"featured_media":0,"parent":0,"menu_order":0,"comment_status":"closed","ping_status":"closed","template":"page_blog.php","meta":{"_genesis_hide_title":false,"_genesis_hide_breadcrumbs":false,"_genesis_hide_singular_image":false,"_genesis_hide_footer_widgets":false,"_genesis_custom_body_class":"","_genesis_custom_post_class":"","_genesis_layout":"full-width-content","footnotes":""},"class_list":{"0":"post-1650","1":"page","2":"type-page","3":"status-publish","5":"entry","6":"has-post-thumbnail"},"aioseo_notices":[],"_links":{"self":[{"href":"https:\/\/auro-cuines.com\/es\/wp-json\/wp\/v2\/pages\/1650","targetHints":{"allow":["GET"]}}],"collection":[{"href":"https:\/\/auro-cuines.com\/es\/wp-json\/wp\/v2\/pages"}],"about":[{"href":"https:\/\/auro-cuines.com\/es\/wp-json\/wp\/v2\/types\/page"}],"author":[{"embeddable":true,"href":"https:\/\/auro-cuines.com\/es\/wp-json\/wp\/v2\/users\/1"}],"replies":[{"embeddable":true,"href":"https:\/\/auro-cuines.com\/es\/wp-json\/wp\/v2\/comments?post=1650"}],"version-history":[{"count":7,"href":"https:\/\/auro-cuines.com\/es\/wp-json\/wp\/v2\/pages\/1650\/revisions"}],"predecessor-version":[{"id":2898,"href":"https:\/\/auro-cuines.com\/es\/wp-json\/wp\/v2\/pages\/1650\/revisions\/2898"}],"wp:attachment":[{"href":"https:\/\/auro-cuines.com\/es\/wp-json\/wp\/v2\/media?parent=1650"}],"curies":[{"name":"wp","href":"https:\/\/api.w.org\/{rel}","templated":true}]}}