{"id":163,"date":"2016-09-20T02:58:49","date_gmt":"2016-09-20T02:58:49","guid":{"rendered":"http:\/\/auro-cuines.com\/?page_id=163"},"modified":"2023-07-21T23:12:54","modified_gmt":"2023-07-21T21:12:54","slug":"auro-quality-kitchens","status":"publish","type":"page","link":"https:\/\/auro-cuines.com\/es\/auro-quality-kitchens\/","title":{"rendered":"Porqu\u00e9 Aur\u00f3"},"content":{"rendered":"<p>&nbsp;<\/p>\n<h1><strong>HISTORIA<\/strong><\/h1>\n<p>Desde hace m\u00e1s de un siglo, varias generaciones de ebanistas de una misma familia, tallaron los pilares de lo que hoy es <strong>Aur\u00f3<\/strong>.<\/p>\n<p><a href=\"http:\/\/auro-cuines.com\/wp-content\/uploads\/foto_carpinteria_2.jpg\"><img fetchpriority=\"high\" decoding=\"async\" class=\"aligncenter wp-image-104\" style=\"float: left; padding: 0px 15px 5px 0;\" src=\"http:\/\/auro-cuines.com\/wp-content\/uploads\/foto_carpinteria_2-300x197.jpg\" alt=\"Auro\" width=\"533\" height=\"350\" srcset=\"https:\/\/auro-cuines.com\/wp-content\/uploads\/foto_carpinteria_2-300x197.jpg 300w, https:\/\/auro-cuines.com\/wp-content\/uploads\/foto_carpinteria_2-768x504.jpg 768w, https:\/\/auro-cuines.com\/wp-content\/uploads\/foto_carpinteria_2-1200x788.jpg 1200w, https:\/\/auro-cuines.com\/wp-content\/uploads\/foto_carpinteria_2.jpg 1600w\" sizes=\"(max-width: 533px) 100vw, 533px\" \/><\/a>Desde su fundaci\u00f3n hace 40 a\u00f1os, aunamos bajo un mismo techo la experiencia de carpinteros y maestros ebanistas con la precisi\u00f3n de la \u00faltima tecnolog\u00eda para generar un producto \u00fanico, ya que cada cocina se fabrica independientemente, y no en serie.<\/p>\n<p>&nbsp;<\/p>\n<p>Este sistema, nos ayuda a cuidar hasta el m\u00e1s m\u00ednimo detalle, y potenciar con creces nuestros estrictos criterios de calidad<\/p>\n<div id=\"company\">\n<h1>GARANT\u00cdA AUR\u00d3<\/h1>\n<p><img decoding=\"async\" class=\"aligncenter wp-image-6107 size-full\" src=\"https:\/\/auro-cuines.com\/wp-content\/uploads\/Complex_099.jpg\" alt=\"\" width=\"1768\" height=\"1298\" srcset=\"https:\/\/auro-cuines.com\/wp-content\/uploads\/Complex_099.jpg 1768w, https:\/\/auro-cuines.com\/wp-content\/uploads\/Complex_099-300x220.jpg 300w, https:\/\/auro-cuines.com\/wp-content\/uploads\/Complex_099-749x550.jpg 749w, https:\/\/auro-cuines.com\/wp-content\/uploads\/Complex_099-768x564.jpg 768w, https:\/\/auro-cuines.com\/wp-content\/uploads\/Complex_099-1536x1128.jpg 1536w\" sizes=\"(max-width: 1768px) 100vw, 1768px\" \/><\/p>\n<h2>PRODUCCI\u00d3N PROPIA<\/h2>\n<p>Cuarenta a\u00f1os de investigaci\u00f3n y dise\u00f1o son la garant\u00eda de la cuidadosa elecci\u00f3n de materiales, t\u00e9cnicas de proceso y sistemas de producci\u00f3n para el amueblamiento de cocina <strong>Aur\u00f3<\/strong>. Una gran marca que est\u00e1 presente en multitud de viviendas, reconocida por prestigiosos estudios de arquitectura para los proyectos de mayor requerimiento est\u00e9tico y t\u00e9cnico.<\/p>\n<p>Para completar nuestros proyectos y producci\u00f3n propia, tambi\u00e9n contamos con materiales y marcas referentes de alta gama en su categor\u00eda como: MIELE &#8211; BORA &#8211; GAGGENAU &#8211; LIEBHERR &#8211; GESSI<\/p>\n<h2>PROYECTOS E INTERIORISMO<\/h2>\n<p>Nuestro equipo de interioristas y t\u00e9cnicos en amueblamiento se ocupar\u00e1n de proyectar tu casa de ensue\u00f1o, a la altura de tus gustos y necesidades, aportando toda nuestra profesionalidad forjada por a\u00f1os de experiencia en cada disciplina.<\/p>\n<p>\u00bfQuieres que realicemos el proyecto integral de tu nuevo hogar? Contacta ahora con nosotros, estudiaremos tu proyecto en una cita exclusiva<\/p>\n<p><img decoding=\"async\" class=\"aligncenter wp-image-6104 size-large\" src=\"https:\/\/auro-cuines.com\/wp-content\/uploads\/Auro-Kitchens-043-824x550.jpg\" alt=\"\" width=\"824\" height=\"550\" srcset=\"https:\/\/auro-cuines.com\/wp-content\/uploads\/Auro-Kitchens-043-824x550.jpg 824w, https:\/\/auro-cuines.com\/wp-content\/uploads\/Auro-Kitchens-043-300x200.jpg 300w, https:\/\/auro-cuines.com\/wp-content\/uploads\/Auro-Kitchens-043-768x512.jpg 768w, https:\/\/auro-cuines.com\/wp-content\/uploads\/Auro-Kitchens-043-1536x1025.jpg 1536w, https:\/\/auro-cuines.com\/wp-content\/uploads\/Auro-Kitchens-043.jpg 1619w\" sizes=\"(max-width: 824px) 100vw, 824px\" \/><\/p>\n<h2>SHOWROOM<\/h2>\n<p>Nuestra \u00faltima ampliaci\u00f3n en la que hemos duplicado el espacio expositivo, a\u00fana las tendencias m\u00e1s exclusivas en muebles de cocina, ba\u00f1o, vestidores y complementos, tanto para el interior como para el exterior de la vivienda. Concierta una visita en este nuevo espacio, donde el dise\u00f1o te servir\u00e1 de inspiraci\u00f3n para convertir tu casa en un hogar de ensue\u00f1o<\/p>\n<p><img loading=\"lazy\" decoding=\"async\" class=\"aligncenter wp-image-4944 size-full\" src=\"https:\/\/auro-cuines.com\/wp-content\/uploads\/Como-iluminar-la-cocina-Auro-Kitchens-Cocinas-a-medida-Barcelona-P.jpg\" alt=\"C\u00f3mo iluminar la cocina - Aur\u00f3 Kitchens - Cocinas a medida Barcelona\" width=\"1600\" height=\"890\" srcset=\"https:\/\/auro-cuines.com\/wp-content\/uploads\/Como-iluminar-la-cocina-Auro-Kitchens-Cocinas-a-medida-Barcelona-P.jpg 1600w, https:\/\/auro-cuines.com\/wp-content\/uploads\/Como-iluminar-la-cocina-Auro-Kitchens-Cocinas-a-medida-Barcelona-P-300x167.jpg 300w, https:\/\/auro-cuines.com\/wp-content\/uploads\/Como-iluminar-la-cocina-Auro-Kitchens-Cocinas-a-medida-Barcelona-P-980x545.jpg 980w, https:\/\/auro-cuines.com\/wp-content\/uploads\/Como-iluminar-la-cocina-Auro-Kitchens-Cocinas-a-medida-Barcelona-P-768x427.jpg 768w, https:\/\/auro-cuines.com\/wp-content\/uploads\/Como-iluminar-la-cocina-Auro-Kitchens-Cocinas-a-medida-Barcelona-P-1536x854.jpg 1536w\" sizes=\"(max-width: 1600px) 100vw, 1600px\" \/><\/p>\n<\/div>\n<div class=\"capita\"><a href=\"\/contacto\/\" onclick=\"gtag('event', 'A_pagina_Contacto');\" class=\"botoncito\">quiero un proyecto Aur\u00f3<\/a><\/div>\n<p><\/p>\n<div class='clear '><\/div><\/div>","protected":false},"excerpt":{"rendered":"<p>&nbsp; HISTORIA Desde hace m&aacute;s de un siglo, varias generaciones de ebanistas de una misma familia, tallaron los pilares de lo que hoy es Aur&oacute;. Desde su fundaci&oacute;n hace 40 a&ntilde;os, aunamos bajo un mismo techo la experiencia de carpinteros y maestros ebanistas con la precisi&oacute;n de la &uacute;ltima tecnolog&iacute;a para generar un producto &uacute;nico, [&hellip;]<\/p>\n","protected":false},"author":1,"featured_media":0,"parent":0,"menu_order":0,"comment_status":"closed","ping_status":"closed","template":"","meta":{"_genesis_hide_title":false,"_genesis_hide_breadcrumbs":false,"_genesis_hide_singular_image":false,"_genesis_hide_footer_widgets":false,"_genesis_custom_body_class":"","_genesis_custom_post_class":"","_genesis_layout":"","footnotes":""},"class_list":{"0":"post-163","1":"page","2":"type-page","3":"status-publish","5":"entry","6":"has-post-thumbnail"},"aioseo_notices":[],"_links":{"self":[{"href":"https:\/\/auro-cuines.com\/es\/wp-json\/wp\/v2\/pages\/163","targetHints":{"allow":["GET"]}}],"collection":[{"href":"https:\/\/auro-cuines.com\/es\/wp-json\/wp\/v2\/pages"}],"about":[{"href":"https:\/\/auro-cuines.com\/es\/wp-json\/wp\/v2\/types\/page"}],"author":[{"embeddable":true,"href":"https:\/\/auro-cuines.com\/es\/wp-json\/wp\/v2\/users\/1"}],"replies":[{"embeddable":true,"href":"https:\/\/auro-cuines.com\/es\/wp-json\/wp\/v2\/comments?post=163"}],"version-history":[{"count":41,"href":"https:\/\/auro-cuines.com\/es\/wp-json\/wp\/v2\/pages\/163\/revisions"}],"predecessor-version":[{"id":8606,"href":"https:\/\/auro-cuines.com\/es\/wp-json\/wp\/v2\/pages\/163\/revisions\/8606"}],"wp:attachment":[{"href":"https:\/\/auro-cuines.com\/es\/wp-json\/wp\/v2\/media?parent=163"}],"curies":[{"name":"wp","href":"https:\/\/api.w.org\/{rel}","templated":true}]}}