{"id":159,"date":"2016-09-20T02:57:55","date_gmt":"2016-09-20T02:57:55","guid":{"rendered":"http:\/\/auro-cuines.com\/?page_id=159"},"modified":"2019-11-21T20:23:27","modified_gmt":"2019-11-21T20:23:27","slug":"marsella-ebano","status":"publish","type":"page","link":"https:\/\/auro-cuines.com\/es\/marsella-ebano\/","title":{"rendered":"Marsella \u00c9bano"},"content":{"rendered":"<p>Cada cocina <strong>Aur\u00f3<\/strong> es un proyecto \u00fanico de alta calidad. El car\u00e1cter especial de nuestro sistema <strong>Plus<\/strong> comienza con su independencia arquitect\u00f3nica y contin\u00faa con las infinitas posibilidades que ofrece para conferir a la cocina un estilo personal. <strong>Aur\u00f3 Plus<\/strong> se dirige a aquellas personas que quieren s\u00f3lo una cosa: lo mejor. El modelo <strong>Marsella <\/strong>se construye en maderas nogles o tropicales como el \u00c9bano, en el caso de esta propuesta, tambi\u00e9n en Roble, Olivo, Fresno, etc.<\/p>\n<p><a href=\"http:\/\/auro-cuines.com\/wp-content\/uploads\/Marsella01.jpg\"><img decoding=\"async\" class=\"aligncenter\" src=\"http:\/\/auro-cuines.com\/wp-content\/uploads\/Marsella01.jpg\" alt=\"marsella01\" \/><\/a><\/p>\n<p><a href=\"http:\/\/auro-cuines.com\/wp-content\/uploads\/Marsella02.jpg\"><img decoding=\"async\" class=\"alignleft size-thumbnail wp-image-106\" src=\"http:\/\/auro-cuines.com\/wp-content\/uploads\/Marsella02-200x200.jpg\" alt=\"marsella02\" width=\"210\" height=\"210\" \/><\/a><\/p>\n<div class=\"clearfix\"><\/div>\n<div class=\"capita\"><a href=\"\/contacto\/\" onclick=\"gtag('event', 'A_pagina_Contacto');\" class=\"botoncito\">quiero un proyecto Aur\u00f3<\/a><\/div<\/p>\n<div class='clear '><\/div><\/div>","protected":false},"excerpt":{"rendered":"<p>Cada cocina Aur&oacute; es un proyecto &uacute;nico de alta calidad. El car&aacute;cter especial de nuestro sistema Plus comienza con su independencia arquitect&oacute;nica y contin&uacute;a con las infinitas posibilidades que ofrece para conferir a la cocina un estilo personal. Aur&oacute; Plus se dirige a aquellas personas que quieren s&oacute;lo una cosa: lo mejor. El modelo Marsella [&hellip;]<\/p>\n","protected":false},"author":1,"featured_media":0,"parent":0,"menu_order":0,"comment_status":"closed","ping_status":"closed","template":"","meta":{"_genesis_hide_title":false,"_genesis_hide_breadcrumbs":false,"_genesis_hide_singular_image":false,"_genesis_hide_footer_widgets":false,"_genesis_custom_body_class":"","_genesis_custom_post_class":"","_genesis_layout":"","footnotes":""},"class_list":{"0":"post-159","1":"page","2":"type-page","3":"status-publish","5":"entry","6":"has-post-thumbnail"},"aioseo_notices":[],"_links":{"self":[{"href":"https:\/\/auro-cuines.com\/es\/wp-json\/wp\/v2\/pages\/159","targetHints":{"allow":["GET"]}}],"collection":[{"href":"https:\/\/auro-cuines.com\/es\/wp-json\/wp\/v2\/pages"}],"about":[{"href":"https:\/\/auro-cuines.com\/es\/wp-json\/wp\/v2\/types\/page"}],"author":[{"embeddable":true,"href":"https:\/\/auro-cuines.com\/es\/wp-json\/wp\/v2\/users\/1"}],"replies":[{"embeddable":true,"href":"https:\/\/auro-cuines.com\/es\/wp-json\/wp\/v2\/comments?post=159"}],"version-history":[{"count":2,"href":"https:\/\/auro-cuines.com\/es\/wp-json\/wp\/v2\/pages\/159\/revisions"}],"predecessor-version":[{"id":1725,"href":"https:\/\/auro-cuines.com\/es\/wp-json\/wp\/v2\/pages\/159\/revisions\/1725"}],"wp:attachment":[{"href":"https:\/\/auro-cuines.com\/es\/wp-json\/wp\/v2\/media?parent=159"}],"curies":[{"name":"wp","href":"https:\/\/api.w.org\/{rel}","templated":true}]}}