{"id":147,"date":"2016-09-20T02:55:42","date_gmt":"2016-09-20T02:55:42","guid":{"rendered":"http:\/\/auro-cuines.com\/?page_id=147"},"modified":"2021-05-10T09:07:46","modified_gmt":"2021-05-10T09:07:46","slug":"interiores","status":"publish","type":"page","link":"https:\/\/auro-cuines.com\/es\/interiores\/","title":{"rendered":"Interiores pensados para tu cocina"},"content":{"rendered":"<p><img fetchpriority=\"high\" decoding=\"async\" class=\"aligncenter size-full wp-image-186\" src=\"http:\/\/auro-cuines.com\/wp-content\/uploads\/interiores.jpg\" alt=\"interiores\" width=\"1600\" height=\"1050\" srcset=\"https:\/\/auro-cuines.com\/wp-content\/uploads\/interiores.jpg 1600w, https:\/\/auro-cuines.com\/wp-content\/uploads\/interiores-300x197.jpg 300w, https:\/\/auro-cuines.com\/wp-content\/uploads\/interiores-768x504.jpg 768w\" sizes=\"(max-width: 1600px) 100vw, 1600px\" \/><\/p>\n<p>En <strong>Aur\u00f3<\/strong> creemos que cada cocina requiere unos interiores espec\u00edficos y especialmente pensados y dise\u00f1ados para ofrecer el mejor rendimiento. Las soluciones que aportamos hacen que cada cocina <strong>Aur\u00f3 <\/strong>sea \u00fanica. Trabajando exclusivamente de esta manera aportamos un valor a\u00f1adido y perdurable para la elecci\u00f3n de tu cocina.<\/p>\n<p>Todos los cajones y bisagras est\u00e1n fabricados en acero inoxidable, material que ofrece una resistencia \u00f3ptima junto con su extracci\u00f3n total y sistema de frenado autom\u00e1tico.<\/p>\n<p>Ofrecemos series con interiores en <a href=\"https:\/\/auro-cuines.com\/es\/tablero-marino-para-el-diseno-de-cocinas-modernas\/\">tablero marino<\/a> o laminado hidr\u00f3fugo, dando como resultado un producto altamente resistente.<\/p>\n<p><img decoding=\"async\" class=\"aligncenter size-full wp-image-2421\" src=\"https:\/\/auro-cuines.com\/wp-content\/uploads\/FineLine-LiniQ-Eiche-hell-10388.jpg\" alt=\"\" width=\"1120\" height=\"1500\" srcset=\"https:\/\/auro-cuines.com\/wp-content\/uploads\/FineLine-LiniQ-Eiche-hell-10388.jpg 1120w, https:\/\/auro-cuines.com\/wp-content\/uploads\/FineLine-LiniQ-Eiche-hell-10388-224x300.jpg 224w, https:\/\/auro-cuines.com\/wp-content\/uploads\/FineLine-LiniQ-Eiche-hell-10388-411x550.jpg 411w, https:\/\/auro-cuines.com\/wp-content\/uploads\/FineLine-LiniQ-Eiche-hell-10388-768x1029.jpg 768w\" sizes=\"(max-width: 1120px) 100vw, 1120px\" \/><\/p>\n<p><img decoding=\"async\" class=\"aligncenter size-full wp-image-2420\" src=\"https:\/\/auro-cuines.com\/wp-content\/uploads\/FineLine-LiniQ-Eiche-hell-10397.jpg\" alt=\"\" width=\"1120\" height=\"1500\" srcset=\"https:\/\/auro-cuines.com\/wp-content\/uploads\/FineLine-LiniQ-Eiche-hell-10397.jpg 1120w, https:\/\/auro-cuines.com\/wp-content\/uploads\/FineLine-LiniQ-Eiche-hell-10397-224x300.jpg 224w, https:\/\/auro-cuines.com\/wp-content\/uploads\/FineLine-LiniQ-Eiche-hell-10397-411x550.jpg 411w, https:\/\/auro-cuines.com\/wp-content\/uploads\/FineLine-LiniQ-Eiche-hell-10397-768x1029.jpg 768w\" sizes=\"(max-width: 1120px) 100vw, 1120px\" \/><\/p>\n<p><img loading=\"lazy\" decoding=\"async\" class=\"aligncenter size-full wp-image-2416\" src=\"https:\/\/auro-cuines.com\/wp-content\/uploads\/FineLine-LiniQ-Esche-Nordic-8866.jpg\" alt=\"\" width=\"1500\" height=\"1120\" srcset=\"https:\/\/auro-cuines.com\/wp-content\/uploads\/FineLine-LiniQ-Esche-Nordic-8866.jpg 1500w, https:\/\/auro-cuines.com\/wp-content\/uploads\/FineLine-LiniQ-Esche-Nordic-8866-300x224.jpg 300w, https:\/\/auro-cuines.com\/wp-content\/uploads\/FineLine-LiniQ-Esche-Nordic-8866-737x550.jpg 737w, https:\/\/auro-cuines.com\/wp-content\/uploads\/FineLine-LiniQ-Esche-Nordic-8866-768x573.jpg 768w\" sizes=\"(max-width: 1500px) 100vw, 1500px\" \/><\/p>\n<p><img loading=\"lazy\" decoding=\"async\" class=\"aligncenter size-full wp-image-2415\" src=\"https:\/\/auro-cuines.com\/wp-content\/uploads\/FineLine-LiniQ-Esche-Nordic-8908.jpg\" alt=\"\" width=\"1120\" height=\"1500\" srcset=\"https:\/\/auro-cuines.com\/wp-content\/uploads\/FineLine-LiniQ-Esche-Nordic-8908.jpg 1120w, https:\/\/auro-cuines.com\/wp-content\/uploads\/FineLine-LiniQ-Esche-Nordic-8908-224x300.jpg 224w, https:\/\/auro-cuines.com\/wp-content\/uploads\/FineLine-LiniQ-Esche-Nordic-8908-411x550.jpg 411w, https:\/\/auro-cuines.com\/wp-content\/uploads\/FineLine-LiniQ-Esche-Nordic-8908-768x1029.jpg 768w\" sizes=\"(max-width: 1120px) 100vw, 1120px\" \/><\/p>\n<p><img loading=\"lazy\" decoding=\"async\" class=\"aligncenter size-full wp-image-2412\" src=\"https:\/\/auro-cuines.com\/wp-content\/uploads\/FineLine-LiniQ-Esche-Nordic-8963.jpg\" alt=\"\" width=\"1500\" height=\"1120\" srcset=\"https:\/\/auro-cuines.com\/wp-content\/uploads\/FineLine-LiniQ-Esche-Nordic-8963.jpg 1500w, https:\/\/auro-cuines.com\/wp-content\/uploads\/FineLine-LiniQ-Esche-Nordic-8963-300x224.jpg 300w, https:\/\/auro-cuines.com\/wp-content\/uploads\/FineLine-LiniQ-Esche-Nordic-8963-737x550.jpg 737w, https:\/\/auro-cuines.com\/wp-content\/uploads\/FineLine-LiniQ-Esche-Nordic-8963-768x573.jpg 768w\" sizes=\"(max-width: 1500px) 100vw, 1500px\" \/><\/p>\n<p><img loading=\"lazy\" decoding=\"async\" class=\"aligncenter size-full wp-image-2411\" src=\"https:\/\/auro-cuines.com\/wp-content\/uploads\/FineLine-LiniQ-Esche-Nordic-10513.jpg\" alt=\"\" width=\"1500\" height=\"1120\" srcset=\"https:\/\/auro-cuines.com\/wp-content\/uploads\/FineLine-LiniQ-Esche-Nordic-10513.jpg 1500w, https:\/\/auro-cuines.com\/wp-content\/uploads\/FineLine-LiniQ-Esche-Nordic-10513-300x224.jpg 300w, https:\/\/auro-cuines.com\/wp-content\/uploads\/FineLine-LiniQ-Esche-Nordic-10513-737x550.jpg 737w, https:\/\/auro-cuines.com\/wp-content\/uploads\/FineLine-LiniQ-Esche-Nordic-10513-768x573.jpg 768w\" sizes=\"(max-width: 1500px) 100vw, 1500px\" \/><\/p>\n<p><img loading=\"lazy\" decoding=\"async\" class=\"aligncenter size-full wp-image-2417\" src=\"https:\/\/auro-cuines.com\/wp-content\/uploads\/FineLine-LiniQ-Esche-Java-10475.jpg\" alt=\"\" width=\"1120\" height=\"1500\" srcset=\"https:\/\/auro-cuines.com\/wp-content\/uploads\/FineLine-LiniQ-Esche-Java-10475.jpg 1120w, https:\/\/auro-cuines.com\/wp-content\/uploads\/FineLine-LiniQ-Esche-Java-10475-224x300.jpg 224w, https:\/\/auro-cuines.com\/wp-content\/uploads\/FineLine-LiniQ-Esche-Java-10475-411x550.jpg 411w, https:\/\/auro-cuines.com\/wp-content\/uploads\/FineLine-LiniQ-Esche-Java-10475-768x1029.jpg 768w\" sizes=\"(max-width: 1120px) 100vw, 1120px\" \/><\/p>\n<p><img loading=\"lazy\" decoding=\"async\" class=\"aligncenter size-full wp-image-2418\" src=\"https:\/\/auro-cuines.com\/wp-content\/uploads\/FineLine-LiniQ-Esche-Java-10458.jpg\" alt=\"\" width=\"1500\" height=\"1120\" srcset=\"https:\/\/auro-cuines.com\/wp-content\/uploads\/FineLine-LiniQ-Esche-Java-10458.jpg 1500w, https:\/\/auro-cuines.com\/wp-content\/uploads\/FineLine-LiniQ-Esche-Java-10458-300x224.jpg 300w, https:\/\/auro-cuines.com\/wp-content\/uploads\/FineLine-LiniQ-Esche-Java-10458-737x550.jpg 737w, https:\/\/auro-cuines.com\/wp-content\/uploads\/FineLine-LiniQ-Esche-Java-10458-768x573.jpg 768w\" sizes=\"(max-width: 1500px) 100vw, 1500px\" \/><\/p>\n<p><img loading=\"lazy\" decoding=\"async\" class=\"aligncenter size-full wp-image-2419\" src=\"https:\/\/auro-cuines.com\/wp-content\/uploads\/FineLine-LiniQ-Esche-Java-10452.jpg\" alt=\"\" width=\"1500\" height=\"1120\" srcset=\"https:\/\/auro-cuines.com\/wp-content\/uploads\/FineLine-LiniQ-Esche-Java-10452.jpg 1500w, https:\/\/auro-cuines.com\/wp-content\/uploads\/FineLine-LiniQ-Esche-Java-10452-300x224.jpg 300w, https:\/\/auro-cuines.com\/wp-content\/uploads\/FineLine-LiniQ-Esche-Java-10452-737x550.jpg 737w, https:\/\/auro-cuines.com\/wp-content\/uploads\/FineLine-LiniQ-Esche-Java-10452-768x573.jpg 768w\" sizes=\"(max-width: 1500px) 100vw, 1500px\" \/><\/p>\n<p><img loading=\"lazy\" decoding=\"async\" class=\"aligncenter size-full wp-image-2422\" src=\"https:\/\/auro-cuines.com\/wp-content\/uploads\/separador-interior-transversal-legrabox-zc7u10f0.jpg\" alt=\"\" width=\"750\" height=\"668\" srcset=\"https:\/\/auro-cuines.com\/wp-content\/uploads\/separador-interior-transversal-legrabox-zc7u10f0.jpg 750w, https:\/\/auro-cuines.com\/wp-content\/uploads\/separador-interior-transversal-legrabox-zc7u10f0-300x267.jpg 300w, https:\/\/auro-cuines.com\/wp-content\/uploads\/separador-interior-transversal-legrabox-zc7u10f0-618x550.jpg 618w\" sizes=\"(max-width: 750px) 100vw, 750px\" \/><\/p>\n<p><img loading=\"lazy\" decoding=\"async\" class=\"aligncenter size-full wp-image-2424\" src=\"https:\/\/auro-cuines.com\/wp-content\/uploads\/space-tower.png\" alt=\"\" width=\"830\" height=\"1096\" srcset=\"https:\/\/auro-cuines.com\/wp-content\/uploads\/space-tower.png 830w, https:\/\/auro-cuines.com\/wp-content\/uploads\/space-tower-227x300.png 227w, https:\/\/auro-cuines.com\/wp-content\/uploads\/space-tower-417x550.png 417w, https:\/\/auro-cuines.com\/wp-content\/uploads\/space-tower-768x1014.png 768w\" sizes=\"(max-width: 830px) 100vw, 830px\" \/><\/p>\n<p>&nbsp;<\/p>\n<p>&nbsp;<\/p>\n<div class=\"capita\"><a href=\"\/contacto\/\" onclick=\"gtag('event', 'A_pagina_Contacto');\" class=\"botoncito\">quiero un proyecto Aur\u00f3<\/a><\/div>\n<p><\/p>\n<div class='clear '><\/div><\/div>","protected":false},"excerpt":{"rendered":"<p>En Aur&oacute; creemos que cada cocina requiere unos interiores espec&iacute;ficos y especialmente pensados y dise&ntilde;ados para ofrecer el mejor rendimiento. Las soluciones que aportamos hacen que cada cocina Aur&oacute; sea &uacute;nica. Trabajando exclusivamente de esta manera aportamos un valor a&ntilde;adido y perdurable para la elecci&oacute;n de tu cocina. Todos los cajones y bisagras est&aacute;n fabricados [&hellip;]<\/p>\n","protected":false},"author":1,"featured_media":0,"parent":0,"menu_order":0,"comment_status":"closed","ping_status":"closed","template":"","meta":{"_genesis_hide_title":false,"_genesis_hide_breadcrumbs":false,"_genesis_hide_singular_image":false,"_genesis_hide_footer_widgets":false,"_genesis_custom_body_class":"","_genesis_custom_post_class":"","_genesis_layout":"","footnotes":""},"class_list":{"0":"post-147","1":"page","2":"type-page","3":"status-publish","5":"entry","6":"has-post-thumbnail"},"aioseo_notices":[],"_links":{"self":[{"href":"https:\/\/auro-cuines.com\/es\/wp-json\/wp\/v2\/pages\/147","targetHints":{"allow":["GET"]}}],"collection":[{"href":"https:\/\/auro-cuines.com\/es\/wp-json\/wp\/v2\/pages"}],"about":[{"href":"https:\/\/auro-cuines.com\/es\/wp-json\/wp\/v2\/types\/page"}],"author":[{"embeddable":true,"href":"https:\/\/auro-cuines.com\/es\/wp-json\/wp\/v2\/users\/1"}],"replies":[{"embeddable":true,"href":"https:\/\/auro-cuines.com\/es\/wp-json\/wp\/v2\/comments?post=147"}],"version-history":[{"count":11,"href":"https:\/\/auro-cuines.com\/es\/wp-json\/wp\/v2\/pages\/147\/revisions"}],"predecessor-version":[{"id":4178,"href":"https:\/\/auro-cuines.com\/es\/wp-json\/wp\/v2\/pages\/147\/revisions\/4178"}],"wp:attachment":[{"href":"https:\/\/auro-cuines.com\/es\/wp-json\/wp\/v2\/media?parent=147"}],"curies":[{"name":"wp","href":"https:\/\/api.w.org\/{rel}","templated":true}]}}