{"id":145,"date":"2016-09-20T02:55:21","date_gmt":"2016-09-20T02:55:21","guid":{"rendered":"http:\/\/auro-cuines.com\/?page_id=145"},"modified":"2019-11-20T21:52:28","modified_gmt":"2019-11-20T21:52:28","slug":"materiales","status":"publish","type":"page","link":"https:\/\/auro-cuines.com\/es\/noticias\/materiales\/","title":{"rendered":"Materiales \u00fanicos"},"content":{"rendered":"<p><img fetchpriority=\"high\" decoding=\"async\" class=\"aligncenter size-full wp-image-70\" src=\"http:\/\/auro-cuines.com\/wp-content\/uploads\/Praga01.jpg\" alt=\"praga01\" width=\"1600\" height=\"1050\" \/><\/p>\n<p><strong>Microcemento:<\/strong> Aplicado en frontales de cocina aportan una est\u00e9tica incomparable, que se pueden combinar con los revestimientos escogidos en suelos y paredes.<\/p>\n<p><strong>Porcel\u00e1nico:<\/strong> Podremos generar una exclusiva fusi\u00f3n entre encimera y puertas que aportar\u00e1n nos s\u00f3lo una est\u00e9tica elegante, sino tambi\u00e9n una resistencia y calidad extrema.<\/p>\n<p><strong>Tablero marino:<\/strong> Cuando el material preferido para la construcci\u00f3n de embarcaciones es usado en el mobiliario de cocina, continuamente susceptible de contacto con el agua, transferimos un valor inigualable a nuestro mobiliario. Frentes con tablero marino y madera maciza o laminado, o incluso el cuerpo fabricado en este noble material, aportan resistencia sin igual.<\/p>\n<p><\/p>\n<div class=\"capita\"><a href=\"\/contacto\/\" onclick=\"gtag('event', 'A_pagina_Contacto');\" class=\"botoncito\">quiero un proyecto Aur\u00f3<\/a><\/div>\n<p><\/p>\n<div class='clear '><\/div><\/div>","protected":false},"excerpt":{"rendered":"<p>Microcemento: Aplicado en frontales de cocina aportan una est&eacute;tica incomparable, que se pueden combinar con los revestimientos escogidos en suelos y paredes. Porcel&aacute;nico: Podremos generar una exclusiva fusi&oacute;n entre encimera y puertas que aportar&aacute;n nos s&oacute;lo una est&eacute;tica elegante, sino tambi&eacute;n una resistencia y calidad extrema. Tablero marino: Cuando el material preferido para la construcci&oacute;n [&hellip;]<\/p>\n","protected":false},"author":1,"featured_media":0,"parent":544,"menu_order":0,"comment_status":"closed","ping_status":"closed","template":"","meta":{"_genesis_hide_title":false,"_genesis_hide_breadcrumbs":false,"_genesis_hide_singular_image":false,"_genesis_hide_footer_widgets":false,"_genesis_custom_body_class":"","_genesis_custom_post_class":"","_genesis_layout":"","footnotes":""},"class_list":{"0":"post-145","1":"page","2":"type-page","3":"status-publish","5":"entry"},"aioseo_notices":[],"_links":{"self":[{"href":"https:\/\/auro-cuines.com\/es\/wp-json\/wp\/v2\/pages\/145","targetHints":{"allow":["GET"]}}],"collection":[{"href":"https:\/\/auro-cuines.com\/es\/wp-json\/wp\/v2\/pages"}],"about":[{"href":"https:\/\/auro-cuines.com\/es\/wp-json\/wp\/v2\/types\/page"}],"author":[{"embeddable":true,"href":"https:\/\/auro-cuines.com\/es\/wp-json\/wp\/v2\/users\/1"}],"replies":[{"embeddable":true,"href":"https:\/\/auro-cuines.com\/es\/wp-json\/wp\/v2\/comments?post=145"}],"version-history":[{"count":3,"href":"https:\/\/auro-cuines.com\/es\/wp-json\/wp\/v2\/pages\/145\/revisions"}],"predecessor-version":[{"id":1703,"href":"https:\/\/auro-cuines.com\/es\/wp-json\/wp\/v2\/pages\/145\/revisions\/1703"}],"up":[{"embeddable":true,"href":"https:\/\/auro-cuines.com\/es\/wp-json\/wp\/v2\/pages\/544"}],"wp:attachment":[{"href":"https:\/\/auro-cuines.com\/es\/wp-json\/wp\/v2\/media?parent=145"}],"curies":[{"name":"wp","href":"https:\/\/api.w.org\/{rel}","templated":true}]}}