{"id":140,"date":"2016-09-20T02:51:17","date_gmt":"2016-09-20T02:51:17","guid":{"rendered":"http:\/\/auro-cuines.com\/?page_id=140"},"modified":"2025-01-28T19:21:16","modified_gmt":"2025-01-28T18:21:16","slug":"contacto","status":"publish","type":"page","link":"https:\/\/auro-cuines.com\/es\/contacto\/","title":{"rendered":"Contacto"},"content":{"rendered":"\t\t<div data-elementor-type=\"wp-page\" data-elementor-id=\"140\" class=\"elementor elementor-140\" data-elementor-post-type=\"page\">\n\t\t\t\t\t\t<section class=\"elementor-section elementor-top-section elementor-element elementor-element-58b36cdf elementor-section-boxed elementor-section-height-default elementor-section-height-default\" data-id=\"58b36cdf\" data-element_type=\"section\">\n\t\t\t\t\t\t<div class=\"elementor-container elementor-column-gap-default\">\n\t\t\t\t\t<div class=\"elementor-column elementor-col-100 elementor-top-column elementor-element elementor-element-4405d45a\" data-id=\"4405d45a\" data-element_type=\"column\">\n\t\t\t<div class=\"elementor-widget-wrap elementor-element-populated\">\n\t\t\t\t\t\t<div class=\"elementor-element elementor-element-19fadf0e elementor-widget elementor-widget-text-editor\" data-id=\"19fadf0e\" data-element_type=\"widget\" data-widget_type=\"text-editor.default\">\n\t\t\t\t<div class=\"elementor-widget-container\">\n\t\t\t\t\t\t\t\t\t\n<div class=\"row\">\n<div class=\"clearfix phonodiv\"><a href=\"tel: +34934743696\" onclick=\"gtag('event', 'phone_contact');\" class=\"button phono\">Ll\u00e1menos 934743696<\/a><a href=\"https:\/\/api.whatsapp.com\/send?phone=+34600428331&amp;text=Contacto%20desde%20la%20web\" onclick=\"gtag('event', 'whatsapp_contact');\" class=\"button phono2\">Contacte WhatsApp<\/a><\/div>\n<div class=\"small-12 medium-12 large-6 columns\">\n<h3>Formulario de Contacto<\/h3>\n<strong>Obtenga un proyecto de una cocina Aur\u00f3<\/strong> rellenando el formulario de contacto. El showroom <strong>Aur\u00f3<\/strong> es el v\u00ednculo perfecto para conectar con su espacio y proyectar su nueva cocina de una manera profesional y responsable, cuidando detalles de distribuci\u00f3n y acabados que solo son posibles con a\u00f1os de experiencia. Si es usted usuario particular, arquitecto o interiorista de espacios, encontraremos el proyecto id\u00f3neo para sus particularidades y caracter\u00edsticas.\n<script type=\"text\/javascript\" src=\"https:\/\/api.clientify.net\/web-marketing\/superforms\/script\/190826.js\"><\/script>\n\n<\/div>\n<div style=\"margin-bottom: 50px;\">\n<div class=\"air\"><\/div>\n<img decoding=\"async\" class=\"wp-image-9541 alignleft\" src=\"https:\/\/auro-cuines.com\/wp-content\/uploads\/Logo-final-40-aniversari-blanco-980x336.jpg\" alt=\"\" width=\"307\" height=\"105\" srcset=\"https:\/\/auro-cuines.com\/wp-content\/uploads\/Logo-final-40-aniversari-blanco-980x336.jpg 980w, https:\/\/auro-cuines.com\/wp-content\/uploads\/Logo-final-40-aniversari-blanco-300x103.jpg 300w, https:\/\/auro-cuines.com\/wp-content\/uploads\/Logo-final-40-aniversari-blanco-768x263.jpg 768w, https:\/\/auro-cuines.com\/wp-content\/uploads\/Logo-final-40-aniversari-blanco-1536x526.jpg 1536w, https:\/\/auro-cuines.com\/wp-content\/uploads\/Logo-final-40-aniversari-blanco-2048x701.jpg 2048w\" sizes=\"(max-width: 307px) 100vw, 307px\" \/><strong>Aur\u00f3<\/strong> es una marca registrada de<strong>\nZEDEY MOBILIARI, S.L.<\/strong>\nCalder\u00f3n de la Barca, 1\n08940-Cornell\u00e0 de Llobregat \u00b7 Barcelona\nTelf.+34 934 743 696\n\n<\/div>\n<\/div>\n<div id=\"gtx-trans\" style=\"position: absolute; left: -46px; top: 129.438px;\"><\/div>\n\t\t\t\t\t\t\t\t<\/div>\n\t\t\t\t<\/div>\n\t\t\t\t\t<\/div>\n\t\t<\/div>\n\t\t\t\t\t<\/div>\n\t\t<\/section>\n\t\t\t\t<\/div>\n\t\t<div class='clear '><\/div><\/div>","protected":false},"excerpt":{"rendered":"<p>Ll&aacute;menos 934743696Contacte WhatsApp Formulario de Contacto Obtenga un proyecto de una cocina Aur&oacute; rellenando el formulario de contacto. El showroom Aur&oacute; es el v&iacute;nculo perfecto para conectar con su espacio y proyectar su nueva cocina de una manera profesional y responsable, cuidando detalles de distribuci&oacute;n y acabados que solo son posibles con a&ntilde;os de experiencia. [&hellip;]<\/p>\n","protected":false},"author":1,"featured_media":0,"parent":0,"menu_order":0,"comment_status":"closed","ping_status":"closed","template":"","meta":{"_genesis_hide_title":false,"_genesis_hide_breadcrumbs":false,"_genesis_hide_singular_image":false,"_genesis_hide_footer_widgets":false,"_genesis_custom_body_class":"","_genesis_custom_post_class":"","_genesis_layout":"","footnotes":""},"class_list":{"0":"post-140","1":"page","2":"type-page","3":"status-publish","5":"entry","6":"has-post-thumbnail"},"aioseo_notices":[],"_links":{"self":[{"href":"https:\/\/auro-cuines.com\/es\/wp-json\/wp\/v2\/pages\/140","targetHints":{"allow":["GET"]}}],"collection":[{"href":"https:\/\/auro-cuines.com\/es\/wp-json\/wp\/v2\/pages"}],"about":[{"href":"https:\/\/auro-cuines.com\/es\/wp-json\/wp\/v2\/types\/page"}],"author":[{"embeddable":true,"href":"https:\/\/auro-cuines.com\/es\/wp-json\/wp\/v2\/users\/1"}],"replies":[{"embeddable":true,"href":"https:\/\/auro-cuines.com\/es\/wp-json\/wp\/v2\/comments?post=140"}],"version-history":[{"count":110,"href":"https:\/\/auro-cuines.com\/es\/wp-json\/wp\/v2\/pages\/140\/revisions"}],"predecessor-version":[{"id":34566,"href":"https:\/\/auro-cuines.com\/es\/wp-json\/wp\/v2\/pages\/140\/revisions\/34566"}],"wp:attachment":[{"href":"https:\/\/auro-cuines.com\/es\/wp-json\/wp\/v2\/media?parent=140"}],"curies":[{"name":"wp","href":"https:\/\/api.w.org\/{rel}","templated":true}]}}