{"id":122,"date":"2016-09-19T20:54:37","date_gmt":"2016-09-19T20:54:37","guid":{"rendered":"http:\/\/auro-cuines.com\/?page_id=122"},"modified":"2021-06-17T09:39:08","modified_gmt":"2021-06-17T09:39:08","slug":"antonio-miro","status":"publish","type":"page","link":"https:\/\/auro-cuines.com\/es\/antonio-miro\/","title":{"rendered":"Antonio Mir\u00f3"},"content":{"rendered":"<p>Lo esencial, es la base de lo creativo.<\/p>\n<p>Blanco mediterr\u00e1neo puro, de aspecto simple y elegante, de forma curva y sugerente. Ancestral, definitivo y transformador. La autenticidad de un ingrediente, que puede potenciar por completo el sabor de un plato, es la inspiraci\u00f3n de la colecci\u00f3n de cocinas <strong>Antonio Miro<\/strong> de <strong>Aur\u00f3<\/strong>.<\/p>\n<p><a href=\"http:\/\/auro-cuines.com\/wp-content\/uploads\/Miro01.jpg\"><img decoding=\"async\" class=\"aligncenter\" src=\"http:\/\/auro-cuines.com\/wp-content\/uploads\/Miro01.jpg\" alt=\"miro01\" \/><\/a><\/p>\n<p>Aur\u00f3 y <strong>Antonio Mir\u00f3<\/strong>, se unen para dar forma a un nuevo concepto de cocina funcionalmente bello. Un dise\u00f1o minimalista y diferente en el que el orden y el trabajo a \u201c4 manos\u201d son elementos centrales. De pronto una cocina dise\u00f1ada racionalmente hace posible que dos personas trabajen en ella al mismo tiempo. una cocina basada en una estructura singular materializada en madera y silestone, donde el uso de la curva resulta un elemento esencial.<\/p>\n<p>Un espacio poco convencional y de aspecto sugerente, de gran belleza que nace de la uni\u00f3n de la est\u00e9tica y el sentido pr\u00e1ctico.<\/p>\n<div class=\"clearfix\" style=\"margin-top: 75px;\"><a href=\"http:\/\/auro-cuines.com\/wp-content\/uploads\/Miro02.jpg\"><img decoding=\"async\" class=\"alignleft wp-image-62 size-thumbnail\" src=\"http:\/\/auro-cuines.com\/wp-content\/uploads\/Miro02-200x200.jpg\" alt=\"miro02\" width=\"210\" height=\"210\" \/><\/a> <a href=\"http:\/\/auro-cuines.com\/wp-content\/uploads\/Miro03.jpg\"><img decoding=\"async\" class=\"alignleft wp-image-63 size-thumbnail\" src=\"http:\/\/auro-cuines.com\/wp-content\/uploads\/Miro03-200x200.jpg\" alt=\"miro03\" width=\"210\" height=\"210\" \/><\/a> <a href=\"http:\/\/auro-cuines.com\/wp-content\/uploads\/Miro04.jpg\"><img decoding=\"async\" class=\"alignleft wp-image-64 size-thumbnail\" src=\"http:\/\/auro-cuines.com\/wp-content\/uploads\/Miro04-200x200.jpg\" alt=\"miro04\" width=\"210\" height=\"210\" \/><\/a> <a href=\"http:\/\/auro-cuines.com\/wp-content\/uploads\/Miro05.jpg\"><img loading=\"lazy\" decoding=\"async\" class=\"alignleft wp-image-65 size-thumbnail\" src=\"http:\/\/auro-cuines.com\/wp-content\/uploads\/Miro05-200x200.jpg\" alt=\"miro05\" width=\"210\" height=\"210\" \/><\/a> <a href=\"http:\/\/auro-cuines.com\/wp-content\/uploads\/Miro06.jpg\"><img loading=\"lazy\" decoding=\"async\" class=\"alignleft wp-image-66 size-thumbnail\" src=\"http:\/\/auro-cuines.com\/wp-content\/uploads\/Miro06-200x200.jpg\" alt=\"miro06\" width=\"210\" height=\"210\" \/><\/a> <a href=\"http:\/\/auro-cuines.com\/wp-content\/uploads\/Miro07.jpg\"><img loading=\"lazy\" decoding=\"async\" class=\"alignleft size-thumbnail wp-image-67\" src=\"http:\/\/auro-cuines.com\/wp-content\/uploads\/Miro07-200x200.jpg\" alt=\"miro07\" width=\"210\" height=\"210\" \/><\/a> <a href=\"http:\/\/auro-cuines.com\/wp-content\/uploads\/Miro08.jpg\"><img loading=\"lazy\" decoding=\"async\" class=\"alignleft size-thumbnail wp-image-68\" src=\"http:\/\/auro-cuines.com\/wp-content\/uploads\/Miro08-200x200.jpg\" alt=\"miro08\" width=\"210\" height=\"210\" \/><\/a> <a href=\"http:\/\/auro-cuines.com\/wp-content\/uploads\/Miro09.jpg\"><img loading=\"lazy\" decoding=\"async\" class=\"alignleft size-thumbnail wp-image-69\" src=\"http:\/\/auro-cuines.com\/wp-content\/uploads\/Miro09-200x200.jpg\" alt=\"miro09\" width=\"210\" height=\"210\" \/><\/a><\/div>\n<div class=\"capita\"><a href=\"\/contacto\/\" onclick=\"gtag('event', 'A_pagina_Contacto');\" class=\"botoncito\">quiero un proyecto Aur\u00f3<\/a><\/div>\n<p><\/p>\n<div class='clear '><\/div><\/div>","protected":false},"excerpt":{"rendered":"<p>Lo esencial, es la base de lo creativo. Blanco mediterr&aacute;neo puro, de aspecto simple y elegante, de forma curva y sugerente. Ancestral, definitivo y transformador. La autenticidad de un ingrediente, que puede potenciar por completo el sabor de un plato, es la inspiraci&oacute;n de la colecci&oacute;n de cocinas Antonio Miro de Aur&oacute;. Aur&oacute; y Antonio [&hellip;]<\/p>\n","protected":false},"author":1,"featured_media":0,"parent":0,"menu_order":0,"comment_status":"closed","ping_status":"closed","template":"","meta":{"_genesis_hide_title":false,"_genesis_hide_breadcrumbs":false,"_genesis_hide_singular_image":false,"_genesis_hide_footer_widgets":false,"_genesis_custom_body_class":"","_genesis_custom_post_class":"","_genesis_layout":"","footnotes":""},"class_list":{"0":"post-122","1":"page","2":"type-page","3":"status-publish","5":"entry","6":"has-post-thumbnail"},"aioseo_notices":[],"_links":{"self":[{"href":"https:\/\/auro-cuines.com\/es\/wp-json\/wp\/v2\/pages\/122","targetHints":{"allow":["GET"]}}],"collection":[{"href":"https:\/\/auro-cuines.com\/es\/wp-json\/wp\/v2\/pages"}],"about":[{"href":"https:\/\/auro-cuines.com\/es\/wp-json\/wp\/v2\/types\/page"}],"author":[{"embeddable":true,"href":"https:\/\/auro-cuines.com\/es\/wp-json\/wp\/v2\/users\/1"}],"replies":[{"embeddable":true,"href":"https:\/\/auro-cuines.com\/es\/wp-json\/wp\/v2\/comments?post=122"}],"version-history":[{"count":4,"href":"https:\/\/auro-cuines.com\/es\/wp-json\/wp\/v2\/pages\/122\/revisions"}],"predecessor-version":[{"id":4270,"href":"https:\/\/auro-cuines.com\/es\/wp-json\/wp\/v2\/pages\/122\/revisions\/4270"}],"wp:attachment":[{"href":"https:\/\/auro-cuines.com\/es\/wp-json\/wp\/v2\/media?parent=122"}],"curies":[{"name":"wp","href":"https:\/\/api.w.org\/{rel}","templated":true}]}}