{"id":120,"date":"2016-09-19T20:52:15","date_gmt":"2016-09-19T20:52:15","guid":{"rendered":"http:\/\/auro-cuines.com\/?page_id=120"},"modified":"2021-06-03T10:38:26","modified_gmt":"2021-06-03T10:38:26","slug":"altea","status":"publish","type":"page","link":"https:\/\/auro-cuines.com\/es\/altea\/","title":{"rendered":"Altea"},"content":{"rendered":"<p><strong>Altea <\/strong>es una cocina atemporal para los amantes de lo aut\u00e9ntico. Refleja la est\u00e9tica m\u00e1s actual con un tipo de puerta disponible en laca mate o texturada, en varios colores de nuestra carta est\u00e1ndar o incluso RAL al gusto del cliente. De esta manera conseguimos una personalizaci\u00f3n \u00fanica.<\/p>\n<div class=\"clearfix\" style=\"margin-top: 75px;\"><a href=\"http:\/\/auro-cuines.com\/wp-content\/uploads\/Altea01.jpg\"><img decoding=\"async\" class=\"aligncenter\" src=\"http:\/\/auro-cuines.com\/wp-content\/uploads\/Altea01.jpg\" alt=\"altea01\" \/><\/a><a href=\"http:\/\/auro-cuines.com\/wp-content\/uploads\/Altea03.jpg\"><img decoding=\"async\" class=\"alignleft size-thumbnail wp-image-57\" src=\"http:\/\/auro-cuines.com\/wp-content\/uploads\/Altea03-200x200.jpg\" alt=\"altea03\" width=\"200\" height=\"200\" \/><\/a> <a href=\"http:\/\/auro-cuines.com\/wp-content\/uploads\/Altea02.jpg\"><img decoding=\"async\" class=\"alignleft size-thumbnail wp-image-56\" src=\"http:\/\/auro-cuines.com\/wp-content\/uploads\/Altea02-200x200.jpg\" alt=\"altea02\" width=\"200\" height=\"200\" \/><\/a><\/p>\n<\/div>\n<div class=\"capita\"><a href=\"\/contacto\/\" onclick=\"gtag('event', 'A_pagina_Contacto');\" class=\"botoncito\">quiero un proyecto Aur\u00f3<\/a><\/div>\n<p><\/p>\n<div class='clear '><\/div><\/div>","protected":false},"excerpt":{"rendered":"<p>Altea es una cocina atemporal para los amantes de lo aut&eacute;ntico. Refleja la est&eacute;tica m&aacute;s actual con un tipo de puerta disponible en laca mate o texturada, en varios colores de nuestra carta est&aacute;ndar o incluso RAL al gusto del cliente. De esta manera conseguimos una personalizaci&oacute;n &uacute;nica. quiero un proyecto Aur&oacute;<\/p>\n","protected":false},"author":1,"featured_media":0,"parent":0,"menu_order":0,"comment_status":"closed","ping_status":"closed","template":"","meta":{"_genesis_hide_title":false,"_genesis_hide_breadcrumbs":false,"_genesis_hide_singular_image":false,"_genesis_hide_footer_widgets":false,"_genesis_custom_body_class":"","_genesis_custom_post_class":"","_genesis_layout":"","footnotes":""},"class_list":{"0":"post-120","1":"page","2":"type-page","3":"status-publish","5":"entry","6":"has-post-thumbnail"},"aioseo_notices":[],"_links":{"self":[{"href":"https:\/\/auro-cuines.com\/es\/wp-json\/wp\/v2\/pages\/120","targetHints":{"allow":["GET"]}}],"collection":[{"href":"https:\/\/auro-cuines.com\/es\/wp-json\/wp\/v2\/pages"}],"about":[{"href":"https:\/\/auro-cuines.com\/es\/wp-json\/wp\/v2\/types\/page"}],"author":[{"embeddable":true,"href":"https:\/\/auro-cuines.com\/es\/wp-json\/wp\/v2\/users\/1"}],"replies":[{"embeddable":true,"href":"https:\/\/auro-cuines.com\/es\/wp-json\/wp\/v2\/comments?post=120"}],"version-history":[{"count":4,"href":"https:\/\/auro-cuines.com\/es\/wp-json\/wp\/v2\/pages\/120\/revisions"}],"predecessor-version":[{"id":4236,"href":"https:\/\/auro-cuines.com\/es\/wp-json\/wp\/v2\/pages\/120\/revisions\/4236"}],"wp:attachment":[{"href":"https:\/\/auro-cuines.com\/es\/wp-json\/wp\/v2\/media?parent=120"}],"curies":[{"name":"wp","href":"https:\/\/api.w.org\/{rel}","templated":true}]}}