{"id":10281,"date":"2024-02-20T12:26:15","date_gmt":"2024-02-20T11:26:15","guid":{"rendered":"https:\/\/auro-cuines.com\/?page_id=10281"},"modified":"2024-02-28T10:02:18","modified_gmt":"2024-02-28T09:02:18","slug":"proyectos","status":"publish","type":"page","link":"https:\/\/auro-cuines.com\/es\/proyectos\/","title":{"rendered":"Proyectos"},"content":{"rendered":"\t\t<div data-elementor-type=\"wp-page\" data-elementor-id=\"10281\" class=\"elementor elementor-10281\" data-elementor-post-type=\"page\">\n\t\t\t\t\t\t<section class=\"elementor-section elementor-top-section elementor-element elementor-element-33eaac7 elementor-section-boxed elementor-section-height-default elementor-section-height-default\" data-id=\"33eaac7\" data-element_type=\"section\">\n\t\t\t\t\t\t<div class=\"elementor-container elementor-column-gap-default\">\n\t\t\t\t\t<div class=\"elementor-column elementor-col-100 elementor-top-column elementor-element elementor-element-80fc14b\" data-id=\"80fc14b\" data-element_type=\"column\">\n\t\t\t<div class=\"elementor-widget-wrap elementor-element-populated\">\n\t\t\t\t\t\t<div class=\"elementor-element elementor-element-590836f elementor-widget elementor-widget-text-editor\" data-id=\"590836f\" data-element_type=\"widget\" data-widget_type=\"text-editor.default\">\n\t\t\t\t<div class=\"elementor-widget-container\">\n\t\t\t\t\t\t\t\t\t<p>En esta secci\u00f3n podr\u00e1 encontrar una selecci\u00f3n de proyectos reales, viviendas equipadas con cocinas Aur\u00f3. La cocina, la estancia m\u00e1s importante de la casa, totalmente adaptada a tus necesidades y tu forma de vida.<\/p><p><\/p>\t\t\t\t\t\t\t\t<\/div>\n\t\t\t\t<\/div>\n\t\t\t\t<div class=\"elementor-element elementor-element-2b21f79 elementor-widget elementor-widget-elpug\" data-id=\"2b21f79\" data-element_type=\"widget\" data-widget_type=\"elpug.default\">\n\t\t\t\t<div class=\"elementor-widget-container\">\n\t\t\t\t\t\t\t\n\t\n\t\t<input id=\"powerfolio_pagination_postsperpage\" type=\"hidden\" value=\"\" \/><div class=\"elpt-portfolio elpt_powerfolio_87700\"><div class=\"elpt-portfolio-content elpt-portfolio-content-isotope elpt-portfolio-style-box  hover1 elpt-portfolio-columns-3  elpt-portfolio-margin\"><div class=\"portfolio-item-wrapper 34604 post-10281 page type-page status-publish entry\"><a href=\"https:\/\/auro-cuines.com\/es\/portfolio\/alella\/\" class=\"portfolio-item \" style=\"background-image: url(https:\/\/auro-cuines.com\/wp-content\/uploads\/250210-Alella-03.jpg)\" title=\"Alella\"><img decoding=\"async\" src=\"https:\/\/auro-cuines.com\/wp-content\/uploads\/250210-Alella-03.jpg\" class=\"elpt-main-image\" title=\"Alella\" alt=\"Alella\" \/><div class=\"portfolio-item-infos-wrapper\" style=\"background-color:\"><div class=\"portfolio-item-infos\"><div class=\"portfolio-item-title\"><span class=\"portfolio-item-title-span\">Alella<\/span><\/div><div class=\"portfolio-item-category\"><\/div><\/div><\/div><\/a><\/div><div class=\"portfolio-item-wrapper 34578 post-10281 page type-page status-publish entry\"><a href=\"https:\/\/auro-cuines.com\/es\/portfolio\/sitges\/\" class=\"portfolio-item \" style=\"background-image: url(https:\/\/auro-cuines.com\/wp-content\/uploads\/DSC9550-scaled.jpeg)\" title=\"Sitges\"><img decoding=\"async\" src=\"https:\/\/auro-cuines.com\/wp-content\/uploads\/DSC9550-scaled.jpeg\" class=\"elpt-main-image\" title=\"Sitges\" alt=\"Sitges\" \/><div class=\"portfolio-item-infos-wrapper\" style=\"background-color:\"><div class=\"portfolio-item-infos\"><div class=\"portfolio-item-title\"><span class=\"portfolio-item-title-span\">Sitges<\/span><\/div><div class=\"portfolio-item-category\"><\/div><\/div><\/div><\/a><\/div><div class=\"portfolio-item-wrapper 34479 post-10281 page type-page status-publish entry\"><a href=\"https:\/\/auro-cuines.com\/es\/portfolio\/r-sant-pere\/\" class=\"portfolio-item \" style=\"background-image: url(https:\/\/auro-cuines.com\/wp-content\/uploads\/241211-Barcelona-01.jpg)\" title=\"R. Sant Pere\"><img decoding=\"async\" src=\"https:\/\/auro-cuines.com\/wp-content\/uploads\/241211-Barcelona-01.jpg\" class=\"elpt-main-image\" title=\"R. Sant Pere\" alt=\"R. Sant Pere\" \/><div class=\"portfolio-item-infos-wrapper\" style=\"background-color:\"><div class=\"portfolio-item-infos\"><div class=\"portfolio-item-title\"><span class=\"portfolio-item-title-span\">R. Sant Pere<\/span><\/div><div class=\"portfolio-item-category\"><\/div><\/div><\/div><\/a><\/div><div class=\"portfolio-item-wrapper 34462 post-10281 page type-page status-publish entry\"><a href=\"https:\/\/auro-cuines.com\/es\/portfolio\/santa-fe-de-nuevo-mexico\/\" class=\"portfolio-item \" style=\"background-image: url(https:\/\/auro-cuines.com\/wp-content\/uploads\/DSC0115-scaled.jpeg)\" title=\"Santa Fe de Nuevo M\u00e9xico\"><img decoding=\"async\" src=\"https:\/\/auro-cuines.com\/wp-content\/uploads\/DSC0115-scaled.jpeg\" class=\"elpt-main-image\" title=\"Santa Fe de Nuevo M\u00e9xico\" alt=\"Santa Fe de Nuevo M\u00e9xico\" \/><div class=\"portfolio-item-infos-wrapper\" style=\"background-color:\"><div class=\"portfolio-item-infos\"><div class=\"portfolio-item-title\"><span class=\"portfolio-item-title-span\">Santa Fe de Nuevo M\u00e9xico<\/span><\/div><div class=\"portfolio-item-category\"><\/div><\/div><\/div><\/a><\/div><div class=\"portfolio-item-wrapper 34436 post-10281 page type-page status-publish entry\"><a href=\"https:\/\/auro-cuines.com\/es\/portfolio\/montpellier\/\" class=\"portfolio-item \" style=\"background-image: url(https:\/\/auro-cuines.com\/wp-content\/uploads\/general_01-scaled.jpeg)\" title=\"Montpellier\"><img decoding=\"async\" src=\"https:\/\/auro-cuines.com\/wp-content\/uploads\/general_01-scaled.jpeg\" class=\"elpt-main-image\" title=\"Montpellier\" alt=\"Montpellier\" \/><div class=\"portfolio-item-infos-wrapper\" style=\"background-color:\"><div class=\"portfolio-item-infos\"><div class=\"portfolio-item-title\"><span class=\"portfolio-item-title-span\">Montpellier<\/span><\/div><div class=\"portfolio-item-category\"><\/div><\/div><\/div><\/a><\/div><div class=\"portfolio-item-wrapper 10268 post-10281 page type-page status-publish entry\"><a href=\"https:\/\/auro-cuines.com\/es\/portfolio\/pedralbes\/\" class=\"portfolio-item \" style=\"background-image: url(https:\/\/auro-cuines.com\/wp-content\/uploads\/Complex_099.jpg)\" title=\"Pedralbes\"><img decoding=\"async\" src=\"https:\/\/auro-cuines.com\/wp-content\/uploads\/Complex_099.jpg\" class=\"elpt-main-image\" title=\"Pedralbes\" alt=\"Pedralbes\" \/><div class=\"portfolio-item-infos-wrapper\" style=\"background-color:\"><div class=\"portfolio-item-infos\"><div class=\"portfolio-item-title\"><span class=\"portfolio-item-title-span\">Pedralbes<\/span><\/div><div class=\"portfolio-item-category\"><\/div><\/div><\/div><\/a><\/div><div class=\"portfolio-item-wrapper 10269 post-10281 page type-page status-publish entry\"><a href=\"https:\/\/auro-cuines.com\/es\/portfolio\/balmes\/\" class=\"portfolio-item \" style=\"background-image: url(https:\/\/auro-cuines.com\/wp-content\/uploads\/siro02.jpg)\" title=\"Balmes\"><img decoding=\"async\" src=\"https:\/\/auro-cuines.com\/wp-content\/uploads\/siro02.jpg\" class=\"elpt-main-image\" title=\"Balmes\" alt=\"Balmes\" \/><div class=\"portfolio-item-infos-wrapper\" style=\"background-color:\"><div class=\"portfolio-item-infos\"><div class=\"portfolio-item-title\"><span class=\"portfolio-item-title-span\">Balmes<\/span><\/div><div class=\"portfolio-item-category\"><\/div><\/div><\/div><\/a><\/div><div class=\"portfolio-item-wrapper 10270 post-10281 page type-page status-publish entry\"><a href=\"https:\/\/auro-cuines.com\/es\/portfolio\/matimex\/\" class=\"portfolio-item \" style=\"background-image: url(https:\/\/auro-cuines.com\/wp-content\/uploads\/RENO4440.jpg)\" title=\"Matimex Barcelona Showroom\"><img decoding=\"async\" src=\"https:\/\/auro-cuines.com\/wp-content\/uploads\/RENO4440.jpg\" class=\"elpt-main-image\" title=\"Matimex Barcelona Showroom\" alt=\"Matimex Barcelona Showroom\" \/><div class=\"portfolio-item-infos-wrapper\" style=\"background-color:\"><div class=\"portfolio-item-infos\"><div class=\"portfolio-item-title\"><span class=\"portfolio-item-title-span\">Matimex Barcelona Showroom<\/span><\/div><div class=\"portfolio-item-category\"><\/div><\/div><\/div><\/a><\/div><div class=\"portfolio-item-wrapper 10271 post-10281 page type-page status-publish entry\"><a href=\"https:\/\/auro-cuines.com\/es\/portfolio\/gava-mar\/\" class=\"portfolio-item \" style=\"background-image: url(https:\/\/auro-cuines.com\/wp-content\/uploads\/Auro-Kitchens-043-1.jpg)\" title=\"Gava Mar\"><img decoding=\"async\" src=\"https:\/\/auro-cuines.com\/wp-content\/uploads\/Auro-Kitchens-043-1.jpg\" class=\"elpt-main-image\" title=\"Gava Mar\" alt=\"Gava Mar\" \/><div class=\"portfolio-item-infos-wrapper\" style=\"background-color:\"><div class=\"portfolio-item-infos\"><div class=\"portfolio-item-title\"><span class=\"portfolio-item-title-span\">Gava Mar<\/span><\/div><div class=\"portfolio-item-category\"><\/div><\/div><\/div><\/a><\/div><div class=\"portfolio-item-wrapper 10272 post-10281 page type-page status-publish entry\"><a href=\"https:\/\/auro-cuines.com\/es\/portfolio\/cornella\/\" class=\"portfolio-item \" style=\"background-image: url(https:\/\/auro-cuines.com\/wp-content\/uploads\/Auro-Kitchens-004-1.jpg)\" title=\"Cornella\"><img decoding=\"async\" src=\"https:\/\/auro-cuines.com\/wp-content\/uploads\/Auro-Kitchens-004-1.jpg\" class=\"elpt-main-image\" title=\"Cornella\" alt=\"Cornella\" \/><div class=\"portfolio-item-infos-wrapper\" style=\"background-color:\"><div class=\"portfolio-item-infos\"><div class=\"portfolio-item-title\"><span class=\"portfolio-item-title-span\">Cornella<\/span><\/div><div class=\"portfolio-item-category\"><\/div><\/div><\/div><\/a><\/div><div class=\"portfolio-item-wrapper 10273 post-10281 page type-page status-publish entry\"><a href=\"https:\/\/auro-cuines.com\/es\/portfolio\/amposta\/\" class=\"portfolio-item \" style=\"background-image: url(https:\/\/auro-cuines.com\/wp-content\/uploads\/Carrer-dAmposta-08850-Barcelona-Spain_2-1.jpg)\" title=\"Amposta\"><img decoding=\"async\" src=\"https:\/\/auro-cuines.com\/wp-content\/uploads\/Carrer-dAmposta-08850-Barcelona-Spain_2-1.jpg\" class=\"elpt-main-image\" title=\"Amposta\" alt=\"Amposta\" \/><div class=\"portfolio-item-infos-wrapper\" style=\"background-color:\"><div class=\"portfolio-item-infos\"><div class=\"portfolio-item-title\"><span class=\"portfolio-item-title-span\">Amposta<\/span><\/div><div class=\"portfolio-item-category\"><\/div><\/div><\/div><\/a><\/div><div class=\"portfolio-item-wrapper 10274 post-10281 page type-page status-publish entry\"><a href=\"https:\/\/auro-cuines.com\/es\/portfolio\/forum\/\" class=\"portfolio-item \" style=\"background-image: url(https:\/\/auro-cuines.com\/wp-content\/uploads\/pro02_01.jpg)\" title=\"Forum\"><img decoding=\"async\" src=\"https:\/\/auro-cuines.com\/wp-content\/uploads\/pro02_01.jpg\" class=\"elpt-main-image\" title=\"Forum\" alt=\"Forum\" \/><div class=\"portfolio-item-infos-wrapper\" style=\"background-color:\"><div class=\"portfolio-item-infos\"><div class=\"portfolio-item-title\"><span class=\"portfolio-item-title-span\">Forum<\/span><\/div><div class=\"portfolio-item-category\"><\/div><\/div><\/div><\/a><\/div><div class=\"portfolio-item-wrapper 10275 post-10281 page type-page status-publish entry\"><a href=\"https:\/\/auro-cuines.com\/es\/portfolio\/aribau\/\" class=\"portfolio-item \" style=\"background-image: url(https:\/\/auro-cuines.com\/wp-content\/uploads\/pro06_01.jpg)\" title=\"Aribau\"><img decoding=\"async\" src=\"https:\/\/auro-cuines.com\/wp-content\/uploads\/pro06_01.jpg\" class=\"elpt-main-image\" title=\"Aribau\" alt=\"Aribau\" \/><div class=\"portfolio-item-infos-wrapper\" style=\"background-color:\"><div class=\"portfolio-item-infos\"><div class=\"portfolio-item-title\"><span class=\"portfolio-item-title-span\">Aribau<\/span><\/div><div class=\"portfolio-item-category\"><\/div><\/div><\/div><\/a><\/div><div class=\"portfolio-item-wrapper 10276 post-10281 page type-page status-publish entry\"><a href=\"https:\/\/auro-cuines.com\/es\/portfolio\/eixample\/\" class=\"portfolio-item \" style=\"background-image: url(https:\/\/auro-cuines.com\/wp-content\/uploads\/pro03_01.jpg)\" title=\"Eixample\"><img decoding=\"async\" src=\"https:\/\/auro-cuines.com\/wp-content\/uploads\/pro03_01.jpg\" class=\"elpt-main-image\" title=\"Eixample\" alt=\"Eixample\" \/><div class=\"portfolio-item-infos-wrapper\" style=\"background-color:\"><div class=\"portfolio-item-infos\"><div class=\"portfolio-item-title\"><span class=\"portfolio-item-title-span\">Eixample<\/span><\/div><div class=\"portfolio-item-category\"><\/div><\/div><\/div><\/a><\/div><div class=\"portfolio-item-wrapper 10277 post-10281 page type-page status-publish entry\"><a href=\"https:\/\/auro-cuines.com\/es\/portfolio\/esplugues\/\" class=\"portfolio-item \" style=\"background-image: url(https:\/\/auro-cuines.com\/wp-content\/uploads\/pro01_01.jpg)\" title=\"Esplugues\"><img decoding=\"async\" src=\"https:\/\/auro-cuines.com\/wp-content\/uploads\/pro01_01.jpg\" class=\"elpt-main-image\" title=\"Esplugues\" alt=\"Esplugues\" \/><div class=\"portfolio-item-infos-wrapper\" style=\"background-color:\"><div class=\"portfolio-item-infos\"><div class=\"portfolio-item-title\"><span class=\"portfolio-item-title-span\">Esplugues<\/span><\/div><div class=\"portfolio-item-category\"><\/div><\/div><\/div><\/a><\/div><div class=\"portfolio-item-wrapper 10278 post-10281 page type-page status-publish entry\"><a href=\"https:\/\/auro-cuines.com\/es\/portfolio\/gracia\/\" class=\"portfolio-item \" style=\"background-image: url(https:\/\/auro-cuines.com\/wp-content\/uploads\/pro04_01.jpg)\" title=\"Gracia\"><img decoding=\"async\" src=\"https:\/\/auro-cuines.com\/wp-content\/uploads\/pro04_01.jpg\" class=\"elpt-main-image\" title=\"Gracia\" alt=\"Gracia\" \/><div class=\"portfolio-item-infos-wrapper\" style=\"background-color:\"><div class=\"portfolio-item-infos\"><div class=\"portfolio-item-title\"><span class=\"portfolio-item-title-span\">Gracia<\/span><\/div><div class=\"portfolio-item-category\"><\/div><\/div><\/div><\/a><\/div><div class=\"portfolio-item-wrapper 10279 post-10281 page type-page status-publish entry\"><a href=\"https:\/\/auro-cuines.com\/es\/portfolio\/mataro\/\" class=\"portfolio-item \" style=\"background-image: url(https:\/\/auro-cuines.com\/wp-content\/uploads\/pro05_01.jpg)\" title=\"Mataro\"><img decoding=\"async\" src=\"https:\/\/auro-cuines.com\/wp-content\/uploads\/pro05_01.jpg\" class=\"elpt-main-image\" title=\"Mataro\" alt=\"Mataro\" \/><div class=\"portfolio-item-infos-wrapper\" style=\"background-color:\"><div class=\"portfolio-item-infos\"><div class=\"portfolio-item-title\"><span class=\"portfolio-item-title-span\">Mataro<\/span><\/div><div class=\"portfolio-item-category\"><\/div><\/div><\/div><\/a><\/div><div class=\"portfolio-item-wrapper 10280 post-10281 page type-page status-publish entry\"><a href=\"https:\/\/auro-cuines.com\/es\/portfolio\/vallvidrera\/\" class=\"portfolio-item \" style=\"background-image: url(https:\/\/auro-cuines.com\/wp-content\/uploads\/Vallvidriera-01.jpg)\" title=\"Vallvidrera\"><img decoding=\"async\" src=\"https:\/\/auro-cuines.com\/wp-content\/uploads\/Vallvidriera-01.jpg\" class=\"elpt-main-image\" title=\"Vallvidrera\" alt=\"Vallvidrera\" \/><div class=\"portfolio-item-infos-wrapper\" style=\"background-color:\"><div class=\"portfolio-item-infos\"><div class=\"portfolio-item-title\"><span class=\"portfolio-item-title-span\">Vallvidrera<\/span><\/div><div class=\"portfolio-item-category\"><\/div><\/div><\/div><\/a><\/div><\/div><\/div>\t\t\n\n\t\t\t\n\n\t\t\t\t\t\n\n\t\t\t\t\t\t<\/div>\n\t\t\t\t<\/div>\n\t\t\t\t\t<\/div>\n\t\t<\/div>\n\t\t\t\t\t<\/div>\n\t\t<\/section>\n\t\t\t\t<\/div>\n\t\t<div class='clear '><\/div><\/div>","protected":false},"excerpt":{"rendered":"<p>En esta secci&oacute;n podr&aacute; encontrar una selecci&oacute;n de proyectos reales, viviendas equipadas con cocinas Aur&oacute;. La cocina, la estancia m&aacute;s importante de la casa, totalmente adaptada a tus necesidades y tu forma de vida. PedralbesBalmesMatimex Barcelona ShowroomGava MarCornellaAmpostaForumAribauEixampleEspluguesGraciaMataroVallvidrera<\/p>\n","protected":false},"author":5,"featured_media":0,"parent":0,"menu_order":0,"comment_status":"closed","ping_status":"closed","template":"","meta":{"_genesis_hide_title":false,"_genesis_hide_breadcrumbs":false,"_genesis_hide_singular_image":false,"_genesis_hide_footer_widgets":false,"_genesis_custom_body_class":"","_genesis_custom_post_class":"","_genesis_layout":"","footnotes":""},"class_list":{"0":"post-10281","1":"page","2":"type-page","3":"status-publish","5":"entry"},"aioseo_notices":[],"_links":{"self":[{"href":"https:\/\/auro-cuines.com\/es\/wp-json\/wp\/v2\/pages\/10281","targetHints":{"allow":["GET"]}}],"collection":[{"href":"https:\/\/auro-cuines.com\/es\/wp-json\/wp\/v2\/pages"}],"about":[{"href":"https:\/\/auro-cuines.com\/es\/wp-json\/wp\/v2\/types\/page"}],"author":[{"embeddable":true,"href":"https:\/\/auro-cuines.com\/es\/wp-json\/wp\/v2\/users\/5"}],"replies":[{"embeddable":true,"href":"https:\/\/auro-cuines.com\/es\/wp-json\/wp\/v2\/comments?post=10281"}],"version-history":[{"count":28,"href":"https:\/\/auro-cuines.com\/es\/wp-json\/wp\/v2\/pages\/10281\/revisions"}],"predecessor-version":[{"id":10378,"href":"https:\/\/auro-cuines.com\/es\/wp-json\/wp\/v2\/pages\/10281\/revisions\/10378"}],"wp:attachment":[{"href":"https:\/\/auro-cuines.com\/es\/wp-json\/wp\/v2\/media?parent=10281"}],"curies":[{"name":"wp","href":"https:\/\/api.w.org\/{rel}","templated":true}]}}