{"id":1829,"date":"2019-12-05T08:39:22","date_gmt":"2019-12-05T08:39:22","guid":{"rendered":"https:\/\/auro-cuines.com\/?page_id=1829"},"modified":"2020-09-18T11:31:50","modified_gmt":"2020-09-18T11:31:50","slug":"diseno-cocinas-barcelona","status":"publish","type":"page","link":"https:\/\/auro-cuines.com\/en\/diseno-cocinas-barcelona\/","title":{"rendered":"Kitchen design in Barcelona"},"content":{"rendered":"<p>Kitchen furniture factory in Barcelona\"><em><u>fabricantes de cocinas en Barcelona<\/u><\/em><\/a>. En los m\u00e1s de 30 a\u00f1os que llevamos en este campo, hemos tenido la fortuna de atender de la forma m\u00e1s profesional a un gran n\u00famero de personas. Siempre nos hemos distinguido por la utilizaci\u00f3n de los mejores materiales y las f\u00f3rmulas de producci\u00f3n m\u00e1s avanzadas. Solamente as\u00ed es posible alcanzar los m\u00e1s altos niveles de satisfacci\u00f3n.<\/p>\n<p>&nbsp;<\/p>\n<p><img decoding=\"async\" class=\"aligncenter size-full wp-image-1830\" src=\"https:\/\/auro-cuines.com\/wp-content\/uploads\/Dise\u00f1o-cocinas-Barcelona-2.jpg\" alt=\"Dise\u00f1o cocinas Barcelona\" width=\"1140\" height=\"560\" srcset=\"https:\/\/auro-cuines.com\/wp-content\/uploads\/Dise\u00f1o-cocinas-Barcelona-2.jpg 1140w, https:\/\/auro-cuines.com\/wp-content\/uploads\/Dise\u00f1o-cocinas-Barcelona-2-300x147.jpg 300w, https:\/\/auro-cuines.com\/wp-content\/uploads\/Dise\u00f1o-cocinas-Barcelona-2-980x481.jpg 980w, https:\/\/auro-cuines.com\/wp-content\/uploads\/Dise\u00f1o-cocinas-Barcelona-2-768x377.jpg 768w\" sizes=\"(max-width: 1140px) 100vw, 1140px\" \/><\/p>\n<h2>Grandes especialistas en el dise\u00f1o de cocinas en Barcelona<\/h2>\n<p>Cada cocina es distinta. Lo mismo ocurre con cada hogar y con cada familia. Por eso, nuestra actuaci\u00f3n siempre ha de adecuarse a las necesidades, gustos y objetivos de cada persona que deposita su confianza en nosotros. La personalizaci\u00f3n de cada uno de nuestros proyectos es lo que nos diferencia y destaca entre todas las <a href=\"https:\/\/auro-cuines.com\/es\/tiendas-de-muebles-de-cocina-en-barcelona\/\"><em><u>tiendas de muebles de cocina en Barcelona<\/u><\/em><\/a>.<\/p>\n<p>Microcemento o porcel\u00e1nico. Frentes con tablero marino y madera laminada. Desde Aur\u00f3 apostamos por la utilizaci\u00f3n de materiales \u00fanicos. Se trata de una se\u00f1a de identidad que llevamos conservando durante los \u00faltimos 30 a\u00f1os y que nos hace sentirnos tremendamente orgullosos.<\/p>\n<p>Ya lo sabes. Si deseas encontrar a los mayores profesionales en el <strong>dise\u00f1o de cocinas en Barcelona<\/strong>, somos la elecci\u00f3n acertada. Te esperamos para ayudarte, asesorarte y guiarte y resolver cualquier duda que pudieras tener.<\/p>\n<p>&nbsp;<\/p>\n<div class='clear '><\/div><\/div>","protected":false},"excerpt":{"rendered":"<p>Kitchen furniture factory in Barcelona&#8221;&gt;fabricantes de cocinas en Barcelona. En los m&aacute;s de 30 a&ntilde;os que llevamos en este campo, hemos tenido la fortuna de atender de la forma m&aacute;s profesional a un gran n&uacute;mero de personas. Siempre nos hemos distinguido por la utilizaci&oacute;n de los mejores materiales y las f&oacute;rmulas de producci&oacute;n m&aacute;s avanzadas. [&hellip;]<\/p>\n","protected":false},"author":1,"featured_media":0,"parent":0,"menu_order":0,"comment_status":"closed","ping_status":"closed","template":"","meta":{"_genesis_hide_title":false,"_genesis_hide_breadcrumbs":false,"_genesis_hide_singular_image":false,"_genesis_hide_footer_widgets":false,"_genesis_custom_body_class":"","_genesis_custom_post_class":"","_genesis_layout":"","footnotes":""},"class_list":{"0":"post-1829","1":"page","2":"type-page","3":"status-publish","5":"entry","6":"has-post-thumbnail"},"aioseo_notices":[],"_links":{"self":[{"href":"https:\/\/auro-cuines.com\/en\/wp-json\/wp\/v2\/pages\/1829","targetHints":{"allow":["GET"]}}],"collection":[{"href":"https:\/\/auro-cuines.com\/en\/wp-json\/wp\/v2\/pages"}],"about":[{"href":"https:\/\/auro-cuines.com\/en\/wp-json\/wp\/v2\/types\/page"}],"author":[{"embeddable":true,"href":"https:\/\/auro-cuines.com\/en\/wp-json\/wp\/v2\/users\/1"}],"replies":[{"embeddable":true,"href":"https:\/\/auro-cuines.com\/en\/wp-json\/wp\/v2\/comments?post=1829"}],"version-history":[{"count":1,"href":"https:\/\/auro-cuines.com\/en\/wp-json\/wp\/v2\/pages\/1829\/revisions"}],"predecessor-version":[{"id":3036,"href":"https:\/\/auro-cuines.com\/en\/wp-json\/wp\/v2\/pages\/1829\/revisions\/3036"}],"wp:attachment":[{"href":"https:\/\/auro-cuines.com\/en\/wp-json\/wp\/v2\/media?parent=1829"}],"curies":[{"name":"wp","href":"https:\/\/api.w.org\/{rel}","templated":true}]}}