{"id":719,"date":"2017-09-09T17:24:04","date_gmt":"2017-09-09T17:24:04","guid":{"rendered":"http:\/\/auro-cuines.com\/?page_id=719"},"modified":"2019-11-20T22:14:33","modified_gmt":"2019-11-20T22:14:33","slug":"siro","status":"publish","type":"page","link":"https:\/\/auro-cuines.com\/ca\/siro\/","title":{"rendered":"Siro"},"content":{"rendered":"<p>Un projecte distingit. La cocci\u00f3 centrada en l&#8217;espai, ofereix manera panor\u00e0mic per accedir visual i ergon\u00f2micament a tota la cuina. Els calaixos de tres altures i armaris despenseros han estat dissenyats per emmagatzemar tot el necessari. Seguim innovant, fronts de fusta de 5 capes amb l&#8217;exterior en roure mass\u00eds. Combinat amb fronts lacats de color blanc, en acabat mat sed\u00f3s.<\/p>\n<div class=\"clearfix\" style=\"margin-top: 100px;\">\n<a href=\"http:\/\/auro-cuines.com\/wp-content\/uploads\/siro02.jpg\"><img decoding=\"async\" class=\"aligncenter\" src=\"http:\/\/auro-cuines.com\/wp-content\/uploads\/siro02.jpg\" alt=\"siro02\" \/><\/a><\/p>\n<p><a href=\"http:\/\/auro-cuines.com\/wp-content\/uploads\/siro01.jpg\"><img decoding=\"async\" class=\"alignleft size-thumbnail wp-image-206\" src=\"http:\/\/auro-cuines.com\/wp-content\/uploads\/siro01-200x200.jpg\" alt=\"siro01\" width=\"210\" height=\"210\" \/><\/a> <a href=\"http:\/\/auro-cuines.com\/wp-content\/uploads\/siro03.jpg\"><img decoding=\"async\" class=\"alignleft size-thumbnail wp-image-205\" src=\"http:\/\/auro-cuines.com\/wp-content\/uploads\/siro03-200x200.jpg\" alt=\"siro03\" width=\"210\" height=\"210\" \/><\/a> <a href=\"http:\/\/auro-cuines.com\/wp-content\/uploads\/siro04.jpg\"><img decoding=\"async\" class=\"alignleft size-thumbnail wp-image-204\" src=\"http:\/\/auro-cuines.com\/wp-content\/uploads\/siro04-200x200.jpg\" alt=\"siro04\" width=\"210\" height=\"210\" \/><\/a> <a href=\"http:\/\/auro-cuines.com\/wp-content\/uploads\/siro05.jpg\"><img loading=\"lazy\" decoding=\"async\" class=\"alignleft size-thumbnail wp-image-203\" src=\"http:\/\/auro-cuines.com\/wp-content\/uploads\/siro05-200x200.jpg\" alt=\"siro05\" width=\"210\" height=\"210\" \/><\/a><a href=\"http:\/\/auro-cuines.com\/wp-content\/uploads\/siro06.jpg\"><img loading=\"lazy\" decoding=\"async\" class=\"alignleft size-thumbnail wp-image-203\" src=\"http:\/\/auro-cuines.com\/wp-content\/uploads\/siro06-200x200.jpg\" alt=\"siro06\" width=\"210\" height=\"210\" \/><\/a><a href=\"http:\/\/auro-cuines.com\/wp-content\/uploads\/siro07.jpg\"><img loading=\"lazy\" decoding=\"async\" class=\"alignleft size-thumbnail wp-image-203\" src=\"http:\/\/auro-cuines.com\/wp-content\/uploads\/siro07-200x200.jpg\" alt=\"siro07\" width=\"210\" height=\"210\" \/><\/a>\n<\/div>\n<div class=\"capita\"><a href=\"\/contacto\/\" onclick=\"gtag('event', 'A_pagina_Contacto');\" class=\"botoncito\">vull un projecte Aur\u00f3<\/a><\/div>\n<p><\/p>\n<div class='clear '><\/div><\/div>","protected":false},"excerpt":{"rendered":"<p>Un projecte distingit. La cocci&oacute; centrada en l&rsquo;espai, ofereix manera panor&agrave;mic per accedir visual i ergon&ograve;micament a tota la cuina. Els calaixos de tres altures i armaris despenseros han estat dissenyats per emmagatzemar tot el necessari. Seguim innovant, fronts de fusta de 5 capes amb l&rsquo;exterior en roure mass&iacute;s. Combinat amb fronts lacats de color [&hellip;]<\/p>\n","protected":false},"author":1,"featured_media":1608,"parent":0,"menu_order":0,"comment_status":"closed","ping_status":"closed","template":"","meta":{"_genesis_hide_title":false,"_genesis_hide_breadcrumbs":false,"_genesis_hide_singular_image":false,"_genesis_hide_footer_widgets":false,"_genesis_custom_body_class":"","_genesis_custom_post_class":"","_genesis_layout":"","footnotes":""},"class_list":{"0":"post-719","1":"page","2":"type-page","3":"status-publish","4":"has-post-thumbnail","6":"entry"},"aioseo_notices":[],"_links":{"self":[{"href":"https:\/\/auro-cuines.com\/ca\/wp-json\/wp\/v2\/pages\/719","targetHints":{"allow":["GET"]}}],"collection":[{"href":"https:\/\/auro-cuines.com\/ca\/wp-json\/wp\/v2\/pages"}],"about":[{"href":"https:\/\/auro-cuines.com\/ca\/wp-json\/wp\/v2\/types\/page"}],"author":[{"embeddable":true,"href":"https:\/\/auro-cuines.com\/ca\/wp-json\/wp\/v2\/users\/1"}],"replies":[{"embeddable":true,"href":"https:\/\/auro-cuines.com\/ca\/wp-json\/wp\/v2\/comments?post=719"}],"version-history":[{"count":3,"href":"https:\/\/auro-cuines.com\/ca\/wp-json\/wp\/v2\/pages\/719\/revisions"}],"predecessor-version":[{"id":1715,"href":"https:\/\/auro-cuines.com\/ca\/wp-json\/wp\/v2\/pages\/719\/revisions\/1715"}],"wp:featuredmedia":[{"embeddable":true,"href":"https:\/\/auro-cuines.com\/ca\/wp-json\/wp\/v2\/media\/1608"}],"wp:attachment":[{"href":"https:\/\/auro-cuines.com\/ca\/wp-json\/wp\/v2\/media?parent=719"}],"curies":[{"name":"wp","href":"https:\/\/api.w.org\/{rel}","templated":true}]}}